{"id":130280,"date":"2020-12-14T16:41:12","date_gmt":"2020-12-14T15:41:12","guid":{"rendered":"https:\/\/www.aubenhausen-club.de\/shop\/uncategorized\/masterclass-the-pirouette\/"},"modified":"2024-02-02T11:06:03","modified_gmt":"2024-02-02T10:06:03","slug":"masterclass-the-pirouette","status":"publish","type":"product","link":"https:\/\/www.aubenhausen-club.de\/en\/shop\/courses-programmes\/academy-en\/masterclass-the-pirouette\/","title":{"rendered":"Online Masterclass: The Pirouette"},"content":{"rendered":"<p>The canter pirouette is a crown jewel among the upper-level movements. It helps develop coordination, carrying power, and engagement. The horse elevates the forehand and appears noble. For our horses to ultimately be able to perform the pirouette easily and playfully, we break it down into its separate components and work on them bit by bit over the course of several years. In this course, we\u2019ll demonstrate how we prepare the canter with our young horses and what we work on at which level of training to be able to ride a correct canter pirouette in the end.<\/p>\n","protected":false},"excerpt":{"rendered":"<p>The basic preparatory work for the pirouette is key to good dressage training. Hardly anything is better suited to build muscle, train the ability to collect and improve the quality of the canter.<\/p>\n","protected":false},"author":1,"featured_media":206077,"template":"","meta":{"_acf_changed":false},"product_brand":[],"product_cat":[374,454],"product_tag":[607,693],"class_list":{"0":"post-130280","1":"product","2":"type-product","3":"status-publish","4":"has-post-thumbnail","6":"product_cat-academy-en","7":"product_cat-courses-programmes","8":"product_tag-academy-en","9":"product_tag-kollektion-en","10":"entry","11":"has-media","13":"first","14":"instock","15":"virtual","16":"sold-individually","17":"taxable","18":"purchasable","19":"product-type-course"},"bundled_by":[],"bundle_stock_status":"instock","bundle_stock_quantity":null,"bundle_virtual":false,"bundle_layout":"","bundle_add_to_cart_form_location":"","bundle_editable_in_cart":false,"bundle_sold_individually_context":"","bundle_item_grouping":"","bundle_min_size":"","bundle_max_size":"","bundle_price":[],"bundled_items":[],"bundle_sell_ids":[],"group_of_quantity":0,"min_quantity":0,"max_quantity":"","exclude_order_quantity_value_rules":"no","exclude_category_quantity_rules":"no","combine_variations":"no","acf":[],"yoast_head":"<!-- This site is optimized with the Yoast SEO plugin v25.4 - https:\/\/yoast.com\/wordpress\/plugins\/seo\/ -->\n<title>Online Masterclass: The Pirouette - Aubenhausen Club<\/title>\n<meta name=\"description\" content=\"The basic preparatory work for the canter pirouette is key to good dressage training. Learn online with Jessica von Bredow-Werndl!\" \/>\n<meta name=\"robots\" content=\"index, follow, max-snippet:-1, max-image-preview:large, max-video-preview:-1\" \/>\n<link rel=\"canonical\" href=\"https:\/\/www.aubenhausen-club.de\/en\/shop\/courses-programmes\/academy-en\/masterclass-the-pirouette\/\" \/>\n<meta property=\"og:locale\" content=\"en_US\" \/>\n<meta property=\"og:type\" content=\"article\" \/>\n<meta property=\"og:title\" content=\"Online Masterclass: The Pirouette - Aubenhausen Club\" \/>\n<meta property=\"og:description\" content=\"The basic preparatory work for the canter pirouette is key to good dressage training. Learn online with Jessica von Bredow-Werndl!\" \/>\n<meta property=\"og:url\" content=\"https:\/\/www.aubenhausen-club.de\/en\/shop\/courses-programmes\/academy-en\/masterclass-the-pirouette\/\" \/>\n<meta property=\"og:site_name\" content=\"Aubenhausen Club\" \/>\n<meta property=\"article:modified_time\" content=\"2024-02-02T10:06:03+00:00\" \/>\n<meta property=\"og:image\" content=\"https:\/\/www.aubenhausen-club.de\/wp-content\/uploads\/2020\/12\/01-canterpirouette.jpg\" \/>\n\t<meta property=\"og:image:width\" content=\"1200\" \/>\n\t<meta property=\"og:image:height\" content=\"1200\" \/>\n\t<meta property=\"og:image:type\" content=\"image\/jpeg\" \/>\n<meta name=\"twitter:card\" content=\"summary_large_image\" \/>\n<meta name=\"twitter:label1\" content=\"Est. reading time\" \/>\n\t<meta name=\"twitter:data1\" content=\"1 minute\" \/>\n<script type=\"application\/ld+json\" class=\"yoast-schema-graph\">{\"@context\":\"https:\/\/schema.org\",\"@graph\":[{\"@type\":\"WebPage\",\"@id\":\"https:\/\/www.aubenhausen-club.de\/en\/shop\/courses-programmes\/academy-en\/masterclass-the-pirouette\/\",\"url\":\"https:\/\/www.aubenhausen-club.de\/en\/shop\/courses-programmes\/academy-en\/masterclass-the-pirouette\/\",\"name\":\"Online Masterclass: The Pirouette - Aubenhausen Club\",\"isPartOf\":{\"@id\":\"https:\/\/www.aubenhausen-club.de\/#website\"},\"primaryImageOfPage\":{\"@id\":\"https:\/\/www.aubenhausen-club.de\/en\/shop\/courses-programmes\/academy-en\/masterclass-the-pirouette\/#primaryimage\"},\"image\":{\"@id\":\"https:\/\/www.aubenhausen-club.de\/en\/shop\/courses-programmes\/academy-en\/masterclass-the-pirouette\/#primaryimage\"},\"thumbnailUrl\":\"https:\/\/www.aubenhausen-club.de\/wp-content\/uploads\/2020\/12\/01-canterpirouette.jpg\",\"datePublished\":\"2020-12-14T15:41:12+00:00\",\"dateModified\":\"2024-02-02T10:06:03+00:00\",\"description\":\"The basic preparatory work for the canter pirouette is key to good dressage training. Learn online with Jessica von Bredow-Werndl!\",\"breadcrumb\":{\"@id\":\"https:\/\/www.aubenhausen-club.de\/en\/shop\/courses-programmes\/academy-en\/masterclass-the-pirouette\/#breadcrumb\"},\"inLanguage\":\"en-US\",\"potentialAction\":[{\"@type\":\"ReadAction\",\"target\":[\"https:\/\/www.aubenhausen-club.de\/en\/shop\/courses-programmes\/academy-en\/masterclass-the-pirouette\/\"]}]},{\"@type\":\"ImageObject\",\"inLanguage\":\"en-US\",\"@id\":\"https:\/\/www.aubenhausen-club.de\/en\/shop\/courses-programmes\/academy-en\/masterclass-the-pirouette\/#primaryimage\",\"url\":\"https:\/\/www.aubenhausen-club.de\/wp-content\/uploads\/2020\/12\/01-canterpirouette.jpg\",\"contentUrl\":\"https:\/\/www.aubenhausen-club.de\/wp-content\/uploads\/2020\/12\/01-canterpirouette.jpg\",\"width\":1200,\"height\":1200,\"caption\":\"Online Masterclass: The Pirouette\"},{\"@type\":\"BreadcrumbList\",\"@id\":\"https:\/\/www.aubenhausen-club.de\/en\/shop\/courses-programmes\/academy-en\/masterclass-the-pirouette\/#breadcrumb\",\"itemListElement\":[{\"@type\":\"ListItem\",\"position\":1,\"name\":\"Shop\",\"item\":\"https:\/\/www.aubenhausen-club.de\/en\/shop\/\"},{\"@type\":\"ListItem\",\"position\":2,\"name\":\"Online Masterclass: The Pirouette\"}]},{\"@type\":\"WebSite\",\"@id\":\"https:\/\/www.aubenhausen-club.de\/#website\",\"url\":\"https:\/\/www.aubenhausen-club.de\/\",\"name\":\"Aubenhausen Club\",\"description\":\"K\u00f6rperliche Fitness und mentale St\u00e4rke f\u00fcr Dressurreiter\",\"publisher\":{\"@id\":\"https:\/\/www.aubenhausen-club.de\/#organization\"},\"potentialAction\":[{\"@type\":\"SearchAction\",\"target\":{\"@type\":\"EntryPoint\",\"urlTemplate\":\"https:\/\/www.aubenhausen-club.de\/?s={search_term_string}\"},\"query-input\":{\"@type\":\"PropertyValueSpecification\",\"valueRequired\":true,\"valueName\":\"search_term_string\"}}],\"inLanguage\":\"en-US\"},{\"@type\":\"Organization\",\"@id\":\"https:\/\/www.aubenhausen-club.de\/#organization\",\"name\":\"Aubenhausen Club\",\"url\":\"https:\/\/www.aubenhausen-club.de\/\",\"logo\":{\"@type\":\"ImageObject\",\"inLanguage\":\"en-US\",\"@id\":\"https:\/\/www.aubenhausen-club.de\/#\/schema\/logo\/image\/\",\"url\":\"https:\/\/www.aubenhausen-club.de\/wp-content\/uploads\/2020\/12\/AubenhausenClub-Grey.png\",\"contentUrl\":\"https:\/\/www.aubenhausen-club.de\/wp-content\/uploads\/2020\/12\/AubenhausenClub-Grey.png\",\"width\":273,\"height\":273,\"caption\":\"Aubenhausen Club\"},\"image\":{\"@id\":\"https:\/\/www.aubenhausen-club.de\/#\/schema\/logo\/image\/\"}}]}<\/script>\n<!-- \/ Yoast SEO plugin. -->","yoast_head_json":{"title":"Online Masterclass: The Pirouette - Aubenhausen Club","description":"The basic preparatory work for the canter pirouette is key to good dressage training. Learn online with Jessica von Bredow-Werndl!","robots":{"index":"index","follow":"follow","max-snippet":"max-snippet:-1","max-image-preview":"max-image-preview:large","max-video-preview":"max-video-preview:-1"},"canonical":"https:\/\/www.aubenhausen-club.de\/en\/shop\/courses-programmes\/academy-en\/masterclass-the-pirouette\/","og_locale":"en_US","og_type":"article","og_title":"Online Masterclass: The Pirouette - Aubenhausen Club","og_description":"The basic preparatory work for the canter pirouette is key to good dressage training. Learn online with Jessica von Bredow-Werndl!","og_url":"https:\/\/www.aubenhausen-club.de\/en\/shop\/courses-programmes\/academy-en\/masterclass-the-pirouette\/","og_site_name":"Aubenhausen Club","article_modified_time":"2024-02-02T10:06:03+00:00","og_image":[{"width":1200,"height":1200,"url":"https:\/\/www.aubenhausen-club.de\/wp-content\/uploads\/2020\/12\/01-canterpirouette.jpg","type":"image\/jpeg"}],"twitter_card":"summary_large_image","twitter_misc":{"Est. reading time":"1 minute"},"schema":{"@context":"https:\/\/schema.org","@graph":[{"@type":"WebPage","@id":"https:\/\/www.aubenhausen-club.de\/en\/shop\/courses-programmes\/academy-en\/masterclass-the-pirouette\/","url":"https:\/\/www.aubenhausen-club.de\/en\/shop\/courses-programmes\/academy-en\/masterclass-the-pirouette\/","name":"Online Masterclass: The Pirouette - Aubenhausen Club","isPartOf":{"@id":"https:\/\/www.aubenhausen-club.de\/#website"},"primaryImageOfPage":{"@id":"https:\/\/www.aubenhausen-club.de\/en\/shop\/courses-programmes\/academy-en\/masterclass-the-pirouette\/#primaryimage"},"image":{"@id":"https:\/\/www.aubenhausen-club.de\/en\/shop\/courses-programmes\/academy-en\/masterclass-the-pirouette\/#primaryimage"},"thumbnailUrl":"https:\/\/www.aubenhausen-club.de\/wp-content\/uploads\/2020\/12\/01-canterpirouette.jpg","datePublished":"2020-12-14T15:41:12+00:00","dateModified":"2024-02-02T10:06:03+00:00","description":"The basic preparatory work for the canter pirouette is key to good dressage training. Learn online with Jessica von Bredow-Werndl!","breadcrumb":{"@id":"https:\/\/www.aubenhausen-club.de\/en\/shop\/courses-programmes\/academy-en\/masterclass-the-pirouette\/#breadcrumb"},"inLanguage":"en-US","potentialAction":[{"@type":"ReadAction","target":["https:\/\/www.aubenhausen-club.de\/en\/shop\/courses-programmes\/academy-en\/masterclass-the-pirouette\/"]}]},{"@type":"ImageObject","inLanguage":"en-US","@id":"https:\/\/www.aubenhausen-club.de\/en\/shop\/courses-programmes\/academy-en\/masterclass-the-pirouette\/#primaryimage","url":"https:\/\/www.aubenhausen-club.de\/wp-content\/uploads\/2020\/12\/01-canterpirouette.jpg","contentUrl":"https:\/\/www.aubenhausen-club.de\/wp-content\/uploads\/2020\/12\/01-canterpirouette.jpg","width":1200,"height":1200,"caption":"Online Masterclass: The Pirouette"},{"@type":"BreadcrumbList","@id":"https:\/\/www.aubenhausen-club.de\/en\/shop\/courses-programmes\/academy-en\/masterclass-the-pirouette\/#breadcrumb","itemListElement":[{"@type":"ListItem","position":1,"name":"Shop","item":"https:\/\/www.aubenhausen-club.de\/en\/shop\/"},{"@type":"ListItem","position":2,"name":"Online Masterclass: The Pirouette"}]},{"@type":"WebSite","@id":"https:\/\/www.aubenhausen-club.de\/#website","url":"https:\/\/www.aubenhausen-club.de\/","name":"Aubenhausen Club","description":"K\u00f6rperliche Fitness und mentale St\u00e4rke f\u00fcr Dressurreiter","publisher":{"@id":"https:\/\/www.aubenhausen-club.de\/#organization"},"potentialAction":[{"@type":"SearchAction","target":{"@type":"EntryPoint","urlTemplate":"https:\/\/www.aubenhausen-club.de\/?s={search_term_string}"},"query-input":{"@type":"PropertyValueSpecification","valueRequired":true,"valueName":"search_term_string"}}],"inLanguage":"en-US"},{"@type":"Organization","@id":"https:\/\/www.aubenhausen-club.de\/#organization","name":"Aubenhausen Club","url":"https:\/\/www.aubenhausen-club.de\/","logo":{"@type":"ImageObject","inLanguage":"en-US","@id":"https:\/\/www.aubenhausen-club.de\/#\/schema\/logo\/image\/","url":"https:\/\/www.aubenhausen-club.de\/wp-content\/uploads\/2020\/12\/AubenhausenClub-Grey.png","contentUrl":"https:\/\/www.aubenhausen-club.de\/wp-content\/uploads\/2020\/12\/AubenhausenClub-Grey.png","width":273,"height":273,"caption":"Aubenhausen Club"},"image":{"@id":"https:\/\/www.aubenhausen-club.de\/#\/schema\/logo\/image\/"}}]}},"_links":{"self":[{"href":"https:\/\/www.aubenhausen-club.de\/en\/wp-json\/wp\/v2\/product\/130280"}],"collection":[{"href":"https:\/\/www.aubenhausen-club.de\/en\/wp-json\/wp\/v2\/product"}],"about":[{"href":"https:\/\/www.aubenhausen-club.de\/en\/wp-json\/wp\/v2\/types\/product"}],"author":[{"embeddable":true,"href":"https:\/\/www.aubenhausen-club.de\/en\/wp-json\/wp\/v2\/users\/1"}],"wp:featuredmedia":[{"embeddable":true,"href":"https:\/\/www.aubenhausen-club.de\/en\/wp-json\/wp\/v2\/media\/206077"}],"wp:attachment":[{"href":"https:\/\/www.aubenhausen-club.de\/en\/wp-json\/wp\/v2\/media?parent=130280"}],"wp:term":[{"taxonomy":"product_brand","embeddable":true,"href":"https:\/\/www.aubenhausen-club.de\/en\/wp-json\/wp\/v2\/product_brand?post=130280"},{"taxonomy":"product_cat","embeddable":true,"href":"https:\/\/www.aubenhausen-club.de\/en\/wp-json\/wp\/v2\/product_cat?post=130280"},{"taxonomy":"product_tag","embeddable":true,"href":"https:\/\/www.aubenhausen-club.de\/en\/wp-json\/wp\/v2\/product_tag?post=130280"}],"curies":[{"name":"wp","href":"https:\/\/api.w.org\/{rel}","templated":true}]}}