{"id":141344,"date":"2021-02-28T18:27:28","date_gmt":"2023-03-28T13:43:39","guid":{"rendered":"https:\/\/www.aubenhausen-club.de\/?post_type=product&#038;p=141344"},"modified":"2024-02-02T11:02:43","modified_gmt":"2024-02-02T10:02:43","slug":"masterclass-flying-changes","status":"publish","type":"product","link":"https:\/\/www.aubenhausen-club.de\/en\/shop\/courses-programmes\/academy-en\/masterclass-flying-changes\/","title":{"rendered":"Online Masterclass: Flying Changes"},"content":{"rendered":"<p>In this online course, we will show you with different horses how we develop the flying changes \u2013 from the very first attempts to confirmed tempi changes. No matter whether you and your horse have never done a flying change, or whether you experience challenges when training the flying changes such as your horse doing the change in two beats or storming off after the change. With this course, you will get the tools you need to teach your horse the flying change in a very easy and logical way.<\/p>\n<p>The more logically and comprehensibly we explain the movement to our horses, the more relaxed and motivated they are. In the end, we want our horses to do the flying change with ease and in response to the finest aids \u2013 in rhythm, straight and uphill.<\/p>\n","protected":false},"excerpt":{"rendered":"<p>Jessica von Bredow-Werndl is often admired by other professional riders for her harmonious flying changes. In this online course, you will learn how we prepare and train the flying changes in a logical way.<\/p>\n","protected":false},"author":1,"featured_media":206052,"template":"","meta":{"_acf_changed":false},"product_brand":[],"product_cat":[374,454],"product_tag":[607],"class_list":{"0":"post-141344","1":"product","2":"type-product","3":"status-publish","4":"has-post-thumbnail","6":"product_cat-academy-en","7":"product_cat-courses-programmes","8":"product_tag-academy-en","9":"entry","10":"has-media","12":"first","13":"instock","14":"virtual","15":"sold-individually","16":"taxable","17":"purchasable","18":"product-type-course"},"bundled_by":[],"bundle_stock_status":"instock","bundle_stock_quantity":null,"bundle_virtual":false,"bundle_layout":"","bundle_add_to_cart_form_location":"","bundle_editable_in_cart":false,"bundle_sold_individually_context":"","bundle_item_grouping":"","bundle_min_size":"","bundle_max_size":"","bundle_price":[],"bundled_items":[],"bundle_sell_ids":[],"group_of_quantity":0,"min_quantity":0,"max_quantity":"","exclude_order_quantity_value_rules":"no","exclude_category_quantity_rules":"no","combine_variations":"no","acf":[],"yoast_head":"<!-- This site is optimized with the Yoast SEO plugin v25.4 - https:\/\/yoast.com\/wordpress\/plugins\/seo\/ -->\n<title>Online Masterclass: Flying Changes - Aubenhausen Club<\/title>\n<meta name=\"description\" content=\"In this online course, Jessica von Bredow-Werndl will show you, with different horses at different levels, how to develop and improve the flying changes.\" \/>\n<meta name=\"robots\" content=\"index, follow, max-snippet:-1, max-image-preview:large, max-video-preview:-1\" \/>\n<link rel=\"canonical\" href=\"https:\/\/www.aubenhausen-club.de\/en\/shop\/courses-programmes\/academy-en\/masterclass-flying-changes\/\" \/>\n<meta property=\"og:locale\" content=\"en_US\" \/>\n<meta property=\"og:type\" content=\"article\" \/>\n<meta property=\"og:title\" content=\"Online Masterclass: Flying Changes - Aubenhausen Club\" \/>\n<meta property=\"og:description\" content=\"In this online course, Jessica von Bredow-Werndl will show you, with different horses at different levels, how to develop and improve the flying changes.\" \/>\n<meta property=\"og:url\" content=\"https:\/\/www.aubenhausen-club.de\/en\/shop\/courses-programmes\/academy-en\/masterclass-flying-changes\/\" \/>\n<meta property=\"og:site_name\" content=\"Aubenhausen Club\" \/>\n<meta property=\"article:modified_time\" content=\"2024-02-02T10:02:43+00:00\" \/>\n<meta property=\"og:image\" content=\"https:\/\/www.aubenhausen-club.de\/wp-content\/uploads\/2021\/02\/01-change.jpg\" \/>\n\t<meta property=\"og:image:width\" content=\"1200\" \/>\n\t<meta property=\"og:image:height\" content=\"1200\" \/>\n\t<meta property=\"og:image:type\" content=\"image\/jpeg\" \/>\n<meta name=\"twitter:card\" content=\"summary_large_image\" \/>\n<meta name=\"twitter:label1\" content=\"Est. reading time\" \/>\n\t<meta name=\"twitter:data1\" content=\"1 minute\" \/>\n<script type=\"application\/ld+json\" class=\"yoast-schema-graph\">{\"@context\":\"https:\/\/schema.org\",\"@graph\":[{\"@type\":\"WebPage\",\"@id\":\"https:\/\/www.aubenhausen-club.de\/en\/shop\/courses-programmes\/academy-en\/masterclass-flying-changes\/\",\"url\":\"https:\/\/www.aubenhausen-club.de\/en\/shop\/courses-programmes\/academy-en\/masterclass-flying-changes\/\",\"name\":\"Online Masterclass: Flying Changes - Aubenhausen Club\",\"isPartOf\":{\"@id\":\"https:\/\/www.aubenhausen-club.de\/#website\"},\"primaryImageOfPage\":{\"@id\":\"https:\/\/www.aubenhausen-club.de\/en\/shop\/courses-programmes\/academy-en\/masterclass-flying-changes\/#primaryimage\"},\"image\":{\"@id\":\"https:\/\/www.aubenhausen-club.de\/en\/shop\/courses-programmes\/academy-en\/masterclass-flying-changes\/#primaryimage\"},\"thumbnailUrl\":\"https:\/\/www.aubenhausen-club.de\/wp-content\/uploads\/2021\/02\/01-change.jpg\",\"datePublished\":\"2023-03-28T13:43:39+00:00\",\"dateModified\":\"2024-02-02T10:02:43+00:00\",\"description\":\"In this online course, Jessica von Bredow-Werndl will show you, with different horses at different levels, how to develop and improve the flying changes.\",\"breadcrumb\":{\"@id\":\"https:\/\/www.aubenhausen-club.de\/en\/shop\/courses-programmes\/academy-en\/masterclass-flying-changes\/#breadcrumb\"},\"inLanguage\":\"en-US\",\"potentialAction\":[{\"@type\":\"ReadAction\",\"target\":[\"https:\/\/www.aubenhausen-club.de\/en\/shop\/courses-programmes\/academy-en\/masterclass-flying-changes\/\"]}]},{\"@type\":\"ImageObject\",\"inLanguage\":\"en-US\",\"@id\":\"https:\/\/www.aubenhausen-club.de\/en\/shop\/courses-programmes\/academy-en\/masterclass-flying-changes\/#primaryimage\",\"url\":\"https:\/\/www.aubenhausen-club.de\/wp-content\/uploads\/2021\/02\/01-change.jpg\",\"contentUrl\":\"https:\/\/www.aubenhausen-club.de\/wp-content\/uploads\/2021\/02\/01-change.jpg\",\"width\":1200,\"height\":1200,\"caption\":\"Online Masterclass Flying Changes\"},{\"@type\":\"BreadcrumbList\",\"@id\":\"https:\/\/www.aubenhausen-club.de\/en\/shop\/courses-programmes\/academy-en\/masterclass-flying-changes\/#breadcrumb\",\"itemListElement\":[{\"@type\":\"ListItem\",\"position\":1,\"name\":\"Shop\",\"item\":\"https:\/\/www.aubenhausen-club.de\/en\/shop\/\"},{\"@type\":\"ListItem\",\"position\":2,\"name\":\"Online Masterclass: Flying Changes\"}]},{\"@type\":\"WebSite\",\"@id\":\"https:\/\/www.aubenhausen-club.de\/#website\",\"url\":\"https:\/\/www.aubenhausen-club.de\/\",\"name\":\"Aubenhausen Club\",\"description\":\"K\u00f6rperliche Fitness und mentale St\u00e4rke f\u00fcr Dressurreiter\",\"publisher\":{\"@id\":\"https:\/\/www.aubenhausen-club.de\/#organization\"},\"potentialAction\":[{\"@type\":\"SearchAction\",\"target\":{\"@type\":\"EntryPoint\",\"urlTemplate\":\"https:\/\/www.aubenhausen-club.de\/?s={search_term_string}\"},\"query-input\":{\"@type\":\"PropertyValueSpecification\",\"valueRequired\":true,\"valueName\":\"search_term_string\"}}],\"inLanguage\":\"en-US\"},{\"@type\":\"Organization\",\"@id\":\"https:\/\/www.aubenhausen-club.de\/#organization\",\"name\":\"Aubenhausen Club\",\"url\":\"https:\/\/www.aubenhausen-club.de\/\",\"logo\":{\"@type\":\"ImageObject\",\"inLanguage\":\"en-US\",\"@id\":\"https:\/\/www.aubenhausen-club.de\/#\/schema\/logo\/image\/\",\"url\":\"https:\/\/www.aubenhausen-club.de\/wp-content\/uploads\/2020\/12\/AubenhausenClub-Grey.png\",\"contentUrl\":\"https:\/\/www.aubenhausen-club.de\/wp-content\/uploads\/2020\/12\/AubenhausenClub-Grey.png\",\"width\":273,\"height\":273,\"caption\":\"Aubenhausen Club\"},\"image\":{\"@id\":\"https:\/\/www.aubenhausen-club.de\/#\/schema\/logo\/image\/\"}}]}<\/script>\n<!-- \/ Yoast SEO plugin. -->","yoast_head_json":{"title":"Online Masterclass: Flying Changes - Aubenhausen Club","description":"In this online course, Jessica von Bredow-Werndl will show you, with different horses at different levels, how to develop and improve the flying changes.","robots":{"index":"index","follow":"follow","max-snippet":"max-snippet:-1","max-image-preview":"max-image-preview:large","max-video-preview":"max-video-preview:-1"},"canonical":"https:\/\/www.aubenhausen-club.de\/en\/shop\/courses-programmes\/academy-en\/masterclass-flying-changes\/","og_locale":"en_US","og_type":"article","og_title":"Online Masterclass: Flying Changes - Aubenhausen Club","og_description":"In this online course, Jessica von Bredow-Werndl will show you, with different horses at different levels, how to develop and improve the flying changes.","og_url":"https:\/\/www.aubenhausen-club.de\/en\/shop\/courses-programmes\/academy-en\/masterclass-flying-changes\/","og_site_name":"Aubenhausen Club","article_modified_time":"2024-02-02T10:02:43+00:00","og_image":[{"width":1200,"height":1200,"url":"https:\/\/www.aubenhausen-club.de\/wp-content\/uploads\/2021\/02\/01-change.jpg","type":"image\/jpeg"}],"twitter_card":"summary_large_image","twitter_misc":{"Est. reading time":"1 minute"},"schema":{"@context":"https:\/\/schema.org","@graph":[{"@type":"WebPage","@id":"https:\/\/www.aubenhausen-club.de\/en\/shop\/courses-programmes\/academy-en\/masterclass-flying-changes\/","url":"https:\/\/www.aubenhausen-club.de\/en\/shop\/courses-programmes\/academy-en\/masterclass-flying-changes\/","name":"Online Masterclass: Flying Changes - Aubenhausen Club","isPartOf":{"@id":"https:\/\/www.aubenhausen-club.de\/#website"},"primaryImageOfPage":{"@id":"https:\/\/www.aubenhausen-club.de\/en\/shop\/courses-programmes\/academy-en\/masterclass-flying-changes\/#primaryimage"},"image":{"@id":"https:\/\/www.aubenhausen-club.de\/en\/shop\/courses-programmes\/academy-en\/masterclass-flying-changes\/#primaryimage"},"thumbnailUrl":"https:\/\/www.aubenhausen-club.de\/wp-content\/uploads\/2021\/02\/01-change.jpg","datePublished":"2023-03-28T13:43:39+00:00","dateModified":"2024-02-02T10:02:43+00:00","description":"In this online course, Jessica von Bredow-Werndl will show you, with different horses at different levels, how to develop and improve the flying changes.","breadcrumb":{"@id":"https:\/\/www.aubenhausen-club.de\/en\/shop\/courses-programmes\/academy-en\/masterclass-flying-changes\/#breadcrumb"},"inLanguage":"en-US","potentialAction":[{"@type":"ReadAction","target":["https:\/\/www.aubenhausen-club.de\/en\/shop\/courses-programmes\/academy-en\/masterclass-flying-changes\/"]}]},{"@type":"ImageObject","inLanguage":"en-US","@id":"https:\/\/www.aubenhausen-club.de\/en\/shop\/courses-programmes\/academy-en\/masterclass-flying-changes\/#primaryimage","url":"https:\/\/www.aubenhausen-club.de\/wp-content\/uploads\/2021\/02\/01-change.jpg","contentUrl":"https:\/\/www.aubenhausen-club.de\/wp-content\/uploads\/2021\/02\/01-change.jpg","width":1200,"height":1200,"caption":"Online Masterclass Flying Changes"},{"@type":"BreadcrumbList","@id":"https:\/\/www.aubenhausen-club.de\/en\/shop\/courses-programmes\/academy-en\/masterclass-flying-changes\/#breadcrumb","itemListElement":[{"@type":"ListItem","position":1,"name":"Shop","item":"https:\/\/www.aubenhausen-club.de\/en\/shop\/"},{"@type":"ListItem","position":2,"name":"Online Masterclass: Flying Changes"}]},{"@type":"WebSite","@id":"https:\/\/www.aubenhausen-club.de\/#website","url":"https:\/\/www.aubenhausen-club.de\/","name":"Aubenhausen Club","description":"K\u00f6rperliche Fitness und mentale St\u00e4rke f\u00fcr Dressurreiter","publisher":{"@id":"https:\/\/www.aubenhausen-club.de\/#organization"},"potentialAction":[{"@type":"SearchAction","target":{"@type":"EntryPoint","urlTemplate":"https:\/\/www.aubenhausen-club.de\/?s={search_term_string}"},"query-input":{"@type":"PropertyValueSpecification","valueRequired":true,"valueName":"search_term_string"}}],"inLanguage":"en-US"},{"@type":"Organization","@id":"https:\/\/www.aubenhausen-club.de\/#organization","name":"Aubenhausen Club","url":"https:\/\/www.aubenhausen-club.de\/","logo":{"@type":"ImageObject","inLanguage":"en-US","@id":"https:\/\/www.aubenhausen-club.de\/#\/schema\/logo\/image\/","url":"https:\/\/www.aubenhausen-club.de\/wp-content\/uploads\/2020\/12\/AubenhausenClub-Grey.png","contentUrl":"https:\/\/www.aubenhausen-club.de\/wp-content\/uploads\/2020\/12\/AubenhausenClub-Grey.png","width":273,"height":273,"caption":"Aubenhausen Club"},"image":{"@id":"https:\/\/www.aubenhausen-club.de\/#\/schema\/logo\/image\/"}}]}},"_links":{"self":[{"href":"https:\/\/www.aubenhausen-club.de\/en\/wp-json\/wp\/v2\/product\/141344"}],"collection":[{"href":"https:\/\/www.aubenhausen-club.de\/en\/wp-json\/wp\/v2\/product"}],"about":[{"href":"https:\/\/www.aubenhausen-club.de\/en\/wp-json\/wp\/v2\/types\/product"}],"author":[{"embeddable":true,"href":"https:\/\/www.aubenhausen-club.de\/en\/wp-json\/wp\/v2\/users\/1"}],"wp:featuredmedia":[{"embeddable":true,"href":"https:\/\/www.aubenhausen-club.de\/en\/wp-json\/wp\/v2\/media\/206052"}],"wp:attachment":[{"href":"https:\/\/www.aubenhausen-club.de\/en\/wp-json\/wp\/v2\/media?parent=141344"}],"wp:term":[{"taxonomy":"product_brand","embeddable":true,"href":"https:\/\/www.aubenhausen-club.de\/en\/wp-json\/wp\/v2\/product_brand?post=141344"},{"taxonomy":"product_cat","embeddable":true,"href":"https:\/\/www.aubenhausen-club.de\/en\/wp-json\/wp\/v2\/product_cat?post=141344"},{"taxonomy":"product_tag","embeddable":true,"href":"https:\/\/www.aubenhausen-club.de\/en\/wp-json\/wp\/v2\/product_tag?post=141344"}],"curies":[{"name":"wp","href":"https:\/\/api.w.org\/{rel}","templated":true}]}}