{"id":149322,"date":"2021-11-30T17:15:42","date_gmt":"2021-11-30T16:15:42","guid":{"rendered":"https:\/\/www.aubenhausen-club.de\/?post_type=product&#038;p=149322"},"modified":"2024-12-06T15:02:10","modified_gmt":"2024-12-06T14:02:10","slug":"academy-gift-cards","status":"publish","type":"product","link":"https:\/\/www.aubenhausen-club.de\/en\/shop\/gifts\/academy-gift-cards\/","title":{"rendered":"Academy Gift Cards (Download)"},"content":{"rendered":"<p>With these digital voucher cards, you can make our Dressage Masterclasses the perfect gift, giving somebody the opportunity to train online with Olympic Gold Medalist Jessica von Bredow-Werndl and her brother Benjamin Werndl. Simply choose the Online-Course you would like to give to somebody. Immediately after purchase, you will find the voucher code in your login area and you will also receive a printable gift card via email.<br \/>\nAll Dressage Masterclasses include:<\/p>\n<ul class=\"check-list\">\n<li><strong>Lifetime access to the specific course programme<\/strong><\/li>\n<li><strong>Exclusive training videos with Jessica &amp; Benjamin<\/strong><\/li>\n<li><strong>Tips and exercises to tackle common challenges<\/strong><\/li>\n<li><strong>Additional course material in a downloadable pdf<\/strong><\/li>\n<li><strong>Reflection questionnaires to analyse your own training<\/strong><\/li>\n<\/ul>\n","protected":false},"excerpt":{"rendered":"<p>Our Online Dressage Masterclasses are the perfect gift for your horsey friends \u2013 giving them the opportunity to train online with Olympic Gold Medalist Jessica von Bredow-Werndl. Immediately after purchase, you will receive a printable gift card via email.<\/p>\n","protected":false},"author":1,"featured_media":346345,"template":"","meta":{"_acf_changed":false},"product_brand":[],"product_cat":[453],"product_tag":[607,696],"class_list":{"0":"post-149322","1":"product","2":"type-product","3":"status-publish","4":"has-post-thumbnail","6":"product_cat-gifts","7":"product_tag-academy-en","8":"product_tag-geschenk-en","9":"entry","10":"has-media","12":"first","13":"instock","14":"purchasable","15":"product-type-variable"},"bundled_by":[],"bundle_stock_status":"instock","bundle_stock_quantity":null,"bundle_virtual":false,"bundle_layout":"","bundle_add_to_cart_form_location":"","bundle_editable_in_cart":false,"bundle_sold_individually_context":"","bundle_item_grouping":"","bundle_min_size":"","bundle_max_size":"","bundle_price":[],"bundled_items":[],"bundle_sell_ids":[],"group_of_quantity":0,"min_quantity":0,"max_quantity":"","exclude_order_quantity_value_rules":"no","exclude_category_quantity_rules":"no","combine_variations":"no","acf":[],"yoast_head":"<!-- This site is optimized with the Yoast SEO plugin v25.4 - https:\/\/yoast.com\/wordpress\/plugins\/seo\/ -->\n<title>Academy Gift Cards (Download) - Aubenhausen Club<\/title>\n<meta name=\"description\" content=\"Mit den Academy Geschenkkarten kannst du Online Dressur-Training mit Jessica von Bredow Werndl und Benjamin Werndl verschenken.\" \/>\n<meta name=\"robots\" content=\"index, follow, max-snippet:-1, max-image-preview:large, max-video-preview:-1\" \/>\n<link rel=\"canonical\" href=\"https:\/\/www.aubenhausen-club.de\/en\/shop\/gifts\/academy-gift-cards\/\" \/>\n<meta property=\"og:locale\" content=\"en_US\" \/>\n<meta property=\"og:type\" content=\"article\" \/>\n<meta property=\"og:title\" content=\"Academy Gift Cards (Download) - Aubenhausen Club\" \/>\n<meta property=\"og:description\" content=\"Mit den Academy Geschenkkarten kannst du Online Dressur-Training mit Jessica von Bredow Werndl und Benjamin Werndl verschenken.\" \/>\n<meta property=\"og:url\" content=\"https:\/\/www.aubenhausen-club.de\/en\/shop\/gifts\/academy-gift-cards\/\" \/>\n<meta property=\"og:site_name\" content=\"Aubenhausen Club\" \/>\n<meta property=\"article:modified_time\" content=\"2024-12-06T14:02:10+00:00\" \/>\n<meta property=\"og:image\" content=\"https:\/\/www.aubenhausen-club.de\/wp-content\/uploads\/2021\/11\/academy-cards.jpg\" \/>\n\t<meta property=\"og:image:width\" content=\"1200\" \/>\n\t<meta property=\"og:image:height\" content=\"1200\" \/>\n\t<meta property=\"og:image:type\" content=\"image\/jpeg\" \/>\n<meta name=\"twitter:card\" content=\"summary_large_image\" \/>\n<meta name=\"twitter:label1\" content=\"Est. reading time\" \/>\n\t<meta name=\"twitter:data1\" content=\"1 minute\" \/>\n<script type=\"application\/ld+json\" class=\"yoast-schema-graph\">{\"@context\":\"https:\/\/schema.org\",\"@graph\":[{\"@type\":\"WebPage\",\"@id\":\"https:\/\/www.aubenhausen-club.de\/en\/shop\/gifts\/academy-gift-cards\/\",\"url\":\"https:\/\/www.aubenhausen-club.de\/en\/shop\/gifts\/academy-gift-cards\/\",\"name\":\"Academy Gift Cards (Download) - Aubenhausen Club\",\"isPartOf\":{\"@id\":\"https:\/\/www.aubenhausen-club.de\/#website\"},\"primaryImageOfPage\":{\"@id\":\"https:\/\/www.aubenhausen-club.de\/en\/shop\/gifts\/academy-gift-cards\/#primaryimage\"},\"image\":{\"@id\":\"https:\/\/www.aubenhausen-club.de\/en\/shop\/gifts\/academy-gift-cards\/#primaryimage\"},\"thumbnailUrl\":\"https:\/\/www.aubenhausen-club.de\/wp-content\/uploads\/2021\/11\/academy-cards.jpg\",\"datePublished\":\"2021-11-30T16:15:42+00:00\",\"dateModified\":\"2024-12-06T14:02:10+00:00\",\"description\":\"Mit den Academy Geschenkkarten kannst du Online Dressur-Training mit Jessica von Bredow Werndl und Benjamin Werndl verschenken.\",\"breadcrumb\":{\"@id\":\"https:\/\/www.aubenhausen-club.de\/en\/shop\/gifts\/academy-gift-cards\/#breadcrumb\"},\"inLanguage\":\"en-US\",\"potentialAction\":[{\"@type\":\"ReadAction\",\"target\":[\"https:\/\/www.aubenhausen-club.de\/en\/shop\/gifts\/academy-gift-cards\/\"]}]},{\"@type\":\"ImageObject\",\"inLanguage\":\"en-US\",\"@id\":\"https:\/\/www.aubenhausen-club.de\/en\/shop\/gifts\/academy-gift-cards\/#primaryimage\",\"url\":\"https:\/\/www.aubenhausen-club.de\/wp-content\/uploads\/2021\/11\/academy-cards.jpg\",\"contentUrl\":\"https:\/\/www.aubenhausen-club.de\/wp-content\/uploads\/2021\/11\/academy-cards.jpg\",\"width\":1200,\"height\":1200},{\"@type\":\"BreadcrumbList\",\"@id\":\"https:\/\/www.aubenhausen-club.de\/en\/shop\/gifts\/academy-gift-cards\/#breadcrumb\",\"itemListElement\":[{\"@type\":\"ListItem\",\"position\":1,\"name\":\"Shop\",\"item\":\"https:\/\/www.aubenhausen-club.de\/en\/shop\/\"},{\"@type\":\"ListItem\",\"position\":2,\"name\":\"Academy Gift Cards (Download)\"}]},{\"@type\":\"WebSite\",\"@id\":\"https:\/\/www.aubenhausen-club.de\/#website\",\"url\":\"https:\/\/www.aubenhausen-club.de\/\",\"name\":\"Aubenhausen Club\",\"description\":\"K\u00f6rperliche Fitness und mentale St\u00e4rke f\u00fcr Dressurreiter\",\"publisher\":{\"@id\":\"https:\/\/www.aubenhausen-club.de\/#organization\"},\"potentialAction\":[{\"@type\":\"SearchAction\",\"target\":{\"@type\":\"EntryPoint\",\"urlTemplate\":\"https:\/\/www.aubenhausen-club.de\/?s={search_term_string}\"},\"query-input\":{\"@type\":\"PropertyValueSpecification\",\"valueRequired\":true,\"valueName\":\"search_term_string\"}}],\"inLanguage\":\"en-US\"},{\"@type\":\"Organization\",\"@id\":\"https:\/\/www.aubenhausen-club.de\/#organization\",\"name\":\"Aubenhausen Club\",\"url\":\"https:\/\/www.aubenhausen-club.de\/\",\"logo\":{\"@type\":\"ImageObject\",\"inLanguage\":\"en-US\",\"@id\":\"https:\/\/www.aubenhausen-club.de\/#\/schema\/logo\/image\/\",\"url\":\"https:\/\/www.aubenhausen-club.de\/wp-content\/uploads\/2020\/12\/AubenhausenClub-Grey.png\",\"contentUrl\":\"https:\/\/www.aubenhausen-club.de\/wp-content\/uploads\/2020\/12\/AubenhausenClub-Grey.png\",\"width\":273,\"height\":273,\"caption\":\"Aubenhausen Club\"},\"image\":{\"@id\":\"https:\/\/www.aubenhausen-club.de\/#\/schema\/logo\/image\/\"}}]}<\/script>\n<!-- \/ Yoast SEO plugin. -->","yoast_head_json":{"title":"Academy Gift Cards (Download) - Aubenhausen Club","description":"Mit den Academy Geschenkkarten kannst du Online Dressur-Training mit Jessica von Bredow Werndl und Benjamin Werndl verschenken.","robots":{"index":"index","follow":"follow","max-snippet":"max-snippet:-1","max-image-preview":"max-image-preview:large","max-video-preview":"max-video-preview:-1"},"canonical":"https:\/\/www.aubenhausen-club.de\/en\/shop\/gifts\/academy-gift-cards\/","og_locale":"en_US","og_type":"article","og_title":"Academy Gift Cards (Download) - Aubenhausen Club","og_description":"Mit den Academy Geschenkkarten kannst du Online Dressur-Training mit Jessica von Bredow Werndl und Benjamin Werndl verschenken.","og_url":"https:\/\/www.aubenhausen-club.de\/en\/shop\/gifts\/academy-gift-cards\/","og_site_name":"Aubenhausen Club","article_modified_time":"2024-12-06T14:02:10+00:00","og_image":[{"width":1200,"height":1200,"url":"https:\/\/www.aubenhausen-club.de\/wp-content\/uploads\/2021\/11\/academy-cards.jpg","type":"image\/jpeg"}],"twitter_card":"summary_large_image","twitter_misc":{"Est. reading time":"1 minute"},"schema":{"@context":"https:\/\/schema.org","@graph":[{"@type":"WebPage","@id":"https:\/\/www.aubenhausen-club.de\/en\/shop\/gifts\/academy-gift-cards\/","url":"https:\/\/www.aubenhausen-club.de\/en\/shop\/gifts\/academy-gift-cards\/","name":"Academy Gift Cards (Download) - Aubenhausen Club","isPartOf":{"@id":"https:\/\/www.aubenhausen-club.de\/#website"},"primaryImageOfPage":{"@id":"https:\/\/www.aubenhausen-club.de\/en\/shop\/gifts\/academy-gift-cards\/#primaryimage"},"image":{"@id":"https:\/\/www.aubenhausen-club.de\/en\/shop\/gifts\/academy-gift-cards\/#primaryimage"},"thumbnailUrl":"https:\/\/www.aubenhausen-club.de\/wp-content\/uploads\/2021\/11\/academy-cards.jpg","datePublished":"2021-11-30T16:15:42+00:00","dateModified":"2024-12-06T14:02:10+00:00","description":"Mit den Academy Geschenkkarten kannst du Online Dressur-Training mit Jessica von Bredow Werndl und Benjamin Werndl verschenken.","breadcrumb":{"@id":"https:\/\/www.aubenhausen-club.de\/en\/shop\/gifts\/academy-gift-cards\/#breadcrumb"},"inLanguage":"en-US","potentialAction":[{"@type":"ReadAction","target":["https:\/\/www.aubenhausen-club.de\/en\/shop\/gifts\/academy-gift-cards\/"]}]},{"@type":"ImageObject","inLanguage":"en-US","@id":"https:\/\/www.aubenhausen-club.de\/en\/shop\/gifts\/academy-gift-cards\/#primaryimage","url":"https:\/\/www.aubenhausen-club.de\/wp-content\/uploads\/2021\/11\/academy-cards.jpg","contentUrl":"https:\/\/www.aubenhausen-club.de\/wp-content\/uploads\/2021\/11\/academy-cards.jpg","width":1200,"height":1200},{"@type":"BreadcrumbList","@id":"https:\/\/www.aubenhausen-club.de\/en\/shop\/gifts\/academy-gift-cards\/#breadcrumb","itemListElement":[{"@type":"ListItem","position":1,"name":"Shop","item":"https:\/\/www.aubenhausen-club.de\/en\/shop\/"},{"@type":"ListItem","position":2,"name":"Academy Gift Cards (Download)"}]},{"@type":"WebSite","@id":"https:\/\/www.aubenhausen-club.de\/#website","url":"https:\/\/www.aubenhausen-club.de\/","name":"Aubenhausen Club","description":"K\u00f6rperliche Fitness und mentale St\u00e4rke f\u00fcr Dressurreiter","publisher":{"@id":"https:\/\/www.aubenhausen-club.de\/#organization"},"potentialAction":[{"@type":"SearchAction","target":{"@type":"EntryPoint","urlTemplate":"https:\/\/www.aubenhausen-club.de\/?s={search_term_string}"},"query-input":{"@type":"PropertyValueSpecification","valueRequired":true,"valueName":"search_term_string"}}],"inLanguage":"en-US"},{"@type":"Organization","@id":"https:\/\/www.aubenhausen-club.de\/#organization","name":"Aubenhausen Club","url":"https:\/\/www.aubenhausen-club.de\/","logo":{"@type":"ImageObject","inLanguage":"en-US","@id":"https:\/\/www.aubenhausen-club.de\/#\/schema\/logo\/image\/","url":"https:\/\/www.aubenhausen-club.de\/wp-content\/uploads\/2020\/12\/AubenhausenClub-Grey.png","contentUrl":"https:\/\/www.aubenhausen-club.de\/wp-content\/uploads\/2020\/12\/AubenhausenClub-Grey.png","width":273,"height":273,"caption":"Aubenhausen Club"},"image":{"@id":"https:\/\/www.aubenhausen-club.de\/#\/schema\/logo\/image\/"}}]}},"_links":{"self":[{"href":"https:\/\/www.aubenhausen-club.de\/en\/wp-json\/wp\/v2\/product\/149322"}],"collection":[{"href":"https:\/\/www.aubenhausen-club.de\/en\/wp-json\/wp\/v2\/product"}],"about":[{"href":"https:\/\/www.aubenhausen-club.de\/en\/wp-json\/wp\/v2\/types\/product"}],"author":[{"embeddable":true,"href":"https:\/\/www.aubenhausen-club.de\/en\/wp-json\/wp\/v2\/users\/1"}],"wp:featuredmedia":[{"embeddable":true,"href":"https:\/\/www.aubenhausen-club.de\/en\/wp-json\/wp\/v2\/media\/346345"}],"wp:attachment":[{"href":"https:\/\/www.aubenhausen-club.de\/en\/wp-json\/wp\/v2\/media?parent=149322"}],"wp:term":[{"taxonomy":"product_brand","embeddable":true,"href":"https:\/\/www.aubenhausen-club.de\/en\/wp-json\/wp\/v2\/product_brand?post=149322"},{"taxonomy":"product_cat","embeddable":true,"href":"https:\/\/www.aubenhausen-club.de\/en\/wp-json\/wp\/v2\/product_cat?post=149322"},{"taxonomy":"product_tag","embeddable":true,"href":"https:\/\/www.aubenhausen-club.de\/en\/wp-json\/wp\/v2\/product_tag?post=149322"}],"curies":[{"name":"wp","href":"https:\/\/api.w.org\/{rel}","templated":true}]}}