{"id":149431,"date":"2022-06-27T14:31:11","date_gmt":"2022-06-27T12:38:42","guid":{"rendered":"https:\/\/www.aubenhausen-club.de\/?post_type=product&#038;p=149431"},"modified":"2026-05-03T20:05:34","modified_gmt":"2026-05-03T18:05:34","slug":"book-heaven-on-horseback-english-edition","status":"publish","type":"product","link":"https:\/\/www.aubenhausen-club.de\/en\/shop\/books\/book-heaven-on-horseback-english-edition\/","title":{"rendered":"Book \u201cHeaven on Horseback\u201d \u2013 English Edition"},"content":{"rendered":"<p>\u201cMy horses \u2013 my teachers\u201d \u2013 Connection, intuition, trust: Jessica von Bredow-Werndl on her special relationship with her horses.<\/p>\n<p>Jessica von Bredow-Werndl is one of the world&#8217;s best dressage riders. Horses have always been an integral part of her life. She understood early on to recognize and accept horses as complete personalities, and to learn and grow with them. In her book, she shares her holistic and horse-friendly philosophy that emphasizes the deep connection between animal and human.<\/p>\n<p>This book takes us onto a journey to her innermost self, to the woman she is today. It shows us the source of our spiritual kinship with these wonderful animals and how to relate their wisdom and grace to our own lives.<\/p>\n","protected":false},"excerpt":{"rendered":"<p>\u201cEssential life lessons taught by my wonderful horses\u201d &#8211; the SPIEGEL bestseller by Jessica von Bredow-Werndl, double Olympic champion in Tokyo 2021, is a truly inspiring book about living and growing with horses &#8211; and how we learn to understand ourselves better through them.<\/p>\n","protected":false},"author":22141,"featured_media":154105,"template":"","meta":{"_acf_changed":false},"product_brand":[],"product_cat":[437],"product_tag":[515,508],"class_list":{"0":"post-149431","1":"product","2":"type-product","3":"status-publish","4":"has-post-thumbnail","6":"product_cat-books","7":"product_tag-gift","8":"product_tag-masterclass","9":"product_shipping_class-shipping-class-a","10":"entry","11":"has-media","13":"first","14":"instock","15":"taxable","16":"shipping-taxable","17":"purchasable","18":"product-type-simple"},"bundled_by":[],"bundle_stock_status":"instock","bundle_stock_quantity":498,"bundle_virtual":false,"bundle_layout":"","bundle_add_to_cart_form_location":"","bundle_editable_in_cart":false,"bundle_sold_individually_context":"","bundle_item_grouping":"","bundle_min_size":"","bundle_max_size":"","bundle_price":[],"bundled_items":[],"bundle_sell_ids":[],"group_of_quantity":0,"min_quantity":0,"max_quantity":"","exclude_order_quantity_value_rules":"no","exclude_category_quantity_rules":"no","combine_variations":"no","acf":[],"yoast_head":"<!-- This site is optimized with the Yoast SEO plugin v25.4 - https:\/\/yoast.com\/wordpress\/plugins\/seo\/ -->\n<title>Book \u201cHeaven on Horseback\u201d \u2013 English Edition - Aubenhausen Club<\/title>\n<meta name=\"description\" content=\"\u201cEssential life lessons taught by my wonderful horses\u201d - the SPIEGEL bestseller by double Olympic Champion Jessica von Bredow-Werndl.\" \/>\n<meta name=\"robots\" content=\"index, follow, max-snippet:-1, max-image-preview:large, max-video-preview:-1\" \/>\n<link rel=\"canonical\" href=\"https:\/\/www.aubenhausen-club.de\/en\/shop\/books\/book-heaven-on-horseback-english-edition\/\" \/>\n<meta property=\"og:locale\" content=\"en_US\" \/>\n<meta property=\"og:type\" content=\"article\" \/>\n<meta property=\"og:title\" content=\"Book \u201cHeaven on Horseback\u201d \u2013 English Edition - Aubenhausen Club\" \/>\n<meta property=\"og:description\" content=\"\u201cEssential life lessons taught by my wonderful horses\u201d - the SPIEGEL bestseller by double Olympic Champion Jessica von Bredow-Werndl.\" \/>\n<meta property=\"og:url\" content=\"https:\/\/www.aubenhausen-club.de\/en\/shop\/books\/book-heaven-on-horseback-english-edition\/\" \/>\n<meta property=\"og:site_name\" content=\"Aubenhausen Club\" \/>\n<meta property=\"article:modified_time\" content=\"2026-05-03T18:05:34+00:00\" \/>\n<meta property=\"og:image\" content=\"https:\/\/www.aubenhausen-club.de\/wp-content\/uploads\/2022\/06\/02-buch-en.jpg\" \/>\n\t<meta property=\"og:image:width\" content=\"1280\" \/>\n\t<meta property=\"og:image:height\" content=\"1280\" \/>\n\t<meta property=\"og:image:type\" content=\"image\/jpeg\" \/>\n<meta name=\"twitter:card\" content=\"summary_large_image\" \/>\n<meta name=\"twitter:label1\" content=\"Est. reading time\" \/>\n\t<meta name=\"twitter:data1\" content=\"1 minute\" \/>\n<script type=\"application\/ld+json\" class=\"yoast-schema-graph\">{\"@context\":\"https:\/\/schema.org\",\"@graph\":[{\"@type\":\"WebPage\",\"@id\":\"https:\/\/www.aubenhausen-club.de\/en\/shop\/books\/book-heaven-on-horseback-english-edition\/\",\"url\":\"https:\/\/www.aubenhausen-club.de\/en\/shop\/books\/book-heaven-on-horseback-english-edition\/\",\"name\":\"Book \u201cHeaven on Horseback\u201d \u2013 English Edition - Aubenhausen Club\",\"isPartOf\":{\"@id\":\"https:\/\/www.aubenhausen-club.de\/#website\"},\"primaryImageOfPage\":{\"@id\":\"https:\/\/www.aubenhausen-club.de\/en\/shop\/books\/book-heaven-on-horseback-english-edition\/#primaryimage\"},\"image\":{\"@id\":\"https:\/\/www.aubenhausen-club.de\/en\/shop\/books\/book-heaven-on-horseback-english-edition\/#primaryimage\"},\"thumbnailUrl\":\"https:\/\/www.aubenhausen-club.de\/wp-content\/uploads\/2022\/06\/02-buch-en.jpg\",\"datePublished\":\"2022-06-27T12:38:42+00:00\",\"dateModified\":\"2026-05-03T18:05:34+00:00\",\"description\":\"\u201cEssential life lessons taught by my wonderful horses\u201d - the SPIEGEL bestseller by double Olympic Champion Jessica von Bredow-Werndl.\",\"breadcrumb\":{\"@id\":\"https:\/\/www.aubenhausen-club.de\/en\/shop\/books\/book-heaven-on-horseback-english-edition\/#breadcrumb\"},\"inLanguage\":\"en-US\",\"potentialAction\":[{\"@type\":\"ReadAction\",\"target\":[\"https:\/\/www.aubenhausen-club.de\/en\/shop\/books\/book-heaven-on-horseback-english-edition\/\"]}]},{\"@type\":\"ImageObject\",\"inLanguage\":\"en-US\",\"@id\":\"https:\/\/www.aubenhausen-club.de\/en\/shop\/books\/book-heaven-on-horseback-english-edition\/#primaryimage\",\"url\":\"https:\/\/www.aubenhausen-club.de\/wp-content\/uploads\/2022\/06\/02-buch-en.jpg\",\"contentUrl\":\"https:\/\/www.aubenhausen-club.de\/wp-content\/uploads\/2022\/06\/02-buch-en.jpg\",\"width\":1280,\"height\":1280,\"caption\":\"Heaven on Horseback\"},{\"@type\":\"BreadcrumbList\",\"@id\":\"https:\/\/www.aubenhausen-club.de\/en\/shop\/books\/book-heaven-on-horseback-english-edition\/#breadcrumb\",\"itemListElement\":[{\"@type\":\"ListItem\",\"position\":1,\"name\":\"Shop\",\"item\":\"https:\/\/www.aubenhausen-club.de\/en\/shop\/\"},{\"@type\":\"ListItem\",\"position\":2,\"name\":\"Book \u201cHeaven on Horseback\u201d \u2013 English Edition\"}]},{\"@type\":\"WebSite\",\"@id\":\"https:\/\/www.aubenhausen-club.de\/#website\",\"url\":\"https:\/\/www.aubenhausen-club.de\/\",\"name\":\"Aubenhausen Club\",\"description\":\"K\u00f6rperliche Fitness und mentale St\u00e4rke f\u00fcr Dressurreiter\",\"publisher\":{\"@id\":\"https:\/\/www.aubenhausen-club.de\/#organization\"},\"potentialAction\":[{\"@type\":\"SearchAction\",\"target\":{\"@type\":\"EntryPoint\",\"urlTemplate\":\"https:\/\/www.aubenhausen-club.de\/?s={search_term_string}\"},\"query-input\":{\"@type\":\"PropertyValueSpecification\",\"valueRequired\":true,\"valueName\":\"search_term_string\"}}],\"inLanguage\":\"en-US\"},{\"@type\":\"Organization\",\"@id\":\"https:\/\/www.aubenhausen-club.de\/#organization\",\"name\":\"Aubenhausen Club\",\"url\":\"https:\/\/www.aubenhausen-club.de\/\",\"logo\":{\"@type\":\"ImageObject\",\"inLanguage\":\"en-US\",\"@id\":\"https:\/\/www.aubenhausen-club.de\/#\/schema\/logo\/image\/\",\"url\":\"https:\/\/www.aubenhausen-club.de\/wp-content\/uploads\/2020\/12\/AubenhausenClub-Grey.png\",\"contentUrl\":\"https:\/\/www.aubenhausen-club.de\/wp-content\/uploads\/2020\/12\/AubenhausenClub-Grey.png\",\"width\":273,\"height\":273,\"caption\":\"Aubenhausen Club\"},\"image\":{\"@id\":\"https:\/\/www.aubenhausen-club.de\/#\/schema\/logo\/image\/\"}}]}<\/script>\n<!-- \/ Yoast SEO plugin. -->","yoast_head_json":{"title":"Book \u201cHeaven on Horseback\u201d \u2013 English Edition - Aubenhausen Club","description":"\u201cEssential life lessons taught by my wonderful horses\u201d - the SPIEGEL bestseller by double Olympic Champion Jessica von Bredow-Werndl.","robots":{"index":"index","follow":"follow","max-snippet":"max-snippet:-1","max-image-preview":"max-image-preview:large","max-video-preview":"max-video-preview:-1"},"canonical":"https:\/\/www.aubenhausen-club.de\/en\/shop\/books\/book-heaven-on-horseback-english-edition\/","og_locale":"en_US","og_type":"article","og_title":"Book \u201cHeaven on Horseback\u201d \u2013 English Edition - Aubenhausen Club","og_description":"\u201cEssential life lessons taught by my wonderful horses\u201d - the SPIEGEL bestseller by double Olympic Champion Jessica von Bredow-Werndl.","og_url":"https:\/\/www.aubenhausen-club.de\/en\/shop\/books\/book-heaven-on-horseback-english-edition\/","og_site_name":"Aubenhausen Club","article_modified_time":"2026-05-03T18:05:34+00:00","og_image":[{"width":1280,"height":1280,"url":"https:\/\/www.aubenhausen-club.de\/wp-content\/uploads\/2022\/06\/02-buch-en.jpg","type":"image\/jpeg"}],"twitter_card":"summary_large_image","twitter_misc":{"Est. reading time":"1 minute"},"schema":{"@context":"https:\/\/schema.org","@graph":[{"@type":"WebPage","@id":"https:\/\/www.aubenhausen-club.de\/en\/shop\/books\/book-heaven-on-horseback-english-edition\/","url":"https:\/\/www.aubenhausen-club.de\/en\/shop\/books\/book-heaven-on-horseback-english-edition\/","name":"Book \u201cHeaven on Horseback\u201d \u2013 English Edition - Aubenhausen Club","isPartOf":{"@id":"https:\/\/www.aubenhausen-club.de\/#website"},"primaryImageOfPage":{"@id":"https:\/\/www.aubenhausen-club.de\/en\/shop\/books\/book-heaven-on-horseback-english-edition\/#primaryimage"},"image":{"@id":"https:\/\/www.aubenhausen-club.de\/en\/shop\/books\/book-heaven-on-horseback-english-edition\/#primaryimage"},"thumbnailUrl":"https:\/\/www.aubenhausen-club.de\/wp-content\/uploads\/2022\/06\/02-buch-en.jpg","datePublished":"2022-06-27T12:38:42+00:00","dateModified":"2026-05-03T18:05:34+00:00","description":"\u201cEssential life lessons taught by my wonderful horses\u201d - the SPIEGEL bestseller by double Olympic Champion Jessica von Bredow-Werndl.","breadcrumb":{"@id":"https:\/\/www.aubenhausen-club.de\/en\/shop\/books\/book-heaven-on-horseback-english-edition\/#breadcrumb"},"inLanguage":"en-US","potentialAction":[{"@type":"ReadAction","target":["https:\/\/www.aubenhausen-club.de\/en\/shop\/books\/book-heaven-on-horseback-english-edition\/"]}]},{"@type":"ImageObject","inLanguage":"en-US","@id":"https:\/\/www.aubenhausen-club.de\/en\/shop\/books\/book-heaven-on-horseback-english-edition\/#primaryimage","url":"https:\/\/www.aubenhausen-club.de\/wp-content\/uploads\/2022\/06\/02-buch-en.jpg","contentUrl":"https:\/\/www.aubenhausen-club.de\/wp-content\/uploads\/2022\/06\/02-buch-en.jpg","width":1280,"height":1280,"caption":"Heaven on Horseback"},{"@type":"BreadcrumbList","@id":"https:\/\/www.aubenhausen-club.de\/en\/shop\/books\/book-heaven-on-horseback-english-edition\/#breadcrumb","itemListElement":[{"@type":"ListItem","position":1,"name":"Shop","item":"https:\/\/www.aubenhausen-club.de\/en\/shop\/"},{"@type":"ListItem","position":2,"name":"Book \u201cHeaven on Horseback\u201d \u2013 English Edition"}]},{"@type":"WebSite","@id":"https:\/\/www.aubenhausen-club.de\/#website","url":"https:\/\/www.aubenhausen-club.de\/","name":"Aubenhausen Club","description":"K\u00f6rperliche Fitness und mentale St\u00e4rke f\u00fcr Dressurreiter","publisher":{"@id":"https:\/\/www.aubenhausen-club.de\/#organization"},"potentialAction":[{"@type":"SearchAction","target":{"@type":"EntryPoint","urlTemplate":"https:\/\/www.aubenhausen-club.de\/?s={search_term_string}"},"query-input":{"@type":"PropertyValueSpecification","valueRequired":true,"valueName":"search_term_string"}}],"inLanguage":"en-US"},{"@type":"Organization","@id":"https:\/\/www.aubenhausen-club.de\/#organization","name":"Aubenhausen Club","url":"https:\/\/www.aubenhausen-club.de\/","logo":{"@type":"ImageObject","inLanguage":"en-US","@id":"https:\/\/www.aubenhausen-club.de\/#\/schema\/logo\/image\/","url":"https:\/\/www.aubenhausen-club.de\/wp-content\/uploads\/2020\/12\/AubenhausenClub-Grey.png","contentUrl":"https:\/\/www.aubenhausen-club.de\/wp-content\/uploads\/2020\/12\/AubenhausenClub-Grey.png","width":273,"height":273,"caption":"Aubenhausen Club"},"image":{"@id":"https:\/\/www.aubenhausen-club.de\/#\/schema\/logo\/image\/"}}]}},"_links":{"self":[{"href":"https:\/\/www.aubenhausen-club.de\/en\/wp-json\/wp\/v2\/product\/149431"}],"collection":[{"href":"https:\/\/www.aubenhausen-club.de\/en\/wp-json\/wp\/v2\/product"}],"about":[{"href":"https:\/\/www.aubenhausen-club.de\/en\/wp-json\/wp\/v2\/types\/product"}],"author":[{"embeddable":true,"href":"https:\/\/www.aubenhausen-club.de\/en\/wp-json\/wp\/v2\/users\/22141"}],"wp:featuredmedia":[{"embeddable":true,"href":"https:\/\/www.aubenhausen-club.de\/en\/wp-json\/wp\/v2\/media\/154105"}],"wp:attachment":[{"href":"https:\/\/www.aubenhausen-club.de\/en\/wp-json\/wp\/v2\/media?parent=149431"}],"wp:term":[{"taxonomy":"product_brand","embeddable":true,"href":"https:\/\/www.aubenhausen-club.de\/en\/wp-json\/wp\/v2\/product_brand?post=149431"},{"taxonomy":"product_cat","embeddable":true,"href":"https:\/\/www.aubenhausen-club.de\/en\/wp-json\/wp\/v2\/product_cat?post=149431"},{"taxonomy":"product_tag","embeddable":true,"href":"https:\/\/www.aubenhausen-club.de\/en\/wp-json\/wp\/v2\/product_tag?post=149431"}],"curies":[{"name":"wp","href":"https:\/\/api.w.org\/{rel}","templated":true}]}}