{"id":163521,"date":"2022-09-05T11:44:47","date_gmt":"2022-09-05T09:44:47","guid":{"rendered":"https:\/\/www.aubenhausen-club.de\/?post_type=product&#038;p=163521"},"modified":"2022-11-16T13:43:26","modified_gmt":"2022-11-16T12:43:26","slug":"aubenhausen-relive-correct-contact","status":"publish","type":"product","link":"https:\/\/www.aubenhausen-club.de\/en\/shop\/tickets-en\/aubenhausen-relive-correct-contact\/","title":{"rendered":"Aubenhausen reLIVE: Creating correct contact"},"content":{"rendered":"<h3>Special Topic: Creating correct contact<\/h3>\n<p>You can\u2019t make it to Aubenhausen LIVE in person? No problem, we are recording the event and will take you behind the scenes with the online reLIVE video. This LIVE event is all about how to create a good contact. It\u2019s a dynamic process and will look different depending on the level of training of your horse. Also, the contact will be different at the beginning of a training session while warming up as opposed to the contact during collected work. We\u2019ll share our training philosophy as we demonstrate our work with horses of different ages and training levels: From youngster to Grand Prix horse, from stretching forward to elevated self-carriage. With this reLIVE video, you can watch the highlights of the event as well as a lot of <strong>additional bonus footage<\/strong> online in the comfort of your own home.<\/p>\n<h3>Special Guest: Bit Expert Heiko Schmidt-Sentek<\/h3>\n<p>Every horse and every horse\u2019s mouth is different. To make sure your horse trusts the bit and the rider\u2019s hand, well-fitted equipment is important. Bit expert Heiko Schmidt-Sentek regularly checks our horses, to fit the optimal bit for each horse. Learn how to check your own equipment to make sure the bit you use is well suited to your horse\u2019s mouth and your current training goals.<\/p>\n","protected":false},"excerpt":{"rendered":"<p>Watch all the highlights of our LIVE event on <em>&#8220;How to create a good contact &#8211; a sophisticated connection between horse &amp; rider&#8221;<\/em> online from the comfort of your own home.<\/p>\n<p><strong>Only available until November 14th, 2022!<\/strong><\/p>\n","protected":false},"author":1,"featured_media":166453,"template":"","meta":{"_acf_changed":false},"product_brand":[],"product_cat":[454,355],"product_tag":[],"class_list":{"0":"post-163521","1":"product","2":"type-product","3":"status-publish","4":"has-post-thumbnail","6":"product_cat-courses-programmes","7":"product_cat-tickets-en","8":"entry","9":"has-media","11":"first","12":"outofstock","13":"virtual","14":"sold-individually","15":"taxable","16":"purchasable","17":"product-type-simple"},"bundled_by":[],"bundle_stock_status":"outofstock","bundle_stock_quantity":null,"bundle_virtual":false,"bundle_layout":"","bundle_add_to_cart_form_location":"","bundle_editable_in_cart":false,"bundle_sold_individually_context":"","bundle_item_grouping":"","bundle_min_size":"","bundle_max_size":"","bundle_price":[],"bundled_items":[],"bundle_sell_ids":[],"group_of_quantity":0,"min_quantity":0,"max_quantity":"","exclude_order_quantity_value_rules":"no","exclude_category_quantity_rules":"no","combine_variations":"no","acf":[],"yoast_head":"<!-- This site is optimized with the Yoast SEO plugin v25.4 - https:\/\/yoast.com\/wordpress\/plugins\/seo\/ -->\n<title>Aubenhausen reLIVE: Creating correct contact - Aubenhausen Club<\/title>\n<meta name=\"description\" content=\"Mit diesem Online-Ticket erh\u00e4ltst du Zugang zum Exklusiv-Video mit den Highlights unserer Aubenhausen LIVE Events im November 2021.\" \/>\n<meta name=\"robots\" content=\"noindex, nofollow\" \/>\n<meta property=\"og:locale\" content=\"en_US\" \/>\n<meta property=\"og:type\" content=\"article\" \/>\n<meta property=\"og:title\" content=\"Aubenhausen reLIVE: Creating correct contact - Aubenhausen Club\" \/>\n<meta property=\"og:description\" content=\"Mit diesem Online-Ticket erh\u00e4ltst du Zugang zum Exklusiv-Video mit den Highlights unserer Aubenhausen LIVE Events im November 2021.\" \/>\n<meta property=\"og:url\" content=\"https:\/\/www.aubenhausen-club.de\/en\/shop\/tickets-en\/aubenhausen-relive-correct-contact\/\" \/>\n<meta property=\"og:site_name\" content=\"Aubenhausen Club\" \/>\n<meta property=\"article:modified_time\" content=\"2022-11-16T12:43:26+00:00\" \/>\n<meta property=\"og:image\" content=\"https:\/\/www.aubenhausen-club.de\/wp-content\/uploads\/2022\/09\/01_reLIVE_DE_EN.jpg\" \/>\n\t<meta property=\"og:image:width\" content=\"1200\" \/>\n\t<meta property=\"og:image:height\" content=\"1200\" \/>\n\t<meta property=\"og:image:type\" content=\"image\/jpeg\" \/>\n<meta name=\"twitter:card\" content=\"summary_large_image\" \/>\n<meta name=\"twitter:label1\" content=\"Est. reading time\" \/>\n\t<meta name=\"twitter:data1\" content=\"2 minutes\" \/>\n<script type=\"application\/ld+json\" class=\"yoast-schema-graph\">{\"@context\":\"https:\/\/schema.org\",\"@graph\":[{\"@type\":\"WebPage\",\"@id\":\"https:\/\/www.aubenhausen-club.de\/en\/shop\/tickets-en\/aubenhausen-relive-correct-contact\/\",\"url\":\"https:\/\/www.aubenhausen-club.de\/en\/shop\/tickets-en\/aubenhausen-relive-correct-contact\/\",\"name\":\"Aubenhausen reLIVE: Creating correct contact - Aubenhausen Club\",\"isPartOf\":{\"@id\":\"https:\/\/www.aubenhausen-club.de\/#website\"},\"primaryImageOfPage\":{\"@id\":\"https:\/\/www.aubenhausen-club.de\/en\/shop\/tickets-en\/aubenhausen-relive-correct-contact\/#primaryimage\"},\"image\":{\"@id\":\"https:\/\/www.aubenhausen-club.de\/en\/shop\/tickets-en\/aubenhausen-relive-correct-contact\/#primaryimage\"},\"thumbnailUrl\":\"https:\/\/www.aubenhausen-club.de\/wp-content\/uploads\/2022\/09\/01_reLIVE_DE_EN.jpg\",\"datePublished\":\"2022-09-05T09:44:47+00:00\",\"dateModified\":\"2022-11-16T12:43:26+00:00\",\"description\":\"Mit diesem Online-Ticket erh\u00e4ltst du Zugang zum Exklusiv-Video mit den Highlights unserer Aubenhausen LIVE Events im November 2021.\",\"breadcrumb\":{\"@id\":\"https:\/\/www.aubenhausen-club.de\/en\/shop\/tickets-en\/aubenhausen-relive-correct-contact\/#breadcrumb\"},\"inLanguage\":\"en-US\",\"potentialAction\":[{\"@type\":\"ReadAction\",\"target\":[\"https:\/\/www.aubenhausen-club.de\/en\/shop\/tickets-en\/aubenhausen-relive-correct-contact\/\"]}]},{\"@type\":\"ImageObject\",\"inLanguage\":\"en-US\",\"@id\":\"https:\/\/www.aubenhausen-club.de\/en\/shop\/tickets-en\/aubenhausen-relive-correct-contact\/#primaryimage\",\"url\":\"https:\/\/www.aubenhausen-club.de\/wp-content\/uploads\/2022\/09\/01_reLIVE_DE_EN.jpg\",\"contentUrl\":\"https:\/\/www.aubenhausen-club.de\/wp-content\/uploads\/2022\/09\/01_reLIVE_DE_EN.jpg\",\"width\":1200,\"height\":1200},{\"@type\":\"BreadcrumbList\",\"@id\":\"https:\/\/www.aubenhausen-club.de\/en\/shop\/tickets-en\/aubenhausen-relive-correct-contact\/#breadcrumb\",\"itemListElement\":[{\"@type\":\"ListItem\",\"position\":1,\"name\":\"Shop\",\"item\":\"https:\/\/www.aubenhausen-club.de\/en\/shop\/\"},{\"@type\":\"ListItem\",\"position\":2,\"name\":\"Aubenhausen reLIVE: Creating correct contact\"}]},{\"@type\":\"WebSite\",\"@id\":\"https:\/\/www.aubenhausen-club.de\/#website\",\"url\":\"https:\/\/www.aubenhausen-club.de\/\",\"name\":\"Aubenhausen Club\",\"description\":\"K\u00f6rperliche Fitness und mentale St\u00e4rke f\u00fcr Dressurreiter\",\"publisher\":{\"@id\":\"https:\/\/www.aubenhausen-club.de\/#organization\"},\"potentialAction\":[{\"@type\":\"SearchAction\",\"target\":{\"@type\":\"EntryPoint\",\"urlTemplate\":\"https:\/\/www.aubenhausen-club.de\/?s={search_term_string}\"},\"query-input\":{\"@type\":\"PropertyValueSpecification\",\"valueRequired\":true,\"valueName\":\"search_term_string\"}}],\"inLanguage\":\"en-US\"},{\"@type\":\"Organization\",\"@id\":\"https:\/\/www.aubenhausen-club.de\/#organization\",\"name\":\"Aubenhausen Club\",\"url\":\"https:\/\/www.aubenhausen-club.de\/\",\"logo\":{\"@type\":\"ImageObject\",\"inLanguage\":\"en-US\",\"@id\":\"https:\/\/www.aubenhausen-club.de\/#\/schema\/logo\/image\/\",\"url\":\"https:\/\/www.aubenhausen-club.de\/wp-content\/uploads\/2020\/12\/AubenhausenClub-Grey.png\",\"contentUrl\":\"https:\/\/www.aubenhausen-club.de\/wp-content\/uploads\/2020\/12\/AubenhausenClub-Grey.png\",\"width\":273,\"height\":273,\"caption\":\"Aubenhausen Club\"},\"image\":{\"@id\":\"https:\/\/www.aubenhausen-club.de\/#\/schema\/logo\/image\/\"}}]}<\/script>\n<!-- \/ Yoast SEO plugin. -->","yoast_head_json":{"title":"Aubenhausen reLIVE: Creating correct contact - Aubenhausen Club","description":"Mit diesem Online-Ticket erh\u00e4ltst du Zugang zum Exklusiv-Video mit den Highlights unserer Aubenhausen LIVE Events im November 2021.","robots":{"index":"noindex","follow":"nofollow"},"og_locale":"en_US","og_type":"article","og_title":"Aubenhausen reLIVE: Creating correct contact - Aubenhausen Club","og_description":"Mit diesem Online-Ticket erh\u00e4ltst du Zugang zum Exklusiv-Video mit den Highlights unserer Aubenhausen LIVE Events im November 2021.","og_url":"https:\/\/www.aubenhausen-club.de\/en\/shop\/tickets-en\/aubenhausen-relive-correct-contact\/","og_site_name":"Aubenhausen Club","article_modified_time":"2022-11-16T12:43:26+00:00","og_image":[{"width":1200,"height":1200,"url":"https:\/\/www.aubenhausen-club.de\/wp-content\/uploads\/2022\/09\/01_reLIVE_DE_EN.jpg","type":"image\/jpeg"}],"twitter_card":"summary_large_image","twitter_misc":{"Est. reading time":"2 minutes"},"schema":{"@context":"https:\/\/schema.org","@graph":[{"@type":"WebPage","@id":"https:\/\/www.aubenhausen-club.de\/en\/shop\/tickets-en\/aubenhausen-relive-correct-contact\/","url":"https:\/\/www.aubenhausen-club.de\/en\/shop\/tickets-en\/aubenhausen-relive-correct-contact\/","name":"Aubenhausen reLIVE: Creating correct contact - Aubenhausen Club","isPartOf":{"@id":"https:\/\/www.aubenhausen-club.de\/#website"},"primaryImageOfPage":{"@id":"https:\/\/www.aubenhausen-club.de\/en\/shop\/tickets-en\/aubenhausen-relive-correct-contact\/#primaryimage"},"image":{"@id":"https:\/\/www.aubenhausen-club.de\/en\/shop\/tickets-en\/aubenhausen-relive-correct-contact\/#primaryimage"},"thumbnailUrl":"https:\/\/www.aubenhausen-club.de\/wp-content\/uploads\/2022\/09\/01_reLIVE_DE_EN.jpg","datePublished":"2022-09-05T09:44:47+00:00","dateModified":"2022-11-16T12:43:26+00:00","description":"Mit diesem Online-Ticket erh\u00e4ltst du Zugang zum Exklusiv-Video mit den Highlights unserer Aubenhausen LIVE Events im November 2021.","breadcrumb":{"@id":"https:\/\/www.aubenhausen-club.de\/en\/shop\/tickets-en\/aubenhausen-relive-correct-contact\/#breadcrumb"},"inLanguage":"en-US","potentialAction":[{"@type":"ReadAction","target":["https:\/\/www.aubenhausen-club.de\/en\/shop\/tickets-en\/aubenhausen-relive-correct-contact\/"]}]},{"@type":"ImageObject","inLanguage":"en-US","@id":"https:\/\/www.aubenhausen-club.de\/en\/shop\/tickets-en\/aubenhausen-relive-correct-contact\/#primaryimage","url":"https:\/\/www.aubenhausen-club.de\/wp-content\/uploads\/2022\/09\/01_reLIVE_DE_EN.jpg","contentUrl":"https:\/\/www.aubenhausen-club.de\/wp-content\/uploads\/2022\/09\/01_reLIVE_DE_EN.jpg","width":1200,"height":1200},{"@type":"BreadcrumbList","@id":"https:\/\/www.aubenhausen-club.de\/en\/shop\/tickets-en\/aubenhausen-relive-correct-contact\/#breadcrumb","itemListElement":[{"@type":"ListItem","position":1,"name":"Shop","item":"https:\/\/www.aubenhausen-club.de\/en\/shop\/"},{"@type":"ListItem","position":2,"name":"Aubenhausen reLIVE: Creating correct contact"}]},{"@type":"WebSite","@id":"https:\/\/www.aubenhausen-club.de\/#website","url":"https:\/\/www.aubenhausen-club.de\/","name":"Aubenhausen Club","description":"K\u00f6rperliche Fitness und mentale St\u00e4rke f\u00fcr Dressurreiter","publisher":{"@id":"https:\/\/www.aubenhausen-club.de\/#organization"},"potentialAction":[{"@type":"SearchAction","target":{"@type":"EntryPoint","urlTemplate":"https:\/\/www.aubenhausen-club.de\/?s={search_term_string}"},"query-input":{"@type":"PropertyValueSpecification","valueRequired":true,"valueName":"search_term_string"}}],"inLanguage":"en-US"},{"@type":"Organization","@id":"https:\/\/www.aubenhausen-club.de\/#organization","name":"Aubenhausen Club","url":"https:\/\/www.aubenhausen-club.de\/","logo":{"@type":"ImageObject","inLanguage":"en-US","@id":"https:\/\/www.aubenhausen-club.de\/#\/schema\/logo\/image\/","url":"https:\/\/www.aubenhausen-club.de\/wp-content\/uploads\/2020\/12\/AubenhausenClub-Grey.png","contentUrl":"https:\/\/www.aubenhausen-club.de\/wp-content\/uploads\/2020\/12\/AubenhausenClub-Grey.png","width":273,"height":273,"caption":"Aubenhausen Club"},"image":{"@id":"https:\/\/www.aubenhausen-club.de\/#\/schema\/logo\/image\/"}}]}},"_links":{"self":[{"href":"https:\/\/www.aubenhausen-club.de\/en\/wp-json\/wp\/v2\/product\/163521"}],"collection":[{"href":"https:\/\/www.aubenhausen-club.de\/en\/wp-json\/wp\/v2\/product"}],"about":[{"href":"https:\/\/www.aubenhausen-club.de\/en\/wp-json\/wp\/v2\/types\/product"}],"author":[{"embeddable":true,"href":"https:\/\/www.aubenhausen-club.de\/en\/wp-json\/wp\/v2\/users\/1"}],"wp:featuredmedia":[{"embeddable":true,"href":"https:\/\/www.aubenhausen-club.de\/en\/wp-json\/wp\/v2\/media\/166453"}],"wp:attachment":[{"href":"https:\/\/www.aubenhausen-club.de\/en\/wp-json\/wp\/v2\/media?parent=163521"}],"wp:term":[{"taxonomy":"product_brand","embeddable":true,"href":"https:\/\/www.aubenhausen-club.de\/en\/wp-json\/wp\/v2\/product_brand?post=163521"},{"taxonomy":"product_cat","embeddable":true,"href":"https:\/\/www.aubenhausen-club.de\/en\/wp-json\/wp\/v2\/product_cat?post=163521"},{"taxonomy":"product_tag","embeddable":true,"href":"https:\/\/www.aubenhausen-club.de\/en\/wp-json\/wp\/v2\/product_tag?post=163521"}],"curies":[{"name":"wp","href":"https:\/\/api.w.org\/{rel}","templated":true}]}}