{"id":165032,"date":"2022-09-15T16:29:43","date_gmt":"2022-09-15T14:29:44","guid":{"rendered":"https:\/\/www.aubenhausen-club.de\/?post_type=product&#038;p=165032"},"modified":"2022-10-24T09:51:45","modified_gmt":"2022-10-24T07:51:45","slug":"ticket-aubenhausen-live-18th-october-2022","status":"publish","type":"product","link":"https:\/\/www.aubenhausen-club.de\/en\/shop\/tickets-en\/ticket-aubenhausen-live-18th-october-2022\/","title":{"rendered":"Ticket Aubenhausen LIVE 18th October 2022"},"content":{"rendered":"<h3>Special Topic: Creating correct contact &#8211; a sophisticated connection between horse &amp; rider<\/h3>\n<p>The event will be held in German. However, we will record the event and translate the video into English afterwards. So if you wish to watch the event highlights in English, you can purchase the online video here: <a href=\"https:\/\/www.aubenhausen-club.de\/en\/shop\/tickets-en\/aubenhausen-relive-sep-22\/\">Aubenhausen reLIVE English<\/a><\/p>\n<p>This LIVE Event is all about how to create a good contact. It&#8217;s a dynamic process and will look different depending on the level of training of your horse. Also, the contact will be different at the beginning of a training session while warming up as opposed to the contact during collected work. We\u2019ll share our training philosophy as we demonstrate our work with horses of different ages and training levels: From youngster to Grand Prix horse, from stretching forward to elevated self-carriage.<\/p>\n<p>You\u2019ll also gain insights into our holistic barn management ideas and everything else that helps us develop our horses into happy athletes. Ask us questions and personally meet our team. We\u2019re excited to meet you!<\/p>\n<h3>Special Guest: Bit expert Heiko Schmidt-Sentek<\/h3>\n<p>Every horse and every horse&#8217;s mouth is different. To make sure your horse trusts the bit and the rider&#8217;s hand, well-fitted equipment is important. Bit expert Heiko Schmidt-Sentek regularly checks our horses, to fit the optimal bit for each horse. Learn how to check your own equipment to make sure the bit you use is well suited to your horse&#8217;s mouth and your current training goals.<\/p>\n","protected":false},"excerpt":{"rendered":"<p>During this LIVE event, we&#8217;ll focus on: <strong>How to create a good contact &#8211; a sophisticated connection between horse &amp; rider.<\/strong><br \/>\nSpecial guest: Bit Expert Heiko Schmidt-Sentek.<\/p>\n","protected":false},"author":1,"featured_media":165015,"template":"","meta":{"_acf_changed":false},"product_brand":[],"product_cat":[355],"product_tag":[],"class_list":{"0":"post-165032","1":"product","2":"type-product","3":"status-publish","4":"has-post-thumbnail","6":"product_cat-tickets-en","7":"entry","8":"has-media","10":"first","11":"outofstock","12":"taxable","13":"shipping-taxable","14":"product-type-variable"},"bundled_by":[],"bundle_stock_status":"outofstock","bundle_stock_quantity":0,"bundle_virtual":false,"bundle_layout":"","bundle_add_to_cart_form_location":"","bundle_editable_in_cart":false,"bundle_sold_individually_context":"","bundle_item_grouping":"","bundle_min_size":"","bundle_max_size":"","bundle_price":[],"bundled_items":[],"bundle_sell_ids":[],"group_of_quantity":0,"min_quantity":0,"max_quantity":"","exclude_order_quantity_value_rules":"no","exclude_category_quantity_rules":"no","combine_variations":"no","acf":[],"yoast_head":"<!-- This site is optimized with the Yoast SEO plugin v25.4 - https:\/\/yoast.com\/wordpress\/plugins\/seo\/ -->\n<title>Ticket Aubenhausen LIVE 18th October 2022 - Aubenhausen Club<\/title>\n<meta name=\"description\" content=\"Bei Aubenhausen LIVE zeigen wir dir, wie wir mit unseren Pferden in Aubenhausen leben und trainieren und nehmen dich mit hinter die Kulissen.\" \/>\n<meta name=\"robots\" content=\"noindex, nofollow\" \/>\n<meta property=\"og:locale\" content=\"en_US\" \/>\n<meta property=\"og:type\" content=\"article\" \/>\n<meta property=\"og:title\" content=\"Ticket Aubenhausen LIVE 18th October 2022 - Aubenhausen Club\" \/>\n<meta property=\"og:description\" content=\"Bei Aubenhausen LIVE zeigen wir dir, wie wir mit unseren Pferden in Aubenhausen leben und trainieren und nehmen dich mit hinter die Kulissen.\" \/>\n<meta property=\"og:url\" content=\"https:\/\/www.aubenhausen-club.de\/en\/shop\/tickets-en\/ticket-aubenhausen-live-18th-october-2022\/\" \/>\n<meta property=\"og:site_name\" content=\"Aubenhausen Club\" \/>\n<meta property=\"article:modified_time\" content=\"2022-10-24T07:51:45+00:00\" \/>\n<meta property=\"og:image\" content=\"https:\/\/www.aubenhausen-club.de\/wp-content\/uploads\/2022\/09\/01_1810_Ticket_EN.jpg\" \/>\n\t<meta property=\"og:image:width\" content=\"1200\" \/>\n\t<meta property=\"og:image:height\" content=\"1200\" \/>\n\t<meta property=\"og:image:type\" content=\"image\/jpeg\" \/>\n<meta name=\"twitter:card\" content=\"summary_large_image\" \/>\n<meta name=\"twitter:label1\" content=\"Est. reading time\" \/>\n\t<meta name=\"twitter:data1\" content=\"3 minutes\" \/>\n<script type=\"application\/ld+json\" class=\"yoast-schema-graph\">{\"@context\":\"https:\/\/schema.org\",\"@graph\":[{\"@type\":\"WebPage\",\"@id\":\"https:\/\/www.aubenhausen-club.de\/en\/shop\/tickets-en\/ticket-aubenhausen-live-18th-october-2022\/\",\"url\":\"https:\/\/www.aubenhausen-club.de\/en\/shop\/tickets-en\/ticket-aubenhausen-live-18th-october-2022\/\",\"name\":\"Ticket Aubenhausen LIVE 18th October 2022 - Aubenhausen Club\",\"isPartOf\":{\"@id\":\"https:\/\/www.aubenhausen-club.de\/#website\"},\"primaryImageOfPage\":{\"@id\":\"https:\/\/www.aubenhausen-club.de\/en\/shop\/tickets-en\/ticket-aubenhausen-live-18th-october-2022\/#primaryimage\"},\"image\":{\"@id\":\"https:\/\/www.aubenhausen-club.de\/en\/shop\/tickets-en\/ticket-aubenhausen-live-18th-october-2022\/#primaryimage\"},\"thumbnailUrl\":\"https:\/\/www.aubenhausen-club.de\/wp-content\/uploads\/2022\/09\/01_1810_Ticket_EN.jpg\",\"datePublished\":\"2022-09-15T14:29:44+00:00\",\"dateModified\":\"2022-10-24T07:51:45+00:00\",\"description\":\"Bei Aubenhausen LIVE zeigen wir dir, wie wir mit unseren Pferden in Aubenhausen leben und trainieren und nehmen dich mit hinter die Kulissen.\",\"breadcrumb\":{\"@id\":\"https:\/\/www.aubenhausen-club.de\/en\/shop\/tickets-en\/ticket-aubenhausen-live-18th-october-2022\/#breadcrumb\"},\"inLanguage\":\"en-US\",\"potentialAction\":[{\"@type\":\"ReadAction\",\"target\":[\"https:\/\/www.aubenhausen-club.de\/en\/shop\/tickets-en\/ticket-aubenhausen-live-18th-october-2022\/\"]}]},{\"@type\":\"ImageObject\",\"inLanguage\":\"en-US\",\"@id\":\"https:\/\/www.aubenhausen-club.de\/en\/shop\/tickets-en\/ticket-aubenhausen-live-18th-october-2022\/#primaryimage\",\"url\":\"https:\/\/www.aubenhausen-club.de\/wp-content\/uploads\/2022\/09\/01_1810_Ticket_EN.jpg\",\"contentUrl\":\"https:\/\/www.aubenhausen-club.de\/wp-content\/uploads\/2022\/09\/01_1810_Ticket_EN.jpg\",\"width\":1200,\"height\":1200},{\"@type\":\"BreadcrumbList\",\"@id\":\"https:\/\/www.aubenhausen-club.de\/en\/shop\/tickets-en\/ticket-aubenhausen-live-18th-october-2022\/#breadcrumb\",\"itemListElement\":[{\"@type\":\"ListItem\",\"position\":1,\"name\":\"Shop\",\"item\":\"https:\/\/www.aubenhausen-club.de\/en\/shop\/\"},{\"@type\":\"ListItem\",\"position\":2,\"name\":\"Ticket Aubenhausen LIVE 18th October 2022\"}]},{\"@type\":\"WebSite\",\"@id\":\"https:\/\/www.aubenhausen-club.de\/#website\",\"url\":\"https:\/\/www.aubenhausen-club.de\/\",\"name\":\"Aubenhausen Club\",\"description\":\"K\u00f6rperliche Fitness und mentale St\u00e4rke f\u00fcr Dressurreiter\",\"publisher\":{\"@id\":\"https:\/\/www.aubenhausen-club.de\/#organization\"},\"potentialAction\":[{\"@type\":\"SearchAction\",\"target\":{\"@type\":\"EntryPoint\",\"urlTemplate\":\"https:\/\/www.aubenhausen-club.de\/?s={search_term_string}\"},\"query-input\":{\"@type\":\"PropertyValueSpecification\",\"valueRequired\":true,\"valueName\":\"search_term_string\"}}],\"inLanguage\":\"en-US\"},{\"@type\":\"Organization\",\"@id\":\"https:\/\/www.aubenhausen-club.de\/#organization\",\"name\":\"Aubenhausen Club\",\"url\":\"https:\/\/www.aubenhausen-club.de\/\",\"logo\":{\"@type\":\"ImageObject\",\"inLanguage\":\"en-US\",\"@id\":\"https:\/\/www.aubenhausen-club.de\/#\/schema\/logo\/image\/\",\"url\":\"https:\/\/www.aubenhausen-club.de\/wp-content\/uploads\/2020\/12\/AubenhausenClub-Grey.png\",\"contentUrl\":\"https:\/\/www.aubenhausen-club.de\/wp-content\/uploads\/2020\/12\/AubenhausenClub-Grey.png\",\"width\":273,\"height\":273,\"caption\":\"Aubenhausen Club\"},\"image\":{\"@id\":\"https:\/\/www.aubenhausen-club.de\/#\/schema\/logo\/image\/\"}}]}<\/script>\n<!-- \/ Yoast SEO plugin. -->","yoast_head_json":{"title":"Ticket Aubenhausen LIVE 18th October 2022 - Aubenhausen Club","description":"Bei Aubenhausen LIVE zeigen wir dir, wie wir mit unseren Pferden in Aubenhausen leben und trainieren und nehmen dich mit hinter die Kulissen.","robots":{"index":"noindex","follow":"nofollow"},"og_locale":"en_US","og_type":"article","og_title":"Ticket Aubenhausen LIVE 18th October 2022 - Aubenhausen Club","og_description":"Bei Aubenhausen LIVE zeigen wir dir, wie wir mit unseren Pferden in Aubenhausen leben und trainieren und nehmen dich mit hinter die Kulissen.","og_url":"https:\/\/www.aubenhausen-club.de\/en\/shop\/tickets-en\/ticket-aubenhausen-live-18th-october-2022\/","og_site_name":"Aubenhausen Club","article_modified_time":"2022-10-24T07:51:45+00:00","og_image":[{"width":1200,"height":1200,"url":"https:\/\/www.aubenhausen-club.de\/wp-content\/uploads\/2022\/09\/01_1810_Ticket_EN.jpg","type":"image\/jpeg"}],"twitter_card":"summary_large_image","twitter_misc":{"Est. reading time":"3 minutes"},"schema":{"@context":"https:\/\/schema.org","@graph":[{"@type":"WebPage","@id":"https:\/\/www.aubenhausen-club.de\/en\/shop\/tickets-en\/ticket-aubenhausen-live-18th-october-2022\/","url":"https:\/\/www.aubenhausen-club.de\/en\/shop\/tickets-en\/ticket-aubenhausen-live-18th-october-2022\/","name":"Ticket Aubenhausen LIVE 18th October 2022 - Aubenhausen Club","isPartOf":{"@id":"https:\/\/www.aubenhausen-club.de\/#website"},"primaryImageOfPage":{"@id":"https:\/\/www.aubenhausen-club.de\/en\/shop\/tickets-en\/ticket-aubenhausen-live-18th-october-2022\/#primaryimage"},"image":{"@id":"https:\/\/www.aubenhausen-club.de\/en\/shop\/tickets-en\/ticket-aubenhausen-live-18th-october-2022\/#primaryimage"},"thumbnailUrl":"https:\/\/www.aubenhausen-club.de\/wp-content\/uploads\/2022\/09\/01_1810_Ticket_EN.jpg","datePublished":"2022-09-15T14:29:44+00:00","dateModified":"2022-10-24T07:51:45+00:00","description":"Bei Aubenhausen LIVE zeigen wir dir, wie wir mit unseren Pferden in Aubenhausen leben und trainieren und nehmen dich mit hinter die Kulissen.","breadcrumb":{"@id":"https:\/\/www.aubenhausen-club.de\/en\/shop\/tickets-en\/ticket-aubenhausen-live-18th-october-2022\/#breadcrumb"},"inLanguage":"en-US","potentialAction":[{"@type":"ReadAction","target":["https:\/\/www.aubenhausen-club.de\/en\/shop\/tickets-en\/ticket-aubenhausen-live-18th-october-2022\/"]}]},{"@type":"ImageObject","inLanguage":"en-US","@id":"https:\/\/www.aubenhausen-club.de\/en\/shop\/tickets-en\/ticket-aubenhausen-live-18th-october-2022\/#primaryimage","url":"https:\/\/www.aubenhausen-club.de\/wp-content\/uploads\/2022\/09\/01_1810_Ticket_EN.jpg","contentUrl":"https:\/\/www.aubenhausen-club.de\/wp-content\/uploads\/2022\/09\/01_1810_Ticket_EN.jpg","width":1200,"height":1200},{"@type":"BreadcrumbList","@id":"https:\/\/www.aubenhausen-club.de\/en\/shop\/tickets-en\/ticket-aubenhausen-live-18th-october-2022\/#breadcrumb","itemListElement":[{"@type":"ListItem","position":1,"name":"Shop","item":"https:\/\/www.aubenhausen-club.de\/en\/shop\/"},{"@type":"ListItem","position":2,"name":"Ticket Aubenhausen LIVE 18th October 2022"}]},{"@type":"WebSite","@id":"https:\/\/www.aubenhausen-club.de\/#website","url":"https:\/\/www.aubenhausen-club.de\/","name":"Aubenhausen Club","description":"K\u00f6rperliche Fitness und mentale St\u00e4rke f\u00fcr Dressurreiter","publisher":{"@id":"https:\/\/www.aubenhausen-club.de\/#organization"},"potentialAction":[{"@type":"SearchAction","target":{"@type":"EntryPoint","urlTemplate":"https:\/\/www.aubenhausen-club.de\/?s={search_term_string}"},"query-input":{"@type":"PropertyValueSpecification","valueRequired":true,"valueName":"search_term_string"}}],"inLanguage":"en-US"},{"@type":"Organization","@id":"https:\/\/www.aubenhausen-club.de\/#organization","name":"Aubenhausen Club","url":"https:\/\/www.aubenhausen-club.de\/","logo":{"@type":"ImageObject","inLanguage":"en-US","@id":"https:\/\/www.aubenhausen-club.de\/#\/schema\/logo\/image\/","url":"https:\/\/www.aubenhausen-club.de\/wp-content\/uploads\/2020\/12\/AubenhausenClub-Grey.png","contentUrl":"https:\/\/www.aubenhausen-club.de\/wp-content\/uploads\/2020\/12\/AubenhausenClub-Grey.png","width":273,"height":273,"caption":"Aubenhausen Club"},"image":{"@id":"https:\/\/www.aubenhausen-club.de\/#\/schema\/logo\/image\/"}}]}},"_links":{"self":[{"href":"https:\/\/www.aubenhausen-club.de\/en\/wp-json\/wp\/v2\/product\/165032"}],"collection":[{"href":"https:\/\/www.aubenhausen-club.de\/en\/wp-json\/wp\/v2\/product"}],"about":[{"href":"https:\/\/www.aubenhausen-club.de\/en\/wp-json\/wp\/v2\/types\/product"}],"author":[{"embeddable":true,"href":"https:\/\/www.aubenhausen-club.de\/en\/wp-json\/wp\/v2\/users\/1"}],"wp:featuredmedia":[{"embeddable":true,"href":"https:\/\/www.aubenhausen-club.de\/en\/wp-json\/wp\/v2\/media\/165015"}],"wp:attachment":[{"href":"https:\/\/www.aubenhausen-club.de\/en\/wp-json\/wp\/v2\/media?parent=165032"}],"wp:term":[{"taxonomy":"product_brand","embeddable":true,"href":"https:\/\/www.aubenhausen-club.de\/en\/wp-json\/wp\/v2\/product_brand?post=165032"},{"taxonomy":"product_cat","embeddable":true,"href":"https:\/\/www.aubenhausen-club.de\/en\/wp-json\/wp\/v2\/product_cat?post=165032"},{"taxonomy":"product_tag","embeddable":true,"href":"https:\/\/www.aubenhausen-club.de\/en\/wp-json\/wp\/v2\/product_tag?post=165032"}],"curies":[{"name":"wp","href":"https:\/\/api.w.org\/{rel}","templated":true}]}}