{"id":184237,"date":"2022-06-24T15:09:40","date_gmt":"2022-12-18T10:12:29","guid":{"rendered":"https:\/\/www.aubenhausen-club.de\/?post_type=product&#038;p=184237"},"modified":"2024-11-23T18:02:57","modified_gmt":"2024-11-23T17:02:57","slug":"sweat-jacket-unisex","status":"publish","type":"product","link":"https:\/\/www.aubenhausen-club.de\/en\/shop\/for-riders\/sweat-jacket-unisex\/","title":{"rendered":"Sweat Jacket Unisex"},"content":{"rendered":"<p>This sweat jacket with zipper and drawstring hood has the inscription &#8220;FOR HORSE LOVERS&#8221; on the sleeve. The lettering is in the same color so it stands out discreetly and is also haptically noticeable in its 3D print.<\/p>\n<p>The sweat jacket is a &#8220;regular fit&#8221; cut and goes with many casual outfits of your choice. The cotton jacket is equipped with a hood and drawstring, as well as a ribbed hem on the sleeves and waistband.<\/p>\n<p>A special bonus: the divided kangaroo pockets have zippers to protect your cell phone, cash or keys. The left chest features our Aubenhausen logo in bright, cheerful colors. The sweat jacket is available in grey melange and blue.<\/p>\n","protected":false},"excerpt":{"rendered":"<p>The comfortable hooded sweat jacket with pockets made out of organic cotton is a real all-rounder for every equestrian.<\/p>\n","protected":false},"author":5225,"featured_media":149073,"template":"","meta":{"_acf_changed":false},"product_brand":[],"product_cat":[401,453],"product_tag":[607,693],"class_list":{"0":"post-184237","1":"product","2":"type-product","3":"status-publish","4":"has-post-thumbnail","6":"product_cat-for-riders","7":"product_cat-gifts","8":"product_tag-academy-en","9":"product_tag-kollektion-en","10":"product_shipping_class-shipping-class-a","11":"entry","12":"has-media","14":"first","15":"instock","16":"taxable","17":"shipping-taxable","18":"purchasable","19":"product-type-variable"},"bundled_by":[],"bundle_stock_status":"instock","bundle_stock_quantity":null,"bundle_virtual":false,"bundle_layout":"","bundle_add_to_cart_form_location":"","bundle_editable_in_cart":false,"bundle_sold_individually_context":"","bundle_item_grouping":"","bundle_min_size":"","bundle_max_size":"","bundle_price":[],"bundled_items":[],"bundle_sell_ids":[],"group_of_quantity":0,"min_quantity":0,"max_quantity":"","exclude_order_quantity_value_rules":"no","exclude_category_quantity_rules":"no","combine_variations":"no","acf":[],"yoast_head":"<!-- This site is optimized with the Yoast SEO plugin v25.4 - https:\/\/yoast.com\/wordpress\/plugins\/seo\/ -->\n<title>Sweat Jacket Unisex - Aubenhausen Club<\/title>\n<meta name=\"description\" content=\"The comfortable hooded sweat jacket with pockets made from organic cotton is one of our team&#039;s favourite and a real all-rounder for every equestrian.\" \/>\n<meta name=\"robots\" content=\"index, follow, max-snippet:-1, max-image-preview:large, max-video-preview:-1\" \/>\n<link rel=\"canonical\" href=\"https:\/\/www.aubenhausen-club.de\/en\/shop\/for-riders\/sweat-jacket-unisex\/\" \/>\n<meta property=\"og:locale\" content=\"en_US\" \/>\n<meta property=\"og:type\" content=\"article\" \/>\n<meta property=\"og:title\" content=\"Sweat Jacket Unisex - Aubenhausen Club\" \/>\n<meta property=\"og:description\" content=\"The comfortable hooded sweat jacket with pockets made from organic cotton is one of our team&#039;s favourite and a real all-rounder for every equestrian.\" \/>\n<meta property=\"og:url\" content=\"https:\/\/www.aubenhausen-club.de\/en\/shop\/for-riders\/sweat-jacket-unisex\/\" \/>\n<meta property=\"og:site_name\" content=\"Aubenhausen Club\" \/>\n<meta property=\"article:modified_time\" content=\"2024-11-23T17:02:57+00:00\" \/>\n<meta property=\"og:image\" content=\"https:\/\/www.aubenhausen-club.de\/wp-content\/uploads\/2022\/06\/01-sweatjacke-unisex.jpeg\" \/>\n\t<meta property=\"og:image:width\" content=\"1200\" \/>\n\t<meta property=\"og:image:height\" content=\"1200\" \/>\n\t<meta property=\"og:image:type\" content=\"image\/jpeg\" \/>\n<meta name=\"twitter:card\" content=\"summary_large_image\" \/>\n<meta name=\"twitter:label1\" content=\"Est. reading time\" \/>\n\t<meta name=\"twitter:data1\" content=\"1 minute\" \/>\n<script type=\"application\/ld+json\" class=\"yoast-schema-graph\">{\"@context\":\"https:\/\/schema.org\",\"@graph\":[{\"@type\":\"WebPage\",\"@id\":\"https:\/\/www.aubenhausen-club.de\/en\/shop\/for-riders\/sweat-jacket-unisex\/\",\"url\":\"https:\/\/www.aubenhausen-club.de\/en\/shop\/for-riders\/sweat-jacket-unisex\/\",\"name\":\"Sweat Jacket Unisex - Aubenhausen Club\",\"isPartOf\":{\"@id\":\"https:\/\/www.aubenhausen-club.de\/#website\"},\"primaryImageOfPage\":{\"@id\":\"https:\/\/www.aubenhausen-club.de\/en\/shop\/for-riders\/sweat-jacket-unisex\/#primaryimage\"},\"image\":{\"@id\":\"https:\/\/www.aubenhausen-club.de\/en\/shop\/for-riders\/sweat-jacket-unisex\/#primaryimage\"},\"thumbnailUrl\":\"https:\/\/www.aubenhausen-club.de\/wp-content\/uploads\/2022\/06\/01-sweatjacke-unisex.jpeg\",\"datePublished\":\"2022-12-18T10:12:29+00:00\",\"dateModified\":\"2024-11-23T17:02:57+00:00\",\"description\":\"The comfortable hooded sweat jacket with pockets made from organic cotton is one of our team's favourite and a real all-rounder for every equestrian.\",\"breadcrumb\":{\"@id\":\"https:\/\/www.aubenhausen-club.de\/en\/shop\/for-riders\/sweat-jacket-unisex\/#breadcrumb\"},\"inLanguage\":\"en-US\",\"potentialAction\":[{\"@type\":\"ReadAction\",\"target\":[\"https:\/\/www.aubenhausen-club.de\/en\/shop\/for-riders\/sweat-jacket-unisex\/\"]}]},{\"@type\":\"ImageObject\",\"inLanguage\":\"en-US\",\"@id\":\"https:\/\/www.aubenhausen-club.de\/en\/shop\/for-riders\/sweat-jacket-unisex\/#primaryimage\",\"url\":\"https:\/\/www.aubenhausen-club.de\/wp-content\/uploads\/2022\/06\/01-sweatjacke-unisex.jpeg\",\"contentUrl\":\"https:\/\/www.aubenhausen-club.de\/wp-content\/uploads\/2022\/06\/01-sweatjacke-unisex.jpeg\",\"width\":1200,\"height\":1200,\"caption\":\"Aubenhausen Sweatjacke Unisex\"},{\"@type\":\"BreadcrumbList\",\"@id\":\"https:\/\/www.aubenhausen-club.de\/en\/shop\/for-riders\/sweat-jacket-unisex\/#breadcrumb\",\"itemListElement\":[{\"@type\":\"ListItem\",\"position\":1,\"name\":\"Shop\",\"item\":\"https:\/\/www.aubenhausen-club.de\/en\/shop\/\"},{\"@type\":\"ListItem\",\"position\":2,\"name\":\"Sweat Jacket Unisex\"}]},{\"@type\":\"WebSite\",\"@id\":\"https:\/\/www.aubenhausen-club.de\/#website\",\"url\":\"https:\/\/www.aubenhausen-club.de\/\",\"name\":\"Aubenhausen Club\",\"description\":\"K\u00f6rperliche Fitness und mentale St\u00e4rke f\u00fcr Dressurreiter\",\"publisher\":{\"@id\":\"https:\/\/www.aubenhausen-club.de\/#organization\"},\"potentialAction\":[{\"@type\":\"SearchAction\",\"target\":{\"@type\":\"EntryPoint\",\"urlTemplate\":\"https:\/\/www.aubenhausen-club.de\/?s={search_term_string}\"},\"query-input\":{\"@type\":\"PropertyValueSpecification\",\"valueRequired\":true,\"valueName\":\"search_term_string\"}}],\"inLanguage\":\"en-US\"},{\"@type\":\"Organization\",\"@id\":\"https:\/\/www.aubenhausen-club.de\/#organization\",\"name\":\"Aubenhausen Club\",\"url\":\"https:\/\/www.aubenhausen-club.de\/\",\"logo\":{\"@type\":\"ImageObject\",\"inLanguage\":\"en-US\",\"@id\":\"https:\/\/www.aubenhausen-club.de\/#\/schema\/logo\/image\/\",\"url\":\"https:\/\/www.aubenhausen-club.de\/wp-content\/uploads\/2020\/12\/AubenhausenClub-Grey.png\",\"contentUrl\":\"https:\/\/www.aubenhausen-club.de\/wp-content\/uploads\/2020\/12\/AubenhausenClub-Grey.png\",\"width\":273,\"height\":273,\"caption\":\"Aubenhausen Club\"},\"image\":{\"@id\":\"https:\/\/www.aubenhausen-club.de\/#\/schema\/logo\/image\/\"}}]}<\/script>\n<!-- \/ Yoast SEO plugin. -->","yoast_head_json":{"title":"Sweat Jacket Unisex - Aubenhausen Club","description":"The comfortable hooded sweat jacket with pockets made from organic cotton is one of our team's favourite and a real all-rounder for every equestrian.","robots":{"index":"index","follow":"follow","max-snippet":"max-snippet:-1","max-image-preview":"max-image-preview:large","max-video-preview":"max-video-preview:-1"},"canonical":"https:\/\/www.aubenhausen-club.de\/en\/shop\/for-riders\/sweat-jacket-unisex\/","og_locale":"en_US","og_type":"article","og_title":"Sweat Jacket Unisex - Aubenhausen Club","og_description":"The comfortable hooded sweat jacket with pockets made from organic cotton is one of our team's favourite and a real all-rounder for every equestrian.","og_url":"https:\/\/www.aubenhausen-club.de\/en\/shop\/for-riders\/sweat-jacket-unisex\/","og_site_name":"Aubenhausen Club","article_modified_time":"2024-11-23T17:02:57+00:00","og_image":[{"width":1200,"height":1200,"url":"https:\/\/www.aubenhausen-club.de\/wp-content\/uploads\/2022\/06\/01-sweatjacke-unisex.jpeg","type":"image\/jpeg"}],"twitter_card":"summary_large_image","twitter_misc":{"Est. reading time":"1 minute"},"schema":{"@context":"https:\/\/schema.org","@graph":[{"@type":"WebPage","@id":"https:\/\/www.aubenhausen-club.de\/en\/shop\/for-riders\/sweat-jacket-unisex\/","url":"https:\/\/www.aubenhausen-club.de\/en\/shop\/for-riders\/sweat-jacket-unisex\/","name":"Sweat Jacket Unisex - Aubenhausen Club","isPartOf":{"@id":"https:\/\/www.aubenhausen-club.de\/#website"},"primaryImageOfPage":{"@id":"https:\/\/www.aubenhausen-club.de\/en\/shop\/for-riders\/sweat-jacket-unisex\/#primaryimage"},"image":{"@id":"https:\/\/www.aubenhausen-club.de\/en\/shop\/for-riders\/sweat-jacket-unisex\/#primaryimage"},"thumbnailUrl":"https:\/\/www.aubenhausen-club.de\/wp-content\/uploads\/2022\/06\/01-sweatjacke-unisex.jpeg","datePublished":"2022-12-18T10:12:29+00:00","dateModified":"2024-11-23T17:02:57+00:00","description":"The comfortable hooded sweat jacket with pockets made from organic cotton is one of our team's favourite and a real all-rounder for every equestrian.","breadcrumb":{"@id":"https:\/\/www.aubenhausen-club.de\/en\/shop\/for-riders\/sweat-jacket-unisex\/#breadcrumb"},"inLanguage":"en-US","potentialAction":[{"@type":"ReadAction","target":["https:\/\/www.aubenhausen-club.de\/en\/shop\/for-riders\/sweat-jacket-unisex\/"]}]},{"@type":"ImageObject","inLanguage":"en-US","@id":"https:\/\/www.aubenhausen-club.de\/en\/shop\/for-riders\/sweat-jacket-unisex\/#primaryimage","url":"https:\/\/www.aubenhausen-club.de\/wp-content\/uploads\/2022\/06\/01-sweatjacke-unisex.jpeg","contentUrl":"https:\/\/www.aubenhausen-club.de\/wp-content\/uploads\/2022\/06\/01-sweatjacke-unisex.jpeg","width":1200,"height":1200,"caption":"Aubenhausen Sweatjacke Unisex"},{"@type":"BreadcrumbList","@id":"https:\/\/www.aubenhausen-club.de\/en\/shop\/for-riders\/sweat-jacket-unisex\/#breadcrumb","itemListElement":[{"@type":"ListItem","position":1,"name":"Shop","item":"https:\/\/www.aubenhausen-club.de\/en\/shop\/"},{"@type":"ListItem","position":2,"name":"Sweat Jacket Unisex"}]},{"@type":"WebSite","@id":"https:\/\/www.aubenhausen-club.de\/#website","url":"https:\/\/www.aubenhausen-club.de\/","name":"Aubenhausen Club","description":"K\u00f6rperliche Fitness und mentale St\u00e4rke f\u00fcr Dressurreiter","publisher":{"@id":"https:\/\/www.aubenhausen-club.de\/#organization"},"potentialAction":[{"@type":"SearchAction","target":{"@type":"EntryPoint","urlTemplate":"https:\/\/www.aubenhausen-club.de\/?s={search_term_string}"},"query-input":{"@type":"PropertyValueSpecification","valueRequired":true,"valueName":"search_term_string"}}],"inLanguage":"en-US"},{"@type":"Organization","@id":"https:\/\/www.aubenhausen-club.de\/#organization","name":"Aubenhausen Club","url":"https:\/\/www.aubenhausen-club.de\/","logo":{"@type":"ImageObject","inLanguage":"en-US","@id":"https:\/\/www.aubenhausen-club.de\/#\/schema\/logo\/image\/","url":"https:\/\/www.aubenhausen-club.de\/wp-content\/uploads\/2020\/12\/AubenhausenClub-Grey.png","contentUrl":"https:\/\/www.aubenhausen-club.de\/wp-content\/uploads\/2020\/12\/AubenhausenClub-Grey.png","width":273,"height":273,"caption":"Aubenhausen Club"},"image":{"@id":"https:\/\/www.aubenhausen-club.de\/#\/schema\/logo\/image\/"}}]}},"_links":{"self":[{"href":"https:\/\/www.aubenhausen-club.de\/en\/wp-json\/wp\/v2\/product\/184237"}],"collection":[{"href":"https:\/\/www.aubenhausen-club.de\/en\/wp-json\/wp\/v2\/product"}],"about":[{"href":"https:\/\/www.aubenhausen-club.de\/en\/wp-json\/wp\/v2\/types\/product"}],"author":[{"embeddable":true,"href":"https:\/\/www.aubenhausen-club.de\/en\/wp-json\/wp\/v2\/users\/5225"}],"wp:featuredmedia":[{"embeddable":true,"href":"https:\/\/www.aubenhausen-club.de\/en\/wp-json\/wp\/v2\/media\/149073"}],"wp:attachment":[{"href":"https:\/\/www.aubenhausen-club.de\/en\/wp-json\/wp\/v2\/media?parent=184237"}],"wp:term":[{"taxonomy":"product_brand","embeddable":true,"href":"https:\/\/www.aubenhausen-club.de\/en\/wp-json\/wp\/v2\/product_brand?post=184237"},{"taxonomy":"product_cat","embeddable":true,"href":"https:\/\/www.aubenhausen-club.de\/en\/wp-json\/wp\/v2\/product_cat?post=184237"},{"taxonomy":"product_tag","embeddable":true,"href":"https:\/\/www.aubenhausen-club.de\/en\/wp-json\/wp\/v2\/product_tag?post=184237"}],"curies":[{"name":"wp","href":"https:\/\/api.w.org\/{rel}","templated":true}]}}