{"id":192833,"date":"2023-01-31T12:24:58","date_gmt":"2023-01-31T11:24:59","guid":{"rendered":"https:\/\/www.aubenhausen-club.de\/?post_type=product&#038;p=192833"},"modified":"2023-02-23T16:22:17","modified_gmt":"2023-02-23T15:22:17","slug":"ticket-aubenhausen-live-20th-march-2023","status":"publish","type":"product","link":"https:\/\/www.aubenhausen-club.de\/en\/shop\/tickets-en\/live-en\/ticket-aubenhausen-live-20th-march-2023\/","title":{"rendered":"Ticket Aubenhausen LIVE 20th March 2023"},"content":{"rendered":"<h3>Special Topics: Flying Changes &amp; Equine Muscle Developement<\/h3>\n<p>The LIVE event will be held in German. However, we will record the event and translate the video into English afterwards. So if you wish to watch the event highlights in English, you can purchase the online video here: <a href=\"https:\/\/www.aubenhausen-club.de\/en\/shop\/tickets-en\/live-en\/aubenhausen-relive-canter-change\/\">Aubenhausen reLIVE English<\/a><\/p>\n<p>The training topic of this Aubenhausen LIVE event is flying changes. Changes should be supple, straight, and uphill. They should happen with ease from nearly invisible aids. With different horses of various ages, we will show you how we playfully prepare the first flying changes and how we continue to refine this movement throughout the course of the training: from youngster to Grand Prix horse, from the first green change to confirmed tempis.<\/p>\n<p>You\u2019ll also gain insights into our holistic barn management ideas and everything else that helps us develop our horses into happy athletes. Ask us questions and personally meet our team. We\u2019re excited to meet you!<\/p>\n<h3>Special Guest Presentation by Veterinarian Celina Hofmann: Equine Muscle Development<\/h3>\n<p>Dressage riders love a nice round croup and a well-developed topline. But what\u2019s well-muscled, and what\u2019s maybe a bit too fat? What effects does the body condition of your horse have on his rideability and performance under saddle? Celina Hofmann is an experienced veterinarian who specializes in animal nutrition. She is also a member of our partner Agrobs\u2019 team of experts.<\/p>\n","protected":false},"excerpt":{"rendered":"<p>The training topic of this LIVE event is flying changes. In addition, we look forward to a presentation by Veterinarian Celina Hofmann on Feeding &amp; Equine Muscle Development.<\/p>\n<p><strong>Special price: Club Members automatically get 10% discount on the ticket price!<\/strong><\/p>\n","protected":false},"author":1,"featured_media":197883,"template":"","meta":{"_acf_changed":false},"product_brand":[],"product_cat":[636,355],"product_tag":[607],"class_list":{"0":"post-192833","1":"product","2":"type-product","3":"status-publish","4":"has-post-thumbnail","6":"product_cat-live-en","7":"product_cat-tickets-en","8":"product_tag-academy-en","9":"entry","10":"has-media","12":"first","13":"outofstock","14":"taxable","15":"shipping-taxable","16":"product-type-variable"},"bundled_by":[],"bundle_stock_status":"outofstock","bundle_stock_quantity":0,"bundle_virtual":false,"bundle_layout":"","bundle_add_to_cart_form_location":"","bundle_editable_in_cart":false,"bundle_sold_individually_context":"","bundle_item_grouping":"","bundle_min_size":"","bundle_max_size":"","bundle_price":[],"bundled_items":[],"bundle_sell_ids":[],"group_of_quantity":0,"min_quantity":0,"max_quantity":"","exclude_order_quantity_value_rules":"no","exclude_category_quantity_rules":"no","combine_variations":"no","acf":[],"yoast_head":"<!-- This site is optimized with the Yoast SEO plugin v25.4 - https:\/\/yoast.com\/wordpress\/plugins\/seo\/ -->\n<title>Ticket Aubenhausen LIVE 20th March 2023 - Aubenhausen Club<\/title>\n<meta name=\"description\" content=\"Bei Aubenhausen LIVE zeigen wir dir, wie wir mit unseren Pferden in Aubenhausen leben und trainieren und nehmen dich mit hinter die Kulissen.\" \/>\n<meta name=\"robots\" content=\"noindex, nofollow\" \/>\n<meta property=\"og:locale\" content=\"en_US\" \/>\n<meta property=\"og:type\" content=\"article\" \/>\n<meta property=\"og:title\" content=\"Ticket Aubenhausen LIVE 20th March 2023 - Aubenhausen Club\" \/>\n<meta property=\"og:description\" content=\"Bei Aubenhausen LIVE zeigen wir dir, wie wir mit unseren Pferden in Aubenhausen leben und trainieren und nehmen dich mit hinter die Kulissen.\" \/>\n<meta property=\"og:url\" content=\"https:\/\/www.aubenhausen-club.de\/en\/shop\/tickets-en\/live-en\/ticket-aubenhausen-live-20th-march-2023\/\" \/>\n<meta property=\"og:site_name\" content=\"Aubenhausen Club\" \/>\n<meta property=\"article:modified_time\" content=\"2023-02-23T15:22:17+00:00\" \/>\n<meta property=\"og:image\" content=\"https:\/\/www.aubenhausen-club.de\/wp-content\/uploads\/2023\/01\/01-aubi-live-tickets-20.jpg\" \/>\n\t<meta property=\"og:image:width\" content=\"1200\" \/>\n\t<meta property=\"og:image:height\" content=\"1200\" \/>\n\t<meta property=\"og:image:type\" content=\"image\/jpeg\" \/>\n<meta name=\"twitter:card\" content=\"summary_large_image\" \/>\n<meta name=\"twitter:label1\" content=\"Est. reading time\" \/>\n\t<meta name=\"twitter:data1\" content=\"2 minutes\" \/>\n<script type=\"application\/ld+json\" class=\"yoast-schema-graph\">{\"@context\":\"https:\/\/schema.org\",\"@graph\":[{\"@type\":\"WebPage\",\"@id\":\"https:\/\/www.aubenhausen-club.de\/en\/shop\/tickets-en\/live-en\/ticket-aubenhausen-live-20th-march-2023\/\",\"url\":\"https:\/\/www.aubenhausen-club.de\/en\/shop\/tickets-en\/live-en\/ticket-aubenhausen-live-20th-march-2023\/\",\"name\":\"Ticket Aubenhausen LIVE 20th March 2023 - Aubenhausen Club\",\"isPartOf\":{\"@id\":\"https:\/\/www.aubenhausen-club.de\/#website\"},\"primaryImageOfPage\":{\"@id\":\"https:\/\/www.aubenhausen-club.de\/en\/shop\/tickets-en\/live-en\/ticket-aubenhausen-live-20th-march-2023\/#primaryimage\"},\"image\":{\"@id\":\"https:\/\/www.aubenhausen-club.de\/en\/shop\/tickets-en\/live-en\/ticket-aubenhausen-live-20th-march-2023\/#primaryimage\"},\"thumbnailUrl\":\"https:\/\/www.aubenhausen-club.de\/wp-content\/uploads\/2023\/01\/01-aubi-live-tickets-20.jpg\",\"datePublished\":\"2023-01-31T11:24:59+00:00\",\"dateModified\":\"2023-02-23T15:22:17+00:00\",\"description\":\"Bei Aubenhausen LIVE zeigen wir dir, wie wir mit unseren Pferden in Aubenhausen leben und trainieren und nehmen dich mit hinter die Kulissen.\",\"breadcrumb\":{\"@id\":\"https:\/\/www.aubenhausen-club.de\/en\/shop\/tickets-en\/live-en\/ticket-aubenhausen-live-20th-march-2023\/#breadcrumb\"},\"inLanguage\":\"en-US\",\"potentialAction\":[{\"@type\":\"ReadAction\",\"target\":[\"https:\/\/www.aubenhausen-club.de\/en\/shop\/tickets-en\/live-en\/ticket-aubenhausen-live-20th-march-2023\/\"]}]},{\"@type\":\"ImageObject\",\"inLanguage\":\"en-US\",\"@id\":\"https:\/\/www.aubenhausen-club.de\/en\/shop\/tickets-en\/live-en\/ticket-aubenhausen-live-20th-march-2023\/#primaryimage\",\"url\":\"https:\/\/www.aubenhausen-club.de\/wp-content\/uploads\/2023\/01\/01-aubi-live-tickets-20.jpg\",\"contentUrl\":\"https:\/\/www.aubenhausen-club.de\/wp-content\/uploads\/2023\/01\/01-aubi-live-tickets-20.jpg\",\"width\":1200,\"height\":1200,\"caption\":\"Aubenhausen LIVE Ticket\"},{\"@type\":\"BreadcrumbList\",\"@id\":\"https:\/\/www.aubenhausen-club.de\/en\/shop\/tickets-en\/live-en\/ticket-aubenhausen-live-20th-march-2023\/#breadcrumb\",\"itemListElement\":[{\"@type\":\"ListItem\",\"position\":1,\"name\":\"Shop\",\"item\":\"https:\/\/www.aubenhausen-club.de\/en\/shop\/\"},{\"@type\":\"ListItem\",\"position\":2,\"name\":\"Ticket Aubenhausen LIVE 20th March 2023\"}]},{\"@type\":\"WebSite\",\"@id\":\"https:\/\/www.aubenhausen-club.de\/#website\",\"url\":\"https:\/\/www.aubenhausen-club.de\/\",\"name\":\"Aubenhausen Club\",\"description\":\"K\u00f6rperliche Fitness und mentale St\u00e4rke f\u00fcr Dressurreiter\",\"publisher\":{\"@id\":\"https:\/\/www.aubenhausen-club.de\/#organization\"},\"potentialAction\":[{\"@type\":\"SearchAction\",\"target\":{\"@type\":\"EntryPoint\",\"urlTemplate\":\"https:\/\/www.aubenhausen-club.de\/?s={search_term_string}\"},\"query-input\":{\"@type\":\"PropertyValueSpecification\",\"valueRequired\":true,\"valueName\":\"search_term_string\"}}],\"inLanguage\":\"en-US\"},{\"@type\":\"Organization\",\"@id\":\"https:\/\/www.aubenhausen-club.de\/#organization\",\"name\":\"Aubenhausen Club\",\"url\":\"https:\/\/www.aubenhausen-club.de\/\",\"logo\":{\"@type\":\"ImageObject\",\"inLanguage\":\"en-US\",\"@id\":\"https:\/\/www.aubenhausen-club.de\/#\/schema\/logo\/image\/\",\"url\":\"https:\/\/www.aubenhausen-club.de\/wp-content\/uploads\/2020\/12\/AubenhausenClub-Grey.png\",\"contentUrl\":\"https:\/\/www.aubenhausen-club.de\/wp-content\/uploads\/2020\/12\/AubenhausenClub-Grey.png\",\"width\":273,\"height\":273,\"caption\":\"Aubenhausen Club\"},\"image\":{\"@id\":\"https:\/\/www.aubenhausen-club.de\/#\/schema\/logo\/image\/\"}}]}<\/script>\n<!-- \/ Yoast SEO plugin. -->","yoast_head_json":{"title":"Ticket Aubenhausen LIVE 20th March 2023 - Aubenhausen Club","description":"Bei Aubenhausen LIVE zeigen wir dir, wie wir mit unseren Pferden in Aubenhausen leben und trainieren und nehmen dich mit hinter die Kulissen.","robots":{"index":"noindex","follow":"nofollow"},"og_locale":"en_US","og_type":"article","og_title":"Ticket Aubenhausen LIVE 20th March 2023 - Aubenhausen Club","og_description":"Bei Aubenhausen LIVE zeigen wir dir, wie wir mit unseren Pferden in Aubenhausen leben und trainieren und nehmen dich mit hinter die Kulissen.","og_url":"https:\/\/www.aubenhausen-club.de\/en\/shop\/tickets-en\/live-en\/ticket-aubenhausen-live-20th-march-2023\/","og_site_name":"Aubenhausen Club","article_modified_time":"2023-02-23T15:22:17+00:00","og_image":[{"width":1200,"height":1200,"url":"https:\/\/www.aubenhausen-club.de\/wp-content\/uploads\/2023\/01\/01-aubi-live-tickets-20.jpg","type":"image\/jpeg"}],"twitter_card":"summary_large_image","twitter_misc":{"Est. reading time":"2 minutes"},"schema":{"@context":"https:\/\/schema.org","@graph":[{"@type":"WebPage","@id":"https:\/\/www.aubenhausen-club.de\/en\/shop\/tickets-en\/live-en\/ticket-aubenhausen-live-20th-march-2023\/","url":"https:\/\/www.aubenhausen-club.de\/en\/shop\/tickets-en\/live-en\/ticket-aubenhausen-live-20th-march-2023\/","name":"Ticket Aubenhausen LIVE 20th March 2023 - Aubenhausen Club","isPartOf":{"@id":"https:\/\/www.aubenhausen-club.de\/#website"},"primaryImageOfPage":{"@id":"https:\/\/www.aubenhausen-club.de\/en\/shop\/tickets-en\/live-en\/ticket-aubenhausen-live-20th-march-2023\/#primaryimage"},"image":{"@id":"https:\/\/www.aubenhausen-club.de\/en\/shop\/tickets-en\/live-en\/ticket-aubenhausen-live-20th-march-2023\/#primaryimage"},"thumbnailUrl":"https:\/\/www.aubenhausen-club.de\/wp-content\/uploads\/2023\/01\/01-aubi-live-tickets-20.jpg","datePublished":"2023-01-31T11:24:59+00:00","dateModified":"2023-02-23T15:22:17+00:00","description":"Bei Aubenhausen LIVE zeigen wir dir, wie wir mit unseren Pferden in Aubenhausen leben und trainieren und nehmen dich mit hinter die Kulissen.","breadcrumb":{"@id":"https:\/\/www.aubenhausen-club.de\/en\/shop\/tickets-en\/live-en\/ticket-aubenhausen-live-20th-march-2023\/#breadcrumb"},"inLanguage":"en-US","potentialAction":[{"@type":"ReadAction","target":["https:\/\/www.aubenhausen-club.de\/en\/shop\/tickets-en\/live-en\/ticket-aubenhausen-live-20th-march-2023\/"]}]},{"@type":"ImageObject","inLanguage":"en-US","@id":"https:\/\/www.aubenhausen-club.de\/en\/shop\/tickets-en\/live-en\/ticket-aubenhausen-live-20th-march-2023\/#primaryimage","url":"https:\/\/www.aubenhausen-club.de\/wp-content\/uploads\/2023\/01\/01-aubi-live-tickets-20.jpg","contentUrl":"https:\/\/www.aubenhausen-club.de\/wp-content\/uploads\/2023\/01\/01-aubi-live-tickets-20.jpg","width":1200,"height":1200,"caption":"Aubenhausen LIVE Ticket"},{"@type":"BreadcrumbList","@id":"https:\/\/www.aubenhausen-club.de\/en\/shop\/tickets-en\/live-en\/ticket-aubenhausen-live-20th-march-2023\/#breadcrumb","itemListElement":[{"@type":"ListItem","position":1,"name":"Shop","item":"https:\/\/www.aubenhausen-club.de\/en\/shop\/"},{"@type":"ListItem","position":2,"name":"Ticket Aubenhausen LIVE 20th March 2023"}]},{"@type":"WebSite","@id":"https:\/\/www.aubenhausen-club.de\/#website","url":"https:\/\/www.aubenhausen-club.de\/","name":"Aubenhausen Club","description":"K\u00f6rperliche Fitness und mentale St\u00e4rke f\u00fcr Dressurreiter","publisher":{"@id":"https:\/\/www.aubenhausen-club.de\/#organization"},"potentialAction":[{"@type":"SearchAction","target":{"@type":"EntryPoint","urlTemplate":"https:\/\/www.aubenhausen-club.de\/?s={search_term_string}"},"query-input":{"@type":"PropertyValueSpecification","valueRequired":true,"valueName":"search_term_string"}}],"inLanguage":"en-US"},{"@type":"Organization","@id":"https:\/\/www.aubenhausen-club.de\/#organization","name":"Aubenhausen Club","url":"https:\/\/www.aubenhausen-club.de\/","logo":{"@type":"ImageObject","inLanguage":"en-US","@id":"https:\/\/www.aubenhausen-club.de\/#\/schema\/logo\/image\/","url":"https:\/\/www.aubenhausen-club.de\/wp-content\/uploads\/2020\/12\/AubenhausenClub-Grey.png","contentUrl":"https:\/\/www.aubenhausen-club.de\/wp-content\/uploads\/2020\/12\/AubenhausenClub-Grey.png","width":273,"height":273,"caption":"Aubenhausen Club"},"image":{"@id":"https:\/\/www.aubenhausen-club.de\/#\/schema\/logo\/image\/"}}]}},"_links":{"self":[{"href":"https:\/\/www.aubenhausen-club.de\/en\/wp-json\/wp\/v2\/product\/192833"}],"collection":[{"href":"https:\/\/www.aubenhausen-club.de\/en\/wp-json\/wp\/v2\/product"}],"about":[{"href":"https:\/\/www.aubenhausen-club.de\/en\/wp-json\/wp\/v2\/types\/product"}],"author":[{"embeddable":true,"href":"https:\/\/www.aubenhausen-club.de\/en\/wp-json\/wp\/v2\/users\/1"}],"wp:featuredmedia":[{"embeddable":true,"href":"https:\/\/www.aubenhausen-club.de\/en\/wp-json\/wp\/v2\/media\/197883"}],"wp:attachment":[{"href":"https:\/\/www.aubenhausen-club.de\/en\/wp-json\/wp\/v2\/media?parent=192833"}],"wp:term":[{"taxonomy":"product_brand","embeddable":true,"href":"https:\/\/www.aubenhausen-club.de\/en\/wp-json\/wp\/v2\/product_brand?post=192833"},{"taxonomy":"product_cat","embeddable":true,"href":"https:\/\/www.aubenhausen-club.de\/en\/wp-json\/wp\/v2\/product_cat?post=192833"},{"taxonomy":"product_tag","embeddable":true,"href":"https:\/\/www.aubenhausen-club.de\/en\/wp-json\/wp\/v2\/product_tag?post=192833"}],"curies":[{"name":"wp","href":"https:\/\/api.w.org\/{rel}","templated":true}]}}