{"id":192852,"date":"2023-01-31T12:39:38","date_gmt":"2023-01-31T11:39:38","guid":{"rendered":"https:\/\/www.aubenhausen-club.de\/?post_type=product&#038;p=192852"},"modified":"2023-03-24T12:38:53","modified_gmt":"2023-03-24T11:38:53","slug":"aubenhausen-relive-canter-change","status":"publish","type":"product","link":"https:\/\/www.aubenhausen-club.de\/en\/shop\/tickets-en\/live-en\/aubenhausen-relive-canter-change\/","title":{"rendered":"Aubenhausen reLIVE: Flying Changes"},"content":{"rendered":"<h3>Special Topic: Canter change<\/h3>\n<p>You can&#8217;t make it to the south of Germany for the LIVE Event or you don&#8217;t speak German? No worries, with this reLIVE video, you can watch the highlights of the event as well as a lot of <strong>additional bonus footage<\/strong> online and in English from anywhere in the world.<\/p>\n<p>The training topic of this Aubenhausen LIVE event is flying changes. Changes should be supple, straight, and uphill. They should happen with ease from nearly invisible aids. With different horses of various ages, we will show you how we playfully prepare the first flying changes and how we continue to refine this movement throughout the course of the training: from youngster to Grand Prix horse, from the first green change to confirmed tempis.<\/p>\n","protected":false},"excerpt":{"rendered":"<p>With this reLIVE film, we&#8217;ll take you behind the scenes of our latest Aubenhausen LIVE event.<br \/>\n<strong>Special topic: Teaching the flying changes.<\/strong><\/p>\n","protected":false},"author":1,"featured_media":166453,"template":"","meta":{"_acf_changed":false},"product_brand":[],"product_cat":[454,636,355],"product_tag":[],"class_list":{"0":"post-192852","1":"product","2":"type-product","3":"status-publish","4":"has-post-thumbnail","6":"product_cat-courses-programmes","7":"product_cat-live-en","8":"product_cat-tickets-en","9":"entry","10":"has-media","12":"first","13":"outofstock","14":"virtual","15":"sold-individually","16":"taxable","17":"purchasable","18":"product-type-simple"},"bundled_by":[],"bundle_stock_status":"outofstock","bundle_stock_quantity":0,"bundle_virtual":false,"bundle_layout":"","bundle_add_to_cart_form_location":"","bundle_editable_in_cart":false,"bundle_sold_individually_context":"","bundle_item_grouping":"","bundle_min_size":"","bundle_max_size":"","bundle_price":[],"bundled_items":[],"bundle_sell_ids":[],"group_of_quantity":0,"min_quantity":0,"max_quantity":"","exclude_order_quantity_value_rules":"no","exclude_category_quantity_rules":"no","combine_variations":"no","acf":[],"yoast_head":"<!-- This site is optimized with the Yoast SEO plugin v25.4 - https:\/\/yoast.com\/wordpress\/plugins\/seo\/ -->\n<title>Aubenhausen reLIVE: Flying Changes - Aubenhausen Club<\/title>\n<meta name=\"description\" content=\"With this online ticket, you will able to watch the Aubenhausen LIVE event online from the comfort of your own home. Special topic: Flying Changes\" \/>\n<meta name=\"robots\" content=\"noindex, nofollow\" \/>\n<meta property=\"og:locale\" content=\"en_US\" \/>\n<meta property=\"og:type\" content=\"article\" \/>\n<meta property=\"og:title\" content=\"Aubenhausen reLIVE: Flying Changes - Aubenhausen Club\" \/>\n<meta property=\"og:description\" content=\"With this online ticket, you will able to watch the Aubenhausen LIVE event online from the comfort of your own home. Special topic: Flying Changes\" \/>\n<meta property=\"og:url\" content=\"https:\/\/www.aubenhausen-club.de\/en\/shop\/tickets-en\/live-en\/aubenhausen-relive-canter-change\/\" \/>\n<meta property=\"og:site_name\" content=\"Aubenhausen Club\" \/>\n<meta property=\"article:modified_time\" content=\"2023-03-24T11:38:53+00:00\" \/>\n<meta property=\"og:image\" content=\"https:\/\/www.aubenhausen-club.de\/wp-content\/uploads\/2022\/09\/01_reLIVE_DE_EN.jpg\" \/>\n\t<meta property=\"og:image:width\" content=\"1200\" \/>\n\t<meta property=\"og:image:height\" content=\"1200\" \/>\n\t<meta property=\"og:image:type\" content=\"image\/jpeg\" \/>\n<meta name=\"twitter:card\" content=\"summary_large_image\" \/>\n<meta name=\"twitter:label1\" content=\"Est. reading time\" \/>\n\t<meta name=\"twitter:data1\" content=\"1 minute\" \/>\n<script type=\"application\/ld+json\" class=\"yoast-schema-graph\">{\"@context\":\"https:\/\/schema.org\",\"@graph\":[{\"@type\":\"WebPage\",\"@id\":\"https:\/\/www.aubenhausen-club.de\/en\/shop\/tickets-en\/live-en\/aubenhausen-relive-canter-change\/\",\"url\":\"https:\/\/www.aubenhausen-club.de\/en\/shop\/tickets-en\/live-en\/aubenhausen-relive-canter-change\/\",\"name\":\"Aubenhausen reLIVE: Flying Changes - Aubenhausen Club\",\"isPartOf\":{\"@id\":\"https:\/\/www.aubenhausen-club.de\/#website\"},\"primaryImageOfPage\":{\"@id\":\"https:\/\/www.aubenhausen-club.de\/en\/shop\/tickets-en\/live-en\/aubenhausen-relive-canter-change\/#primaryimage\"},\"image\":{\"@id\":\"https:\/\/www.aubenhausen-club.de\/en\/shop\/tickets-en\/live-en\/aubenhausen-relive-canter-change\/#primaryimage\"},\"thumbnailUrl\":\"https:\/\/www.aubenhausen-club.de\/wp-content\/uploads\/2022\/09\/01_reLIVE_DE_EN.jpg\",\"datePublished\":\"2023-01-31T11:39:38+00:00\",\"dateModified\":\"2023-03-24T11:38:53+00:00\",\"description\":\"With this online ticket, you will able to watch the Aubenhausen LIVE event online from the comfort of your own home. Special topic: Flying Changes\",\"breadcrumb\":{\"@id\":\"https:\/\/www.aubenhausen-club.de\/en\/shop\/tickets-en\/live-en\/aubenhausen-relive-canter-change\/#breadcrumb\"},\"inLanguage\":\"en-US\",\"potentialAction\":[{\"@type\":\"ReadAction\",\"target\":[\"https:\/\/www.aubenhausen-club.de\/en\/shop\/tickets-en\/live-en\/aubenhausen-relive-canter-change\/\"]}]},{\"@type\":\"ImageObject\",\"inLanguage\":\"en-US\",\"@id\":\"https:\/\/www.aubenhausen-club.de\/en\/shop\/tickets-en\/live-en\/aubenhausen-relive-canter-change\/#primaryimage\",\"url\":\"https:\/\/www.aubenhausen-club.de\/wp-content\/uploads\/2022\/09\/01_reLIVE_DE_EN.jpg\",\"contentUrl\":\"https:\/\/www.aubenhausen-club.de\/wp-content\/uploads\/2022\/09\/01_reLIVE_DE_EN.jpg\",\"width\":1200,\"height\":1200},{\"@type\":\"BreadcrumbList\",\"@id\":\"https:\/\/www.aubenhausen-club.de\/en\/shop\/tickets-en\/live-en\/aubenhausen-relive-canter-change\/#breadcrumb\",\"itemListElement\":[{\"@type\":\"ListItem\",\"position\":1,\"name\":\"Shop\",\"item\":\"https:\/\/www.aubenhausen-club.de\/en\/shop\/\"},{\"@type\":\"ListItem\",\"position\":2,\"name\":\"Aubenhausen reLIVE: Flying Changes\"}]},{\"@type\":\"WebSite\",\"@id\":\"https:\/\/www.aubenhausen-club.de\/#website\",\"url\":\"https:\/\/www.aubenhausen-club.de\/\",\"name\":\"Aubenhausen Club\",\"description\":\"K\u00f6rperliche Fitness und mentale St\u00e4rke f\u00fcr Dressurreiter\",\"publisher\":{\"@id\":\"https:\/\/www.aubenhausen-club.de\/#organization\"},\"potentialAction\":[{\"@type\":\"SearchAction\",\"target\":{\"@type\":\"EntryPoint\",\"urlTemplate\":\"https:\/\/www.aubenhausen-club.de\/?s={search_term_string}\"},\"query-input\":{\"@type\":\"PropertyValueSpecification\",\"valueRequired\":true,\"valueName\":\"search_term_string\"}}],\"inLanguage\":\"en-US\"},{\"@type\":\"Organization\",\"@id\":\"https:\/\/www.aubenhausen-club.de\/#organization\",\"name\":\"Aubenhausen Club\",\"url\":\"https:\/\/www.aubenhausen-club.de\/\",\"logo\":{\"@type\":\"ImageObject\",\"inLanguage\":\"en-US\",\"@id\":\"https:\/\/www.aubenhausen-club.de\/#\/schema\/logo\/image\/\",\"url\":\"https:\/\/www.aubenhausen-club.de\/wp-content\/uploads\/2020\/12\/AubenhausenClub-Grey.png\",\"contentUrl\":\"https:\/\/www.aubenhausen-club.de\/wp-content\/uploads\/2020\/12\/AubenhausenClub-Grey.png\",\"width\":273,\"height\":273,\"caption\":\"Aubenhausen Club\"},\"image\":{\"@id\":\"https:\/\/www.aubenhausen-club.de\/#\/schema\/logo\/image\/\"}}]}<\/script>\n<!-- \/ Yoast SEO plugin. -->","yoast_head_json":{"title":"Aubenhausen reLIVE: Flying Changes - Aubenhausen Club","description":"With this online ticket, you will able to watch the Aubenhausen LIVE event online from the comfort of your own home. Special topic: Flying Changes","robots":{"index":"noindex","follow":"nofollow"},"og_locale":"en_US","og_type":"article","og_title":"Aubenhausen reLIVE: Flying Changes - Aubenhausen Club","og_description":"With this online ticket, you will able to watch the Aubenhausen LIVE event online from the comfort of your own home. Special topic: Flying Changes","og_url":"https:\/\/www.aubenhausen-club.de\/en\/shop\/tickets-en\/live-en\/aubenhausen-relive-canter-change\/","og_site_name":"Aubenhausen Club","article_modified_time":"2023-03-24T11:38:53+00:00","og_image":[{"width":1200,"height":1200,"url":"https:\/\/www.aubenhausen-club.de\/wp-content\/uploads\/2022\/09\/01_reLIVE_DE_EN.jpg","type":"image\/jpeg"}],"twitter_card":"summary_large_image","twitter_misc":{"Est. reading time":"1 minute"},"schema":{"@context":"https:\/\/schema.org","@graph":[{"@type":"WebPage","@id":"https:\/\/www.aubenhausen-club.de\/en\/shop\/tickets-en\/live-en\/aubenhausen-relive-canter-change\/","url":"https:\/\/www.aubenhausen-club.de\/en\/shop\/tickets-en\/live-en\/aubenhausen-relive-canter-change\/","name":"Aubenhausen reLIVE: Flying Changes - Aubenhausen Club","isPartOf":{"@id":"https:\/\/www.aubenhausen-club.de\/#website"},"primaryImageOfPage":{"@id":"https:\/\/www.aubenhausen-club.de\/en\/shop\/tickets-en\/live-en\/aubenhausen-relive-canter-change\/#primaryimage"},"image":{"@id":"https:\/\/www.aubenhausen-club.de\/en\/shop\/tickets-en\/live-en\/aubenhausen-relive-canter-change\/#primaryimage"},"thumbnailUrl":"https:\/\/www.aubenhausen-club.de\/wp-content\/uploads\/2022\/09\/01_reLIVE_DE_EN.jpg","datePublished":"2023-01-31T11:39:38+00:00","dateModified":"2023-03-24T11:38:53+00:00","description":"With this online ticket, you will able to watch the Aubenhausen LIVE event online from the comfort of your own home. Special topic: Flying Changes","breadcrumb":{"@id":"https:\/\/www.aubenhausen-club.de\/en\/shop\/tickets-en\/live-en\/aubenhausen-relive-canter-change\/#breadcrumb"},"inLanguage":"en-US","potentialAction":[{"@type":"ReadAction","target":["https:\/\/www.aubenhausen-club.de\/en\/shop\/tickets-en\/live-en\/aubenhausen-relive-canter-change\/"]}]},{"@type":"ImageObject","inLanguage":"en-US","@id":"https:\/\/www.aubenhausen-club.de\/en\/shop\/tickets-en\/live-en\/aubenhausen-relive-canter-change\/#primaryimage","url":"https:\/\/www.aubenhausen-club.de\/wp-content\/uploads\/2022\/09\/01_reLIVE_DE_EN.jpg","contentUrl":"https:\/\/www.aubenhausen-club.de\/wp-content\/uploads\/2022\/09\/01_reLIVE_DE_EN.jpg","width":1200,"height":1200},{"@type":"BreadcrumbList","@id":"https:\/\/www.aubenhausen-club.de\/en\/shop\/tickets-en\/live-en\/aubenhausen-relive-canter-change\/#breadcrumb","itemListElement":[{"@type":"ListItem","position":1,"name":"Shop","item":"https:\/\/www.aubenhausen-club.de\/en\/shop\/"},{"@type":"ListItem","position":2,"name":"Aubenhausen reLIVE: Flying Changes"}]},{"@type":"WebSite","@id":"https:\/\/www.aubenhausen-club.de\/#website","url":"https:\/\/www.aubenhausen-club.de\/","name":"Aubenhausen Club","description":"K\u00f6rperliche Fitness und mentale St\u00e4rke f\u00fcr Dressurreiter","publisher":{"@id":"https:\/\/www.aubenhausen-club.de\/#organization"},"potentialAction":[{"@type":"SearchAction","target":{"@type":"EntryPoint","urlTemplate":"https:\/\/www.aubenhausen-club.de\/?s={search_term_string}"},"query-input":{"@type":"PropertyValueSpecification","valueRequired":true,"valueName":"search_term_string"}}],"inLanguage":"en-US"},{"@type":"Organization","@id":"https:\/\/www.aubenhausen-club.de\/#organization","name":"Aubenhausen Club","url":"https:\/\/www.aubenhausen-club.de\/","logo":{"@type":"ImageObject","inLanguage":"en-US","@id":"https:\/\/www.aubenhausen-club.de\/#\/schema\/logo\/image\/","url":"https:\/\/www.aubenhausen-club.de\/wp-content\/uploads\/2020\/12\/AubenhausenClub-Grey.png","contentUrl":"https:\/\/www.aubenhausen-club.de\/wp-content\/uploads\/2020\/12\/AubenhausenClub-Grey.png","width":273,"height":273,"caption":"Aubenhausen Club"},"image":{"@id":"https:\/\/www.aubenhausen-club.de\/#\/schema\/logo\/image\/"}}]}},"_links":{"self":[{"href":"https:\/\/www.aubenhausen-club.de\/en\/wp-json\/wp\/v2\/product\/192852"}],"collection":[{"href":"https:\/\/www.aubenhausen-club.de\/en\/wp-json\/wp\/v2\/product"}],"about":[{"href":"https:\/\/www.aubenhausen-club.de\/en\/wp-json\/wp\/v2\/types\/product"}],"author":[{"embeddable":true,"href":"https:\/\/www.aubenhausen-club.de\/en\/wp-json\/wp\/v2\/users\/1"}],"wp:featuredmedia":[{"embeddable":true,"href":"https:\/\/www.aubenhausen-club.de\/en\/wp-json\/wp\/v2\/media\/166453"}],"wp:attachment":[{"href":"https:\/\/www.aubenhausen-club.de\/en\/wp-json\/wp\/v2\/media?parent=192852"}],"wp:term":[{"taxonomy":"product_brand","embeddable":true,"href":"https:\/\/www.aubenhausen-club.de\/en\/wp-json\/wp\/v2\/product_brand?post=192852"},{"taxonomy":"product_cat","embeddable":true,"href":"https:\/\/www.aubenhausen-club.de\/en\/wp-json\/wp\/v2\/product_cat?post=192852"},{"taxonomy":"product_tag","embeddable":true,"href":"https:\/\/www.aubenhausen-club.de\/en\/wp-json\/wp\/v2\/product_tag?post=192852"}],"curies":[{"name":"wp","href":"https:\/\/api.w.org\/{rel}","templated":true}]}}