{"id":195770,"date":"2023-02-06T17:30:41","date_gmt":"2023-02-13T16:16:11","guid":{"rendered":"https:\/\/www.aubenhausen-club.de\/?post_type=product&#038;p=195770"},"modified":"2023-12-11T17:34:25","modified_gmt":"2023-12-11T16:34:25","slug":"agrobs-horse-treats","status":"publish","type":"product","link":"https:\/\/www.aubenhausen-club.de\/en\/shop\/for-horses\/agrobs-horse-treats\/","title":{"rendered":"Agrobs Horse Treats"},"content":{"rendered":"<p>Agrobs WiesenBussi are naturally healthy horse treats containing a delicious combination of air-dried grasses, herbs, root vegetables and fruits. They are free of grains, molasses and artificial additives and are suitable for all horses. The beautiful box holds 1kg of WiesenBussi treats, provides practical storage and protects the treats from humidity and rodents. It also has space for your name or your horse&#8217;s name on the back.<\/p>\n<ul class=\"check-list\">\n<li>a healthy reward for your horse<\/li>\n<li>low in starch and sugar<\/li>\n<li>rich in fibre<\/li>\n<li>free of grains, molasses and artificial additives<\/li>\n<li>suitable for all horses<\/li>\n<\/ul>\n<p>Supplementary feed for horses.<\/p>\n","protected":false},"excerpt":{"rendered":"<p>Treats are chocolates for horses! However, it&#8217;s important to us that the treats we give are healthy and made from high quality ingredients. That&#8217;s why we love the Agrobs WiesenBussi. The treats come with a beautiful and very practical storage box.<\/p>\n","protected":false},"author":6,"featured_media":194031,"template":"","meta":{"_acf_changed":false},"product_brand":[],"product_cat":[452],"product_tag":[],"class_list":{"0":"post-195770","1":"product","2":"type-product","3":"status-publish","4":"has-post-thumbnail","6":"product_cat-for-horses","7":"product_shipping_class-shipping-class-a","8":"entry","9":"has-media","11":"first","12":"outofstock","13":"taxable","14":"shipping-taxable","15":"purchasable","16":"product-type-simple"},"bundled_by":[],"bundle_stock_status":"outofstock","bundle_stock_quantity":0,"bundle_virtual":false,"bundle_layout":"","bundle_add_to_cart_form_location":"","bundle_editable_in_cart":false,"bundle_sold_individually_context":"","bundle_item_grouping":"","bundle_min_size":"","bundle_max_size":"","bundle_price":[],"bundled_items":[],"bundle_sell_ids":[],"group_of_quantity":0,"min_quantity":0,"max_quantity":"","exclude_order_quantity_value_rules":"no","exclude_category_quantity_rules":"no","combine_variations":"no","acf":[],"yoast_head":"<!-- This site is optimized with the Yoast SEO plugin v25.4 - https:\/\/yoast.com\/wordpress\/plugins\/seo\/ -->\n<title>Agrobs Horse Treats - Aubenhausen Club<\/title>\n<meta name=\"description\" content=\"Agrobs WiesenBussi are naturally healthy horse treats containing a delicious combination of air-dried grasses, herbs, root vegetables and fruits.\" \/>\n<meta name=\"robots\" content=\"index, follow, max-snippet:-1, max-image-preview:large, max-video-preview:-1\" \/>\n<link rel=\"canonical\" href=\"https:\/\/www.aubenhausen-club.de\/en\/shop\/for-horses\/agrobs-horse-treats\/\" \/>\n<meta property=\"og:locale\" content=\"en_US\" \/>\n<meta property=\"og:type\" content=\"article\" \/>\n<meta property=\"og:title\" content=\"Agrobs Horse Treats - Aubenhausen Club\" \/>\n<meta property=\"og:description\" content=\"Agrobs WiesenBussi are naturally healthy horse treats containing a delicious combination of air-dried grasses, herbs, root vegetables and fruits.\" \/>\n<meta property=\"og:url\" content=\"https:\/\/www.aubenhausen-club.de\/en\/shop\/for-horses\/agrobs-horse-treats\/\" \/>\n<meta property=\"og:site_name\" content=\"Aubenhausen Club\" \/>\n<meta property=\"article:modified_time\" content=\"2023-12-11T16:34:25+00:00\" \/>\n<meta property=\"og:image\" content=\"https:\/\/www.aubenhausen-club.de\/wp-content\/uploads\/2023\/02\/valentinstag-bussi-box.jpg\" \/>\n\t<meta property=\"og:image:width\" content=\"1200\" \/>\n\t<meta property=\"og:image:height\" content=\"1200\" \/>\n\t<meta property=\"og:image:type\" content=\"image\/jpeg\" \/>\n<meta name=\"twitter:card\" content=\"summary_large_image\" \/>\n<meta name=\"twitter:label1\" content=\"Est. reading time\" \/>\n\t<meta name=\"twitter:data1\" content=\"1 minute\" \/>\n<script type=\"application\/ld+json\" class=\"yoast-schema-graph\">{\"@context\":\"https:\/\/schema.org\",\"@graph\":[{\"@type\":\"WebPage\",\"@id\":\"https:\/\/www.aubenhausen-club.de\/en\/shop\/for-horses\/agrobs-horse-treats\/\",\"url\":\"https:\/\/www.aubenhausen-club.de\/en\/shop\/for-horses\/agrobs-horse-treats\/\",\"name\":\"Agrobs Horse Treats - Aubenhausen Club\",\"isPartOf\":{\"@id\":\"https:\/\/www.aubenhausen-club.de\/#website\"},\"primaryImageOfPage\":{\"@id\":\"https:\/\/www.aubenhausen-club.de\/en\/shop\/for-horses\/agrobs-horse-treats\/#primaryimage\"},\"image\":{\"@id\":\"https:\/\/www.aubenhausen-club.de\/en\/shop\/for-horses\/agrobs-horse-treats\/#primaryimage\"},\"thumbnailUrl\":\"https:\/\/www.aubenhausen-club.de\/wp-content\/uploads\/2023\/02\/valentinstag-bussi-box.jpg\",\"datePublished\":\"2023-02-13T16:16:11+00:00\",\"dateModified\":\"2023-12-11T16:34:25+00:00\",\"description\":\"Agrobs WiesenBussi are naturally healthy horse treats containing a delicious combination of air-dried grasses, herbs, root vegetables and fruits.\",\"breadcrumb\":{\"@id\":\"https:\/\/www.aubenhausen-club.de\/en\/shop\/for-horses\/agrobs-horse-treats\/#breadcrumb\"},\"inLanguage\":\"en-US\",\"potentialAction\":[{\"@type\":\"ReadAction\",\"target\":[\"https:\/\/www.aubenhausen-club.de\/en\/shop\/for-horses\/agrobs-horse-treats\/\"]}]},{\"@type\":\"ImageObject\",\"inLanguage\":\"en-US\",\"@id\":\"https:\/\/www.aubenhausen-club.de\/en\/shop\/for-horses\/agrobs-horse-treats\/#primaryimage\",\"url\":\"https:\/\/www.aubenhausen-club.de\/wp-content\/uploads\/2023\/02\/valentinstag-bussi-box.jpg\",\"contentUrl\":\"https:\/\/www.aubenhausen-club.de\/wp-content\/uploads\/2023\/02\/valentinstag-bussi-box.jpg\",\"width\":1200,\"height\":1200,\"caption\":\"Agrobs WiesenBussi und Bussi Box\"},{\"@type\":\"BreadcrumbList\",\"@id\":\"https:\/\/www.aubenhausen-club.de\/en\/shop\/for-horses\/agrobs-horse-treats\/#breadcrumb\",\"itemListElement\":[{\"@type\":\"ListItem\",\"position\":1,\"name\":\"Shop\",\"item\":\"https:\/\/www.aubenhausen-club.de\/en\/shop\/\"},{\"@type\":\"ListItem\",\"position\":2,\"name\":\"Agrobs Horse Treats\"}]},{\"@type\":\"WebSite\",\"@id\":\"https:\/\/www.aubenhausen-club.de\/#website\",\"url\":\"https:\/\/www.aubenhausen-club.de\/\",\"name\":\"Aubenhausen Club\",\"description\":\"K\u00f6rperliche Fitness und mentale St\u00e4rke f\u00fcr Dressurreiter\",\"publisher\":{\"@id\":\"https:\/\/www.aubenhausen-club.de\/#organization\"},\"potentialAction\":[{\"@type\":\"SearchAction\",\"target\":{\"@type\":\"EntryPoint\",\"urlTemplate\":\"https:\/\/www.aubenhausen-club.de\/?s={search_term_string}\"},\"query-input\":{\"@type\":\"PropertyValueSpecification\",\"valueRequired\":true,\"valueName\":\"search_term_string\"}}],\"inLanguage\":\"en-US\"},{\"@type\":\"Organization\",\"@id\":\"https:\/\/www.aubenhausen-club.de\/#organization\",\"name\":\"Aubenhausen Club\",\"url\":\"https:\/\/www.aubenhausen-club.de\/\",\"logo\":{\"@type\":\"ImageObject\",\"inLanguage\":\"en-US\",\"@id\":\"https:\/\/www.aubenhausen-club.de\/#\/schema\/logo\/image\/\",\"url\":\"https:\/\/www.aubenhausen-club.de\/wp-content\/uploads\/2020\/12\/AubenhausenClub-Grey.png\",\"contentUrl\":\"https:\/\/www.aubenhausen-club.de\/wp-content\/uploads\/2020\/12\/AubenhausenClub-Grey.png\",\"width\":273,\"height\":273,\"caption\":\"Aubenhausen Club\"},\"image\":{\"@id\":\"https:\/\/www.aubenhausen-club.de\/#\/schema\/logo\/image\/\"}}]}<\/script>\n<!-- \/ Yoast SEO plugin. -->","yoast_head_json":{"title":"Agrobs Horse Treats - Aubenhausen Club","description":"Agrobs WiesenBussi are naturally healthy horse treats containing a delicious combination of air-dried grasses, herbs, root vegetables and fruits.","robots":{"index":"index","follow":"follow","max-snippet":"max-snippet:-1","max-image-preview":"max-image-preview:large","max-video-preview":"max-video-preview:-1"},"canonical":"https:\/\/www.aubenhausen-club.de\/en\/shop\/for-horses\/agrobs-horse-treats\/","og_locale":"en_US","og_type":"article","og_title":"Agrobs Horse Treats - Aubenhausen Club","og_description":"Agrobs WiesenBussi are naturally healthy horse treats containing a delicious combination of air-dried grasses, herbs, root vegetables and fruits.","og_url":"https:\/\/www.aubenhausen-club.de\/en\/shop\/for-horses\/agrobs-horse-treats\/","og_site_name":"Aubenhausen Club","article_modified_time":"2023-12-11T16:34:25+00:00","og_image":[{"width":1200,"height":1200,"url":"https:\/\/www.aubenhausen-club.de\/wp-content\/uploads\/2023\/02\/valentinstag-bussi-box.jpg","type":"image\/jpeg"}],"twitter_card":"summary_large_image","twitter_misc":{"Est. reading time":"1 minute"},"schema":{"@context":"https:\/\/schema.org","@graph":[{"@type":"WebPage","@id":"https:\/\/www.aubenhausen-club.de\/en\/shop\/for-horses\/agrobs-horse-treats\/","url":"https:\/\/www.aubenhausen-club.de\/en\/shop\/for-horses\/agrobs-horse-treats\/","name":"Agrobs Horse Treats - Aubenhausen Club","isPartOf":{"@id":"https:\/\/www.aubenhausen-club.de\/#website"},"primaryImageOfPage":{"@id":"https:\/\/www.aubenhausen-club.de\/en\/shop\/for-horses\/agrobs-horse-treats\/#primaryimage"},"image":{"@id":"https:\/\/www.aubenhausen-club.de\/en\/shop\/for-horses\/agrobs-horse-treats\/#primaryimage"},"thumbnailUrl":"https:\/\/www.aubenhausen-club.de\/wp-content\/uploads\/2023\/02\/valentinstag-bussi-box.jpg","datePublished":"2023-02-13T16:16:11+00:00","dateModified":"2023-12-11T16:34:25+00:00","description":"Agrobs WiesenBussi are naturally healthy horse treats containing a delicious combination of air-dried grasses, herbs, root vegetables and fruits.","breadcrumb":{"@id":"https:\/\/www.aubenhausen-club.de\/en\/shop\/for-horses\/agrobs-horse-treats\/#breadcrumb"},"inLanguage":"en-US","potentialAction":[{"@type":"ReadAction","target":["https:\/\/www.aubenhausen-club.de\/en\/shop\/for-horses\/agrobs-horse-treats\/"]}]},{"@type":"ImageObject","inLanguage":"en-US","@id":"https:\/\/www.aubenhausen-club.de\/en\/shop\/for-horses\/agrobs-horse-treats\/#primaryimage","url":"https:\/\/www.aubenhausen-club.de\/wp-content\/uploads\/2023\/02\/valentinstag-bussi-box.jpg","contentUrl":"https:\/\/www.aubenhausen-club.de\/wp-content\/uploads\/2023\/02\/valentinstag-bussi-box.jpg","width":1200,"height":1200,"caption":"Agrobs WiesenBussi und Bussi Box"},{"@type":"BreadcrumbList","@id":"https:\/\/www.aubenhausen-club.de\/en\/shop\/for-horses\/agrobs-horse-treats\/#breadcrumb","itemListElement":[{"@type":"ListItem","position":1,"name":"Shop","item":"https:\/\/www.aubenhausen-club.de\/en\/shop\/"},{"@type":"ListItem","position":2,"name":"Agrobs Horse Treats"}]},{"@type":"WebSite","@id":"https:\/\/www.aubenhausen-club.de\/#website","url":"https:\/\/www.aubenhausen-club.de\/","name":"Aubenhausen Club","description":"K\u00f6rperliche Fitness und mentale St\u00e4rke f\u00fcr Dressurreiter","publisher":{"@id":"https:\/\/www.aubenhausen-club.de\/#organization"},"potentialAction":[{"@type":"SearchAction","target":{"@type":"EntryPoint","urlTemplate":"https:\/\/www.aubenhausen-club.de\/?s={search_term_string}"},"query-input":{"@type":"PropertyValueSpecification","valueRequired":true,"valueName":"search_term_string"}}],"inLanguage":"en-US"},{"@type":"Organization","@id":"https:\/\/www.aubenhausen-club.de\/#organization","name":"Aubenhausen Club","url":"https:\/\/www.aubenhausen-club.de\/","logo":{"@type":"ImageObject","inLanguage":"en-US","@id":"https:\/\/www.aubenhausen-club.de\/#\/schema\/logo\/image\/","url":"https:\/\/www.aubenhausen-club.de\/wp-content\/uploads\/2020\/12\/AubenhausenClub-Grey.png","contentUrl":"https:\/\/www.aubenhausen-club.de\/wp-content\/uploads\/2020\/12\/AubenhausenClub-Grey.png","width":273,"height":273,"caption":"Aubenhausen Club"},"image":{"@id":"https:\/\/www.aubenhausen-club.de\/#\/schema\/logo\/image\/"}}]}},"_links":{"self":[{"href":"https:\/\/www.aubenhausen-club.de\/en\/wp-json\/wp\/v2\/product\/195770"}],"collection":[{"href":"https:\/\/www.aubenhausen-club.de\/en\/wp-json\/wp\/v2\/product"}],"about":[{"href":"https:\/\/www.aubenhausen-club.de\/en\/wp-json\/wp\/v2\/types\/product"}],"author":[{"embeddable":true,"href":"https:\/\/www.aubenhausen-club.de\/en\/wp-json\/wp\/v2\/users\/6"}],"wp:featuredmedia":[{"embeddable":true,"href":"https:\/\/www.aubenhausen-club.de\/en\/wp-json\/wp\/v2\/media\/194031"}],"wp:attachment":[{"href":"https:\/\/www.aubenhausen-club.de\/en\/wp-json\/wp\/v2\/media?parent=195770"}],"wp:term":[{"taxonomy":"product_brand","embeddable":true,"href":"https:\/\/www.aubenhausen-club.de\/en\/wp-json\/wp\/v2\/product_brand?post=195770"},{"taxonomy":"product_cat","embeddable":true,"href":"https:\/\/www.aubenhausen-club.de\/en\/wp-json\/wp\/v2\/product_cat?post=195770"},{"taxonomy":"product_tag","embeddable":true,"href":"https:\/\/www.aubenhausen-club.de\/en\/wp-json\/wp\/v2\/product_tag?post=195770"}],"curies":[{"name":"wp","href":"https:\/\/api.w.org\/{rel}","templated":true}]}}