{"id":247782,"date":"2022-06-27T11:39:27","date_gmt":"2022-06-27T09:39:27","guid":{"rendered":"https:\/\/www.aubenhausen-club.de\/shop\/uncategorized\/v-ausschnitt-shirt-breath-in-breath-out\/"},"modified":"2025-04-20T22:09:18","modified_gmt":"2025-04-20T20:09:18","slug":"v-neck-shirt-breath-in-breath-out","status":"publish","type":"product","link":"https:\/\/www.aubenhausen-club.de\/en\/shop\/for-riders\/v-neck-shirt-breath-in-breath-out\/","title":{"rendered":"V-neck shirt &#8220;Breath in, breath out&#8221;"},"content":{"rendered":"<p>This beautiful V-neck shirt in a straight fit has the small heart-horse design on the left chest and the embroidery: &#8220;Breath in, breath out&#8221;, which is located on the back of the shirt, in the upper shoulder area.<\/p>\n<p>\u2028\u2028The shirt has a straight cut, with an elegant V-neck. The lettering translates to &#8220;Breathe in, breathe out&#8221; symbolising relaxation and calm.\u2028\u2028<\/p>\n<p>The organic cotton combined with the lycra content create a wonderfully soft and comfortable feel &#8211; simply wonderfully comfortable and high quality.\u2028<\/p>\n","protected":false},"excerpt":{"rendered":"<p>This beautiful v-neck shirt has the small heart-horse design on the left chest and the embroidery: &#8220;Breath in, breath out&#8221;<\/p>\n","protected":false},"author":5225,"featured_media":149346,"template":"","meta":{"_acf_changed":false},"product_brand":[],"product_cat":[401],"product_tag":[607,693],"class_list":{"0":"post-247782","1":"product","2":"type-product","3":"status-publish","4":"has-post-thumbnail","6":"product_cat-for-riders","7":"product_tag-academy-en","8":"product_tag-kollektion-en","9":"product_shipping_class-shipping-class-a","10":"entry","11":"has-media","13":"first","14":"instock","15":"taxable","16":"shipping-taxable","17":"purchasable","18":"product-type-variable"},"bundled_by":[],"bundle_stock_status":"instock","bundle_stock_quantity":null,"bundle_virtual":false,"bundle_layout":"","bundle_add_to_cart_form_location":"","bundle_editable_in_cart":false,"bundle_sold_individually_context":"","bundle_item_grouping":"","bundle_min_size":"","bundle_max_size":"","bundle_price":[],"bundled_items":[],"bundle_sell_ids":[],"group_of_quantity":0,"min_quantity":0,"max_quantity":"","exclude_order_quantity_value_rules":"no","exclude_category_quantity_rules":"no","combine_variations":"no","acf":[],"yoast_head":"<!-- This site is optimized with the Yoast SEO plugin v25.4 - https:\/\/yoast.com\/wordpress\/plugins\/seo\/ -->\n<title>V-neck shirt &quot;Breath in, breath out&quot; - Aubenhausen Club<\/title>\n<meta name=\"description\" content=\"This beautiful v-neck shirt has the small heart-horse design on the left chest and the embroidery: &quot;Breath in, breath out&quot;\" \/>\n<meta name=\"robots\" content=\"index, follow, max-snippet:-1, max-image-preview:large, max-video-preview:-1\" \/>\n<link rel=\"canonical\" href=\"https:\/\/www.aubenhausen-club.de\/en\/shop\/for-riders\/v-neck-shirt-breath-in-breath-out\/\" \/>\n<meta property=\"og:locale\" content=\"en_US\" \/>\n<meta property=\"og:type\" content=\"article\" \/>\n<meta property=\"og:title\" content=\"V-neck shirt &quot;Breath in, breath out&quot; - Aubenhausen Club\" \/>\n<meta property=\"og:description\" content=\"This beautiful v-neck shirt has the small heart-horse design on the left chest and the embroidery: &quot;Breath in, breath out&quot;\" \/>\n<meta property=\"og:url\" content=\"https:\/\/www.aubenhausen-club.de\/en\/shop\/for-riders\/v-neck-shirt-breath-in-breath-out\/\" \/>\n<meta property=\"og:site_name\" content=\"Aubenhausen Club\" \/>\n<meta property=\"article:modified_time\" content=\"2025-04-20T20:09:18+00:00\" \/>\n<meta property=\"og:image\" content=\"https:\/\/www.aubenhausen-club.de\/wp-content\/uploads\/2022\/06\/01-tshirt-breath-in-breath-out.jpeg\" \/>\n\t<meta property=\"og:image:width\" content=\"1200\" \/>\n\t<meta property=\"og:image:height\" content=\"1200\" \/>\n\t<meta property=\"og:image:type\" content=\"image\/jpeg\" \/>\n<meta name=\"twitter:card\" content=\"summary_large_image\" \/>\n<meta name=\"twitter:label1\" content=\"Est. reading time\" \/>\n\t<meta name=\"twitter:data1\" content=\"1 minute\" \/>\n<script type=\"application\/ld+json\" class=\"yoast-schema-graph\">{\"@context\":\"https:\/\/schema.org\",\"@graph\":[{\"@type\":\"WebPage\",\"@id\":\"https:\/\/www.aubenhausen-club.de\/en\/shop\/for-riders\/v-neck-shirt-breath-in-breath-out\/\",\"url\":\"https:\/\/www.aubenhausen-club.de\/en\/shop\/for-riders\/v-neck-shirt-breath-in-breath-out\/\",\"name\":\"V-neck shirt \\\"Breath in, breath out\\\" - Aubenhausen Club\",\"isPartOf\":{\"@id\":\"https:\/\/www.aubenhausen-club.de\/#website\"},\"primaryImageOfPage\":{\"@id\":\"https:\/\/www.aubenhausen-club.de\/en\/shop\/for-riders\/v-neck-shirt-breath-in-breath-out\/#primaryimage\"},\"image\":{\"@id\":\"https:\/\/www.aubenhausen-club.de\/en\/shop\/for-riders\/v-neck-shirt-breath-in-breath-out\/#primaryimage\"},\"thumbnailUrl\":\"https:\/\/www.aubenhausen-club.de\/wp-content\/uploads\/2022\/06\/01-tshirt-breath-in-breath-out.jpeg\",\"datePublished\":\"2022-06-27T09:39:27+00:00\",\"dateModified\":\"2025-04-20T20:09:18+00:00\",\"description\":\"This beautiful v-neck shirt has the small heart-horse design on the left chest and the embroidery: \\\"Breath in, breath out\\\"\",\"breadcrumb\":{\"@id\":\"https:\/\/www.aubenhausen-club.de\/en\/shop\/for-riders\/v-neck-shirt-breath-in-breath-out\/#breadcrumb\"},\"inLanguage\":\"en-US\",\"potentialAction\":[{\"@type\":\"ReadAction\",\"target\":[\"https:\/\/www.aubenhausen-club.de\/en\/shop\/for-riders\/v-neck-shirt-breath-in-breath-out\/\"]}]},{\"@type\":\"ImageObject\",\"inLanguage\":\"en-US\",\"@id\":\"https:\/\/www.aubenhausen-club.de\/en\/shop\/for-riders\/v-neck-shirt-breath-in-breath-out\/#primaryimage\",\"url\":\"https:\/\/www.aubenhausen-club.de\/wp-content\/uploads\/2022\/06\/01-tshirt-breath-in-breath-out.jpeg\",\"contentUrl\":\"https:\/\/www.aubenhausen-club.de\/wp-content\/uploads\/2022\/06\/01-tshirt-breath-in-breath-out.jpeg\",\"width\":1200,\"height\":1200},{\"@type\":\"BreadcrumbList\",\"@id\":\"https:\/\/www.aubenhausen-club.de\/en\/shop\/for-riders\/v-neck-shirt-breath-in-breath-out\/#breadcrumb\",\"itemListElement\":[{\"@type\":\"ListItem\",\"position\":1,\"name\":\"Shop\",\"item\":\"https:\/\/www.aubenhausen-club.de\/en\/shop\/\"},{\"@type\":\"ListItem\",\"position\":2,\"name\":\"V-neck shirt &#8220;Breath in, breath out&#8221;\"}]},{\"@type\":\"WebSite\",\"@id\":\"https:\/\/www.aubenhausen-club.de\/#website\",\"url\":\"https:\/\/www.aubenhausen-club.de\/\",\"name\":\"Aubenhausen Club\",\"description\":\"K\u00f6rperliche Fitness und mentale St\u00e4rke f\u00fcr Dressurreiter\",\"publisher\":{\"@id\":\"https:\/\/www.aubenhausen-club.de\/#organization\"},\"potentialAction\":[{\"@type\":\"SearchAction\",\"target\":{\"@type\":\"EntryPoint\",\"urlTemplate\":\"https:\/\/www.aubenhausen-club.de\/?s={search_term_string}\"},\"query-input\":{\"@type\":\"PropertyValueSpecification\",\"valueRequired\":true,\"valueName\":\"search_term_string\"}}],\"inLanguage\":\"en-US\"},{\"@type\":\"Organization\",\"@id\":\"https:\/\/www.aubenhausen-club.de\/#organization\",\"name\":\"Aubenhausen Club\",\"url\":\"https:\/\/www.aubenhausen-club.de\/\",\"logo\":{\"@type\":\"ImageObject\",\"inLanguage\":\"en-US\",\"@id\":\"https:\/\/www.aubenhausen-club.de\/#\/schema\/logo\/image\/\",\"url\":\"https:\/\/www.aubenhausen-club.de\/wp-content\/uploads\/2020\/12\/AubenhausenClub-Grey.png\",\"contentUrl\":\"https:\/\/www.aubenhausen-club.de\/wp-content\/uploads\/2020\/12\/AubenhausenClub-Grey.png\",\"width\":273,\"height\":273,\"caption\":\"Aubenhausen Club\"},\"image\":{\"@id\":\"https:\/\/www.aubenhausen-club.de\/#\/schema\/logo\/image\/\"}}]}<\/script>\n<!-- \/ Yoast SEO plugin. -->","yoast_head_json":{"title":"V-neck shirt \"Breath in, breath out\" - Aubenhausen Club","description":"This beautiful v-neck shirt has the small heart-horse design on the left chest and the embroidery: \"Breath in, breath out\"","robots":{"index":"index","follow":"follow","max-snippet":"max-snippet:-1","max-image-preview":"max-image-preview:large","max-video-preview":"max-video-preview:-1"},"canonical":"https:\/\/www.aubenhausen-club.de\/en\/shop\/for-riders\/v-neck-shirt-breath-in-breath-out\/","og_locale":"en_US","og_type":"article","og_title":"V-neck shirt \"Breath in, breath out\" - Aubenhausen Club","og_description":"This beautiful v-neck shirt has the small heart-horse design on the left chest and the embroidery: \"Breath in, breath out\"","og_url":"https:\/\/www.aubenhausen-club.de\/en\/shop\/for-riders\/v-neck-shirt-breath-in-breath-out\/","og_site_name":"Aubenhausen Club","article_modified_time":"2025-04-20T20:09:18+00:00","og_image":[{"width":1200,"height":1200,"url":"https:\/\/www.aubenhausen-club.de\/wp-content\/uploads\/2022\/06\/01-tshirt-breath-in-breath-out.jpeg","type":"image\/jpeg"}],"twitter_card":"summary_large_image","twitter_misc":{"Est. reading time":"1 minute"},"schema":{"@context":"https:\/\/schema.org","@graph":[{"@type":"WebPage","@id":"https:\/\/www.aubenhausen-club.de\/en\/shop\/for-riders\/v-neck-shirt-breath-in-breath-out\/","url":"https:\/\/www.aubenhausen-club.de\/en\/shop\/for-riders\/v-neck-shirt-breath-in-breath-out\/","name":"V-neck shirt \"Breath in, breath out\" - Aubenhausen Club","isPartOf":{"@id":"https:\/\/www.aubenhausen-club.de\/#website"},"primaryImageOfPage":{"@id":"https:\/\/www.aubenhausen-club.de\/en\/shop\/for-riders\/v-neck-shirt-breath-in-breath-out\/#primaryimage"},"image":{"@id":"https:\/\/www.aubenhausen-club.de\/en\/shop\/for-riders\/v-neck-shirt-breath-in-breath-out\/#primaryimage"},"thumbnailUrl":"https:\/\/www.aubenhausen-club.de\/wp-content\/uploads\/2022\/06\/01-tshirt-breath-in-breath-out.jpeg","datePublished":"2022-06-27T09:39:27+00:00","dateModified":"2025-04-20T20:09:18+00:00","description":"This beautiful v-neck shirt has the small heart-horse design on the left chest and the embroidery: \"Breath in, breath out\"","breadcrumb":{"@id":"https:\/\/www.aubenhausen-club.de\/en\/shop\/for-riders\/v-neck-shirt-breath-in-breath-out\/#breadcrumb"},"inLanguage":"en-US","potentialAction":[{"@type":"ReadAction","target":["https:\/\/www.aubenhausen-club.de\/en\/shop\/for-riders\/v-neck-shirt-breath-in-breath-out\/"]}]},{"@type":"ImageObject","inLanguage":"en-US","@id":"https:\/\/www.aubenhausen-club.de\/en\/shop\/for-riders\/v-neck-shirt-breath-in-breath-out\/#primaryimage","url":"https:\/\/www.aubenhausen-club.de\/wp-content\/uploads\/2022\/06\/01-tshirt-breath-in-breath-out.jpeg","contentUrl":"https:\/\/www.aubenhausen-club.de\/wp-content\/uploads\/2022\/06\/01-tshirt-breath-in-breath-out.jpeg","width":1200,"height":1200},{"@type":"BreadcrumbList","@id":"https:\/\/www.aubenhausen-club.de\/en\/shop\/for-riders\/v-neck-shirt-breath-in-breath-out\/#breadcrumb","itemListElement":[{"@type":"ListItem","position":1,"name":"Shop","item":"https:\/\/www.aubenhausen-club.de\/en\/shop\/"},{"@type":"ListItem","position":2,"name":"V-neck shirt &#8220;Breath in, breath out&#8221;"}]},{"@type":"WebSite","@id":"https:\/\/www.aubenhausen-club.de\/#website","url":"https:\/\/www.aubenhausen-club.de\/","name":"Aubenhausen Club","description":"K\u00f6rperliche Fitness und mentale St\u00e4rke f\u00fcr Dressurreiter","publisher":{"@id":"https:\/\/www.aubenhausen-club.de\/#organization"},"potentialAction":[{"@type":"SearchAction","target":{"@type":"EntryPoint","urlTemplate":"https:\/\/www.aubenhausen-club.de\/?s={search_term_string}"},"query-input":{"@type":"PropertyValueSpecification","valueRequired":true,"valueName":"search_term_string"}}],"inLanguage":"en-US"},{"@type":"Organization","@id":"https:\/\/www.aubenhausen-club.de\/#organization","name":"Aubenhausen Club","url":"https:\/\/www.aubenhausen-club.de\/","logo":{"@type":"ImageObject","inLanguage":"en-US","@id":"https:\/\/www.aubenhausen-club.de\/#\/schema\/logo\/image\/","url":"https:\/\/www.aubenhausen-club.de\/wp-content\/uploads\/2020\/12\/AubenhausenClub-Grey.png","contentUrl":"https:\/\/www.aubenhausen-club.de\/wp-content\/uploads\/2020\/12\/AubenhausenClub-Grey.png","width":273,"height":273,"caption":"Aubenhausen Club"},"image":{"@id":"https:\/\/www.aubenhausen-club.de\/#\/schema\/logo\/image\/"}}]}},"_links":{"self":[{"href":"https:\/\/www.aubenhausen-club.de\/en\/wp-json\/wp\/v2\/product\/247782"}],"collection":[{"href":"https:\/\/www.aubenhausen-club.de\/en\/wp-json\/wp\/v2\/product"}],"about":[{"href":"https:\/\/www.aubenhausen-club.de\/en\/wp-json\/wp\/v2\/types\/product"}],"author":[{"embeddable":true,"href":"https:\/\/www.aubenhausen-club.de\/en\/wp-json\/wp\/v2\/users\/5225"}],"wp:featuredmedia":[{"embeddable":true,"href":"https:\/\/www.aubenhausen-club.de\/en\/wp-json\/wp\/v2\/media\/149346"}],"wp:attachment":[{"href":"https:\/\/www.aubenhausen-club.de\/en\/wp-json\/wp\/v2\/media?parent=247782"}],"wp:term":[{"taxonomy":"product_brand","embeddable":true,"href":"https:\/\/www.aubenhausen-club.de\/en\/wp-json\/wp\/v2\/product_brand?post=247782"},{"taxonomy":"product_cat","embeddable":true,"href":"https:\/\/www.aubenhausen-club.de\/en\/wp-json\/wp\/v2\/product_cat?post=247782"},{"taxonomy":"product_tag","embeddable":true,"href":"https:\/\/www.aubenhausen-club.de\/en\/wp-json\/wp\/v2\/product_tag?post=247782"}],"curies":[{"name":"wp","href":"https:\/\/api.w.org\/{rel}","templated":true}]}}