{"id":265873,"date":"2021-08-13T16:35:17","date_gmt":"2023-11-11T14:09:13","guid":{"rendered":"https:\/\/www.aubenhausen-club.de\/?post_type=product&#038;p=265873"},"modified":"2024-02-02T11:06:56","modified_gmt":"2024-02-02T10:06:56","slug":"online-masterclass-travers-the-half-pass","status":"publish","type":"product","link":"https:\/\/www.aubenhausen-club.de\/en\/shop\/courses-programmes\/academy-en\/online-masterclass-travers-the-half-pass\/","title":{"rendered":"Online Masterclass: Travers &#038; the Half Pass"},"content":{"rendered":"<p>Would you like to half pass across the diagonal like Jessica von Bredow-Werndl and Dalera? In this online course, we will show you step-by-step how to develop the travers and the half pass &#8211; from the very first attempts to the Grand Prix Zig Zag.<\/p>\n<p>The better we prepare our horses for the half pass, and the easier we make it for them to really understand the movement, the more motivated they will be. We don&#8217;t want to have to push our horses sideways. Instead, we want to &#8220;release&#8221; them into the lateral movement, so that they move with motivation, activity and impulsion.<\/p>\n<p>You often see horses losing momentum in the half pass, getting behind the aids or simply not quite making it all the way across the diagonal. We want to get our horses excited about the movement and prepare their bodies in a way so that they can perform the half pass with lightness, plenty of impulsion, cadence and elegance.<\/p>\n","protected":false},"excerpt":{"rendered":"<p>Dance-like, light-footed half passes with lots of reach, impulsion and true expression are not only fantastic to look at, but also gymnastisize the horse, improve mobility of the shoulder and the haunches and enhance suppleness.<\/p>\n<p>&nbsp;<\/p>\n","protected":false},"author":6,"featured_media":265886,"template":"","meta":{"_acf_changed":false},"product_brand":[],"product_cat":[374,454],"product_tag":[607],"class_list":{"0":"post-265873","1":"product","2":"type-product","3":"status-publish","4":"has-post-thumbnail","6":"product_cat-academy-en","7":"product_cat-courses-programmes","8":"product_tag-academy-en","9":"entry","10":"has-media","12":"first","13":"instock","14":"virtual","15":"sold-individually","16":"taxable","17":"purchasable","18":"product-type-course"},"bundled_by":[],"bundle_stock_status":"instock","bundle_stock_quantity":null,"bundle_virtual":false,"bundle_layout":"","bundle_add_to_cart_form_location":"","bundle_editable_in_cart":false,"bundle_sold_individually_context":"","bundle_item_grouping":"","bundle_min_size":"","bundle_max_size":"","bundle_price":[],"bundled_items":[],"bundle_sell_ids":[],"group_of_quantity":0,"min_quantity":0,"max_quantity":"","exclude_order_quantity_value_rules":"no","exclude_category_quantity_rules":"no","combine_variations":"no","acf":[],"yoast_head":"<!-- This site is optimized with the Yoast SEO plugin v25.4 - https:\/\/yoast.com\/wordpress\/plugins\/seo\/ -->\n<title>Online Masterclass: Travers &amp; the Half Pass - Aubenhausen Club<\/title>\n<meta name=\"description\" content=\"Train online with Jessica von Bredow-Werndl and learn how to develop the travers and the half pass \u2013 from the first attempts to the Grand Prix zig zag.\" \/>\n<meta name=\"robots\" content=\"index, follow, max-snippet:-1, max-image-preview:large, max-video-preview:-1\" \/>\n<link rel=\"canonical\" href=\"https:\/\/www.aubenhausen-club.de\/en\/shop\/courses-programmes\/academy-en\/online-masterclass-travers-the-half-pass\/\" \/>\n<meta property=\"og:locale\" content=\"en_US\" \/>\n<meta property=\"og:type\" content=\"article\" \/>\n<meta property=\"og:title\" content=\"Online Masterclass: Travers &amp; the Half Pass - Aubenhausen Club\" \/>\n<meta property=\"og:description\" content=\"Train online with Jessica von Bredow-Werndl and learn how to develop the travers and the half pass \u2013 from the first attempts to the Grand Prix zig zag.\" \/>\n<meta property=\"og:url\" content=\"https:\/\/www.aubenhausen-club.de\/en\/shop\/courses-programmes\/academy-en\/online-masterclass-travers-the-half-pass\/\" \/>\n<meta property=\"og:site_name\" content=\"Aubenhausen Club\" \/>\n<meta property=\"article:modified_time\" content=\"2024-02-02T10:06:56+00:00\" \/>\n<meta property=\"og:image\" content=\"https:\/\/www.aubenhausen-club.de\/wp-content\/uploads\/2023\/11\/01-travers-en.jpg\" \/>\n\t<meta property=\"og:image:width\" content=\"1200\" \/>\n\t<meta property=\"og:image:height\" content=\"1200\" \/>\n\t<meta property=\"og:image:type\" content=\"image\/jpeg\" \/>\n<meta name=\"twitter:card\" content=\"summary_large_image\" \/>\n<meta name=\"twitter:label1\" content=\"Est. reading time\" \/>\n\t<meta name=\"twitter:data1\" content=\"1 minute\" \/>\n<script type=\"application\/ld+json\" class=\"yoast-schema-graph\">{\"@context\":\"https:\/\/schema.org\",\"@graph\":[{\"@type\":\"WebPage\",\"@id\":\"https:\/\/www.aubenhausen-club.de\/en\/shop\/courses-programmes\/academy-en\/online-masterclass-travers-the-half-pass\/\",\"url\":\"https:\/\/www.aubenhausen-club.de\/en\/shop\/courses-programmes\/academy-en\/online-masterclass-travers-the-half-pass\/\",\"name\":\"Online Masterclass: Travers & the Half Pass - Aubenhausen Club\",\"isPartOf\":{\"@id\":\"https:\/\/www.aubenhausen-club.de\/#website\"},\"primaryImageOfPage\":{\"@id\":\"https:\/\/www.aubenhausen-club.de\/en\/shop\/courses-programmes\/academy-en\/online-masterclass-travers-the-half-pass\/#primaryimage\"},\"image\":{\"@id\":\"https:\/\/www.aubenhausen-club.de\/en\/shop\/courses-programmes\/academy-en\/online-masterclass-travers-the-half-pass\/#primaryimage\"},\"thumbnailUrl\":\"https:\/\/www.aubenhausen-club.de\/wp-content\/uploads\/2023\/11\/01-travers-en.jpg\",\"datePublished\":\"2023-11-11T14:09:13+00:00\",\"dateModified\":\"2024-02-02T10:06:56+00:00\",\"description\":\"Train online with Jessica von Bredow-Werndl and learn how to develop the travers and the half pass \u2013 from the first attempts to the Grand Prix zig zag.\",\"breadcrumb\":{\"@id\":\"https:\/\/www.aubenhausen-club.de\/en\/shop\/courses-programmes\/academy-en\/online-masterclass-travers-the-half-pass\/#breadcrumb\"},\"inLanguage\":\"en-US\",\"potentialAction\":[{\"@type\":\"ReadAction\",\"target\":[\"https:\/\/www.aubenhausen-club.de\/en\/shop\/courses-programmes\/academy-en\/online-masterclass-travers-the-half-pass\/\"]}]},{\"@type\":\"ImageObject\",\"inLanguage\":\"en-US\",\"@id\":\"https:\/\/www.aubenhausen-club.de\/en\/shop\/courses-programmes\/academy-en\/online-masterclass-travers-the-half-pass\/#primaryimage\",\"url\":\"https:\/\/www.aubenhausen-club.de\/wp-content\/uploads\/2023\/11\/01-travers-en.jpg\",\"contentUrl\":\"https:\/\/www.aubenhausen-club.de\/wp-content\/uploads\/2023\/11\/01-travers-en.jpg\",\"width\":1200,\"height\":1200,\"caption\":\"Online Masterclass Traver and the Half Pass\"},{\"@type\":\"BreadcrumbList\",\"@id\":\"https:\/\/www.aubenhausen-club.de\/en\/shop\/courses-programmes\/academy-en\/online-masterclass-travers-the-half-pass\/#breadcrumb\",\"itemListElement\":[{\"@type\":\"ListItem\",\"position\":1,\"name\":\"Shop\",\"item\":\"https:\/\/www.aubenhausen-club.de\/en\/shop\/\"},{\"@type\":\"ListItem\",\"position\":2,\"name\":\"Online Masterclass: Travers &#038; the Half Pass\"}]},{\"@type\":\"WebSite\",\"@id\":\"https:\/\/www.aubenhausen-club.de\/#website\",\"url\":\"https:\/\/www.aubenhausen-club.de\/\",\"name\":\"Aubenhausen Club\",\"description\":\"K\u00f6rperliche Fitness und mentale St\u00e4rke f\u00fcr Dressurreiter\",\"publisher\":{\"@id\":\"https:\/\/www.aubenhausen-club.de\/#organization\"},\"potentialAction\":[{\"@type\":\"SearchAction\",\"target\":{\"@type\":\"EntryPoint\",\"urlTemplate\":\"https:\/\/www.aubenhausen-club.de\/?s={search_term_string}\"},\"query-input\":{\"@type\":\"PropertyValueSpecification\",\"valueRequired\":true,\"valueName\":\"search_term_string\"}}],\"inLanguage\":\"en-US\"},{\"@type\":\"Organization\",\"@id\":\"https:\/\/www.aubenhausen-club.de\/#organization\",\"name\":\"Aubenhausen Club\",\"url\":\"https:\/\/www.aubenhausen-club.de\/\",\"logo\":{\"@type\":\"ImageObject\",\"inLanguage\":\"en-US\",\"@id\":\"https:\/\/www.aubenhausen-club.de\/#\/schema\/logo\/image\/\",\"url\":\"https:\/\/www.aubenhausen-club.de\/wp-content\/uploads\/2020\/12\/AubenhausenClub-Grey.png\",\"contentUrl\":\"https:\/\/www.aubenhausen-club.de\/wp-content\/uploads\/2020\/12\/AubenhausenClub-Grey.png\",\"width\":273,\"height\":273,\"caption\":\"Aubenhausen Club\"},\"image\":{\"@id\":\"https:\/\/www.aubenhausen-club.de\/#\/schema\/logo\/image\/\"}}]}<\/script>\n<!-- \/ Yoast SEO plugin. -->","yoast_head_json":{"title":"Online Masterclass: Travers & the Half Pass - Aubenhausen Club","description":"Train online with Jessica von Bredow-Werndl and learn how to develop the travers and the half pass \u2013 from the first attempts to the Grand Prix zig zag.","robots":{"index":"index","follow":"follow","max-snippet":"max-snippet:-1","max-image-preview":"max-image-preview:large","max-video-preview":"max-video-preview:-1"},"canonical":"https:\/\/www.aubenhausen-club.de\/en\/shop\/courses-programmes\/academy-en\/online-masterclass-travers-the-half-pass\/","og_locale":"en_US","og_type":"article","og_title":"Online Masterclass: Travers & the Half Pass - Aubenhausen Club","og_description":"Train online with Jessica von Bredow-Werndl and learn how to develop the travers and the half pass \u2013 from the first attempts to the Grand Prix zig zag.","og_url":"https:\/\/www.aubenhausen-club.de\/en\/shop\/courses-programmes\/academy-en\/online-masterclass-travers-the-half-pass\/","og_site_name":"Aubenhausen Club","article_modified_time":"2024-02-02T10:06:56+00:00","og_image":[{"width":1200,"height":1200,"url":"https:\/\/www.aubenhausen-club.de\/wp-content\/uploads\/2023\/11\/01-travers-en.jpg","type":"image\/jpeg"}],"twitter_card":"summary_large_image","twitter_misc":{"Est. reading time":"1 minute"},"schema":{"@context":"https:\/\/schema.org","@graph":[{"@type":"WebPage","@id":"https:\/\/www.aubenhausen-club.de\/en\/shop\/courses-programmes\/academy-en\/online-masterclass-travers-the-half-pass\/","url":"https:\/\/www.aubenhausen-club.de\/en\/shop\/courses-programmes\/academy-en\/online-masterclass-travers-the-half-pass\/","name":"Online Masterclass: Travers & the Half Pass - Aubenhausen Club","isPartOf":{"@id":"https:\/\/www.aubenhausen-club.de\/#website"},"primaryImageOfPage":{"@id":"https:\/\/www.aubenhausen-club.de\/en\/shop\/courses-programmes\/academy-en\/online-masterclass-travers-the-half-pass\/#primaryimage"},"image":{"@id":"https:\/\/www.aubenhausen-club.de\/en\/shop\/courses-programmes\/academy-en\/online-masterclass-travers-the-half-pass\/#primaryimage"},"thumbnailUrl":"https:\/\/www.aubenhausen-club.de\/wp-content\/uploads\/2023\/11\/01-travers-en.jpg","datePublished":"2023-11-11T14:09:13+00:00","dateModified":"2024-02-02T10:06:56+00:00","description":"Train online with Jessica von Bredow-Werndl and learn how to develop the travers and the half pass \u2013 from the first attempts to the Grand Prix zig zag.","breadcrumb":{"@id":"https:\/\/www.aubenhausen-club.de\/en\/shop\/courses-programmes\/academy-en\/online-masterclass-travers-the-half-pass\/#breadcrumb"},"inLanguage":"en-US","potentialAction":[{"@type":"ReadAction","target":["https:\/\/www.aubenhausen-club.de\/en\/shop\/courses-programmes\/academy-en\/online-masterclass-travers-the-half-pass\/"]}]},{"@type":"ImageObject","inLanguage":"en-US","@id":"https:\/\/www.aubenhausen-club.de\/en\/shop\/courses-programmes\/academy-en\/online-masterclass-travers-the-half-pass\/#primaryimage","url":"https:\/\/www.aubenhausen-club.de\/wp-content\/uploads\/2023\/11\/01-travers-en.jpg","contentUrl":"https:\/\/www.aubenhausen-club.de\/wp-content\/uploads\/2023\/11\/01-travers-en.jpg","width":1200,"height":1200,"caption":"Online Masterclass Traver and the Half Pass"},{"@type":"BreadcrumbList","@id":"https:\/\/www.aubenhausen-club.de\/en\/shop\/courses-programmes\/academy-en\/online-masterclass-travers-the-half-pass\/#breadcrumb","itemListElement":[{"@type":"ListItem","position":1,"name":"Shop","item":"https:\/\/www.aubenhausen-club.de\/en\/shop\/"},{"@type":"ListItem","position":2,"name":"Online Masterclass: Travers &#038; the Half Pass"}]},{"@type":"WebSite","@id":"https:\/\/www.aubenhausen-club.de\/#website","url":"https:\/\/www.aubenhausen-club.de\/","name":"Aubenhausen Club","description":"K\u00f6rperliche Fitness und mentale St\u00e4rke f\u00fcr Dressurreiter","publisher":{"@id":"https:\/\/www.aubenhausen-club.de\/#organization"},"potentialAction":[{"@type":"SearchAction","target":{"@type":"EntryPoint","urlTemplate":"https:\/\/www.aubenhausen-club.de\/?s={search_term_string}"},"query-input":{"@type":"PropertyValueSpecification","valueRequired":true,"valueName":"search_term_string"}}],"inLanguage":"en-US"},{"@type":"Organization","@id":"https:\/\/www.aubenhausen-club.de\/#organization","name":"Aubenhausen Club","url":"https:\/\/www.aubenhausen-club.de\/","logo":{"@type":"ImageObject","inLanguage":"en-US","@id":"https:\/\/www.aubenhausen-club.de\/#\/schema\/logo\/image\/","url":"https:\/\/www.aubenhausen-club.de\/wp-content\/uploads\/2020\/12\/AubenhausenClub-Grey.png","contentUrl":"https:\/\/www.aubenhausen-club.de\/wp-content\/uploads\/2020\/12\/AubenhausenClub-Grey.png","width":273,"height":273,"caption":"Aubenhausen Club"},"image":{"@id":"https:\/\/www.aubenhausen-club.de\/#\/schema\/logo\/image\/"}}]}},"_links":{"self":[{"href":"https:\/\/www.aubenhausen-club.de\/en\/wp-json\/wp\/v2\/product\/265873"}],"collection":[{"href":"https:\/\/www.aubenhausen-club.de\/en\/wp-json\/wp\/v2\/product"}],"about":[{"href":"https:\/\/www.aubenhausen-club.de\/en\/wp-json\/wp\/v2\/types\/product"}],"author":[{"embeddable":true,"href":"https:\/\/www.aubenhausen-club.de\/en\/wp-json\/wp\/v2\/users\/6"}],"wp:featuredmedia":[{"embeddable":true,"href":"https:\/\/www.aubenhausen-club.de\/en\/wp-json\/wp\/v2\/media\/265886"}],"wp:attachment":[{"href":"https:\/\/www.aubenhausen-club.de\/en\/wp-json\/wp\/v2\/media?parent=265873"}],"wp:term":[{"taxonomy":"product_brand","embeddable":true,"href":"https:\/\/www.aubenhausen-club.de\/en\/wp-json\/wp\/v2\/product_brand?post=265873"},{"taxonomy":"product_cat","embeddable":true,"href":"https:\/\/www.aubenhausen-club.de\/en\/wp-json\/wp\/v2\/product_cat?post=265873"},{"taxonomy":"product_tag","embeddable":true,"href":"https:\/\/www.aubenhausen-club.de\/en\/wp-json\/wp\/v2\/product_tag?post=265873"}],"curies":[{"name":"wp","href":"https:\/\/api.w.org\/{rel}","templated":true}]}}