{"id":338372,"date":"2022-04-08T16:12:55","date_gmt":"2024-09-20T09:16:29","guid":{"rendered":"https:\/\/www.aubenhausen-club.de\/?post_type=product&#038;p=338372"},"modified":"2024-10-18T15:21:16","modified_gmt":"2024-10-18T13:21:16","slug":"masterclass-our-way-to-the-piaffe","status":"publish","type":"product","link":"https:\/\/www.aubenhausen-club.de\/en\/shop\/courses-programmes\/academy-en\/masterclass-our-way-to-the-piaffe\/","title":{"rendered":"Online Masterclass: Our Way to the Piaffe"},"content":{"rendered":"<p>The piaffe is a high school movement and the pinnacle of collection. It teaches the lowering of the haunches, strengthes the back -, abdominal and hindquarter musculature, improves balance and coordination, trains the carrying capacity and improves suppleness.<br \/>\nWe like to prepare the piaffe in-hand at an early stage. The work-in hand offers a wonderful opportunity to build confidence and create variety.<\/p>\n<p>For many years, Jessica von Bredow-Werndl and Benjamin Werndl have been supported by Andreas Hausberger, Chief Rider at the Spanish Riding School. In this course, we will show you our way to the piaffe with different horses &#8211; from the very first steps in-hand all the way to a beautiful Grand Prix level piaffe.<\/p>\n<p>In the end, the piaffe should be light and dance-like, the horse should push off powerfully in perfect balance, lower the haunches, swing over the back and react proudly to the finest rider aids. The more logically we explain the piaffe to our horses and the better we prepare the lesson, the more confident and motivated they will be.<\/p>\n","protected":false},"excerpt":{"rendered":"<p>Every horse can learn the piaffe! The piaffe is a great exercise to build up muscles, strengthen the horse&#8217;s back, improve balance and collection and enhance flexibility and flexion of the hindquarters. Trained correctly, the piaffe gymnasticizes the whole horse and thus contributes to maintaining a healthy musculo-skeletal system.<\/p>\n","protected":false},"author":5225,"featured_media":338383,"template":"","meta":{"_acf_changed":false},"product_brand":[],"product_cat":[374,454],"product_tag":[607],"class_list":{"0":"post-338372","1":"product","2":"type-product","3":"status-publish","4":"has-post-thumbnail","6":"product_cat-academy-en","7":"product_cat-courses-programmes","8":"product_tag-academy-en","9":"entry","10":"has-media","12":"first","13":"instock","14":"virtual","15":"sold-individually","16":"taxable","17":"purchasable","18":"product-type-course"},"bundled_by":[],"bundle_stock_status":"instock","bundle_stock_quantity":null,"bundle_virtual":false,"bundle_layout":"","bundle_add_to_cart_form_location":"","bundle_editable_in_cart":false,"bundle_sold_individually_context":"","bundle_item_grouping":"","bundle_min_size":"","bundle_max_size":"","bundle_price":[],"bundled_items":[],"bundle_sell_ids":[],"group_of_quantity":0,"min_quantity":0,"max_quantity":"","exclude_order_quantity_value_rules":"no","exclude_category_quantity_rules":"no","combine_variations":"no","acf":[],"yoast_head":"<!-- This site is optimized with the Yoast SEO plugin v25.4 - https:\/\/yoast.com\/wordpress\/plugins\/seo\/ -->\n<title>Online Masterclass: Our Way to the Piaffe - Aubenhausen Club<\/title>\n<meta name=\"description\" content=\"Online Masterclass with Jessica von Bredow-Werndl: Our way to train the piaffe - from the very first steps in-hand to a beautiful Grand Prix level piaffe.\" \/>\n<meta name=\"robots\" content=\"index, follow, max-snippet:-1, max-image-preview:large, max-video-preview:-1\" \/>\n<link rel=\"canonical\" href=\"https:\/\/www.aubenhausen-club.de\/en\/shop\/courses-programmes\/academy-en\/masterclass-our-way-to-the-piaffe\/\" \/>\n<meta property=\"og:locale\" content=\"en_US\" \/>\n<meta property=\"og:type\" content=\"article\" \/>\n<meta property=\"og:title\" content=\"Online Masterclass: Our Way to the Piaffe - Aubenhausen Club\" \/>\n<meta property=\"og:description\" content=\"Online Masterclass with Jessica von Bredow-Werndl: Our way to train the piaffe - from the very first steps in-hand to a beautiful Grand Prix level piaffe.\" \/>\n<meta property=\"og:url\" content=\"https:\/\/www.aubenhausen-club.de\/en\/shop\/courses-programmes\/academy-en\/masterclass-our-way-to-the-piaffe\/\" \/>\n<meta property=\"og:site_name\" content=\"Aubenhausen Club\" \/>\n<meta property=\"article:modified_time\" content=\"2024-10-18T13:21:16+00:00\" \/>\n<meta property=\"og:image\" content=\"https:\/\/www.aubenhausen-club.de\/wp-content\/uploads\/2022\/04\/01_piaffe_en.jpg\" \/>\n\t<meta property=\"og:image:width\" content=\"1200\" \/>\n\t<meta property=\"og:image:height\" content=\"1200\" \/>\n\t<meta property=\"og:image:type\" content=\"image\/jpeg\" \/>\n<meta name=\"twitter:card\" content=\"summary_large_image\" \/>\n<meta name=\"twitter:label1\" content=\"Est. reading time\" \/>\n\t<meta name=\"twitter:data1\" content=\"2 minutes\" \/>\n<script type=\"application\/ld+json\" class=\"yoast-schema-graph\">{\"@context\":\"https:\/\/schema.org\",\"@graph\":[{\"@type\":\"WebPage\",\"@id\":\"https:\/\/www.aubenhausen-club.de\/en\/shop\/courses-programmes\/academy-en\/masterclass-our-way-to-the-piaffe\/\",\"url\":\"https:\/\/www.aubenhausen-club.de\/en\/shop\/courses-programmes\/academy-en\/masterclass-our-way-to-the-piaffe\/\",\"name\":\"Online Masterclass: Our Way to the Piaffe - Aubenhausen Club\",\"isPartOf\":{\"@id\":\"https:\/\/www.aubenhausen-club.de\/#website\"},\"primaryImageOfPage\":{\"@id\":\"https:\/\/www.aubenhausen-club.de\/en\/shop\/courses-programmes\/academy-en\/masterclass-our-way-to-the-piaffe\/#primaryimage\"},\"image\":{\"@id\":\"https:\/\/www.aubenhausen-club.de\/en\/shop\/courses-programmes\/academy-en\/masterclass-our-way-to-the-piaffe\/#primaryimage\"},\"thumbnailUrl\":\"https:\/\/www.aubenhausen-club.de\/wp-content\/uploads\/2022\/04\/01_piaffe_en.jpg\",\"datePublished\":\"2024-09-20T09:16:29+00:00\",\"dateModified\":\"2024-10-18T13:21:16+00:00\",\"description\":\"Online Masterclass with Jessica von Bredow-Werndl: Our way to train the piaffe - from the very first steps in-hand to a beautiful Grand Prix level piaffe.\",\"breadcrumb\":{\"@id\":\"https:\/\/www.aubenhausen-club.de\/en\/shop\/courses-programmes\/academy-en\/masterclass-our-way-to-the-piaffe\/#breadcrumb\"},\"inLanguage\":\"en-US\",\"potentialAction\":[{\"@type\":\"ReadAction\",\"target\":[\"https:\/\/www.aubenhausen-club.de\/en\/shop\/courses-programmes\/academy-en\/masterclass-our-way-to-the-piaffe\/\"]}]},{\"@type\":\"ImageObject\",\"inLanguage\":\"en-US\",\"@id\":\"https:\/\/www.aubenhausen-club.de\/en\/shop\/courses-programmes\/academy-en\/masterclass-our-way-to-the-piaffe\/#primaryimage\",\"url\":\"https:\/\/www.aubenhausen-club.de\/wp-content\/uploads\/2022\/04\/01_piaffe_en.jpg\",\"contentUrl\":\"https:\/\/www.aubenhausen-club.de\/wp-content\/uploads\/2022\/04\/01_piaffe_en.jpg\",\"width\":1200,\"height\":1200,\"caption\":\"Online Masterclass: Our Way to the Piaffe\"},{\"@type\":\"BreadcrumbList\",\"@id\":\"https:\/\/www.aubenhausen-club.de\/en\/shop\/courses-programmes\/academy-en\/masterclass-our-way-to-the-piaffe\/#breadcrumb\",\"itemListElement\":[{\"@type\":\"ListItem\",\"position\":1,\"name\":\"Shop\",\"item\":\"https:\/\/www.aubenhausen-club.de\/en\/shop\/\"},{\"@type\":\"ListItem\",\"position\":2,\"name\":\"Online Masterclass: Our Way to the Piaffe\"}]},{\"@type\":\"WebSite\",\"@id\":\"https:\/\/www.aubenhausen-club.de\/#website\",\"url\":\"https:\/\/www.aubenhausen-club.de\/\",\"name\":\"Aubenhausen Club\",\"description\":\"K\u00f6rperliche Fitness und mentale St\u00e4rke f\u00fcr Dressurreiter\",\"publisher\":{\"@id\":\"https:\/\/www.aubenhausen-club.de\/#organization\"},\"potentialAction\":[{\"@type\":\"SearchAction\",\"target\":{\"@type\":\"EntryPoint\",\"urlTemplate\":\"https:\/\/www.aubenhausen-club.de\/?s={search_term_string}\"},\"query-input\":{\"@type\":\"PropertyValueSpecification\",\"valueRequired\":true,\"valueName\":\"search_term_string\"}}],\"inLanguage\":\"en-US\"},{\"@type\":\"Organization\",\"@id\":\"https:\/\/www.aubenhausen-club.de\/#organization\",\"name\":\"Aubenhausen Club\",\"url\":\"https:\/\/www.aubenhausen-club.de\/\",\"logo\":{\"@type\":\"ImageObject\",\"inLanguage\":\"en-US\",\"@id\":\"https:\/\/www.aubenhausen-club.de\/#\/schema\/logo\/image\/\",\"url\":\"https:\/\/www.aubenhausen-club.de\/wp-content\/uploads\/2020\/12\/AubenhausenClub-Grey.png\",\"contentUrl\":\"https:\/\/www.aubenhausen-club.de\/wp-content\/uploads\/2020\/12\/AubenhausenClub-Grey.png\",\"width\":273,\"height\":273,\"caption\":\"Aubenhausen Club\"},\"image\":{\"@id\":\"https:\/\/www.aubenhausen-club.de\/#\/schema\/logo\/image\/\"}}]}<\/script>\n<!-- \/ Yoast SEO plugin. -->","yoast_head_json":{"title":"Online Masterclass: Our Way to the Piaffe - Aubenhausen Club","description":"Online Masterclass with Jessica von Bredow-Werndl: Our way to train the piaffe - from the very first steps in-hand to a beautiful Grand Prix level piaffe.","robots":{"index":"index","follow":"follow","max-snippet":"max-snippet:-1","max-image-preview":"max-image-preview:large","max-video-preview":"max-video-preview:-1"},"canonical":"https:\/\/www.aubenhausen-club.de\/en\/shop\/courses-programmes\/academy-en\/masterclass-our-way-to-the-piaffe\/","og_locale":"en_US","og_type":"article","og_title":"Online Masterclass: Our Way to the Piaffe - Aubenhausen Club","og_description":"Online Masterclass with Jessica von Bredow-Werndl: Our way to train the piaffe - from the very first steps in-hand to a beautiful Grand Prix level piaffe.","og_url":"https:\/\/www.aubenhausen-club.de\/en\/shop\/courses-programmes\/academy-en\/masterclass-our-way-to-the-piaffe\/","og_site_name":"Aubenhausen Club","article_modified_time":"2024-10-18T13:21:16+00:00","og_image":[{"width":1200,"height":1200,"url":"https:\/\/www.aubenhausen-club.de\/wp-content\/uploads\/2022\/04\/01_piaffe_en.jpg","type":"image\/jpeg"}],"twitter_card":"summary_large_image","twitter_misc":{"Est. reading time":"2 minutes"},"schema":{"@context":"https:\/\/schema.org","@graph":[{"@type":"WebPage","@id":"https:\/\/www.aubenhausen-club.de\/en\/shop\/courses-programmes\/academy-en\/masterclass-our-way-to-the-piaffe\/","url":"https:\/\/www.aubenhausen-club.de\/en\/shop\/courses-programmes\/academy-en\/masterclass-our-way-to-the-piaffe\/","name":"Online Masterclass: Our Way to the Piaffe - Aubenhausen Club","isPartOf":{"@id":"https:\/\/www.aubenhausen-club.de\/#website"},"primaryImageOfPage":{"@id":"https:\/\/www.aubenhausen-club.de\/en\/shop\/courses-programmes\/academy-en\/masterclass-our-way-to-the-piaffe\/#primaryimage"},"image":{"@id":"https:\/\/www.aubenhausen-club.de\/en\/shop\/courses-programmes\/academy-en\/masterclass-our-way-to-the-piaffe\/#primaryimage"},"thumbnailUrl":"https:\/\/www.aubenhausen-club.de\/wp-content\/uploads\/2022\/04\/01_piaffe_en.jpg","datePublished":"2024-09-20T09:16:29+00:00","dateModified":"2024-10-18T13:21:16+00:00","description":"Online Masterclass with Jessica von Bredow-Werndl: Our way to train the piaffe - from the very first steps in-hand to a beautiful Grand Prix level piaffe.","breadcrumb":{"@id":"https:\/\/www.aubenhausen-club.de\/en\/shop\/courses-programmes\/academy-en\/masterclass-our-way-to-the-piaffe\/#breadcrumb"},"inLanguage":"en-US","potentialAction":[{"@type":"ReadAction","target":["https:\/\/www.aubenhausen-club.de\/en\/shop\/courses-programmes\/academy-en\/masterclass-our-way-to-the-piaffe\/"]}]},{"@type":"ImageObject","inLanguage":"en-US","@id":"https:\/\/www.aubenhausen-club.de\/en\/shop\/courses-programmes\/academy-en\/masterclass-our-way-to-the-piaffe\/#primaryimage","url":"https:\/\/www.aubenhausen-club.de\/wp-content\/uploads\/2022\/04\/01_piaffe_en.jpg","contentUrl":"https:\/\/www.aubenhausen-club.de\/wp-content\/uploads\/2022\/04\/01_piaffe_en.jpg","width":1200,"height":1200,"caption":"Online Masterclass: Our Way to the Piaffe"},{"@type":"BreadcrumbList","@id":"https:\/\/www.aubenhausen-club.de\/en\/shop\/courses-programmes\/academy-en\/masterclass-our-way-to-the-piaffe\/#breadcrumb","itemListElement":[{"@type":"ListItem","position":1,"name":"Shop","item":"https:\/\/www.aubenhausen-club.de\/en\/shop\/"},{"@type":"ListItem","position":2,"name":"Online Masterclass: Our Way to the Piaffe"}]},{"@type":"WebSite","@id":"https:\/\/www.aubenhausen-club.de\/#website","url":"https:\/\/www.aubenhausen-club.de\/","name":"Aubenhausen Club","description":"K\u00f6rperliche Fitness und mentale St\u00e4rke f\u00fcr Dressurreiter","publisher":{"@id":"https:\/\/www.aubenhausen-club.de\/#organization"},"potentialAction":[{"@type":"SearchAction","target":{"@type":"EntryPoint","urlTemplate":"https:\/\/www.aubenhausen-club.de\/?s={search_term_string}"},"query-input":{"@type":"PropertyValueSpecification","valueRequired":true,"valueName":"search_term_string"}}],"inLanguage":"en-US"},{"@type":"Organization","@id":"https:\/\/www.aubenhausen-club.de\/#organization","name":"Aubenhausen Club","url":"https:\/\/www.aubenhausen-club.de\/","logo":{"@type":"ImageObject","inLanguage":"en-US","@id":"https:\/\/www.aubenhausen-club.de\/#\/schema\/logo\/image\/","url":"https:\/\/www.aubenhausen-club.de\/wp-content\/uploads\/2020\/12\/AubenhausenClub-Grey.png","contentUrl":"https:\/\/www.aubenhausen-club.de\/wp-content\/uploads\/2020\/12\/AubenhausenClub-Grey.png","width":273,"height":273,"caption":"Aubenhausen Club"},"image":{"@id":"https:\/\/www.aubenhausen-club.de\/#\/schema\/logo\/image\/"}}]}},"_links":{"self":[{"href":"https:\/\/www.aubenhausen-club.de\/en\/wp-json\/wp\/v2\/product\/338372"}],"collection":[{"href":"https:\/\/www.aubenhausen-club.de\/en\/wp-json\/wp\/v2\/product"}],"about":[{"href":"https:\/\/www.aubenhausen-club.de\/en\/wp-json\/wp\/v2\/types\/product"}],"author":[{"embeddable":true,"href":"https:\/\/www.aubenhausen-club.de\/en\/wp-json\/wp\/v2\/users\/5225"}],"wp:featuredmedia":[{"embeddable":true,"href":"https:\/\/www.aubenhausen-club.de\/en\/wp-json\/wp\/v2\/media\/338383"}],"wp:attachment":[{"href":"https:\/\/www.aubenhausen-club.de\/en\/wp-json\/wp\/v2\/media?parent=338372"}],"wp:term":[{"taxonomy":"product_brand","embeddable":true,"href":"https:\/\/www.aubenhausen-club.de\/en\/wp-json\/wp\/v2\/product_brand?post=338372"},{"taxonomy":"product_cat","embeddable":true,"href":"https:\/\/www.aubenhausen-club.de\/en\/wp-json\/wp\/v2\/product_cat?post=338372"},{"taxonomy":"product_tag","embeddable":true,"href":"https:\/\/www.aubenhausen-club.de\/en\/wp-json\/wp\/v2\/product_tag?post=338372"}],"curies":[{"name":"wp","href":"https:\/\/api.w.org\/{rel}","templated":true}]}}