{"id":351475,"date":"2024-11-18T14:57:29","date_gmt":"2024-11-18T14:19:38","guid":{"rendered":"https:\/\/www.aubenhausen-club.de\/?post_type=product&#038;p=351475"},"modified":"2024-11-18T19:28:19","modified_gmt":"2024-11-18T18:28:19","slug":"roeckl-millero-glove","status":"publish","type":"product","link":"https:\/\/www.aubenhausen-club.de\/en\/shop\/for-riders\/roeckl-en\/roeckl-millero-glove\/","title":{"rendered":"Roeckl MILLERO Glove"},"content":{"rendered":"<p>If you&#8217;re less into glitter and prefer a more sustainable option, the Roeckl MILLERO Glove is the perfect choice. The MILLERO is one of the most popular riding gloves in our team! A sophisticated design, top-rate functionality, and superior materials &#8211; the Roeckl Sports MILLERO is a premium riding glove. <\/p>\n<p>The backhand features a combination of structured WaffleFlex and airy, lightweight Micro Mesh Eco made from 84% recycled polyamide and 16% recycled spandex, which allows for excellent air circulation and pleasant wear comfort from the wrist to the fingertips. Sewn with ECONYL\u00ae yarn produced from nylon waste such as recycled fishing nets and bearing the \u201cHigh Recycling Ratio\u201d label for its especially high ratio of recycled materials &#8211; the MILLERO is top of its class. <\/p>\n<p>The palm made from soft, elastic Sense Grip truly lives up to its claims &#8211; optimum grip and full tactility on the reins. The exclusive COMFORT-CUT ensures a perfectly snug fit and guarantees that the glove stays in place during movement. In addition, the glove features an intricately adorned fastener with a Roeckl Sports hand logo application. Both index finger and thumb are TOUCHSCREEN COMPATIBLE, allowing you to use your smartphone without having to take off your gloves. Does not contain leather.<\/p>\n","protected":false},"excerpt":{"rendered":"<p>Sustainable &amp; sporty: The MILLERO riding glove bears the \u201cHigh Recycling Ratio\u201d label for a particularly high proportion of recycled materials, is touchscreen compatible &amp; impresses with its optimum fit.<\/p>\n","protected":false},"author":6,"featured_media":351504,"template":"","meta":{"_acf_changed":false},"product_brand":[],"product_cat":[401,794,480],"product_tag":[607,694],"class_list":{"0":"post-351475","1":"product","2":"type-product","3":"status-publish","4":"has-post-thumbnail","6":"product_cat-for-riders","7":"product_cat-roeckl-en","8":"product_cat-sale","9":"product_tag-academy-en","10":"product_tag-reiter-en","11":"entry","12":"has-media","14":"first","15":"outofstock","16":"taxable","17":"shipping-taxable","18":"purchasable","19":"product-type-variable"},"bundled_by":[],"bundle_stock_status":"outofstock","bundle_stock_quantity":null,"bundle_virtual":false,"bundle_layout":"","bundle_add_to_cart_form_location":"","bundle_editable_in_cart":false,"bundle_sold_individually_context":"","bundle_item_grouping":"","bundle_min_size":"","bundle_max_size":"","bundle_price":[],"bundled_items":[],"bundle_sell_ids":[],"group_of_quantity":0,"min_quantity":0,"max_quantity":"","exclude_order_quantity_value_rules":"no","exclude_category_quantity_rules":"no","combine_variations":"no","acf":[],"yoast_head":"<!-- This site is optimized with the Yoast SEO plugin v25.4 - https:\/\/yoast.com\/wordpress\/plugins\/seo\/ -->\n<title>Roeckl MILLERO Glove - Aubenhausen Club<\/title>\n<meta name=\"description\" content=\"The Roeckl MILLERO glove bears the \u201cHigh Recycling Ratio\u201d label, it is TOUCHSCREEN COMPATIBLE &amp; impresses with optimum grip and full tactility.\" \/>\n<meta name=\"robots\" content=\"index, follow, max-snippet:-1, max-image-preview:large, max-video-preview:-1\" \/>\n<link rel=\"canonical\" href=\"https:\/\/www.aubenhausen-club.de\/en\/shop\/for-riders\/roeckl-en\/roeckl-millero-glove\/\" \/>\n<meta property=\"og:locale\" content=\"en_US\" \/>\n<meta property=\"og:type\" content=\"article\" \/>\n<meta property=\"og:title\" content=\"Roeckl MILLERO Glove - Aubenhausen Club\" \/>\n<meta property=\"og:description\" content=\"The Roeckl MILLERO glove bears the \u201cHigh Recycling Ratio\u201d label, it is TOUCHSCREEN COMPATIBLE &amp; impresses with optimum grip and full tactility.\" \/>\n<meta property=\"og:url\" content=\"https:\/\/www.aubenhausen-club.de\/en\/shop\/for-riders\/roeckl-en\/roeckl-millero-glove\/\" \/>\n<meta property=\"og:site_name\" content=\"Aubenhausen Club\" \/>\n<meta property=\"article:modified_time\" content=\"2024-11-18T18:28:19+00:00\" \/>\n<meta property=\"og:image\" content=\"https:\/\/www.aubenhausen-club.de\/wp-content\/uploads\/2024\/11\/01-millero.jpg\" \/>\n\t<meta property=\"og:image:width\" content=\"1200\" \/>\n\t<meta property=\"og:image:height\" content=\"1200\" \/>\n\t<meta property=\"og:image:type\" content=\"image\/jpeg\" \/>\n<meta name=\"twitter:card\" content=\"summary_large_image\" \/>\n<meta name=\"twitter:label1\" content=\"Est. reading time\" \/>\n\t<meta name=\"twitter:data1\" content=\"2 minutes\" \/>\n<script type=\"application\/ld+json\" class=\"yoast-schema-graph\">{\"@context\":\"https:\/\/schema.org\",\"@graph\":[{\"@type\":\"WebPage\",\"@id\":\"https:\/\/www.aubenhausen-club.de\/en\/shop\/for-riders\/roeckl-en\/roeckl-millero-glove\/\",\"url\":\"https:\/\/www.aubenhausen-club.de\/en\/shop\/for-riders\/roeckl-en\/roeckl-millero-glove\/\",\"name\":\"Roeckl MILLERO Glove - Aubenhausen Club\",\"isPartOf\":{\"@id\":\"https:\/\/www.aubenhausen-club.de\/#website\"},\"primaryImageOfPage\":{\"@id\":\"https:\/\/www.aubenhausen-club.de\/en\/shop\/for-riders\/roeckl-en\/roeckl-millero-glove\/#primaryimage\"},\"image\":{\"@id\":\"https:\/\/www.aubenhausen-club.de\/en\/shop\/for-riders\/roeckl-en\/roeckl-millero-glove\/#primaryimage\"},\"thumbnailUrl\":\"https:\/\/www.aubenhausen-club.de\/wp-content\/uploads\/2024\/11\/01-millero.jpg\",\"datePublished\":\"2024-11-18T14:19:38+00:00\",\"dateModified\":\"2024-11-18T18:28:19+00:00\",\"description\":\"The Roeckl MILLERO glove bears the \u201cHigh Recycling Ratio\u201d label, it is TOUCHSCREEN COMPATIBLE & impresses with optimum grip and full tactility.\",\"breadcrumb\":{\"@id\":\"https:\/\/www.aubenhausen-club.de\/en\/shop\/for-riders\/roeckl-en\/roeckl-millero-glove\/#breadcrumb\"},\"inLanguage\":\"en-US\",\"potentialAction\":[{\"@type\":\"ReadAction\",\"target\":[\"https:\/\/www.aubenhausen-club.de\/en\/shop\/for-riders\/roeckl-en\/roeckl-millero-glove\/\"]}]},{\"@type\":\"ImageObject\",\"inLanguage\":\"en-US\",\"@id\":\"https:\/\/www.aubenhausen-club.de\/en\/shop\/for-riders\/roeckl-en\/roeckl-millero-glove\/#primaryimage\",\"url\":\"https:\/\/www.aubenhausen-club.de\/wp-content\/uploads\/2024\/11\/01-millero.jpg\",\"contentUrl\":\"https:\/\/www.aubenhausen-club.de\/wp-content\/uploads\/2024\/11\/01-millero.jpg\",\"width\":1200,\"height\":1200,\"caption\":\"Roeckl Millero\"},{\"@type\":\"BreadcrumbList\",\"@id\":\"https:\/\/www.aubenhausen-club.de\/en\/shop\/for-riders\/roeckl-en\/roeckl-millero-glove\/#breadcrumb\",\"itemListElement\":[{\"@type\":\"ListItem\",\"position\":1,\"name\":\"Shop\",\"item\":\"https:\/\/www.aubenhausen-club.de\/en\/shop\/\"},{\"@type\":\"ListItem\",\"position\":2,\"name\":\"Roeckl MILLERO Glove\"}]},{\"@type\":\"WebSite\",\"@id\":\"https:\/\/www.aubenhausen-club.de\/#website\",\"url\":\"https:\/\/www.aubenhausen-club.de\/\",\"name\":\"Aubenhausen Club\",\"description\":\"K\u00f6rperliche Fitness und mentale St\u00e4rke f\u00fcr Dressurreiter\",\"publisher\":{\"@id\":\"https:\/\/www.aubenhausen-club.de\/#organization\"},\"potentialAction\":[{\"@type\":\"SearchAction\",\"target\":{\"@type\":\"EntryPoint\",\"urlTemplate\":\"https:\/\/www.aubenhausen-club.de\/?s={search_term_string}\"},\"query-input\":{\"@type\":\"PropertyValueSpecification\",\"valueRequired\":true,\"valueName\":\"search_term_string\"}}],\"inLanguage\":\"en-US\"},{\"@type\":\"Organization\",\"@id\":\"https:\/\/www.aubenhausen-club.de\/#organization\",\"name\":\"Aubenhausen Club\",\"url\":\"https:\/\/www.aubenhausen-club.de\/\",\"logo\":{\"@type\":\"ImageObject\",\"inLanguage\":\"en-US\",\"@id\":\"https:\/\/www.aubenhausen-club.de\/#\/schema\/logo\/image\/\",\"url\":\"https:\/\/www.aubenhausen-club.de\/wp-content\/uploads\/2020\/12\/AubenhausenClub-Grey.png\",\"contentUrl\":\"https:\/\/www.aubenhausen-club.de\/wp-content\/uploads\/2020\/12\/AubenhausenClub-Grey.png\",\"width\":273,\"height\":273,\"caption\":\"Aubenhausen Club\"},\"image\":{\"@id\":\"https:\/\/www.aubenhausen-club.de\/#\/schema\/logo\/image\/\"}}]}<\/script>\n<!-- \/ Yoast SEO plugin. -->","yoast_head_json":{"title":"Roeckl MILLERO Glove - Aubenhausen Club","description":"The Roeckl MILLERO glove bears the \u201cHigh Recycling Ratio\u201d label, it is TOUCHSCREEN COMPATIBLE & impresses with optimum grip and full tactility.","robots":{"index":"index","follow":"follow","max-snippet":"max-snippet:-1","max-image-preview":"max-image-preview:large","max-video-preview":"max-video-preview:-1"},"canonical":"https:\/\/www.aubenhausen-club.de\/en\/shop\/for-riders\/roeckl-en\/roeckl-millero-glove\/","og_locale":"en_US","og_type":"article","og_title":"Roeckl MILLERO Glove - Aubenhausen Club","og_description":"The Roeckl MILLERO glove bears the \u201cHigh Recycling Ratio\u201d label, it is TOUCHSCREEN COMPATIBLE & impresses with optimum grip and full tactility.","og_url":"https:\/\/www.aubenhausen-club.de\/en\/shop\/for-riders\/roeckl-en\/roeckl-millero-glove\/","og_site_name":"Aubenhausen Club","article_modified_time":"2024-11-18T18:28:19+00:00","og_image":[{"width":1200,"height":1200,"url":"https:\/\/www.aubenhausen-club.de\/wp-content\/uploads\/2024\/11\/01-millero.jpg","type":"image\/jpeg"}],"twitter_card":"summary_large_image","twitter_misc":{"Est. reading time":"2 minutes"},"schema":{"@context":"https:\/\/schema.org","@graph":[{"@type":"WebPage","@id":"https:\/\/www.aubenhausen-club.de\/en\/shop\/for-riders\/roeckl-en\/roeckl-millero-glove\/","url":"https:\/\/www.aubenhausen-club.de\/en\/shop\/for-riders\/roeckl-en\/roeckl-millero-glove\/","name":"Roeckl MILLERO Glove - Aubenhausen Club","isPartOf":{"@id":"https:\/\/www.aubenhausen-club.de\/#website"},"primaryImageOfPage":{"@id":"https:\/\/www.aubenhausen-club.de\/en\/shop\/for-riders\/roeckl-en\/roeckl-millero-glove\/#primaryimage"},"image":{"@id":"https:\/\/www.aubenhausen-club.de\/en\/shop\/for-riders\/roeckl-en\/roeckl-millero-glove\/#primaryimage"},"thumbnailUrl":"https:\/\/www.aubenhausen-club.de\/wp-content\/uploads\/2024\/11\/01-millero.jpg","datePublished":"2024-11-18T14:19:38+00:00","dateModified":"2024-11-18T18:28:19+00:00","description":"The Roeckl MILLERO glove bears the \u201cHigh Recycling Ratio\u201d label, it is TOUCHSCREEN COMPATIBLE & impresses with optimum grip and full tactility.","breadcrumb":{"@id":"https:\/\/www.aubenhausen-club.de\/en\/shop\/for-riders\/roeckl-en\/roeckl-millero-glove\/#breadcrumb"},"inLanguage":"en-US","potentialAction":[{"@type":"ReadAction","target":["https:\/\/www.aubenhausen-club.de\/en\/shop\/for-riders\/roeckl-en\/roeckl-millero-glove\/"]}]},{"@type":"ImageObject","inLanguage":"en-US","@id":"https:\/\/www.aubenhausen-club.de\/en\/shop\/for-riders\/roeckl-en\/roeckl-millero-glove\/#primaryimage","url":"https:\/\/www.aubenhausen-club.de\/wp-content\/uploads\/2024\/11\/01-millero.jpg","contentUrl":"https:\/\/www.aubenhausen-club.de\/wp-content\/uploads\/2024\/11\/01-millero.jpg","width":1200,"height":1200,"caption":"Roeckl Millero"},{"@type":"BreadcrumbList","@id":"https:\/\/www.aubenhausen-club.de\/en\/shop\/for-riders\/roeckl-en\/roeckl-millero-glove\/#breadcrumb","itemListElement":[{"@type":"ListItem","position":1,"name":"Shop","item":"https:\/\/www.aubenhausen-club.de\/en\/shop\/"},{"@type":"ListItem","position":2,"name":"Roeckl MILLERO Glove"}]},{"@type":"WebSite","@id":"https:\/\/www.aubenhausen-club.de\/#website","url":"https:\/\/www.aubenhausen-club.de\/","name":"Aubenhausen Club","description":"K\u00f6rperliche Fitness und mentale St\u00e4rke f\u00fcr Dressurreiter","publisher":{"@id":"https:\/\/www.aubenhausen-club.de\/#organization"},"potentialAction":[{"@type":"SearchAction","target":{"@type":"EntryPoint","urlTemplate":"https:\/\/www.aubenhausen-club.de\/?s={search_term_string}"},"query-input":{"@type":"PropertyValueSpecification","valueRequired":true,"valueName":"search_term_string"}}],"inLanguage":"en-US"},{"@type":"Organization","@id":"https:\/\/www.aubenhausen-club.de\/#organization","name":"Aubenhausen Club","url":"https:\/\/www.aubenhausen-club.de\/","logo":{"@type":"ImageObject","inLanguage":"en-US","@id":"https:\/\/www.aubenhausen-club.de\/#\/schema\/logo\/image\/","url":"https:\/\/www.aubenhausen-club.de\/wp-content\/uploads\/2020\/12\/AubenhausenClub-Grey.png","contentUrl":"https:\/\/www.aubenhausen-club.de\/wp-content\/uploads\/2020\/12\/AubenhausenClub-Grey.png","width":273,"height":273,"caption":"Aubenhausen Club"},"image":{"@id":"https:\/\/www.aubenhausen-club.de\/#\/schema\/logo\/image\/"}}]}},"_links":{"self":[{"href":"https:\/\/www.aubenhausen-club.de\/en\/wp-json\/wp\/v2\/product\/351475"}],"collection":[{"href":"https:\/\/www.aubenhausen-club.de\/en\/wp-json\/wp\/v2\/product"}],"about":[{"href":"https:\/\/www.aubenhausen-club.de\/en\/wp-json\/wp\/v2\/types\/product"}],"author":[{"embeddable":true,"href":"https:\/\/www.aubenhausen-club.de\/en\/wp-json\/wp\/v2\/users\/6"}],"wp:featuredmedia":[{"embeddable":true,"href":"https:\/\/www.aubenhausen-club.de\/en\/wp-json\/wp\/v2\/media\/351504"}],"wp:attachment":[{"href":"https:\/\/www.aubenhausen-club.de\/en\/wp-json\/wp\/v2\/media?parent=351475"}],"wp:term":[{"taxonomy":"product_brand","embeddable":true,"href":"https:\/\/www.aubenhausen-club.de\/en\/wp-json\/wp\/v2\/product_brand?post=351475"},{"taxonomy":"product_cat","embeddable":true,"href":"https:\/\/www.aubenhausen-club.de\/en\/wp-json\/wp\/v2\/product_cat?post=351475"},{"taxonomy":"product_tag","embeddable":true,"href":"https:\/\/www.aubenhausen-club.de\/en\/wp-json\/wp\/v2\/product_tag?post=351475"}],"curies":[{"name":"wp","href":"https:\/\/api.w.org\/{rel}","templated":true}]}}