{"id":351485,"date":"2023-07-11T13:09:57","date_gmt":"2023-07-11T11:09:57","guid":{"rendered":"https:\/\/www.aubenhausen-club.de\/?post_type=product&#038;p=351485"},"modified":"2025-11-14T11:21:16","modified_gmt":"2025-11-14T10:21:16","slug":"hopperpad-dressage","status":"publish","type":"product","link":"https:\/\/www.aubenhausen-club.de\/en\/shop\/for-horses\/hopperpad-dressage\/","title":{"rendered":"HopperPad Dressage"},"content":{"rendered":"<p>The HopperPad Dressage is an innovation among saddle pads for dressage. It offers effective pressure equalization, optimum balance and an undisturbed connection to the horse. The special foam combination enables perfect adaptation to the horse&#8217;s back on the one hand and a proven reduction in pressure on the other.<\/p>\n<p>The connection between horse and rider remains undisturbed, yet imbalances are compensated for. The HopperPad Dressage complements your equipment with a product that does not lose quality even with long-term use.<\/p>\n<h3>The advantages at a glance<\/h3>\n<ul class=\"check-list\">\n<li>Effective pressure reduction<\/li>\n<li>Compensating effect for imbalances<\/li>\n<li>Breathable material<\/li>\n<li>Undisturbed connection to the horse<\/li>\n<li>Durable special foam<\/li>\n<\/ul>\n","protected":false},"excerpt":{"rendered":"<p>The HopperPad Dressage is a unique saddle pad for dressage. The pad offers proven pressure reduction and optimum adaptation to the horse&#8217;s back.<\/p>\n","protected":false},"author":6,"featured_media":236390,"template":"","meta":{"_acf_changed":false},"product_brand":[],"product_cat":[452],"product_tag":[607,797],"class_list":{"0":"post-351485","1":"product","2":"type-product","3":"status-publish","4":"has-post-thumbnail","6":"product_cat-for-horses","7":"product_tag-academy-en","8":"product_tag-pferd-en","9":"entry","10":"has-media","12":"first","13":"instock","14":"taxable","15":"shipping-taxable","16":"purchasable","17":"product-type-variable"},"bundled_by":[],"bundle_stock_status":"instock","bundle_stock_quantity":null,"bundle_virtual":false,"bundle_layout":"","bundle_add_to_cart_form_location":"","bundle_editable_in_cart":false,"bundle_sold_individually_context":"","bundle_item_grouping":"","bundle_min_size":"","bundle_max_size":"","bundle_price":[],"bundled_items":[],"bundle_sell_ids":[],"group_of_quantity":0,"min_quantity":0,"max_quantity":"","exclude_order_quantity_value_rules":"no","exclude_category_quantity_rules":"no","combine_variations":"no","acf":[],"yoast_head":"<!-- This site is optimized with the Yoast SEO plugin v25.4 - https:\/\/yoast.com\/wordpress\/plugins\/seo\/ -->\n<title>HopperPad Dressage - Aubenhausen Club<\/title>\n<meta name=\"description\" content=\"The HopperPad Dressage is a unique saddle pad for dressage. Recommended by dressage rider Jessica von Bredow-Werndl.\" \/>\n<meta name=\"robots\" content=\"index, follow, max-snippet:-1, max-image-preview:large, max-video-preview:-1\" \/>\n<link rel=\"canonical\" href=\"https:\/\/www.aubenhausen-club.de\/en\/shop\/for-horses\/hopperpad-dressage\/\" \/>\n<meta property=\"og:locale\" content=\"en_US\" \/>\n<meta property=\"og:type\" content=\"article\" \/>\n<meta property=\"og:title\" content=\"HopperPad Dressage - Aubenhausen Club\" \/>\n<meta property=\"og:description\" content=\"The HopperPad Dressage is a unique saddle pad for dressage. Recommended by dressage rider Jessica von Bredow-Werndl.\" \/>\n<meta property=\"og:url\" content=\"https:\/\/www.aubenhausen-club.de\/en\/shop\/for-horses\/hopperpad-dressage\/\" \/>\n<meta property=\"og:site_name\" content=\"Aubenhausen Club\" \/>\n<meta property=\"article:modified_time\" content=\"2025-11-14T10:21:16+00:00\" \/>\n<meta property=\"og:image\" content=\"https:\/\/www.aubenhausen-club.de\/wp-content\/uploads\/2023\/07\/05-pad.jpg\" \/>\n\t<meta property=\"og:image:width\" content=\"1200\" \/>\n\t<meta property=\"og:image:height\" content=\"1200\" \/>\n\t<meta property=\"og:image:type\" content=\"image\/jpeg\" \/>\n<meta name=\"twitter:card\" content=\"summary_large_image\" \/>\n<meta name=\"twitter:label1\" content=\"Est. reading time\" \/>\n\t<meta name=\"twitter:data1\" content=\"1 minute\" \/>\n<script type=\"application\/ld+json\" class=\"yoast-schema-graph\">{\"@context\":\"https:\/\/schema.org\",\"@graph\":[{\"@type\":\"WebPage\",\"@id\":\"https:\/\/www.aubenhausen-club.de\/en\/shop\/for-horses\/hopperpad-dressage\/\",\"url\":\"https:\/\/www.aubenhausen-club.de\/en\/shop\/for-horses\/hopperpad-dressage\/\",\"name\":\"HopperPad Dressage - Aubenhausen Club\",\"isPartOf\":{\"@id\":\"https:\/\/www.aubenhausen-club.de\/#website\"},\"primaryImageOfPage\":{\"@id\":\"https:\/\/www.aubenhausen-club.de\/en\/shop\/for-horses\/hopperpad-dressage\/#primaryimage\"},\"image\":{\"@id\":\"https:\/\/www.aubenhausen-club.de\/en\/shop\/for-horses\/hopperpad-dressage\/#primaryimage\"},\"thumbnailUrl\":\"https:\/\/www.aubenhausen-club.de\/wp-content\/uploads\/2023\/07\/05-pad.jpg\",\"datePublished\":\"2023-07-11T11:09:57+00:00\",\"dateModified\":\"2025-11-14T10:21:16+00:00\",\"description\":\"The HopperPad Dressage is a unique saddle pad for dressage. Recommended by dressage rider Jessica von Bredow-Werndl.\",\"breadcrumb\":{\"@id\":\"https:\/\/www.aubenhausen-club.de\/en\/shop\/for-horses\/hopperpad-dressage\/#breadcrumb\"},\"inLanguage\":\"en-US\",\"potentialAction\":[{\"@type\":\"ReadAction\",\"target\":[\"https:\/\/www.aubenhausen-club.de\/en\/shop\/for-horses\/hopperpad-dressage\/\"]}]},{\"@type\":\"ImageObject\",\"inLanguage\":\"en-US\",\"@id\":\"https:\/\/www.aubenhausen-club.de\/en\/shop\/for-horses\/hopperpad-dressage\/#primaryimage\",\"url\":\"https:\/\/www.aubenhausen-club.de\/wp-content\/uploads\/2023\/07\/05-pad.jpg\",\"contentUrl\":\"https:\/\/www.aubenhausen-club.de\/wp-content\/uploads\/2023\/07\/05-pad.jpg\",\"width\":1200,\"height\":1200,\"caption\":\"HopperPad Dressage\"},{\"@type\":\"BreadcrumbList\",\"@id\":\"https:\/\/www.aubenhausen-club.de\/en\/shop\/for-horses\/hopperpad-dressage\/#breadcrumb\",\"itemListElement\":[{\"@type\":\"ListItem\",\"position\":1,\"name\":\"Shop\",\"item\":\"https:\/\/www.aubenhausen-club.de\/en\/shop\/\"},{\"@type\":\"ListItem\",\"position\":2,\"name\":\"HopperPad Dressage\"}]},{\"@type\":\"WebSite\",\"@id\":\"https:\/\/www.aubenhausen-club.de\/#website\",\"url\":\"https:\/\/www.aubenhausen-club.de\/\",\"name\":\"Aubenhausen Club\",\"description\":\"K\u00f6rperliche Fitness und mentale St\u00e4rke f\u00fcr Dressurreiter\",\"publisher\":{\"@id\":\"https:\/\/www.aubenhausen-club.de\/#organization\"},\"potentialAction\":[{\"@type\":\"SearchAction\",\"target\":{\"@type\":\"EntryPoint\",\"urlTemplate\":\"https:\/\/www.aubenhausen-club.de\/?s={search_term_string}\"},\"query-input\":{\"@type\":\"PropertyValueSpecification\",\"valueRequired\":true,\"valueName\":\"search_term_string\"}}],\"inLanguage\":\"en-US\"},{\"@type\":\"Organization\",\"@id\":\"https:\/\/www.aubenhausen-club.de\/#organization\",\"name\":\"Aubenhausen Club\",\"url\":\"https:\/\/www.aubenhausen-club.de\/\",\"logo\":{\"@type\":\"ImageObject\",\"inLanguage\":\"en-US\",\"@id\":\"https:\/\/www.aubenhausen-club.de\/#\/schema\/logo\/image\/\",\"url\":\"https:\/\/www.aubenhausen-club.de\/wp-content\/uploads\/2020\/12\/AubenhausenClub-Grey.png\",\"contentUrl\":\"https:\/\/www.aubenhausen-club.de\/wp-content\/uploads\/2020\/12\/AubenhausenClub-Grey.png\",\"width\":273,\"height\":273,\"caption\":\"Aubenhausen Club\"},\"image\":{\"@id\":\"https:\/\/www.aubenhausen-club.de\/#\/schema\/logo\/image\/\"}}]}<\/script>\n<!-- \/ Yoast SEO plugin. -->","yoast_head_json":{"title":"HopperPad Dressage - Aubenhausen Club","description":"The HopperPad Dressage is a unique saddle pad for dressage. Recommended by dressage rider Jessica von Bredow-Werndl.","robots":{"index":"index","follow":"follow","max-snippet":"max-snippet:-1","max-image-preview":"max-image-preview:large","max-video-preview":"max-video-preview:-1"},"canonical":"https:\/\/www.aubenhausen-club.de\/en\/shop\/for-horses\/hopperpad-dressage\/","og_locale":"en_US","og_type":"article","og_title":"HopperPad Dressage - Aubenhausen Club","og_description":"The HopperPad Dressage is a unique saddle pad for dressage. Recommended by dressage rider Jessica von Bredow-Werndl.","og_url":"https:\/\/www.aubenhausen-club.de\/en\/shop\/for-horses\/hopperpad-dressage\/","og_site_name":"Aubenhausen Club","article_modified_time":"2025-11-14T10:21:16+00:00","og_image":[{"width":1200,"height":1200,"url":"https:\/\/www.aubenhausen-club.de\/wp-content\/uploads\/2023\/07\/05-pad.jpg","type":"image\/jpeg"}],"twitter_card":"summary_large_image","twitter_misc":{"Est. reading time":"1 minute"},"schema":{"@context":"https:\/\/schema.org","@graph":[{"@type":"WebPage","@id":"https:\/\/www.aubenhausen-club.de\/en\/shop\/for-horses\/hopperpad-dressage\/","url":"https:\/\/www.aubenhausen-club.de\/en\/shop\/for-horses\/hopperpad-dressage\/","name":"HopperPad Dressage - Aubenhausen Club","isPartOf":{"@id":"https:\/\/www.aubenhausen-club.de\/#website"},"primaryImageOfPage":{"@id":"https:\/\/www.aubenhausen-club.de\/en\/shop\/for-horses\/hopperpad-dressage\/#primaryimage"},"image":{"@id":"https:\/\/www.aubenhausen-club.de\/en\/shop\/for-horses\/hopperpad-dressage\/#primaryimage"},"thumbnailUrl":"https:\/\/www.aubenhausen-club.de\/wp-content\/uploads\/2023\/07\/05-pad.jpg","datePublished":"2023-07-11T11:09:57+00:00","dateModified":"2025-11-14T10:21:16+00:00","description":"The HopperPad Dressage is a unique saddle pad for dressage. Recommended by dressage rider Jessica von Bredow-Werndl.","breadcrumb":{"@id":"https:\/\/www.aubenhausen-club.de\/en\/shop\/for-horses\/hopperpad-dressage\/#breadcrumb"},"inLanguage":"en-US","potentialAction":[{"@type":"ReadAction","target":["https:\/\/www.aubenhausen-club.de\/en\/shop\/for-horses\/hopperpad-dressage\/"]}]},{"@type":"ImageObject","inLanguage":"en-US","@id":"https:\/\/www.aubenhausen-club.de\/en\/shop\/for-horses\/hopperpad-dressage\/#primaryimage","url":"https:\/\/www.aubenhausen-club.de\/wp-content\/uploads\/2023\/07\/05-pad.jpg","contentUrl":"https:\/\/www.aubenhausen-club.de\/wp-content\/uploads\/2023\/07\/05-pad.jpg","width":1200,"height":1200,"caption":"HopperPad Dressage"},{"@type":"BreadcrumbList","@id":"https:\/\/www.aubenhausen-club.de\/en\/shop\/for-horses\/hopperpad-dressage\/#breadcrumb","itemListElement":[{"@type":"ListItem","position":1,"name":"Shop","item":"https:\/\/www.aubenhausen-club.de\/en\/shop\/"},{"@type":"ListItem","position":2,"name":"HopperPad Dressage"}]},{"@type":"WebSite","@id":"https:\/\/www.aubenhausen-club.de\/#website","url":"https:\/\/www.aubenhausen-club.de\/","name":"Aubenhausen Club","description":"K\u00f6rperliche Fitness und mentale St\u00e4rke f\u00fcr Dressurreiter","publisher":{"@id":"https:\/\/www.aubenhausen-club.de\/#organization"},"potentialAction":[{"@type":"SearchAction","target":{"@type":"EntryPoint","urlTemplate":"https:\/\/www.aubenhausen-club.de\/?s={search_term_string}"},"query-input":{"@type":"PropertyValueSpecification","valueRequired":true,"valueName":"search_term_string"}}],"inLanguage":"en-US"},{"@type":"Organization","@id":"https:\/\/www.aubenhausen-club.de\/#organization","name":"Aubenhausen Club","url":"https:\/\/www.aubenhausen-club.de\/","logo":{"@type":"ImageObject","inLanguage":"en-US","@id":"https:\/\/www.aubenhausen-club.de\/#\/schema\/logo\/image\/","url":"https:\/\/www.aubenhausen-club.de\/wp-content\/uploads\/2020\/12\/AubenhausenClub-Grey.png","contentUrl":"https:\/\/www.aubenhausen-club.de\/wp-content\/uploads\/2020\/12\/AubenhausenClub-Grey.png","width":273,"height":273,"caption":"Aubenhausen Club"},"image":{"@id":"https:\/\/www.aubenhausen-club.de\/#\/schema\/logo\/image\/"}}]}},"_links":{"self":[{"href":"https:\/\/www.aubenhausen-club.de\/en\/wp-json\/wp\/v2\/product\/351485"}],"collection":[{"href":"https:\/\/www.aubenhausen-club.de\/en\/wp-json\/wp\/v2\/product"}],"about":[{"href":"https:\/\/www.aubenhausen-club.de\/en\/wp-json\/wp\/v2\/types\/product"}],"author":[{"embeddable":true,"href":"https:\/\/www.aubenhausen-club.de\/en\/wp-json\/wp\/v2\/users\/6"}],"wp:featuredmedia":[{"embeddable":true,"href":"https:\/\/www.aubenhausen-club.de\/en\/wp-json\/wp\/v2\/media\/236390"}],"wp:attachment":[{"href":"https:\/\/www.aubenhausen-club.de\/en\/wp-json\/wp\/v2\/media?parent=351485"}],"wp:term":[{"taxonomy":"product_brand","embeddable":true,"href":"https:\/\/www.aubenhausen-club.de\/en\/wp-json\/wp\/v2\/product_brand?post=351485"},{"taxonomy":"product_cat","embeddable":true,"href":"https:\/\/www.aubenhausen-club.de\/en\/wp-json\/wp\/v2\/product_cat?post=351485"},{"taxonomy":"product_tag","embeddable":true,"href":"https:\/\/www.aubenhausen-club.de\/en\/wp-json\/wp\/v2\/product_tag?post=351485"}],"curies":[{"name":"wp","href":"https:\/\/api.w.org\/{rel}","templated":true}]}}