{"id":351593,"date":"2022-10-03T18:09:24","date_gmt":"2022-10-03T16:09:24","guid":{"rendered":"https:\/\/www.aubenhausen-club.de\/?post_type=product&#038;p=351593"},"modified":"2024-11-23T11:39:57","modified_gmt":"2024-11-23T10:39:57","slug":"kk-ultra-gebiss-sensogan","status":"publish","type":"product","link":"https:\/\/www.aubenhausen-club.de\/en\/shop\/for-horses\/sprenger-en\/kk-ultra-gebiss-sensogan\/","title":{"rendered":"KK Ultra Snaffle Sensogan"},"content":{"rendered":"<p>At our yard in Aubenhausen, the KK ULTRA bits by Sprenger are practically standard equipment, especially for young horses. We have found that many horses feel very comfortable with the KK ULTRA bits and that the contact improves significantly as a result.<\/p>\n<p>The KK ULTRA bits by Sprenger are the pioneers of modern bits because they have been developed on the basis of scientific research. They achieve their unique, precise effect through the special 45\u00b0 angle of the middle link. When used correctly, this promotes the horse&#8217;s trust in the rider&#8217;s hand, which is why these bits are used successfully worldwide in all disciplines and across all levels of training &#8211; a true all-round talent!<\/p>\n<p>Compared to conventional bits, the middle link has also been shortened. This anatomical adaptation noticeably optimizes the effect compared to conventional double jointed bits. When the reins are picked up, the middle link &#8211; thanks to its distinctive shape &#8211; rolls gently over the central part of the horse&#8217;s tongue, stimulating its sense of touch.<\/p>\n","protected":false},"excerpt":{"rendered":"<p>We like to use the anatomical mouthpiece of the KK Ultra bits in basic training. Many of our horses feel very comfortable with it, which leads to a noticeable improvement in contact.<\/p>\n","protected":false},"author":6,"featured_media":168728,"template":"","meta":{"_acf_changed":false},"product_brand":[],"product_cat":[452,795],"product_tag":[607,797],"class_list":{"0":"post-351593","1":"product","2":"type-product","3":"status-publish","4":"has-post-thumbnail","6":"product_cat-for-horses","7":"product_cat-sprenger-en","8":"product_tag-academy-en","9":"product_tag-pferd-en","10":"product_shipping_class-shipping-class-a","11":"entry","12":"has-media","14":"first","15":"instock","16":"taxable","17":"shipping-taxable","18":"purchasable","19":"product-type-variable"},"bundled_by":[],"bundle_stock_status":"instock","bundle_stock_quantity":null,"bundle_virtual":false,"bundle_layout":"","bundle_add_to_cart_form_location":"","bundle_editable_in_cart":false,"bundle_sold_individually_context":"","bundle_item_grouping":"","bundle_min_size":"","bundle_max_size":"","bundle_price":[],"bundled_items":[],"bundle_sell_ids":[],"group_of_quantity":0,"min_quantity":0,"max_quantity":"","exclude_order_quantity_value_rules":"no","exclude_category_quantity_rules":"no","combine_variations":"no","acf":[],"yoast_head":"<!-- This site is optimized with the Yoast SEO plugin v25.4 - https:\/\/yoast.com\/wordpress\/plugins\/seo\/ -->\n<title>KK Ultra Snaffle Sensogan - Aubenhausen Club<\/title>\n<meta name=\"description\" content=\"The KK ULTRA bits by Sprenger achieve their unique effect through the special 45\u00b0 angle of the middle link. Recommended by Jessica von Bredow-Werndl.\" \/>\n<meta name=\"robots\" content=\"index, follow, max-snippet:-1, max-image-preview:large, max-video-preview:-1\" \/>\n<link rel=\"canonical\" href=\"https:\/\/www.aubenhausen-club.de\/en\/shop\/for-horses\/sprenger-en\/kk-ultra-gebiss-sensogan\/\" \/>\n<meta property=\"og:locale\" content=\"en_US\" \/>\n<meta property=\"og:type\" content=\"article\" \/>\n<meta property=\"og:title\" content=\"KK Ultra Snaffle Sensogan - Aubenhausen Club\" \/>\n<meta property=\"og:description\" content=\"The KK ULTRA bits by Sprenger achieve their unique effect through the special 45\u00b0 angle of the middle link. Recommended by Jessica von Bredow-Werndl.\" \/>\n<meta property=\"og:url\" content=\"https:\/\/www.aubenhausen-club.de\/en\/shop\/for-horses\/sprenger-en\/kk-ultra-gebiss-sensogan\/\" \/>\n<meta property=\"og:site_name\" content=\"Aubenhausen Club\" \/>\n<meta property=\"article:modified_time\" content=\"2024-11-23T10:39:57+00:00\" \/>\n<meta property=\"og:image\" content=\"https:\/\/www.aubenhausen-club.de\/wp-content\/uploads\/2022\/10\/02-KKultra.jpg\" \/>\n\t<meta property=\"og:image:width\" content=\"1200\" \/>\n\t<meta property=\"og:image:height\" content=\"1200\" \/>\n\t<meta property=\"og:image:type\" content=\"image\/jpeg\" \/>\n<meta name=\"twitter:card\" content=\"summary_large_image\" \/>\n<meta name=\"twitter:label1\" content=\"Est. reading time\" \/>\n\t<meta name=\"twitter:data1\" content=\"2 minutes\" \/>\n<script type=\"application\/ld+json\" class=\"yoast-schema-graph\">{\"@context\":\"https:\/\/schema.org\",\"@graph\":[{\"@type\":\"WebPage\",\"@id\":\"https:\/\/www.aubenhausen-club.de\/en\/shop\/for-horses\/sprenger-en\/kk-ultra-gebiss-sensogan\/\",\"url\":\"https:\/\/www.aubenhausen-club.de\/en\/shop\/for-horses\/sprenger-en\/kk-ultra-gebiss-sensogan\/\",\"name\":\"KK Ultra Snaffle Sensogan - Aubenhausen Club\",\"isPartOf\":{\"@id\":\"https:\/\/www.aubenhausen-club.de\/#website\"},\"primaryImageOfPage\":{\"@id\":\"https:\/\/www.aubenhausen-club.de\/en\/shop\/for-horses\/sprenger-en\/kk-ultra-gebiss-sensogan\/#primaryimage\"},\"image\":{\"@id\":\"https:\/\/www.aubenhausen-club.de\/en\/shop\/for-horses\/sprenger-en\/kk-ultra-gebiss-sensogan\/#primaryimage\"},\"thumbnailUrl\":\"https:\/\/www.aubenhausen-club.de\/wp-content\/uploads\/2022\/10\/02-KKultra.jpg\",\"datePublished\":\"2022-10-03T16:09:24+00:00\",\"dateModified\":\"2024-11-23T10:39:57+00:00\",\"description\":\"The KK ULTRA bits by Sprenger achieve their unique effect through the special 45\u00b0 angle of the middle link. Recommended by Jessica von Bredow-Werndl.\",\"breadcrumb\":{\"@id\":\"https:\/\/www.aubenhausen-club.de\/en\/shop\/for-horses\/sprenger-en\/kk-ultra-gebiss-sensogan\/#breadcrumb\"},\"inLanguage\":\"en-US\",\"potentialAction\":[{\"@type\":\"ReadAction\",\"target\":[\"https:\/\/www.aubenhausen-club.de\/en\/shop\/for-horses\/sprenger-en\/kk-ultra-gebiss-sensogan\/\"]}]},{\"@type\":\"ImageObject\",\"inLanguage\":\"en-US\",\"@id\":\"https:\/\/www.aubenhausen-club.de\/en\/shop\/for-horses\/sprenger-en\/kk-ultra-gebiss-sensogan\/#primaryimage\",\"url\":\"https:\/\/www.aubenhausen-club.de\/wp-content\/uploads\/2022\/10\/02-KKultra.jpg\",\"contentUrl\":\"https:\/\/www.aubenhausen-club.de\/wp-content\/uploads\/2022\/10\/02-KKultra.jpg\",\"width\":1200,\"height\":1200,\"caption\":\"KK Ultra Sprenger Gebiss 16 mm Sensogan\"},{\"@type\":\"BreadcrumbList\",\"@id\":\"https:\/\/www.aubenhausen-club.de\/en\/shop\/for-horses\/sprenger-en\/kk-ultra-gebiss-sensogan\/#breadcrumb\",\"itemListElement\":[{\"@type\":\"ListItem\",\"position\":1,\"name\":\"Shop\",\"item\":\"https:\/\/www.aubenhausen-club.de\/en\/shop\/\"},{\"@type\":\"ListItem\",\"position\":2,\"name\":\"KK Ultra Snaffle Sensogan\"}]},{\"@type\":\"WebSite\",\"@id\":\"https:\/\/www.aubenhausen-club.de\/#website\",\"url\":\"https:\/\/www.aubenhausen-club.de\/\",\"name\":\"Aubenhausen Club\",\"description\":\"K\u00f6rperliche Fitness und mentale St\u00e4rke f\u00fcr Dressurreiter\",\"publisher\":{\"@id\":\"https:\/\/www.aubenhausen-club.de\/#organization\"},\"potentialAction\":[{\"@type\":\"SearchAction\",\"target\":{\"@type\":\"EntryPoint\",\"urlTemplate\":\"https:\/\/www.aubenhausen-club.de\/?s={search_term_string}\"},\"query-input\":{\"@type\":\"PropertyValueSpecification\",\"valueRequired\":true,\"valueName\":\"search_term_string\"}}],\"inLanguage\":\"en-US\"},{\"@type\":\"Organization\",\"@id\":\"https:\/\/www.aubenhausen-club.de\/#organization\",\"name\":\"Aubenhausen Club\",\"url\":\"https:\/\/www.aubenhausen-club.de\/\",\"logo\":{\"@type\":\"ImageObject\",\"inLanguage\":\"en-US\",\"@id\":\"https:\/\/www.aubenhausen-club.de\/#\/schema\/logo\/image\/\",\"url\":\"https:\/\/www.aubenhausen-club.de\/wp-content\/uploads\/2020\/12\/AubenhausenClub-Grey.png\",\"contentUrl\":\"https:\/\/www.aubenhausen-club.de\/wp-content\/uploads\/2020\/12\/AubenhausenClub-Grey.png\",\"width\":273,\"height\":273,\"caption\":\"Aubenhausen Club\"},\"image\":{\"@id\":\"https:\/\/www.aubenhausen-club.de\/#\/schema\/logo\/image\/\"}}]}<\/script>\n<!-- \/ Yoast SEO plugin. -->","yoast_head_json":{"title":"KK Ultra Snaffle Sensogan - Aubenhausen Club","description":"The KK ULTRA bits by Sprenger achieve their unique effect through the special 45\u00b0 angle of the middle link. Recommended by Jessica von Bredow-Werndl.","robots":{"index":"index","follow":"follow","max-snippet":"max-snippet:-1","max-image-preview":"max-image-preview:large","max-video-preview":"max-video-preview:-1"},"canonical":"https:\/\/www.aubenhausen-club.de\/en\/shop\/for-horses\/sprenger-en\/kk-ultra-gebiss-sensogan\/","og_locale":"en_US","og_type":"article","og_title":"KK Ultra Snaffle Sensogan - Aubenhausen Club","og_description":"The KK ULTRA bits by Sprenger achieve their unique effect through the special 45\u00b0 angle of the middle link. Recommended by Jessica von Bredow-Werndl.","og_url":"https:\/\/www.aubenhausen-club.de\/en\/shop\/for-horses\/sprenger-en\/kk-ultra-gebiss-sensogan\/","og_site_name":"Aubenhausen Club","article_modified_time":"2024-11-23T10:39:57+00:00","og_image":[{"width":1200,"height":1200,"url":"https:\/\/www.aubenhausen-club.de\/wp-content\/uploads\/2022\/10\/02-KKultra.jpg","type":"image\/jpeg"}],"twitter_card":"summary_large_image","twitter_misc":{"Est. reading time":"2 minutes"},"schema":{"@context":"https:\/\/schema.org","@graph":[{"@type":"WebPage","@id":"https:\/\/www.aubenhausen-club.de\/en\/shop\/for-horses\/sprenger-en\/kk-ultra-gebiss-sensogan\/","url":"https:\/\/www.aubenhausen-club.de\/en\/shop\/for-horses\/sprenger-en\/kk-ultra-gebiss-sensogan\/","name":"KK Ultra Snaffle Sensogan - Aubenhausen Club","isPartOf":{"@id":"https:\/\/www.aubenhausen-club.de\/#website"},"primaryImageOfPage":{"@id":"https:\/\/www.aubenhausen-club.de\/en\/shop\/for-horses\/sprenger-en\/kk-ultra-gebiss-sensogan\/#primaryimage"},"image":{"@id":"https:\/\/www.aubenhausen-club.de\/en\/shop\/for-horses\/sprenger-en\/kk-ultra-gebiss-sensogan\/#primaryimage"},"thumbnailUrl":"https:\/\/www.aubenhausen-club.de\/wp-content\/uploads\/2022\/10\/02-KKultra.jpg","datePublished":"2022-10-03T16:09:24+00:00","dateModified":"2024-11-23T10:39:57+00:00","description":"The KK ULTRA bits by Sprenger achieve their unique effect through the special 45\u00b0 angle of the middle link. Recommended by Jessica von Bredow-Werndl.","breadcrumb":{"@id":"https:\/\/www.aubenhausen-club.de\/en\/shop\/for-horses\/sprenger-en\/kk-ultra-gebiss-sensogan\/#breadcrumb"},"inLanguage":"en-US","potentialAction":[{"@type":"ReadAction","target":["https:\/\/www.aubenhausen-club.de\/en\/shop\/for-horses\/sprenger-en\/kk-ultra-gebiss-sensogan\/"]}]},{"@type":"ImageObject","inLanguage":"en-US","@id":"https:\/\/www.aubenhausen-club.de\/en\/shop\/for-horses\/sprenger-en\/kk-ultra-gebiss-sensogan\/#primaryimage","url":"https:\/\/www.aubenhausen-club.de\/wp-content\/uploads\/2022\/10\/02-KKultra.jpg","contentUrl":"https:\/\/www.aubenhausen-club.de\/wp-content\/uploads\/2022\/10\/02-KKultra.jpg","width":1200,"height":1200,"caption":"KK Ultra Sprenger Gebiss 16 mm Sensogan"},{"@type":"BreadcrumbList","@id":"https:\/\/www.aubenhausen-club.de\/en\/shop\/for-horses\/sprenger-en\/kk-ultra-gebiss-sensogan\/#breadcrumb","itemListElement":[{"@type":"ListItem","position":1,"name":"Shop","item":"https:\/\/www.aubenhausen-club.de\/en\/shop\/"},{"@type":"ListItem","position":2,"name":"KK Ultra Snaffle Sensogan"}]},{"@type":"WebSite","@id":"https:\/\/www.aubenhausen-club.de\/#website","url":"https:\/\/www.aubenhausen-club.de\/","name":"Aubenhausen Club","description":"K\u00f6rperliche Fitness und mentale St\u00e4rke f\u00fcr Dressurreiter","publisher":{"@id":"https:\/\/www.aubenhausen-club.de\/#organization"},"potentialAction":[{"@type":"SearchAction","target":{"@type":"EntryPoint","urlTemplate":"https:\/\/www.aubenhausen-club.de\/?s={search_term_string}"},"query-input":{"@type":"PropertyValueSpecification","valueRequired":true,"valueName":"search_term_string"}}],"inLanguage":"en-US"},{"@type":"Organization","@id":"https:\/\/www.aubenhausen-club.de\/#organization","name":"Aubenhausen Club","url":"https:\/\/www.aubenhausen-club.de\/","logo":{"@type":"ImageObject","inLanguage":"en-US","@id":"https:\/\/www.aubenhausen-club.de\/#\/schema\/logo\/image\/","url":"https:\/\/www.aubenhausen-club.de\/wp-content\/uploads\/2020\/12\/AubenhausenClub-Grey.png","contentUrl":"https:\/\/www.aubenhausen-club.de\/wp-content\/uploads\/2020\/12\/AubenhausenClub-Grey.png","width":273,"height":273,"caption":"Aubenhausen Club"},"image":{"@id":"https:\/\/www.aubenhausen-club.de\/#\/schema\/logo\/image\/"}}]}},"_links":{"self":[{"href":"https:\/\/www.aubenhausen-club.de\/en\/wp-json\/wp\/v2\/product\/351593"}],"collection":[{"href":"https:\/\/www.aubenhausen-club.de\/en\/wp-json\/wp\/v2\/product"}],"about":[{"href":"https:\/\/www.aubenhausen-club.de\/en\/wp-json\/wp\/v2\/types\/product"}],"author":[{"embeddable":true,"href":"https:\/\/www.aubenhausen-club.de\/en\/wp-json\/wp\/v2\/users\/6"}],"wp:featuredmedia":[{"embeddable":true,"href":"https:\/\/www.aubenhausen-club.de\/en\/wp-json\/wp\/v2\/media\/168728"}],"wp:attachment":[{"href":"https:\/\/www.aubenhausen-club.de\/en\/wp-json\/wp\/v2\/media?parent=351593"}],"wp:term":[{"taxonomy":"product_brand","embeddable":true,"href":"https:\/\/www.aubenhausen-club.de\/en\/wp-json\/wp\/v2\/product_brand?post=351593"},{"taxonomy":"product_cat","embeddable":true,"href":"https:\/\/www.aubenhausen-club.de\/en\/wp-json\/wp\/v2\/product_cat?post=351593"},{"taxonomy":"product_tag","embeddable":true,"href":"https:\/\/www.aubenhausen-club.de\/en\/wp-json\/wp\/v2\/product_tag?post=351593"}],"curies":[{"name":"wp","href":"https:\/\/api.w.org\/{rel}","templated":true}]}}