{"id":351598,"date":"2022-10-03T18:22:11","date_gmt":"2022-10-03T16:22:11","guid":{"rendered":"https:\/\/www.aubenhausen-club.de\/?post_type=product&#038;p=351598"},"modified":"2024-11-23T11:47:14","modified_gmt":"2024-11-23T10:47:14","slug":"dynamic-rs-snaffle-single-jointed","status":"publish","type":"product","link":"https:\/\/www.aubenhausen-club.de\/en\/shop\/for-horses\/sprenger-en\/dynamic-rs-snaffle-single-jointed\/","title":{"rendered":"Dynamic RS Snaffle single-jointed"},"content":{"rendered":"<p>Conventional single-jointed bits have a manufacturing related characteristic: one part of the mouthpiece is often longer than the other which results in stronger influence on one side of the horse&#8217;s tongue. To avoid the problem of exerting uneven pressure, it is therefore recommended that single jointed bits are turned regularly. This is not the case with the ergonomic Dynamic RS bit by Sprenger.<\/p>\n<p>The joint of the Dynamic RS Snaffle has been tilted forward by 45\u00b0 to ensure even pressure distribution and avoid palatal pressure &#8211; the so-called nutcracker effect.<\/p>\n<p>We like to use this bit on horses that are sensitive or \u201coverly active\u201d with their mouth. These kind of of horses can be distracted by the middle piece of a double-jointed bit and then struggle to interpret the aids correctly.<\/p>\n<p>The ergonomic shape of this single-jointed bit offers more room for particularly fleshy tongues, relieves the tongue edges and ensures even pressure distribution. It enables particularly precise aids to be given and thus promotes a trusting contact.<\/p>\n","protected":false},"excerpt":{"rendered":"<p>We like to use the ergonomically shaped, single-jointed Dynamic RS Snaffle by Sprenger in basic training, especially with sensitive horse or horses which are \u201coverly active\u201d with their mouth.<\/p>\n","protected":false},"author":6,"featured_media":168764,"template":"","meta":{"_acf_changed":false},"product_brand":[],"product_cat":[452,795],"product_tag":[607,797],"class_list":{"0":"post-351598","1":"product","2":"type-product","3":"status-publish","4":"has-post-thumbnail","6":"product_cat-for-horses","7":"product_cat-sprenger-en","8":"product_tag-academy-en","9":"product_tag-pferd-en","10":"product_shipping_class-shipping-class-a","11":"entry","12":"has-media","14":"first","15":"instock","16":"taxable","17":"shipping-taxable","18":"purchasable","19":"product-type-variable"},"bundled_by":[],"bundle_stock_status":"instock","bundle_stock_quantity":null,"bundle_virtual":false,"bundle_layout":"","bundle_add_to_cart_form_location":"","bundle_editable_in_cart":false,"bundle_sold_individually_context":"","bundle_item_grouping":"","bundle_min_size":"","bundle_max_size":"","bundle_price":[],"bundled_items":[],"bundle_sell_ids":[],"group_of_quantity":0,"min_quantity":0,"max_quantity":"","exclude_order_quantity_value_rules":"no","exclude_category_quantity_rules":"no","combine_variations":"no","acf":[],"yoast_head":"<!-- This site is optimized with the Yoast SEO plugin v25.4 - https:\/\/yoast.com\/wordpress\/plugins\/seo\/ -->\n<title>Dynamic RS Snaffle single-jointed - Aubenhausen Club<\/title>\n<meta name=\"description\" content=\"The ergonomic shape of the single-jointed Dynamic RS Snaffle by Sprenger offers more room for particularly fleshy tongues &amp; relieves the tongue edges.\" \/>\n<meta name=\"robots\" content=\"index, follow, max-snippet:-1, max-image-preview:large, max-video-preview:-1\" \/>\n<link rel=\"canonical\" href=\"https:\/\/www.aubenhausen-club.de\/en\/shop\/for-horses\/sprenger-en\/dynamic-rs-snaffle-single-jointed\/\" \/>\n<meta property=\"og:locale\" content=\"en_US\" \/>\n<meta property=\"og:type\" content=\"article\" \/>\n<meta property=\"og:title\" content=\"Dynamic RS Snaffle single-jointed - Aubenhausen Club\" \/>\n<meta property=\"og:description\" content=\"The ergonomic shape of the single-jointed Dynamic RS Snaffle by Sprenger offers more room for particularly fleshy tongues &amp; relieves the tongue edges.\" \/>\n<meta property=\"og:url\" content=\"https:\/\/www.aubenhausen-club.de\/en\/shop\/for-horses\/sprenger-en\/dynamic-rs-snaffle-single-jointed\/\" \/>\n<meta property=\"og:site_name\" content=\"Aubenhausen Club\" \/>\n<meta property=\"article:modified_time\" content=\"2024-11-23T10:47:14+00:00\" \/>\n<meta property=\"og:image\" content=\"https:\/\/www.aubenhausen-club.de\/wp-content\/uploads\/2022\/10\/03-dynamiceinfach.jpg\" \/>\n\t<meta property=\"og:image:width\" content=\"1200\" \/>\n\t<meta property=\"og:image:height\" content=\"1200\" \/>\n\t<meta property=\"og:image:type\" content=\"image\/jpeg\" \/>\n<meta name=\"twitter:card\" content=\"summary_large_image\" \/>\n<meta name=\"twitter:label1\" content=\"Est. reading time\" \/>\n\t<meta name=\"twitter:data1\" content=\"2 minutes\" \/>\n<script type=\"application\/ld+json\" class=\"yoast-schema-graph\">{\"@context\":\"https:\/\/schema.org\",\"@graph\":[{\"@type\":\"WebPage\",\"@id\":\"https:\/\/www.aubenhausen-club.de\/en\/shop\/for-horses\/sprenger-en\/dynamic-rs-snaffle-single-jointed\/\",\"url\":\"https:\/\/www.aubenhausen-club.de\/en\/shop\/for-horses\/sprenger-en\/dynamic-rs-snaffle-single-jointed\/\",\"name\":\"Dynamic RS Snaffle single-jointed - Aubenhausen Club\",\"isPartOf\":{\"@id\":\"https:\/\/www.aubenhausen-club.de\/#website\"},\"primaryImageOfPage\":{\"@id\":\"https:\/\/www.aubenhausen-club.de\/en\/shop\/for-horses\/sprenger-en\/dynamic-rs-snaffle-single-jointed\/#primaryimage\"},\"image\":{\"@id\":\"https:\/\/www.aubenhausen-club.de\/en\/shop\/for-horses\/sprenger-en\/dynamic-rs-snaffle-single-jointed\/#primaryimage\"},\"thumbnailUrl\":\"https:\/\/www.aubenhausen-club.de\/wp-content\/uploads\/2022\/10\/03-dynamiceinfach.jpg\",\"datePublished\":\"2022-10-03T16:22:11+00:00\",\"dateModified\":\"2024-11-23T10:47:14+00:00\",\"description\":\"The ergonomic shape of the single-jointed Dynamic RS Snaffle by Sprenger offers more room for particularly fleshy tongues & relieves the tongue edges.\",\"breadcrumb\":{\"@id\":\"https:\/\/www.aubenhausen-club.de\/en\/shop\/for-horses\/sprenger-en\/dynamic-rs-snaffle-single-jointed\/#breadcrumb\"},\"inLanguage\":\"en-US\",\"potentialAction\":[{\"@type\":\"ReadAction\",\"target\":[\"https:\/\/www.aubenhausen-club.de\/en\/shop\/for-horses\/sprenger-en\/dynamic-rs-snaffle-single-jointed\/\"]}]},{\"@type\":\"ImageObject\",\"inLanguage\":\"en-US\",\"@id\":\"https:\/\/www.aubenhausen-club.de\/en\/shop\/for-horses\/sprenger-en\/dynamic-rs-snaffle-single-jointed\/#primaryimage\",\"url\":\"https:\/\/www.aubenhausen-club.de\/wp-content\/uploads\/2022\/10\/03-dynamiceinfach.jpg\",\"contentUrl\":\"https:\/\/www.aubenhausen-club.de\/wp-content\/uploads\/2022\/10\/03-dynamiceinfach.jpg\",\"width\":1200,\"height\":1200,\"caption\":\"Dynamic RS Wassertrense 16 mm einfach gebrochen\"},{\"@type\":\"BreadcrumbList\",\"@id\":\"https:\/\/www.aubenhausen-club.de\/en\/shop\/for-horses\/sprenger-en\/dynamic-rs-snaffle-single-jointed\/#breadcrumb\",\"itemListElement\":[{\"@type\":\"ListItem\",\"position\":1,\"name\":\"Shop\",\"item\":\"https:\/\/www.aubenhausen-club.de\/en\/shop\/\"},{\"@type\":\"ListItem\",\"position\":2,\"name\":\"Dynamic RS Snaffle single-jointed\"}]},{\"@type\":\"WebSite\",\"@id\":\"https:\/\/www.aubenhausen-club.de\/#website\",\"url\":\"https:\/\/www.aubenhausen-club.de\/\",\"name\":\"Aubenhausen Club\",\"description\":\"K\u00f6rperliche Fitness und mentale St\u00e4rke f\u00fcr Dressurreiter\",\"publisher\":{\"@id\":\"https:\/\/www.aubenhausen-club.de\/#organization\"},\"potentialAction\":[{\"@type\":\"SearchAction\",\"target\":{\"@type\":\"EntryPoint\",\"urlTemplate\":\"https:\/\/www.aubenhausen-club.de\/?s={search_term_string}\"},\"query-input\":{\"@type\":\"PropertyValueSpecification\",\"valueRequired\":true,\"valueName\":\"search_term_string\"}}],\"inLanguage\":\"en-US\"},{\"@type\":\"Organization\",\"@id\":\"https:\/\/www.aubenhausen-club.de\/#organization\",\"name\":\"Aubenhausen Club\",\"url\":\"https:\/\/www.aubenhausen-club.de\/\",\"logo\":{\"@type\":\"ImageObject\",\"inLanguage\":\"en-US\",\"@id\":\"https:\/\/www.aubenhausen-club.de\/#\/schema\/logo\/image\/\",\"url\":\"https:\/\/www.aubenhausen-club.de\/wp-content\/uploads\/2020\/12\/AubenhausenClub-Grey.png\",\"contentUrl\":\"https:\/\/www.aubenhausen-club.de\/wp-content\/uploads\/2020\/12\/AubenhausenClub-Grey.png\",\"width\":273,\"height\":273,\"caption\":\"Aubenhausen Club\"},\"image\":{\"@id\":\"https:\/\/www.aubenhausen-club.de\/#\/schema\/logo\/image\/\"}}]}<\/script>\n<!-- \/ Yoast SEO plugin. -->","yoast_head_json":{"title":"Dynamic RS Snaffle single-jointed - Aubenhausen Club","description":"The ergonomic shape of the single-jointed Dynamic RS Snaffle by Sprenger offers more room for particularly fleshy tongues & relieves the tongue edges.","robots":{"index":"index","follow":"follow","max-snippet":"max-snippet:-1","max-image-preview":"max-image-preview:large","max-video-preview":"max-video-preview:-1"},"canonical":"https:\/\/www.aubenhausen-club.de\/en\/shop\/for-horses\/sprenger-en\/dynamic-rs-snaffle-single-jointed\/","og_locale":"en_US","og_type":"article","og_title":"Dynamic RS Snaffle single-jointed - Aubenhausen Club","og_description":"The ergonomic shape of the single-jointed Dynamic RS Snaffle by Sprenger offers more room for particularly fleshy tongues & relieves the tongue edges.","og_url":"https:\/\/www.aubenhausen-club.de\/en\/shop\/for-horses\/sprenger-en\/dynamic-rs-snaffle-single-jointed\/","og_site_name":"Aubenhausen Club","article_modified_time":"2024-11-23T10:47:14+00:00","og_image":[{"width":1200,"height":1200,"url":"https:\/\/www.aubenhausen-club.de\/wp-content\/uploads\/2022\/10\/03-dynamiceinfach.jpg","type":"image\/jpeg"}],"twitter_card":"summary_large_image","twitter_misc":{"Est. reading time":"2 minutes"},"schema":{"@context":"https:\/\/schema.org","@graph":[{"@type":"WebPage","@id":"https:\/\/www.aubenhausen-club.de\/en\/shop\/for-horses\/sprenger-en\/dynamic-rs-snaffle-single-jointed\/","url":"https:\/\/www.aubenhausen-club.de\/en\/shop\/for-horses\/sprenger-en\/dynamic-rs-snaffle-single-jointed\/","name":"Dynamic RS Snaffle single-jointed - Aubenhausen Club","isPartOf":{"@id":"https:\/\/www.aubenhausen-club.de\/#website"},"primaryImageOfPage":{"@id":"https:\/\/www.aubenhausen-club.de\/en\/shop\/for-horses\/sprenger-en\/dynamic-rs-snaffle-single-jointed\/#primaryimage"},"image":{"@id":"https:\/\/www.aubenhausen-club.de\/en\/shop\/for-horses\/sprenger-en\/dynamic-rs-snaffle-single-jointed\/#primaryimage"},"thumbnailUrl":"https:\/\/www.aubenhausen-club.de\/wp-content\/uploads\/2022\/10\/03-dynamiceinfach.jpg","datePublished":"2022-10-03T16:22:11+00:00","dateModified":"2024-11-23T10:47:14+00:00","description":"The ergonomic shape of the single-jointed Dynamic RS Snaffle by Sprenger offers more room for particularly fleshy tongues & relieves the tongue edges.","breadcrumb":{"@id":"https:\/\/www.aubenhausen-club.de\/en\/shop\/for-horses\/sprenger-en\/dynamic-rs-snaffle-single-jointed\/#breadcrumb"},"inLanguage":"en-US","potentialAction":[{"@type":"ReadAction","target":["https:\/\/www.aubenhausen-club.de\/en\/shop\/for-horses\/sprenger-en\/dynamic-rs-snaffle-single-jointed\/"]}]},{"@type":"ImageObject","inLanguage":"en-US","@id":"https:\/\/www.aubenhausen-club.de\/en\/shop\/for-horses\/sprenger-en\/dynamic-rs-snaffle-single-jointed\/#primaryimage","url":"https:\/\/www.aubenhausen-club.de\/wp-content\/uploads\/2022\/10\/03-dynamiceinfach.jpg","contentUrl":"https:\/\/www.aubenhausen-club.de\/wp-content\/uploads\/2022\/10\/03-dynamiceinfach.jpg","width":1200,"height":1200,"caption":"Dynamic RS Wassertrense 16 mm einfach gebrochen"},{"@type":"BreadcrumbList","@id":"https:\/\/www.aubenhausen-club.de\/en\/shop\/for-horses\/sprenger-en\/dynamic-rs-snaffle-single-jointed\/#breadcrumb","itemListElement":[{"@type":"ListItem","position":1,"name":"Shop","item":"https:\/\/www.aubenhausen-club.de\/en\/shop\/"},{"@type":"ListItem","position":2,"name":"Dynamic RS Snaffle single-jointed"}]},{"@type":"WebSite","@id":"https:\/\/www.aubenhausen-club.de\/#website","url":"https:\/\/www.aubenhausen-club.de\/","name":"Aubenhausen Club","description":"K\u00f6rperliche Fitness und mentale St\u00e4rke f\u00fcr Dressurreiter","publisher":{"@id":"https:\/\/www.aubenhausen-club.de\/#organization"},"potentialAction":[{"@type":"SearchAction","target":{"@type":"EntryPoint","urlTemplate":"https:\/\/www.aubenhausen-club.de\/?s={search_term_string}"},"query-input":{"@type":"PropertyValueSpecification","valueRequired":true,"valueName":"search_term_string"}}],"inLanguage":"en-US"},{"@type":"Organization","@id":"https:\/\/www.aubenhausen-club.de\/#organization","name":"Aubenhausen Club","url":"https:\/\/www.aubenhausen-club.de\/","logo":{"@type":"ImageObject","inLanguage":"en-US","@id":"https:\/\/www.aubenhausen-club.de\/#\/schema\/logo\/image\/","url":"https:\/\/www.aubenhausen-club.de\/wp-content\/uploads\/2020\/12\/AubenhausenClub-Grey.png","contentUrl":"https:\/\/www.aubenhausen-club.de\/wp-content\/uploads\/2020\/12\/AubenhausenClub-Grey.png","width":273,"height":273,"caption":"Aubenhausen Club"},"image":{"@id":"https:\/\/www.aubenhausen-club.de\/#\/schema\/logo\/image\/"}}]}},"_links":{"self":[{"href":"https:\/\/www.aubenhausen-club.de\/en\/wp-json\/wp\/v2\/product\/351598"}],"collection":[{"href":"https:\/\/www.aubenhausen-club.de\/en\/wp-json\/wp\/v2\/product"}],"about":[{"href":"https:\/\/www.aubenhausen-club.de\/en\/wp-json\/wp\/v2\/types\/product"}],"author":[{"embeddable":true,"href":"https:\/\/www.aubenhausen-club.de\/en\/wp-json\/wp\/v2\/users\/6"}],"wp:featuredmedia":[{"embeddable":true,"href":"https:\/\/www.aubenhausen-club.de\/en\/wp-json\/wp\/v2\/media\/168764"}],"wp:attachment":[{"href":"https:\/\/www.aubenhausen-club.de\/en\/wp-json\/wp\/v2\/media?parent=351598"}],"wp:term":[{"taxonomy":"product_brand","embeddable":true,"href":"https:\/\/www.aubenhausen-club.de\/en\/wp-json\/wp\/v2\/product_brand?post=351598"},{"taxonomy":"product_cat","embeddable":true,"href":"https:\/\/www.aubenhausen-club.de\/en\/wp-json\/wp\/v2\/product_cat?post=351598"},{"taxonomy":"product_tag","embeddable":true,"href":"https:\/\/www.aubenhausen-club.de\/en\/wp-json\/wp\/v2\/product_tag?post=351598"}],"curies":[{"name":"wp","href":"https:\/\/api.w.org\/{rel}","templated":true}]}}