{"id":351614,"date":"2024-03-01T12:07:45","date_gmt":"2024-03-01T11:07:45","guid":{"rendered":"https:\/\/www.aubenhausen-club.de\/?post_type=product&#038;p=351614"},"modified":"2025-04-20T19:56:34","modified_gmt":"2025-04-20T17:56:34","slug":"bemelmans-double-bridle-sensogan","status":"publish","type":"product","link":"https:\/\/www.aubenhausen-club.de\/en\/shop\/for-horses\/sprenger-en\/bemelmans-double-bridle-sensogan\/","title":{"rendered":"Bemelmans Weymouth &#8211; Sensogan"},"content":{"rendered":"<p>The Bemelmans Weymouth by Sprenger lies perfectly between the tongue ans palatal arch. It has a high and forward angled port, providing space for the tongue and avoiding pressure on the palate.<\/p>\n<p>Horses that tend to pull their tongue up and stick it out to the side usually do so to avoid unpleasant pressure or simply because there is not enough room in the mouth.<\/p>\n<p>The Bemelmans riding bit is soft in the transitions and the mouthpiece &#8211; shaped to resemble the sensitive palatal arch &#8211; is tapered towards the middle, so that it fits perfectly between the tongue and palatal arch and thus relieves the tongue.<\/p>\n<p>When the reins are picked up, the special shape distributes pressure evenly and softly on the tongue. The pressure on the poll is comparatively low due to the short cheeks, but occurs more quickly. This enables fine, precise aids to be given by a soft, sensitive rider\u2019s hand.<\/p>\n","protected":false},"excerpt":{"rendered":"<p>This Weymouth with its high, forward angled port relieves the tongue and prevents pressure on the palate. We like to use this bit on horses with fleshy tongues and little space in the mouth.<\/p>\n","protected":false},"author":6,"featured_media":290951,"template":"","meta":{"_acf_changed":false},"product_brand":[],"product_cat":[452,795],"product_tag":[607,797],"class_list":{"0":"post-351614","1":"product","2":"type-product","3":"status-publish","4":"has-post-thumbnail","6":"product_cat-for-horses","7":"product_cat-sprenger-en","8":"product_tag-academy-en","9":"product_tag-pferd-en","10":"product_shipping_class-shipping-class-a","11":"entry","12":"has-media","14":"first","15":"instock","16":"taxable","17":"shipping-taxable","18":"purchasable","19":"product-type-variable"},"bundled_by":[],"bundle_stock_status":"instock","bundle_stock_quantity":null,"bundle_virtual":false,"bundle_layout":"","bundle_add_to_cart_form_location":"","bundle_editable_in_cart":false,"bundle_sold_individually_context":"","bundle_item_grouping":"","bundle_min_size":"","bundle_max_size":"","bundle_price":[],"bundled_items":[],"bundle_sell_ids":[],"group_of_quantity":0,"min_quantity":0,"max_quantity":"","exclude_order_quantity_value_rules":"no","exclude_category_quantity_rules":"no","combine_variations":"no","acf":[],"yoast_head":"<!-- This site is optimized with the Yoast SEO plugin v25.4 - https:\/\/yoast.com\/wordpress\/plugins\/seo\/ -->\n<title>Bemelmans Weymouth - Sensogan - Aubenhausen Club<\/title>\n<meta name=\"description\" content=\"The Bemelmans Weymouth by Sprenger with its high, forward angled port relieves the tongue and prevents pressure on the palate.\" \/>\n<meta name=\"robots\" content=\"index, follow, max-snippet:-1, max-image-preview:large, max-video-preview:-1\" \/>\n<link rel=\"canonical\" href=\"https:\/\/www.aubenhausen-club.de\/en\/shop\/for-horses\/sprenger-en\/bemelmans-double-bridle-sensogan\/\" \/>\n<meta property=\"og:locale\" content=\"en_US\" \/>\n<meta property=\"og:type\" content=\"article\" \/>\n<meta property=\"og:title\" content=\"Bemelmans Weymouth - Sensogan - Aubenhausen Club\" \/>\n<meta property=\"og:description\" content=\"The Bemelmans Weymouth by Sprenger with its high, forward angled port relieves the tongue and prevents pressure on the palate.\" \/>\n<meta property=\"og:url\" content=\"https:\/\/www.aubenhausen-club.de\/en\/shop\/for-horses\/sprenger-en\/bemelmans-double-bridle-sensogan\/\" \/>\n<meta property=\"og:site_name\" content=\"Aubenhausen Club\" \/>\n<meta property=\"article:modified_time\" content=\"2025-04-20T17:56:34+00:00\" \/>\n<meta property=\"og:image\" content=\"https:\/\/www.aubenhausen-club.de\/wp-content\/uploads\/2024\/03\/04-pronamicunterleg-neu.jpg\" \/>\n\t<meta property=\"og:image:width\" content=\"1200\" \/>\n\t<meta property=\"og:image:height\" content=\"1200\" \/>\n\t<meta property=\"og:image:type\" content=\"image\/jpeg\" \/>\n<meta name=\"twitter:card\" content=\"summary_large_image\" \/>\n<meta name=\"twitter:label1\" content=\"Est. reading time\" \/>\n\t<meta name=\"twitter:data1\" content=\"2 minutes\" \/>\n<script type=\"application\/ld+json\" class=\"yoast-schema-graph\">{\"@context\":\"https:\/\/schema.org\",\"@graph\":[{\"@type\":\"WebPage\",\"@id\":\"https:\/\/www.aubenhausen-club.de\/en\/shop\/for-horses\/sprenger-en\/bemelmans-double-bridle-sensogan\/\",\"url\":\"https:\/\/www.aubenhausen-club.de\/en\/shop\/for-horses\/sprenger-en\/bemelmans-double-bridle-sensogan\/\",\"name\":\"Bemelmans Weymouth - Sensogan - Aubenhausen Club\",\"isPartOf\":{\"@id\":\"https:\/\/www.aubenhausen-club.de\/#website\"},\"primaryImageOfPage\":{\"@id\":\"https:\/\/www.aubenhausen-club.de\/en\/shop\/for-horses\/sprenger-en\/bemelmans-double-bridle-sensogan\/#primaryimage\"},\"image\":{\"@id\":\"https:\/\/www.aubenhausen-club.de\/en\/shop\/for-horses\/sprenger-en\/bemelmans-double-bridle-sensogan\/#primaryimage\"},\"thumbnailUrl\":\"https:\/\/www.aubenhausen-club.de\/wp-content\/uploads\/2024\/03\/04-pronamicunterleg-neu.jpg\",\"datePublished\":\"2024-03-01T11:07:45+00:00\",\"dateModified\":\"2025-04-20T17:56:34+00:00\",\"description\":\"The Bemelmans Weymouth by Sprenger with its high, forward angled port relieves the tongue and prevents pressure on the palate.\",\"breadcrumb\":{\"@id\":\"https:\/\/www.aubenhausen-club.de\/en\/shop\/for-horses\/sprenger-en\/bemelmans-double-bridle-sensogan\/#breadcrumb\"},\"inLanguage\":\"en-US\",\"potentialAction\":[{\"@type\":\"ReadAction\",\"target\":[\"https:\/\/www.aubenhausen-club.de\/en\/shop\/for-horses\/sprenger-en\/bemelmans-double-bridle-sensogan\/\"]}]},{\"@type\":\"ImageObject\",\"inLanguage\":\"en-US\",\"@id\":\"https:\/\/www.aubenhausen-club.de\/en\/shop\/for-horses\/sprenger-en\/bemelmans-double-bridle-sensogan\/#primaryimage\",\"url\":\"https:\/\/www.aubenhausen-club.de\/wp-content\/uploads\/2024\/03\/04-pronamicunterleg-neu.jpg\",\"contentUrl\":\"https:\/\/www.aubenhausen-club.de\/wp-content\/uploads\/2024\/03\/04-pronamicunterleg-neu.jpg\",\"width\":1200,\"height\":1200,\"caption\":\"Bemelmans Kandare\"},{\"@type\":\"BreadcrumbList\",\"@id\":\"https:\/\/www.aubenhausen-club.de\/en\/shop\/for-horses\/sprenger-en\/bemelmans-double-bridle-sensogan\/#breadcrumb\",\"itemListElement\":[{\"@type\":\"ListItem\",\"position\":1,\"name\":\"Shop\",\"item\":\"https:\/\/www.aubenhausen-club.de\/en\/shop\/\"},{\"@type\":\"ListItem\",\"position\":2,\"name\":\"Bemelmans Weymouth &#8211; Sensogan\"}]},{\"@type\":\"WebSite\",\"@id\":\"https:\/\/www.aubenhausen-club.de\/#website\",\"url\":\"https:\/\/www.aubenhausen-club.de\/\",\"name\":\"Aubenhausen Club\",\"description\":\"K\u00f6rperliche Fitness und mentale St\u00e4rke f\u00fcr Dressurreiter\",\"publisher\":{\"@id\":\"https:\/\/www.aubenhausen-club.de\/#organization\"},\"potentialAction\":[{\"@type\":\"SearchAction\",\"target\":{\"@type\":\"EntryPoint\",\"urlTemplate\":\"https:\/\/www.aubenhausen-club.de\/?s={search_term_string}\"},\"query-input\":{\"@type\":\"PropertyValueSpecification\",\"valueRequired\":true,\"valueName\":\"search_term_string\"}}],\"inLanguage\":\"en-US\"},{\"@type\":\"Organization\",\"@id\":\"https:\/\/www.aubenhausen-club.de\/#organization\",\"name\":\"Aubenhausen Club\",\"url\":\"https:\/\/www.aubenhausen-club.de\/\",\"logo\":{\"@type\":\"ImageObject\",\"inLanguage\":\"en-US\",\"@id\":\"https:\/\/www.aubenhausen-club.de\/#\/schema\/logo\/image\/\",\"url\":\"https:\/\/www.aubenhausen-club.de\/wp-content\/uploads\/2020\/12\/AubenhausenClub-Grey.png\",\"contentUrl\":\"https:\/\/www.aubenhausen-club.de\/wp-content\/uploads\/2020\/12\/AubenhausenClub-Grey.png\",\"width\":273,\"height\":273,\"caption\":\"Aubenhausen Club\"},\"image\":{\"@id\":\"https:\/\/www.aubenhausen-club.de\/#\/schema\/logo\/image\/\"}}]}<\/script>\n<!-- \/ Yoast SEO plugin. -->","yoast_head_json":{"title":"Bemelmans Weymouth - Sensogan - Aubenhausen Club","description":"The Bemelmans Weymouth by Sprenger with its high, forward angled port relieves the tongue and prevents pressure on the palate.","robots":{"index":"index","follow":"follow","max-snippet":"max-snippet:-1","max-image-preview":"max-image-preview:large","max-video-preview":"max-video-preview:-1"},"canonical":"https:\/\/www.aubenhausen-club.de\/en\/shop\/for-horses\/sprenger-en\/bemelmans-double-bridle-sensogan\/","og_locale":"en_US","og_type":"article","og_title":"Bemelmans Weymouth - Sensogan - Aubenhausen Club","og_description":"The Bemelmans Weymouth by Sprenger with its high, forward angled port relieves the tongue and prevents pressure on the palate.","og_url":"https:\/\/www.aubenhausen-club.de\/en\/shop\/for-horses\/sprenger-en\/bemelmans-double-bridle-sensogan\/","og_site_name":"Aubenhausen Club","article_modified_time":"2025-04-20T17:56:34+00:00","og_image":[{"width":1200,"height":1200,"url":"https:\/\/www.aubenhausen-club.de\/wp-content\/uploads\/2024\/03\/04-pronamicunterleg-neu.jpg","type":"image\/jpeg"}],"twitter_card":"summary_large_image","twitter_misc":{"Est. reading time":"2 minutes"},"schema":{"@context":"https:\/\/schema.org","@graph":[{"@type":"WebPage","@id":"https:\/\/www.aubenhausen-club.de\/en\/shop\/for-horses\/sprenger-en\/bemelmans-double-bridle-sensogan\/","url":"https:\/\/www.aubenhausen-club.de\/en\/shop\/for-horses\/sprenger-en\/bemelmans-double-bridle-sensogan\/","name":"Bemelmans Weymouth - Sensogan - Aubenhausen Club","isPartOf":{"@id":"https:\/\/www.aubenhausen-club.de\/#website"},"primaryImageOfPage":{"@id":"https:\/\/www.aubenhausen-club.de\/en\/shop\/for-horses\/sprenger-en\/bemelmans-double-bridle-sensogan\/#primaryimage"},"image":{"@id":"https:\/\/www.aubenhausen-club.de\/en\/shop\/for-horses\/sprenger-en\/bemelmans-double-bridle-sensogan\/#primaryimage"},"thumbnailUrl":"https:\/\/www.aubenhausen-club.de\/wp-content\/uploads\/2024\/03\/04-pronamicunterleg-neu.jpg","datePublished":"2024-03-01T11:07:45+00:00","dateModified":"2025-04-20T17:56:34+00:00","description":"The Bemelmans Weymouth by Sprenger with its high, forward angled port relieves the tongue and prevents pressure on the palate.","breadcrumb":{"@id":"https:\/\/www.aubenhausen-club.de\/en\/shop\/for-horses\/sprenger-en\/bemelmans-double-bridle-sensogan\/#breadcrumb"},"inLanguage":"en-US","potentialAction":[{"@type":"ReadAction","target":["https:\/\/www.aubenhausen-club.de\/en\/shop\/for-horses\/sprenger-en\/bemelmans-double-bridle-sensogan\/"]}]},{"@type":"ImageObject","inLanguage":"en-US","@id":"https:\/\/www.aubenhausen-club.de\/en\/shop\/for-horses\/sprenger-en\/bemelmans-double-bridle-sensogan\/#primaryimage","url":"https:\/\/www.aubenhausen-club.de\/wp-content\/uploads\/2024\/03\/04-pronamicunterleg-neu.jpg","contentUrl":"https:\/\/www.aubenhausen-club.de\/wp-content\/uploads\/2024\/03\/04-pronamicunterleg-neu.jpg","width":1200,"height":1200,"caption":"Bemelmans Kandare"},{"@type":"BreadcrumbList","@id":"https:\/\/www.aubenhausen-club.de\/en\/shop\/for-horses\/sprenger-en\/bemelmans-double-bridle-sensogan\/#breadcrumb","itemListElement":[{"@type":"ListItem","position":1,"name":"Shop","item":"https:\/\/www.aubenhausen-club.de\/en\/shop\/"},{"@type":"ListItem","position":2,"name":"Bemelmans Weymouth &#8211; Sensogan"}]},{"@type":"WebSite","@id":"https:\/\/www.aubenhausen-club.de\/#website","url":"https:\/\/www.aubenhausen-club.de\/","name":"Aubenhausen Club","description":"K\u00f6rperliche Fitness und mentale St\u00e4rke f\u00fcr Dressurreiter","publisher":{"@id":"https:\/\/www.aubenhausen-club.de\/#organization"},"potentialAction":[{"@type":"SearchAction","target":{"@type":"EntryPoint","urlTemplate":"https:\/\/www.aubenhausen-club.de\/?s={search_term_string}"},"query-input":{"@type":"PropertyValueSpecification","valueRequired":true,"valueName":"search_term_string"}}],"inLanguage":"en-US"},{"@type":"Organization","@id":"https:\/\/www.aubenhausen-club.de\/#organization","name":"Aubenhausen Club","url":"https:\/\/www.aubenhausen-club.de\/","logo":{"@type":"ImageObject","inLanguage":"en-US","@id":"https:\/\/www.aubenhausen-club.de\/#\/schema\/logo\/image\/","url":"https:\/\/www.aubenhausen-club.de\/wp-content\/uploads\/2020\/12\/AubenhausenClub-Grey.png","contentUrl":"https:\/\/www.aubenhausen-club.de\/wp-content\/uploads\/2020\/12\/AubenhausenClub-Grey.png","width":273,"height":273,"caption":"Aubenhausen Club"},"image":{"@id":"https:\/\/www.aubenhausen-club.de\/#\/schema\/logo\/image\/"}}]}},"_links":{"self":[{"href":"https:\/\/www.aubenhausen-club.de\/en\/wp-json\/wp\/v2\/product\/351614"}],"collection":[{"href":"https:\/\/www.aubenhausen-club.de\/en\/wp-json\/wp\/v2\/product"}],"about":[{"href":"https:\/\/www.aubenhausen-club.de\/en\/wp-json\/wp\/v2\/types\/product"}],"author":[{"embeddable":true,"href":"https:\/\/www.aubenhausen-club.de\/en\/wp-json\/wp\/v2\/users\/6"}],"wp:featuredmedia":[{"embeddable":true,"href":"https:\/\/www.aubenhausen-club.de\/en\/wp-json\/wp\/v2\/media\/290951"}],"wp:attachment":[{"href":"https:\/\/www.aubenhausen-club.de\/en\/wp-json\/wp\/v2\/media?parent=351614"}],"wp:term":[{"taxonomy":"product_brand","embeddable":true,"href":"https:\/\/www.aubenhausen-club.de\/en\/wp-json\/wp\/v2\/product_brand?post=351614"},{"taxonomy":"product_cat","embeddable":true,"href":"https:\/\/www.aubenhausen-club.de\/en\/wp-json\/wp\/v2\/product_cat?post=351614"},{"taxonomy":"product_tag","embeddable":true,"href":"https:\/\/www.aubenhausen-club.de\/en\/wp-json\/wp\/v2\/product_tag?post=351614"}],"curies":[{"name":"wp","href":"https:\/\/api.w.org\/{rel}","templated":true}]}}