{"id":351631,"date":"2024-03-01T20:59:55","date_gmt":"2024-03-01T19:59:55","guid":{"rendered":"https:\/\/www.aubenhausen-club.de\/?post_type=product&#038;p=351631"},"modified":"2024-11-23T11:56:45","modified_gmt":"2024-11-23T10:56:45","slug":"dynamic-rs-bradoon-double-jointed","status":"publish","type":"product","link":"https:\/\/www.aubenhausen-club.de\/en\/shop\/for-horses\/sprenger-en\/dynamic-rs-bradoon-double-jointed\/","title":{"rendered":"Dynamic RS Bradoon double-jointed"},"content":{"rendered":"<p>We use the double-jointed Dynamic RS bradoon by Sprenger for particularly sensitive horses or for horses with a fleshy tongue and a small mouth to ensure soft, comfortable and precise aids.<\/p>\n<p>For horses with a flat palate, a fleshy tongue or generally little space in the mouth, a single-jointed bit can press against the horse&#8217;s palate when the reins are taken up &#8211; the so-called nutcracker effect.<\/p>\n<p>The double-jointed Dynamic RS bradoon lies anatomically correctly between the tongue and the palate without exerting pressure on sensitive areas of the mouth. The joints are tilted forwards by 45\u00b0, allowing the bradoon to fit perfectly into the contours of the tongue and mouth.<\/p>\n","protected":false},"excerpt":{"rendered":"<p>The ergonomic shape of the double-jointed Dynamic RS bradoon ensures a particularly \u201cmouth-friendly\u201d, anatomically correct position between the tongue and palatal arch. We use this bit for double bridles especially with sensitive horses or horses with a fleshy tongue.<\/p>\n","protected":false},"author":6,"featured_media":292250,"template":"","meta":{"_acf_changed":false},"product_brand":[],"product_cat":[452,795],"product_tag":[607,797],"class_list":{"0":"post-351631","1":"product","2":"type-product","3":"status-publish","4":"has-post-thumbnail","6":"product_cat-for-horses","7":"product_cat-sprenger-en","8":"product_tag-academy-en","9":"product_tag-pferd-en","10":"product_shipping_class-shipping-class-a","11":"entry","12":"has-media","14":"first","15":"instock","16":"taxable","17":"shipping-taxable","18":"purchasable","19":"product-type-variable"},"bundled_by":[],"bundle_stock_status":"instock","bundle_stock_quantity":null,"bundle_virtual":false,"bundle_layout":"","bundle_add_to_cart_form_location":"","bundle_editable_in_cart":false,"bundle_sold_individually_context":"","bundle_item_grouping":"","bundle_min_size":"","bundle_max_size":"","bundle_price":[],"bundled_items":[],"bundle_sell_ids":[],"group_of_quantity":0,"min_quantity":0,"max_quantity":"","exclude_order_quantity_value_rules":"no","exclude_category_quantity_rules":"no","combine_variations":"no","acf":[],"yoast_head":"<!-- This site is optimized with the Yoast SEO plugin v25.4 - https:\/\/yoast.com\/wordpress\/plugins\/seo\/ -->\n<title>Dynamic RS Bradoon double-jointed - Aubenhausen Club<\/title>\n<meta name=\"description\" content=\"We use the double-jointed Dynamic RS bradoon by Sprenger for particularly sensitive horses or for horses with a fleshy tongue and a small mouth.\" \/>\n<meta name=\"robots\" content=\"index, follow, max-snippet:-1, max-image-preview:large, max-video-preview:-1\" \/>\n<link rel=\"canonical\" href=\"https:\/\/www.aubenhausen-club.de\/en\/shop\/for-horses\/sprenger-en\/dynamic-rs-bradoon-double-jointed\/\" \/>\n<meta property=\"og:locale\" content=\"en_US\" \/>\n<meta property=\"og:type\" content=\"article\" \/>\n<meta property=\"og:title\" content=\"Dynamic RS Bradoon double-jointed - Aubenhausen Club\" \/>\n<meta property=\"og:description\" content=\"We use the double-jointed Dynamic RS bradoon by Sprenger for particularly sensitive horses or for horses with a fleshy tongue and a small mouth.\" \/>\n<meta property=\"og:url\" content=\"https:\/\/www.aubenhausen-club.de\/en\/shop\/for-horses\/sprenger-en\/dynamic-rs-bradoon-double-jointed\/\" \/>\n<meta property=\"og:site_name\" content=\"Aubenhausen Club\" \/>\n<meta property=\"article:modified_time\" content=\"2024-11-23T10:56:45+00:00\" \/>\n<meta property=\"og:image\" content=\"https:\/\/www.aubenhausen-club.de\/wp-content\/uploads\/2024\/03\/01-dynamic-doppelt-2.jpg\" \/>\n\t<meta property=\"og:image:width\" content=\"1200\" \/>\n\t<meta property=\"og:image:height\" content=\"1200\" \/>\n\t<meta property=\"og:image:type\" content=\"image\/jpeg\" \/>\n<meta name=\"twitter:card\" content=\"summary_large_image\" \/>\n<meta name=\"twitter:label1\" content=\"Est. reading time\" \/>\n\t<meta name=\"twitter:data1\" content=\"1 minute\" \/>\n<script type=\"application\/ld+json\" class=\"yoast-schema-graph\">{\"@context\":\"https:\/\/schema.org\",\"@graph\":[{\"@type\":\"WebPage\",\"@id\":\"https:\/\/www.aubenhausen-club.de\/en\/shop\/for-horses\/sprenger-en\/dynamic-rs-bradoon-double-jointed\/\",\"url\":\"https:\/\/www.aubenhausen-club.de\/en\/shop\/for-horses\/sprenger-en\/dynamic-rs-bradoon-double-jointed\/\",\"name\":\"Dynamic RS Bradoon double-jointed - Aubenhausen Club\",\"isPartOf\":{\"@id\":\"https:\/\/www.aubenhausen-club.de\/#website\"},\"primaryImageOfPage\":{\"@id\":\"https:\/\/www.aubenhausen-club.de\/en\/shop\/for-horses\/sprenger-en\/dynamic-rs-bradoon-double-jointed\/#primaryimage\"},\"image\":{\"@id\":\"https:\/\/www.aubenhausen-club.de\/en\/shop\/for-horses\/sprenger-en\/dynamic-rs-bradoon-double-jointed\/#primaryimage\"},\"thumbnailUrl\":\"https:\/\/www.aubenhausen-club.de\/wp-content\/uploads\/2024\/03\/01-dynamic-doppelt-2.jpg\",\"datePublished\":\"2024-03-01T19:59:55+00:00\",\"dateModified\":\"2024-11-23T10:56:45+00:00\",\"description\":\"We use the double-jointed Dynamic RS bradoon by Sprenger for particularly sensitive horses or for horses with a fleshy tongue and a small mouth.\",\"breadcrumb\":{\"@id\":\"https:\/\/www.aubenhausen-club.de\/en\/shop\/for-horses\/sprenger-en\/dynamic-rs-bradoon-double-jointed\/#breadcrumb\"},\"inLanguage\":\"en-US\",\"potentialAction\":[{\"@type\":\"ReadAction\",\"target\":[\"https:\/\/www.aubenhausen-club.de\/en\/shop\/for-horses\/sprenger-en\/dynamic-rs-bradoon-double-jointed\/\"]}]},{\"@type\":\"ImageObject\",\"inLanguage\":\"en-US\",\"@id\":\"https:\/\/www.aubenhausen-club.de\/en\/shop\/for-horses\/sprenger-en\/dynamic-rs-bradoon-double-jointed\/#primaryimage\",\"url\":\"https:\/\/www.aubenhausen-club.de\/wp-content\/uploads\/2024\/03\/01-dynamic-doppelt-2.jpg\",\"contentUrl\":\"https:\/\/www.aubenhausen-club.de\/wp-content\/uploads\/2024\/03\/01-dynamic-doppelt-2.jpg\",\"width\":1200,\"height\":1200,\"caption\":\"Dynamic RS Unterlegtrense doppelt gebrochen\"},{\"@type\":\"BreadcrumbList\",\"@id\":\"https:\/\/www.aubenhausen-club.de\/en\/shop\/for-horses\/sprenger-en\/dynamic-rs-bradoon-double-jointed\/#breadcrumb\",\"itemListElement\":[{\"@type\":\"ListItem\",\"position\":1,\"name\":\"Shop\",\"item\":\"https:\/\/www.aubenhausen-club.de\/en\/shop\/\"},{\"@type\":\"ListItem\",\"position\":2,\"name\":\"Dynamic RS Bradoon double-jointed\"}]},{\"@type\":\"WebSite\",\"@id\":\"https:\/\/www.aubenhausen-club.de\/#website\",\"url\":\"https:\/\/www.aubenhausen-club.de\/\",\"name\":\"Aubenhausen Club\",\"description\":\"K\u00f6rperliche Fitness und mentale St\u00e4rke f\u00fcr Dressurreiter\",\"publisher\":{\"@id\":\"https:\/\/www.aubenhausen-club.de\/#organization\"},\"potentialAction\":[{\"@type\":\"SearchAction\",\"target\":{\"@type\":\"EntryPoint\",\"urlTemplate\":\"https:\/\/www.aubenhausen-club.de\/?s={search_term_string}\"},\"query-input\":{\"@type\":\"PropertyValueSpecification\",\"valueRequired\":true,\"valueName\":\"search_term_string\"}}],\"inLanguage\":\"en-US\"},{\"@type\":\"Organization\",\"@id\":\"https:\/\/www.aubenhausen-club.de\/#organization\",\"name\":\"Aubenhausen Club\",\"url\":\"https:\/\/www.aubenhausen-club.de\/\",\"logo\":{\"@type\":\"ImageObject\",\"inLanguage\":\"en-US\",\"@id\":\"https:\/\/www.aubenhausen-club.de\/#\/schema\/logo\/image\/\",\"url\":\"https:\/\/www.aubenhausen-club.de\/wp-content\/uploads\/2020\/12\/AubenhausenClub-Grey.png\",\"contentUrl\":\"https:\/\/www.aubenhausen-club.de\/wp-content\/uploads\/2020\/12\/AubenhausenClub-Grey.png\",\"width\":273,\"height\":273,\"caption\":\"Aubenhausen Club\"},\"image\":{\"@id\":\"https:\/\/www.aubenhausen-club.de\/#\/schema\/logo\/image\/\"}}]}<\/script>\n<!-- \/ Yoast SEO plugin. -->","yoast_head_json":{"title":"Dynamic RS Bradoon double-jointed - Aubenhausen Club","description":"We use the double-jointed Dynamic RS bradoon by Sprenger for particularly sensitive horses or for horses with a fleshy tongue and a small mouth.","robots":{"index":"index","follow":"follow","max-snippet":"max-snippet:-1","max-image-preview":"max-image-preview:large","max-video-preview":"max-video-preview:-1"},"canonical":"https:\/\/www.aubenhausen-club.de\/en\/shop\/for-horses\/sprenger-en\/dynamic-rs-bradoon-double-jointed\/","og_locale":"en_US","og_type":"article","og_title":"Dynamic RS Bradoon double-jointed - Aubenhausen Club","og_description":"We use the double-jointed Dynamic RS bradoon by Sprenger for particularly sensitive horses or for horses with a fleshy tongue and a small mouth.","og_url":"https:\/\/www.aubenhausen-club.de\/en\/shop\/for-horses\/sprenger-en\/dynamic-rs-bradoon-double-jointed\/","og_site_name":"Aubenhausen Club","article_modified_time":"2024-11-23T10:56:45+00:00","og_image":[{"width":1200,"height":1200,"url":"https:\/\/www.aubenhausen-club.de\/wp-content\/uploads\/2024\/03\/01-dynamic-doppelt-2.jpg","type":"image\/jpeg"}],"twitter_card":"summary_large_image","twitter_misc":{"Est. reading time":"1 minute"},"schema":{"@context":"https:\/\/schema.org","@graph":[{"@type":"WebPage","@id":"https:\/\/www.aubenhausen-club.de\/en\/shop\/for-horses\/sprenger-en\/dynamic-rs-bradoon-double-jointed\/","url":"https:\/\/www.aubenhausen-club.de\/en\/shop\/for-horses\/sprenger-en\/dynamic-rs-bradoon-double-jointed\/","name":"Dynamic RS Bradoon double-jointed - Aubenhausen Club","isPartOf":{"@id":"https:\/\/www.aubenhausen-club.de\/#website"},"primaryImageOfPage":{"@id":"https:\/\/www.aubenhausen-club.de\/en\/shop\/for-horses\/sprenger-en\/dynamic-rs-bradoon-double-jointed\/#primaryimage"},"image":{"@id":"https:\/\/www.aubenhausen-club.de\/en\/shop\/for-horses\/sprenger-en\/dynamic-rs-bradoon-double-jointed\/#primaryimage"},"thumbnailUrl":"https:\/\/www.aubenhausen-club.de\/wp-content\/uploads\/2024\/03\/01-dynamic-doppelt-2.jpg","datePublished":"2024-03-01T19:59:55+00:00","dateModified":"2024-11-23T10:56:45+00:00","description":"We use the double-jointed Dynamic RS bradoon by Sprenger for particularly sensitive horses or for horses with a fleshy tongue and a small mouth.","breadcrumb":{"@id":"https:\/\/www.aubenhausen-club.de\/en\/shop\/for-horses\/sprenger-en\/dynamic-rs-bradoon-double-jointed\/#breadcrumb"},"inLanguage":"en-US","potentialAction":[{"@type":"ReadAction","target":["https:\/\/www.aubenhausen-club.de\/en\/shop\/for-horses\/sprenger-en\/dynamic-rs-bradoon-double-jointed\/"]}]},{"@type":"ImageObject","inLanguage":"en-US","@id":"https:\/\/www.aubenhausen-club.de\/en\/shop\/for-horses\/sprenger-en\/dynamic-rs-bradoon-double-jointed\/#primaryimage","url":"https:\/\/www.aubenhausen-club.de\/wp-content\/uploads\/2024\/03\/01-dynamic-doppelt-2.jpg","contentUrl":"https:\/\/www.aubenhausen-club.de\/wp-content\/uploads\/2024\/03\/01-dynamic-doppelt-2.jpg","width":1200,"height":1200,"caption":"Dynamic RS Unterlegtrense doppelt gebrochen"},{"@type":"BreadcrumbList","@id":"https:\/\/www.aubenhausen-club.de\/en\/shop\/for-horses\/sprenger-en\/dynamic-rs-bradoon-double-jointed\/#breadcrumb","itemListElement":[{"@type":"ListItem","position":1,"name":"Shop","item":"https:\/\/www.aubenhausen-club.de\/en\/shop\/"},{"@type":"ListItem","position":2,"name":"Dynamic RS Bradoon double-jointed"}]},{"@type":"WebSite","@id":"https:\/\/www.aubenhausen-club.de\/#website","url":"https:\/\/www.aubenhausen-club.de\/","name":"Aubenhausen Club","description":"K\u00f6rperliche Fitness und mentale St\u00e4rke f\u00fcr Dressurreiter","publisher":{"@id":"https:\/\/www.aubenhausen-club.de\/#organization"},"potentialAction":[{"@type":"SearchAction","target":{"@type":"EntryPoint","urlTemplate":"https:\/\/www.aubenhausen-club.de\/?s={search_term_string}"},"query-input":{"@type":"PropertyValueSpecification","valueRequired":true,"valueName":"search_term_string"}}],"inLanguage":"en-US"},{"@type":"Organization","@id":"https:\/\/www.aubenhausen-club.de\/#organization","name":"Aubenhausen Club","url":"https:\/\/www.aubenhausen-club.de\/","logo":{"@type":"ImageObject","inLanguage":"en-US","@id":"https:\/\/www.aubenhausen-club.de\/#\/schema\/logo\/image\/","url":"https:\/\/www.aubenhausen-club.de\/wp-content\/uploads\/2020\/12\/AubenhausenClub-Grey.png","contentUrl":"https:\/\/www.aubenhausen-club.de\/wp-content\/uploads\/2020\/12\/AubenhausenClub-Grey.png","width":273,"height":273,"caption":"Aubenhausen Club"},"image":{"@id":"https:\/\/www.aubenhausen-club.de\/#\/schema\/logo\/image\/"}}]}},"_links":{"self":[{"href":"https:\/\/www.aubenhausen-club.de\/en\/wp-json\/wp\/v2\/product\/351631"}],"collection":[{"href":"https:\/\/www.aubenhausen-club.de\/en\/wp-json\/wp\/v2\/product"}],"about":[{"href":"https:\/\/www.aubenhausen-club.de\/en\/wp-json\/wp\/v2\/types\/product"}],"author":[{"embeddable":true,"href":"https:\/\/www.aubenhausen-club.de\/en\/wp-json\/wp\/v2\/users\/6"}],"wp:featuredmedia":[{"embeddable":true,"href":"https:\/\/www.aubenhausen-club.de\/en\/wp-json\/wp\/v2\/media\/292250"}],"wp:attachment":[{"href":"https:\/\/www.aubenhausen-club.de\/en\/wp-json\/wp\/v2\/media?parent=351631"}],"wp:term":[{"taxonomy":"product_brand","embeddable":true,"href":"https:\/\/www.aubenhausen-club.de\/en\/wp-json\/wp\/v2\/product_brand?post=351631"},{"taxonomy":"product_cat","embeddable":true,"href":"https:\/\/www.aubenhausen-club.de\/en\/wp-json\/wp\/v2\/product_cat?post=351631"},{"taxonomy":"product_tag","embeddable":true,"href":"https:\/\/www.aubenhausen-club.de\/en\/wp-json\/wp\/v2\/product_tag?post=351631"}],"curies":[{"name":"wp","href":"https:\/\/api.w.org\/{rel}","templated":true}]}}