{"id":357570,"date":"2024-12-05T17:02:59","date_gmt":"2024-12-05T16:02:59","guid":{"rendered":"https:\/\/www.aubenhausen-club.de\/shop\/uncategorized\/clickngo-stirnriemen-2er-bundle\/"},"modified":"2024-12-10T12:02:23","modified_gmt":"2024-12-10T11:02:23","slug":"clickngo-stirnriemen-2er-bundle","status":"publish","type":"product","link":"https:\/\/www.aubenhausen-club.de\/en\/shop\/for-horses\/clickngo-stirnriemen-2er-bundle\/","title":{"rendered":"Click\u2019N\u2019Go Browbands &#8211; 2 pieces"},"content":{"rendered":"<h3>Take 2 and save 20\u20ac!<\/h3>\n<p>Highlight your horse&#8217;s personality with our browbands and switch up the look and colour in just one click, without completely disassembling your bridle. With this fantastic 2-piece bundle, you&#8217;ll always have the right browband on hand.<\/p>\n<p>The specially designed Click\u2019N\u2019Go connectors feature an integrated magnet, ensuring the browband stays securely attached while being effortless to swap. Now available in the Aubenhausen Club Edition, made from vegan leather.<br \/>\nYou only need a single connector to alternate between all your browbands.<\/p>\n<p>\u201cWe\u2019ve tried a few systems like this before, and the Click\u2019N\u2019Go system is by far the easiest to use while being absolutely secure. We love it and now use the Click\u2019N\u2019Go browbands for almost all our horses.\u201d<br \/>\n\u2013 Anna, Jessica\u2019s Groom<\/p>\n<p><strong>\u2713 Easy to switch<br \/>\n\u2713 Secure attachment \u2013 the browband won\u2019t open on its own<br \/>\n\u2713 Compatible with all standard bridle types<br \/>\n\u2713 Elegant Aubenhausen Club engraving on the connector <strong>(connector not included in the bundle)<\/strong><br \/>\n\u2713 Handcrafted<br \/>\n\u2713 Includes a high-quality linen pouch<\/strong><\/p>\n<p>The Click\u2019N\u2019Go connectors are the attachments used to secure the Click\u2019N\u2019Go browbands to your bridle or double bridle. You only need one pair of connectors per bridle. The innovative Click\u2019N\u2019Go system with integrated magnets makes swapping browbands particularly easy and secure. <strong>The Click\u2019N\u2019Go connectors are not included in this bundle and can be purchased separately.<\/strong><\/p>\n","protected":false},"excerpt":{"rendered":"<p><strong>Mix &amp; Match<\/strong><br \/>\nChoose two colours and two sizes.<\/p>\n<p><strong>Take 2 and save 20\u20ac!<\/strong> A wonderful bundle \u2013 two browbands for every occasion! A new look for your horse with just one click: the Click\u2019N\u2019Go system allows you to quickly and securely swap your favourite browbands at any time.<\/p>\n<p style=\"font-size: 12px;\">*The connectors is not included in the bundle.<\/p>\n","protected":false},"author":5225,"featured_media":297241,"template":"","meta":{"_acf_changed":false},"product_brand":[],"product_cat":[452,453],"product_tag":[607,796,797,798],"class_list":{"0":"post-357570","1":"product","2":"type-product","3":"status-publish","4":"has-post-thumbnail","6":"product_cat-for-horses","7":"product_cat-gifts","8":"product_tag-academy-en","9":"product_tag-club-en","10":"product_tag-pferd-en","11":"product_tag-pferde-en","12":"entry","13":"has-media","15":"first","16":"instock","17":"sale","18":"virtual","19":"taxable","20":"purchasable","21":"product-type-bundle"},"bundled_by":[],"bundle_stock_status":"instock","bundle_stock_quantity":"","bundle_virtual":false,"bundle_layout":"default","bundle_add_to_cart_form_location":"default","bundle_editable_in_cart":false,"bundle_sold_individually_context":"product","bundle_item_grouping":"parent","bundle_min_size":"","bundle_max_size":"","bundle_price":{"price":{"min":{"incl_tax":"160","excl_tax":"134.453782"},"max":{"incl_tax":"160","excl_tax":"134.453782"}},"regular_price":{"min":{"incl_tax":"180","excl_tax":"151.260504"},"max":{"incl_tax":"180","excl_tax":"151.260504"}}},"bundled_items":[{"bundled_item_id":22,"product_id":297429,"menu_order":0,"quantity_min":1,"quantity_max":1,"quantity_default":1,"priced_individually":false,"shipped_individually":false,"override_title":false,"title":"Click\u2019N\u2019Go Browbands","override_description":true,"description":"","optional":false,"hide_thumbnail":false,"discount":"","override_variations":false,"allowed_variations":[""],"override_default_variation_attributes":false,"default_variation_attributes":[],"single_product_visibility":"visible","cart_visibility":"visible","order_visibility":"visible","single_product_price_visibility":"visible","cart_price_visibility":"visible","order_price_visibility":"visible","stock_status":"in_stock"},{"bundled_item_id":23,"product_id":297429,"menu_order":1,"quantity_min":1,"quantity_max":1,"quantity_default":1,"priced_individually":false,"shipped_individually":false,"override_title":false,"title":"Click\u2019N\u2019Go Browbands","override_description":true,"description":"","optional":false,"hide_thumbnail":false,"discount":"","override_variations":false,"allowed_variations":[""],"override_default_variation_attributes":false,"default_variation_attributes":[],"single_product_visibility":"visible","cart_visibility":"visible","order_visibility":"visible","single_product_price_visibility":"visible","cart_price_visibility":"visible","order_price_visibility":"visible","stock_status":"in_stock"}],"bundle_sell_ids":[],"group_of_quantity":0,"min_quantity":0,"max_quantity":"","exclude_order_quantity_value_rules":"no","exclude_category_quantity_rules":"no","combine_variations":"no","acf":[],"yoast_head":"<!-- This site is optimized with the Yoast SEO plugin v25.4 - https:\/\/yoast.com\/wordpress\/plugins\/seo\/ -->\n<title>Click\u2019N\u2019Go Browbands - 2 pieces - Aubenhausen Club<\/title>\n<meta name=\"description\" content=\"Underline your horse&#039;s personality with our browbands and change the look &amp; colour with just one click without having to completely dismantle your bridle.\" \/>\n<meta name=\"robots\" content=\"index, follow, max-snippet:-1, max-image-preview:large, max-video-preview:-1\" \/>\n<link rel=\"canonical\" href=\"https:\/\/www.aubenhausen-club.de\/en\/shop\/for-horses\/clickngo-stirnriemen-2er-bundle\/\" \/>\n<meta property=\"og:locale\" content=\"en_US\" \/>\n<meta property=\"og:type\" content=\"article\" \/>\n<meta property=\"og:title\" content=\"Click\u2019N\u2019Go Browbands - 2 pieces - Aubenhausen Club\" \/>\n<meta property=\"og:description\" content=\"Underline your horse&#039;s personality with our browbands and change the look &amp; colour with just one click without having to completely dismantle your bridle.\" \/>\n<meta property=\"og:url\" content=\"https:\/\/www.aubenhausen-club.de\/en\/shop\/for-horses\/clickngo-stirnriemen-2er-bundle\/\" \/>\n<meta property=\"og:site_name\" content=\"Aubenhausen Club\" \/>\n<meta property=\"article:modified_time\" content=\"2024-12-10T11:02:23+00:00\" \/>\n<meta property=\"og:image\" content=\"https:\/\/www.aubenhausen-club.de\/wp-content\/uploads\/2024\/03\/03-champagne-collection.jpg\" \/>\n\t<meta property=\"og:image:width\" content=\"1200\" \/>\n\t<meta property=\"og:image:height\" content=\"1200\" \/>\n\t<meta property=\"og:image:type\" content=\"image\/jpeg\" \/>\n<meta name=\"twitter:card\" content=\"summary_large_image\" \/>\n<meta name=\"twitter:label1\" content=\"Est. reading time\" \/>\n\t<meta name=\"twitter:data1\" content=\"2 minutes\" \/>\n<script type=\"application\/ld+json\" class=\"yoast-schema-graph\">{\"@context\":\"https:\/\/schema.org\",\"@graph\":[{\"@type\":\"WebPage\",\"@id\":\"https:\/\/www.aubenhausen-club.de\/en\/shop\/for-horses\/clickngo-stirnriemen-2er-bundle\/\",\"url\":\"https:\/\/www.aubenhausen-club.de\/en\/shop\/for-horses\/clickngo-stirnriemen-2er-bundle\/\",\"name\":\"Click\u2019N\u2019Go Browbands - 2 pieces - Aubenhausen Club\",\"isPartOf\":{\"@id\":\"https:\/\/www.aubenhausen-club.de\/#website\"},\"primaryImageOfPage\":{\"@id\":\"https:\/\/www.aubenhausen-club.de\/en\/shop\/for-horses\/clickngo-stirnriemen-2er-bundle\/#primaryimage\"},\"image\":{\"@id\":\"https:\/\/www.aubenhausen-club.de\/en\/shop\/for-horses\/clickngo-stirnriemen-2er-bundle\/#primaryimage\"},\"thumbnailUrl\":\"https:\/\/www.aubenhausen-club.de\/wp-content\/uploads\/2024\/03\/03-champagne-collection.jpg\",\"datePublished\":\"2024-12-05T16:02:59+00:00\",\"dateModified\":\"2024-12-10T11:02:23+00:00\",\"description\":\"Underline your horse's personality with our browbands and change the look & colour with just one click without having to completely dismantle your bridle.\",\"breadcrumb\":{\"@id\":\"https:\/\/www.aubenhausen-club.de\/en\/shop\/for-horses\/clickngo-stirnriemen-2er-bundle\/#breadcrumb\"},\"inLanguage\":\"en-US\",\"potentialAction\":[{\"@type\":\"ReadAction\",\"target\":[\"https:\/\/www.aubenhausen-club.de\/en\/shop\/for-horses\/clickngo-stirnriemen-2er-bundle\/\"]}]},{\"@type\":\"ImageObject\",\"inLanguage\":\"en-US\",\"@id\":\"https:\/\/www.aubenhausen-club.de\/en\/shop\/for-horses\/clickngo-stirnriemen-2er-bundle\/#primaryimage\",\"url\":\"https:\/\/www.aubenhausen-club.de\/wp-content\/uploads\/2024\/03\/03-champagne-collection.jpg\",\"contentUrl\":\"https:\/\/www.aubenhausen-club.de\/wp-content\/uploads\/2024\/03\/03-champagne-collection.jpg\",\"width\":1200,\"height\":1200,\"caption\":\"Click'N'Go Browbands\"},{\"@type\":\"BreadcrumbList\",\"@id\":\"https:\/\/www.aubenhausen-club.de\/en\/shop\/for-horses\/clickngo-stirnriemen-2er-bundle\/#breadcrumb\",\"itemListElement\":[{\"@type\":\"ListItem\",\"position\":1,\"name\":\"Shop\",\"item\":\"https:\/\/www.aubenhausen-club.de\/en\/shop\/\"},{\"@type\":\"ListItem\",\"position\":2,\"name\":\"Click\u2019N\u2019Go Browbands &#8211; 2 pieces\"}]},{\"@type\":\"WebSite\",\"@id\":\"https:\/\/www.aubenhausen-club.de\/#website\",\"url\":\"https:\/\/www.aubenhausen-club.de\/\",\"name\":\"Aubenhausen Club\",\"description\":\"K\u00f6rperliche Fitness und mentale St\u00e4rke f\u00fcr Dressurreiter\",\"publisher\":{\"@id\":\"https:\/\/www.aubenhausen-club.de\/#organization\"},\"potentialAction\":[{\"@type\":\"SearchAction\",\"target\":{\"@type\":\"EntryPoint\",\"urlTemplate\":\"https:\/\/www.aubenhausen-club.de\/?s={search_term_string}\"},\"query-input\":{\"@type\":\"PropertyValueSpecification\",\"valueRequired\":true,\"valueName\":\"search_term_string\"}}],\"inLanguage\":\"en-US\"},{\"@type\":\"Organization\",\"@id\":\"https:\/\/www.aubenhausen-club.de\/#organization\",\"name\":\"Aubenhausen Club\",\"url\":\"https:\/\/www.aubenhausen-club.de\/\",\"logo\":{\"@type\":\"ImageObject\",\"inLanguage\":\"en-US\",\"@id\":\"https:\/\/www.aubenhausen-club.de\/#\/schema\/logo\/image\/\",\"url\":\"https:\/\/www.aubenhausen-club.de\/wp-content\/uploads\/2020\/12\/AubenhausenClub-Grey.png\",\"contentUrl\":\"https:\/\/www.aubenhausen-club.de\/wp-content\/uploads\/2020\/12\/AubenhausenClub-Grey.png\",\"width\":273,\"height\":273,\"caption\":\"Aubenhausen Club\"},\"image\":{\"@id\":\"https:\/\/www.aubenhausen-club.de\/#\/schema\/logo\/image\/\"}}]}<\/script>\n<!-- \/ Yoast SEO plugin. -->","yoast_head_json":{"title":"Click\u2019N\u2019Go Browbands - 2 pieces - Aubenhausen Club","description":"Underline your horse's personality with our browbands and change the look & colour with just one click without having to completely dismantle your bridle.","robots":{"index":"index","follow":"follow","max-snippet":"max-snippet:-1","max-image-preview":"max-image-preview:large","max-video-preview":"max-video-preview:-1"},"canonical":"https:\/\/www.aubenhausen-club.de\/en\/shop\/for-horses\/clickngo-stirnriemen-2er-bundle\/","og_locale":"en_US","og_type":"article","og_title":"Click\u2019N\u2019Go Browbands - 2 pieces - Aubenhausen Club","og_description":"Underline your horse's personality with our browbands and change the look & colour with just one click without having to completely dismantle your bridle.","og_url":"https:\/\/www.aubenhausen-club.de\/en\/shop\/for-horses\/clickngo-stirnriemen-2er-bundle\/","og_site_name":"Aubenhausen Club","article_modified_time":"2024-12-10T11:02:23+00:00","og_image":[{"width":1200,"height":1200,"url":"https:\/\/www.aubenhausen-club.de\/wp-content\/uploads\/2024\/03\/03-champagne-collection.jpg","type":"image\/jpeg"}],"twitter_card":"summary_large_image","twitter_misc":{"Est. reading time":"2 minutes"},"schema":{"@context":"https:\/\/schema.org","@graph":[{"@type":"WebPage","@id":"https:\/\/www.aubenhausen-club.de\/en\/shop\/for-horses\/clickngo-stirnriemen-2er-bundle\/","url":"https:\/\/www.aubenhausen-club.de\/en\/shop\/for-horses\/clickngo-stirnriemen-2er-bundle\/","name":"Click\u2019N\u2019Go Browbands - 2 pieces - Aubenhausen Club","isPartOf":{"@id":"https:\/\/www.aubenhausen-club.de\/#website"},"primaryImageOfPage":{"@id":"https:\/\/www.aubenhausen-club.de\/en\/shop\/for-horses\/clickngo-stirnriemen-2er-bundle\/#primaryimage"},"image":{"@id":"https:\/\/www.aubenhausen-club.de\/en\/shop\/for-horses\/clickngo-stirnriemen-2er-bundle\/#primaryimage"},"thumbnailUrl":"https:\/\/www.aubenhausen-club.de\/wp-content\/uploads\/2024\/03\/03-champagne-collection.jpg","datePublished":"2024-12-05T16:02:59+00:00","dateModified":"2024-12-10T11:02:23+00:00","description":"Underline your horse's personality with our browbands and change the look & colour with just one click without having to completely dismantle your bridle.","breadcrumb":{"@id":"https:\/\/www.aubenhausen-club.de\/en\/shop\/for-horses\/clickngo-stirnriemen-2er-bundle\/#breadcrumb"},"inLanguage":"en-US","potentialAction":[{"@type":"ReadAction","target":["https:\/\/www.aubenhausen-club.de\/en\/shop\/for-horses\/clickngo-stirnriemen-2er-bundle\/"]}]},{"@type":"ImageObject","inLanguage":"en-US","@id":"https:\/\/www.aubenhausen-club.de\/en\/shop\/for-horses\/clickngo-stirnriemen-2er-bundle\/#primaryimage","url":"https:\/\/www.aubenhausen-club.de\/wp-content\/uploads\/2024\/03\/03-champagne-collection.jpg","contentUrl":"https:\/\/www.aubenhausen-club.de\/wp-content\/uploads\/2024\/03\/03-champagne-collection.jpg","width":1200,"height":1200,"caption":"Click'N'Go Browbands"},{"@type":"BreadcrumbList","@id":"https:\/\/www.aubenhausen-club.de\/en\/shop\/for-horses\/clickngo-stirnriemen-2er-bundle\/#breadcrumb","itemListElement":[{"@type":"ListItem","position":1,"name":"Shop","item":"https:\/\/www.aubenhausen-club.de\/en\/shop\/"},{"@type":"ListItem","position":2,"name":"Click\u2019N\u2019Go Browbands &#8211; 2 pieces"}]},{"@type":"WebSite","@id":"https:\/\/www.aubenhausen-club.de\/#website","url":"https:\/\/www.aubenhausen-club.de\/","name":"Aubenhausen Club","description":"K\u00f6rperliche Fitness und mentale St\u00e4rke f\u00fcr Dressurreiter","publisher":{"@id":"https:\/\/www.aubenhausen-club.de\/#organization"},"potentialAction":[{"@type":"SearchAction","target":{"@type":"EntryPoint","urlTemplate":"https:\/\/www.aubenhausen-club.de\/?s={search_term_string}"},"query-input":{"@type":"PropertyValueSpecification","valueRequired":true,"valueName":"search_term_string"}}],"inLanguage":"en-US"},{"@type":"Organization","@id":"https:\/\/www.aubenhausen-club.de\/#organization","name":"Aubenhausen Club","url":"https:\/\/www.aubenhausen-club.de\/","logo":{"@type":"ImageObject","inLanguage":"en-US","@id":"https:\/\/www.aubenhausen-club.de\/#\/schema\/logo\/image\/","url":"https:\/\/www.aubenhausen-club.de\/wp-content\/uploads\/2020\/12\/AubenhausenClub-Grey.png","contentUrl":"https:\/\/www.aubenhausen-club.de\/wp-content\/uploads\/2020\/12\/AubenhausenClub-Grey.png","width":273,"height":273,"caption":"Aubenhausen Club"},"image":{"@id":"https:\/\/www.aubenhausen-club.de\/#\/schema\/logo\/image\/"}}]}},"_links":{"self":[{"href":"https:\/\/www.aubenhausen-club.de\/en\/wp-json\/wp\/v2\/product\/357570"}],"collection":[{"href":"https:\/\/www.aubenhausen-club.de\/en\/wp-json\/wp\/v2\/product"}],"about":[{"href":"https:\/\/www.aubenhausen-club.de\/en\/wp-json\/wp\/v2\/types\/product"}],"author":[{"embeddable":true,"href":"https:\/\/www.aubenhausen-club.de\/en\/wp-json\/wp\/v2\/users\/5225"}],"wp:featuredmedia":[{"embeddable":true,"href":"https:\/\/www.aubenhausen-club.de\/en\/wp-json\/wp\/v2\/media\/297241"}],"wp:attachment":[{"href":"https:\/\/www.aubenhausen-club.de\/en\/wp-json\/wp\/v2\/media?parent=357570"}],"wp:term":[{"taxonomy":"product_brand","embeddable":true,"href":"https:\/\/www.aubenhausen-club.de\/en\/wp-json\/wp\/v2\/product_brand?post=357570"},{"taxonomy":"product_cat","embeddable":true,"href":"https:\/\/www.aubenhausen-club.de\/en\/wp-json\/wp\/v2\/product_cat?post=357570"},{"taxonomy":"product_tag","embeddable":true,"href":"https:\/\/www.aubenhausen-club.de\/en\/wp-json\/wp\/v2\/product_tag?post=357570"}],"curies":[{"name":"wp","href":"https:\/\/api.w.org\/{rel}","templated":true}]}}