{"id":398325,"date":"2025-05-26T14:51:15","date_gmt":"2025-05-26T12:51:15","guid":{"rendered":"https:\/\/www.aubenhausen-club.de\/shop\/uncategorized\/weisses-t-shirt-mindsetmatters\/"},"modified":"2025-05-28T17:59:04","modified_gmt":"2025-05-28T15:59:04","slug":"weisses-t-shirt-mindsetmatters","status":"publish","type":"product","link":"https:\/\/www.aubenhausen-club.de\/en\/shop\/for-riders\/weisses-t-shirt-mindsetmatters\/","title":{"rendered":"White T-Shirt #MindsetMatters"},"content":{"rendered":"<h3><strong>This T-shirt is more than just a piece of clothing.<\/strong><\/h3>\n<p>It\u2019s a statement for mindfulness, fairness, and mental strength in equestrian sport. If you, like us, believe that true connection with your horse begins on the inside, then #MindsetMatters is your path. Jessica wears it with pride \u2013 and loves its premium quality.<\/p>\n<p>This fully sustainable shirt, made from 100% certified organic cotton, features a slightly rounded hem and rolled-up sleeves. It can be worn tucked in or loose \u2013 perfectly stylish either way.<\/p>\n","protected":false},"excerpt":{"rendered":"<p><strong>Limited Edition!<\/strong><br \/>Put on your new favourite T-shirt and wear the #MindsetMatters energy close to your heart. Light, comfortable and full of attitude \u2013 only while stocks last.<\/p>\n<p><strong>Fit: Women&#8217;s.<\/strong><\/p>\n","protected":false},"author":35343,"featured_media":400111,"template":"","meta":{"_acf_changed":false},"product_brand":[],"product_cat":[401],"product_tag":[515,876],"class_list":{"0":"post-398325","1":"product","2":"type-product","3":"status-publish","4":"has-post-thumbnail","6":"product_cat-for-riders","7":"product_tag-gift","8":"product_tag-rider-en","9":"product_shipping_class-shipping-class-a","10":"entry","11":"has-media","13":"first","14":"instock","15":"taxable","16":"shipping-taxable","17":"purchasable","18":"product-type-variable"},"bundled_by":[],"bundle_stock_status":"instock","bundle_stock_quantity":null,"bundle_virtual":false,"bundle_layout":"","bundle_add_to_cart_form_location":"","bundle_editable_in_cart":false,"bundle_sold_individually_context":"","bundle_item_grouping":"","bundle_min_size":"","bundle_max_size":"","bundle_price":[],"bundled_items":[],"bundle_sell_ids":[],"group_of_quantity":0,"min_quantity":0,"max_quantity":"","exclude_order_quantity_value_rules":"no","exclude_category_quantity_rules":"no","combine_variations":"no","acf":[],"yoast_head":"<!-- This site is optimized with the Yoast SEO plugin v25.4 - https:\/\/yoast.com\/wordpress\/plugins\/seo\/ -->\n<title>White T-Shirt #MindsetMatters - Aubenhausen Club<\/title>\n<meta name=\"robots\" content=\"index, follow, max-snippet:-1, max-image-preview:large, max-video-preview:-1\" \/>\n<link rel=\"canonical\" href=\"https:\/\/www.aubenhausen-club.de\/en\/shop\/for-riders\/weisses-t-shirt-mindsetmatters\/\" \/>\n<meta property=\"og:locale\" content=\"en_US\" \/>\n<meta property=\"og:type\" content=\"article\" \/>\n<meta property=\"og:title\" content=\"White T-Shirt #MindsetMatters - Aubenhausen Club\" \/>\n<meta property=\"og:description\" content=\"Limited Edition!Put on your new favourite T-shirt and wear the #MindsetMatters energy close to your heart. Light, comfortable and full of attitude \u2013 only while stocks last. Fit: Women&#039;s.\" \/>\n<meta property=\"og:url\" content=\"https:\/\/www.aubenhausen-club.de\/en\/shop\/for-riders\/weisses-t-shirt-mindsetmatters\/\" \/>\n<meta property=\"og:site_name\" content=\"Aubenhausen Club\" \/>\n<meta property=\"article:modified_time\" content=\"2025-05-28T15:59:04+00:00\" \/>\n<meta property=\"og:image\" content=\"https:\/\/www.aubenhausen-club.de\/wp-content\/uploads\/2025\/05\/DSCF4316.jpg\" \/>\n\t<meta property=\"og:image:width\" content=\"1200\" \/>\n\t<meta property=\"og:image:height\" content=\"1200\" \/>\n\t<meta property=\"og:image:type\" content=\"image\/jpeg\" \/>\n<meta name=\"twitter:card\" content=\"summary_large_image\" \/>\n<meta name=\"twitter:label1\" content=\"Est. reading time\" \/>\n\t<meta name=\"twitter:data1\" content=\"1 minute\" \/>\n<script type=\"application\/ld+json\" class=\"yoast-schema-graph\">{\"@context\":\"https:\/\/schema.org\",\"@graph\":[{\"@type\":\"WebPage\",\"@id\":\"https:\/\/www.aubenhausen-club.de\/en\/shop\/for-riders\/weisses-t-shirt-mindsetmatters\/\",\"url\":\"https:\/\/www.aubenhausen-club.de\/en\/shop\/for-riders\/weisses-t-shirt-mindsetmatters\/\",\"name\":\"White T-Shirt #MindsetMatters - Aubenhausen Club\",\"isPartOf\":{\"@id\":\"https:\/\/www.aubenhausen-club.de\/#website\"},\"primaryImageOfPage\":{\"@id\":\"https:\/\/www.aubenhausen-club.de\/en\/shop\/for-riders\/weisses-t-shirt-mindsetmatters\/#primaryimage\"},\"image\":{\"@id\":\"https:\/\/www.aubenhausen-club.de\/en\/shop\/for-riders\/weisses-t-shirt-mindsetmatters\/#primaryimage\"},\"thumbnailUrl\":\"https:\/\/www.aubenhausen-club.de\/wp-content\/uploads\/2025\/06\/mindsetmatters-T-Shirt-weiss.jpg\",\"datePublished\":\"2025-05-26T12:51:15+00:00\",\"dateModified\":\"2025-05-28T15:59:04+00:00\",\"breadcrumb\":{\"@id\":\"https:\/\/www.aubenhausen-club.de\/en\/shop\/for-riders\/weisses-t-shirt-mindsetmatters\/#breadcrumb\"},\"inLanguage\":\"en-US\",\"potentialAction\":[{\"@type\":\"ReadAction\",\"target\":[\"https:\/\/www.aubenhausen-club.de\/en\/shop\/for-riders\/weisses-t-shirt-mindsetmatters\/\"]}]},{\"@type\":\"ImageObject\",\"inLanguage\":\"en-US\",\"@id\":\"https:\/\/www.aubenhausen-club.de\/en\/shop\/for-riders\/weisses-t-shirt-mindsetmatters\/#primaryimage\",\"url\":\"https:\/\/www.aubenhausen-club.de\/wp-content\/uploads\/2025\/06\/mindsetmatters-T-Shirt-weiss.jpg\",\"contentUrl\":\"https:\/\/www.aubenhausen-club.de\/wp-content\/uploads\/2025\/06\/mindsetmatters-T-Shirt-weiss.jpg\",\"width\":1200,\"height\":1200,\"caption\":\"T-Shirt, wei\u00df\"},{\"@type\":\"BreadcrumbList\",\"@id\":\"https:\/\/www.aubenhausen-club.de\/en\/shop\/for-riders\/weisses-t-shirt-mindsetmatters\/#breadcrumb\",\"itemListElement\":[{\"@type\":\"ListItem\",\"position\":1,\"name\":\"Shop\",\"item\":\"https:\/\/www.aubenhausen-club.de\/en\/shop\/\"},{\"@type\":\"ListItem\",\"position\":2,\"name\":\"White T-Shirt #MindsetMatters\"}]},{\"@type\":\"WebSite\",\"@id\":\"https:\/\/www.aubenhausen-club.de\/#website\",\"url\":\"https:\/\/www.aubenhausen-club.de\/\",\"name\":\"Aubenhausen Club\",\"description\":\"K\u00f6rperliche Fitness und mentale St\u00e4rke f\u00fcr Dressurreiter\",\"publisher\":{\"@id\":\"https:\/\/www.aubenhausen-club.de\/#organization\"},\"potentialAction\":[{\"@type\":\"SearchAction\",\"target\":{\"@type\":\"EntryPoint\",\"urlTemplate\":\"https:\/\/www.aubenhausen-club.de\/?s={search_term_string}\"},\"query-input\":{\"@type\":\"PropertyValueSpecification\",\"valueRequired\":true,\"valueName\":\"search_term_string\"}}],\"inLanguage\":\"en-US\"},{\"@type\":\"Organization\",\"@id\":\"https:\/\/www.aubenhausen-club.de\/#organization\",\"name\":\"Aubenhausen Club\",\"url\":\"https:\/\/www.aubenhausen-club.de\/\",\"logo\":{\"@type\":\"ImageObject\",\"inLanguage\":\"en-US\",\"@id\":\"https:\/\/www.aubenhausen-club.de\/#\/schema\/logo\/image\/\",\"url\":\"https:\/\/www.aubenhausen-club.de\/wp-content\/uploads\/2020\/12\/AubenhausenClub-Grey.png\",\"contentUrl\":\"https:\/\/www.aubenhausen-club.de\/wp-content\/uploads\/2020\/12\/AubenhausenClub-Grey.png\",\"width\":273,\"height\":273,\"caption\":\"Aubenhausen Club\"},\"image\":{\"@id\":\"https:\/\/www.aubenhausen-club.de\/#\/schema\/logo\/image\/\"}}]}<\/script>\n<!-- \/ Yoast SEO plugin. -->","yoast_head_json":{"title":"White T-Shirt #MindsetMatters - Aubenhausen Club","robots":{"index":"index","follow":"follow","max-snippet":"max-snippet:-1","max-image-preview":"max-image-preview:large","max-video-preview":"max-video-preview:-1"},"canonical":"https:\/\/www.aubenhausen-club.de\/en\/shop\/for-riders\/weisses-t-shirt-mindsetmatters\/","og_locale":"en_US","og_type":"article","og_title":"White T-Shirt #MindsetMatters - Aubenhausen Club","og_description":"Limited Edition!Put on your new favourite T-shirt and wear the #MindsetMatters energy close to your heart. Light, comfortable and full of attitude \u2013 only while stocks last. Fit: Women's.","og_url":"https:\/\/www.aubenhausen-club.de\/en\/shop\/for-riders\/weisses-t-shirt-mindsetmatters\/","og_site_name":"Aubenhausen Club","article_modified_time":"2025-05-28T15:59:04+00:00","og_image":[{"width":1200,"height":1200,"url":"https:\/\/www.aubenhausen-club.de\/wp-content\/uploads\/2025\/05\/DSCF4316.jpg","type":"image\/jpeg"}],"twitter_card":"summary_large_image","twitter_misc":{"Est. reading time":"1 minute"},"schema":{"@context":"https:\/\/schema.org","@graph":[{"@type":"WebPage","@id":"https:\/\/www.aubenhausen-club.de\/en\/shop\/for-riders\/weisses-t-shirt-mindsetmatters\/","url":"https:\/\/www.aubenhausen-club.de\/en\/shop\/for-riders\/weisses-t-shirt-mindsetmatters\/","name":"White T-Shirt #MindsetMatters - Aubenhausen Club","isPartOf":{"@id":"https:\/\/www.aubenhausen-club.de\/#website"},"primaryImageOfPage":{"@id":"https:\/\/www.aubenhausen-club.de\/en\/shop\/for-riders\/weisses-t-shirt-mindsetmatters\/#primaryimage"},"image":{"@id":"https:\/\/www.aubenhausen-club.de\/en\/shop\/for-riders\/weisses-t-shirt-mindsetmatters\/#primaryimage"},"thumbnailUrl":"https:\/\/www.aubenhausen-club.de\/wp-content\/uploads\/2025\/06\/mindsetmatters-T-Shirt-weiss.jpg","datePublished":"2025-05-26T12:51:15+00:00","dateModified":"2025-05-28T15:59:04+00:00","breadcrumb":{"@id":"https:\/\/www.aubenhausen-club.de\/en\/shop\/for-riders\/weisses-t-shirt-mindsetmatters\/#breadcrumb"},"inLanguage":"en-US","potentialAction":[{"@type":"ReadAction","target":["https:\/\/www.aubenhausen-club.de\/en\/shop\/for-riders\/weisses-t-shirt-mindsetmatters\/"]}]},{"@type":"ImageObject","inLanguage":"en-US","@id":"https:\/\/www.aubenhausen-club.de\/en\/shop\/for-riders\/weisses-t-shirt-mindsetmatters\/#primaryimage","url":"https:\/\/www.aubenhausen-club.de\/wp-content\/uploads\/2025\/06\/mindsetmatters-T-Shirt-weiss.jpg","contentUrl":"https:\/\/www.aubenhausen-club.de\/wp-content\/uploads\/2025\/06\/mindsetmatters-T-Shirt-weiss.jpg","width":1200,"height":1200,"caption":"T-Shirt, wei\u00df"},{"@type":"BreadcrumbList","@id":"https:\/\/www.aubenhausen-club.de\/en\/shop\/for-riders\/weisses-t-shirt-mindsetmatters\/#breadcrumb","itemListElement":[{"@type":"ListItem","position":1,"name":"Shop","item":"https:\/\/www.aubenhausen-club.de\/en\/shop\/"},{"@type":"ListItem","position":2,"name":"White T-Shirt #MindsetMatters"}]},{"@type":"WebSite","@id":"https:\/\/www.aubenhausen-club.de\/#website","url":"https:\/\/www.aubenhausen-club.de\/","name":"Aubenhausen Club","description":"K\u00f6rperliche Fitness und mentale St\u00e4rke f\u00fcr Dressurreiter","publisher":{"@id":"https:\/\/www.aubenhausen-club.de\/#organization"},"potentialAction":[{"@type":"SearchAction","target":{"@type":"EntryPoint","urlTemplate":"https:\/\/www.aubenhausen-club.de\/?s={search_term_string}"},"query-input":{"@type":"PropertyValueSpecification","valueRequired":true,"valueName":"search_term_string"}}],"inLanguage":"en-US"},{"@type":"Organization","@id":"https:\/\/www.aubenhausen-club.de\/#organization","name":"Aubenhausen Club","url":"https:\/\/www.aubenhausen-club.de\/","logo":{"@type":"ImageObject","inLanguage":"en-US","@id":"https:\/\/www.aubenhausen-club.de\/#\/schema\/logo\/image\/","url":"https:\/\/www.aubenhausen-club.de\/wp-content\/uploads\/2020\/12\/AubenhausenClub-Grey.png","contentUrl":"https:\/\/www.aubenhausen-club.de\/wp-content\/uploads\/2020\/12\/AubenhausenClub-Grey.png","width":273,"height":273,"caption":"Aubenhausen Club"},"image":{"@id":"https:\/\/www.aubenhausen-club.de\/#\/schema\/logo\/image\/"}}]}},"_links":{"self":[{"href":"https:\/\/www.aubenhausen-club.de\/en\/wp-json\/wp\/v2\/product\/398325"}],"collection":[{"href":"https:\/\/www.aubenhausen-club.de\/en\/wp-json\/wp\/v2\/product"}],"about":[{"href":"https:\/\/www.aubenhausen-club.de\/en\/wp-json\/wp\/v2\/types\/product"}],"author":[{"embeddable":true,"href":"https:\/\/www.aubenhausen-club.de\/en\/wp-json\/wp\/v2\/users\/35343"}],"wp:featuredmedia":[{"embeddable":true,"href":"https:\/\/www.aubenhausen-club.de\/en\/wp-json\/wp\/v2\/media\/400111"}],"wp:attachment":[{"href":"https:\/\/www.aubenhausen-club.de\/en\/wp-json\/wp\/v2\/media?parent=398325"}],"wp:term":[{"taxonomy":"product_brand","embeddable":true,"href":"https:\/\/www.aubenhausen-club.de\/en\/wp-json\/wp\/v2\/product_brand?post=398325"},{"taxonomy":"product_cat","embeddable":true,"href":"https:\/\/www.aubenhausen-club.de\/en\/wp-json\/wp\/v2\/product_cat?post=398325"},{"taxonomy":"product_tag","embeddable":true,"href":"https:\/\/www.aubenhausen-club.de\/en\/wp-json\/wp\/v2\/product_tag?post=398325"}],"curies":[{"name":"wp","href":"https:\/\/api.w.org\/{rel}","templated":true}]}}