{"id":46790,"date":"2019-07-09T10:43:54","date_gmt":"2019-07-09T08:43:54","guid":{"rendered":"https:\/\/www.aubenhausen-club.de\/?post_type=product&#038;p=46790"},"modified":"2026-03-27T02:14:11","modified_gmt":"2026-03-27T01:14:11","slug":"dressurfit-sports-bag","status":"publish","type":"product","link":"https:\/\/www.aubenhausen-club.de\/en\/shop\/dressurfit\/dressurfit-products\/dressurfit-sports-bag\/","title":{"rendered":"DressurFit\u00ae Sports Bag"},"content":{"rendered":"<h3>Limited edition<\/h3>\n<p>Use our Sports Bag to neatly pack-away your entire DressurFit\u00ae equipment and take it with you everywhere you go!<\/p>\n<ul class=\"check-list\">\n<li>Made from 100% cotton<\/li>\n<li>Hand signed by Jessica and Benjamin<\/li>\n<li>Get it now while stocks last!<\/li>\n<\/ul>\n<h3>Shipment<\/h3>\n<p>Expected delivery time of approximately 10 &#8211; 14 days.\u00a0Delivery is currently only possible within mainland Europe and Great Britain. We may be able to ship to other countries. Please send us an email and we will see what we can do!<\/p>\n","protected":false},"excerpt":{"rendered":"<p>The limited edition sports bag for all your DressurFit\u00ae equipment.<\/p>\n","protected":false},"author":6,"featured_media":147860,"template":"","meta":{"_acf_changed":false},"product_brand":[],"product_cat":[213],"product_tag":[594],"class_list":{"0":"post-46790","1":"product","2":"type-product","3":"status-publish","4":"has-post-thumbnail","6":"product_cat-dressurfit-products","7":"product_tag-equipment-en","8":"product_shipping_class-shipping-class-a","9":"entry","10":"has-media","12":"first","13":"instock","14":"taxable","15":"shipping-taxable","16":"purchasable","17":"product-type-simple"},"bundled_by":["50623"],"bundle_stock_status":"instock","bundle_stock_quantity":304,"bundle_virtual":false,"bundle_layout":"","bundle_add_to_cart_form_location":"","bundle_editable_in_cart":false,"bundle_sold_individually_context":"","bundle_item_grouping":"","bundle_min_size":"","bundle_max_size":"","bundle_price":[],"bundled_items":[],"bundle_sell_ids":[],"group_of_quantity":0,"min_quantity":0,"max_quantity":4,"exclude_order_quantity_value_rules":"no","exclude_category_quantity_rules":"no","combine_variations":"no","acf":[],"yoast_head":"<!-- This site is optimized with the Yoast SEO plugin v25.4 - https:\/\/yoast.com\/wordpress\/plugins\/seo\/ -->\n<title>DressurFit\u00ae Sports Bag - Aubenhausen Club<\/title>\n<meta name=\"description\" content=\"Use our Sports Bag to neatly pack-away your entire DressurFit\u00ae equipment and take it with you everywhere you go!\" \/>\n<meta name=\"robots\" content=\"index, follow, max-snippet:-1, max-image-preview:large, max-video-preview:-1\" \/>\n<link rel=\"canonical\" href=\"https:\/\/www.aubenhausen-club.de\/en\/shop\/dressurfit\/dressurfit-products\/dressurfit-sports-bag\/\" \/>\n<meta property=\"og:locale\" content=\"en_US\" \/>\n<meta property=\"og:type\" content=\"article\" \/>\n<meta property=\"og:title\" content=\"DressurFit\u00ae Sports Bag - Aubenhausen Club\" \/>\n<meta property=\"og:description\" content=\"Use our Sports Bag to neatly pack-away your entire DressurFit\u00ae equipment and take it with you everywhere you go!\" \/>\n<meta property=\"og:url\" content=\"https:\/\/www.aubenhausen-club.de\/en\/shop\/dressurfit\/dressurfit-products\/dressurfit-sports-bag\/\" \/>\n<meta property=\"og:site_name\" content=\"Aubenhausen Club\" \/>\n<meta property=\"article:modified_time\" content=\"2026-03-27T01:14:11+00:00\" \/>\n<meta property=\"og:image\" content=\"https:\/\/www.aubenhausen-club.de\/wp-content\/uploads\/2019\/07\/01-turnbeutel.jpeg\" \/>\n\t<meta property=\"og:image:width\" content=\"1280\" \/>\n\t<meta property=\"og:image:height\" content=\"1280\" \/>\n\t<meta property=\"og:image:type\" content=\"image\/jpeg\" \/>\n<meta name=\"twitter:card\" content=\"summary_large_image\" \/>\n<meta name=\"twitter:label1\" content=\"Est. reading time\" \/>\n\t<meta name=\"twitter:data1\" content=\"1 minute\" \/>\n<script type=\"application\/ld+json\" class=\"yoast-schema-graph\">{\"@context\":\"https:\/\/schema.org\",\"@graph\":[{\"@type\":\"WebPage\",\"@id\":\"https:\/\/www.aubenhausen-club.de\/en\/shop\/dressurfit\/dressurfit-products\/dressurfit-sports-bag\/\",\"url\":\"https:\/\/www.aubenhausen-club.de\/en\/shop\/dressurfit\/dressurfit-products\/dressurfit-sports-bag\/\",\"name\":\"DressurFit\u00ae Sports Bag - Aubenhausen Club\",\"isPartOf\":{\"@id\":\"https:\/\/www.aubenhausen-club.de\/#website\"},\"primaryImageOfPage\":{\"@id\":\"https:\/\/www.aubenhausen-club.de\/en\/shop\/dressurfit\/dressurfit-products\/dressurfit-sports-bag\/#primaryimage\"},\"image\":{\"@id\":\"https:\/\/www.aubenhausen-club.de\/en\/shop\/dressurfit\/dressurfit-products\/dressurfit-sports-bag\/#primaryimage\"},\"thumbnailUrl\":\"https:\/\/www.aubenhausen-club.de\/wp-content\/uploads\/2019\/07\/01-turnbeutel.jpeg\",\"datePublished\":\"2019-07-09T08:43:54+00:00\",\"dateModified\":\"2026-03-27T01:14:11+00:00\",\"description\":\"Use our Sports Bag to neatly pack-away your entire DressurFit\u00ae equipment and take it with you everywhere you go!\",\"breadcrumb\":{\"@id\":\"https:\/\/www.aubenhausen-club.de\/en\/shop\/dressurfit\/dressurfit-products\/dressurfit-sports-bag\/#breadcrumb\"},\"inLanguage\":\"en-US\",\"potentialAction\":[{\"@type\":\"ReadAction\",\"target\":[\"https:\/\/www.aubenhausen-club.de\/en\/shop\/dressurfit\/dressurfit-products\/dressurfit-sports-bag\/\"]}]},{\"@type\":\"ImageObject\",\"inLanguage\":\"en-US\",\"@id\":\"https:\/\/www.aubenhausen-club.de\/en\/shop\/dressurfit\/dressurfit-products\/dressurfit-sports-bag\/#primaryimage\",\"url\":\"https:\/\/www.aubenhausen-club.de\/wp-content\/uploads\/2019\/07\/01-turnbeutel.jpeg\",\"contentUrl\":\"https:\/\/www.aubenhausen-club.de\/wp-content\/uploads\/2019\/07\/01-turnbeutel.jpeg\",\"width\":1280,\"height\":1280},{\"@type\":\"BreadcrumbList\",\"@id\":\"https:\/\/www.aubenhausen-club.de\/en\/shop\/dressurfit\/dressurfit-products\/dressurfit-sports-bag\/#breadcrumb\",\"itemListElement\":[{\"@type\":\"ListItem\",\"position\":1,\"name\":\"Shop\",\"item\":\"https:\/\/www.aubenhausen-club.de\/en\/shop\/\"},{\"@type\":\"ListItem\",\"position\":2,\"name\":\"DressurFit\u00ae Sports Bag\"}]},{\"@type\":\"WebSite\",\"@id\":\"https:\/\/www.aubenhausen-club.de\/#website\",\"url\":\"https:\/\/www.aubenhausen-club.de\/\",\"name\":\"Aubenhausen Club\",\"description\":\"K\u00f6rperliche Fitness und mentale St\u00e4rke f\u00fcr Dressurreiter\",\"publisher\":{\"@id\":\"https:\/\/www.aubenhausen-club.de\/#organization\"},\"potentialAction\":[{\"@type\":\"SearchAction\",\"target\":{\"@type\":\"EntryPoint\",\"urlTemplate\":\"https:\/\/www.aubenhausen-club.de\/?s={search_term_string}\"},\"query-input\":{\"@type\":\"PropertyValueSpecification\",\"valueRequired\":true,\"valueName\":\"search_term_string\"}}],\"inLanguage\":\"en-US\"},{\"@type\":\"Organization\",\"@id\":\"https:\/\/www.aubenhausen-club.de\/#organization\",\"name\":\"Aubenhausen Club\",\"url\":\"https:\/\/www.aubenhausen-club.de\/\",\"logo\":{\"@type\":\"ImageObject\",\"inLanguage\":\"en-US\",\"@id\":\"https:\/\/www.aubenhausen-club.de\/#\/schema\/logo\/image\/\",\"url\":\"https:\/\/www.aubenhausen-club.de\/wp-content\/uploads\/2020\/12\/AubenhausenClub-Grey.png\",\"contentUrl\":\"https:\/\/www.aubenhausen-club.de\/wp-content\/uploads\/2020\/12\/AubenhausenClub-Grey.png\",\"width\":273,\"height\":273,\"caption\":\"Aubenhausen Club\"},\"image\":{\"@id\":\"https:\/\/www.aubenhausen-club.de\/#\/schema\/logo\/image\/\"}}]}<\/script>\n<!-- \/ Yoast SEO plugin. -->","yoast_head_json":{"title":"DressurFit\u00ae Sports Bag - Aubenhausen Club","description":"Use our Sports Bag to neatly pack-away your entire DressurFit\u00ae equipment and take it with you everywhere you go!","robots":{"index":"index","follow":"follow","max-snippet":"max-snippet:-1","max-image-preview":"max-image-preview:large","max-video-preview":"max-video-preview:-1"},"canonical":"https:\/\/www.aubenhausen-club.de\/en\/shop\/dressurfit\/dressurfit-products\/dressurfit-sports-bag\/","og_locale":"en_US","og_type":"article","og_title":"DressurFit\u00ae Sports Bag - Aubenhausen Club","og_description":"Use our Sports Bag to neatly pack-away your entire DressurFit\u00ae equipment and take it with you everywhere you go!","og_url":"https:\/\/www.aubenhausen-club.de\/en\/shop\/dressurfit\/dressurfit-products\/dressurfit-sports-bag\/","og_site_name":"Aubenhausen Club","article_modified_time":"2026-03-27T01:14:11+00:00","og_image":[{"width":1280,"height":1280,"url":"https:\/\/www.aubenhausen-club.de\/wp-content\/uploads\/2019\/07\/01-turnbeutel.jpeg","type":"image\/jpeg"}],"twitter_card":"summary_large_image","twitter_misc":{"Est. reading time":"1 minute"},"schema":{"@context":"https:\/\/schema.org","@graph":[{"@type":"WebPage","@id":"https:\/\/www.aubenhausen-club.de\/en\/shop\/dressurfit\/dressurfit-products\/dressurfit-sports-bag\/","url":"https:\/\/www.aubenhausen-club.de\/en\/shop\/dressurfit\/dressurfit-products\/dressurfit-sports-bag\/","name":"DressurFit\u00ae Sports Bag - Aubenhausen Club","isPartOf":{"@id":"https:\/\/www.aubenhausen-club.de\/#website"},"primaryImageOfPage":{"@id":"https:\/\/www.aubenhausen-club.de\/en\/shop\/dressurfit\/dressurfit-products\/dressurfit-sports-bag\/#primaryimage"},"image":{"@id":"https:\/\/www.aubenhausen-club.de\/en\/shop\/dressurfit\/dressurfit-products\/dressurfit-sports-bag\/#primaryimage"},"thumbnailUrl":"https:\/\/www.aubenhausen-club.de\/wp-content\/uploads\/2019\/07\/01-turnbeutel.jpeg","datePublished":"2019-07-09T08:43:54+00:00","dateModified":"2026-03-27T01:14:11+00:00","description":"Use our Sports Bag to neatly pack-away your entire DressurFit\u00ae equipment and take it with you everywhere you go!","breadcrumb":{"@id":"https:\/\/www.aubenhausen-club.de\/en\/shop\/dressurfit\/dressurfit-products\/dressurfit-sports-bag\/#breadcrumb"},"inLanguage":"en-US","potentialAction":[{"@type":"ReadAction","target":["https:\/\/www.aubenhausen-club.de\/en\/shop\/dressurfit\/dressurfit-products\/dressurfit-sports-bag\/"]}]},{"@type":"ImageObject","inLanguage":"en-US","@id":"https:\/\/www.aubenhausen-club.de\/en\/shop\/dressurfit\/dressurfit-products\/dressurfit-sports-bag\/#primaryimage","url":"https:\/\/www.aubenhausen-club.de\/wp-content\/uploads\/2019\/07\/01-turnbeutel.jpeg","contentUrl":"https:\/\/www.aubenhausen-club.de\/wp-content\/uploads\/2019\/07\/01-turnbeutel.jpeg","width":1280,"height":1280},{"@type":"BreadcrumbList","@id":"https:\/\/www.aubenhausen-club.de\/en\/shop\/dressurfit\/dressurfit-products\/dressurfit-sports-bag\/#breadcrumb","itemListElement":[{"@type":"ListItem","position":1,"name":"Shop","item":"https:\/\/www.aubenhausen-club.de\/en\/shop\/"},{"@type":"ListItem","position":2,"name":"DressurFit\u00ae Sports Bag"}]},{"@type":"WebSite","@id":"https:\/\/www.aubenhausen-club.de\/#website","url":"https:\/\/www.aubenhausen-club.de\/","name":"Aubenhausen Club","description":"K\u00f6rperliche Fitness und mentale St\u00e4rke f\u00fcr Dressurreiter","publisher":{"@id":"https:\/\/www.aubenhausen-club.de\/#organization"},"potentialAction":[{"@type":"SearchAction","target":{"@type":"EntryPoint","urlTemplate":"https:\/\/www.aubenhausen-club.de\/?s={search_term_string}"},"query-input":{"@type":"PropertyValueSpecification","valueRequired":true,"valueName":"search_term_string"}}],"inLanguage":"en-US"},{"@type":"Organization","@id":"https:\/\/www.aubenhausen-club.de\/#organization","name":"Aubenhausen Club","url":"https:\/\/www.aubenhausen-club.de\/","logo":{"@type":"ImageObject","inLanguage":"en-US","@id":"https:\/\/www.aubenhausen-club.de\/#\/schema\/logo\/image\/","url":"https:\/\/www.aubenhausen-club.de\/wp-content\/uploads\/2020\/12\/AubenhausenClub-Grey.png","contentUrl":"https:\/\/www.aubenhausen-club.de\/wp-content\/uploads\/2020\/12\/AubenhausenClub-Grey.png","width":273,"height":273,"caption":"Aubenhausen Club"},"image":{"@id":"https:\/\/www.aubenhausen-club.de\/#\/schema\/logo\/image\/"}}]}},"_links":{"self":[{"href":"https:\/\/www.aubenhausen-club.de\/en\/wp-json\/wp\/v2\/product\/46790"}],"collection":[{"href":"https:\/\/www.aubenhausen-club.de\/en\/wp-json\/wp\/v2\/product"}],"about":[{"href":"https:\/\/www.aubenhausen-club.de\/en\/wp-json\/wp\/v2\/types\/product"}],"author":[{"embeddable":true,"href":"https:\/\/www.aubenhausen-club.de\/en\/wp-json\/wp\/v2\/users\/6"}],"wp:featuredmedia":[{"embeddable":true,"href":"https:\/\/www.aubenhausen-club.de\/en\/wp-json\/wp\/v2\/media\/147860"}],"wp:attachment":[{"href":"https:\/\/www.aubenhausen-club.de\/en\/wp-json\/wp\/v2\/media?parent=46790"}],"wp:term":[{"taxonomy":"product_brand","embeddable":true,"href":"https:\/\/www.aubenhausen-club.de\/en\/wp-json\/wp\/v2\/product_brand?post=46790"},{"taxonomy":"product_cat","embeddable":true,"href":"https:\/\/www.aubenhausen-club.de\/en\/wp-json\/wp\/v2\/product_cat?post=46790"},{"taxonomy":"product_tag","embeddable":true,"href":"https:\/\/www.aubenhausen-club.de\/en\/wp-json\/wp\/v2\/product_tag?post=46790"}],"curies":[{"name":"wp","href":"https:\/\/api.w.org\/{rel}","templated":true}]}}