{"id":46874,"date":"2019-06-27T12:03:27","date_gmt":"2020-06-24T16:08:21","guid":{"rendered":"https:\/\/www.aubenhausen-club.de\/?post_type=product&#038;p=46874"},"modified":"2021-12-18T11:35:01","modified_gmt":"2021-12-18T10:35:01","slug":"dressurfit-gift-voucher","status":"publish","type":"product","link":"https:\/\/www.aubenhausen-club.de\/en\/shop\/uncategorized\/dressurfit-gift-voucher\/","title":{"rendered":"DressurFit\u00ae Gift Voucher"},"content":{"rendered":"<p>Send someone that perfect gift with our <strong>DressurFit\u00ae Gift Voucher<\/strong>. Those that receive the gift voucher will have access to our <strong>12-week programme<\/strong> for a full <strong>6 months<\/strong>.<\/p>\n<h3>The DressurFit\u00ae 12-week programme:<\/h3>\n<ul class=\"check-list\">\n<li>Workouts, Yoga and functional training<\/li>\n<li>Fitness-Tests specifically designed for riders<\/li>\n<li>personalised corrective exercises<\/li>\n<\/ul>\n<h3>DressurFit\u00ae Club-Membership<\/h3>\n<p>After the 6 months, members automatically get access to the exclusive DressurFit\u00ae-Club. Club-Members receive access to all training content as well as additional performance tests and new personal exercises for only 12\u20ac per month. The Club-Membership can easily be cancelled online at any time.<\/p>\n<h3>Shipment<\/h3>\n<p>Expected delivery time of approximately 10 &#8211; 14 days.\u00a0Delivery is currently only possible within mainland Europe and Great Britain. We may be able to ship to other countries. Please send us an email and we will see what we can do! Alternatively, we can send the gift voucher membership code to you per email. Simply email us at\u00a0<a style=\"color: #cd3244;\" href=\"mailto:support@aubenhausen-club.com\">support@aubenhausen-club.com<\/a>\u00a0to receive it within 48 hours.<\/p>\n<h3>Support for Equine Charities<\/h3>\n<p>In order to mitigate the economic consequences of the Corona pandemic, the German government has set a reduction in VAT to 16% taking effect from 01.07.2020. For the DressurFit\u00ae Gift Voucher this means a price difference of 5.40\u20ac. We think the idea of helping those who need help the most makes sense, so we decided not to change our prices, but to donate the difference to equine charities. In this way, we can all help together.<\/p>\n","protected":false},"excerpt":{"rendered":"<p>Send someone that perfect gift with our DressurFit\u00ae Gift Voucher. Those that receive the gift voucher will have access to our 12-week programme for a full 6 months. The DressurFit\u00ae 12-week programme: Workouts, Yoga and functional training Fitness-Tests specifically designed for riders personalised corrective exercises DressurFit\u00ae Club-Membership After the 6 months, members automatically get access&hellip;<\/p>\n","protected":false},"author":1,"featured_media":50589,"template":"","meta":{"_acf_changed":false},"product_brand":[],"product_cat":[229],"product_tag":[],"class_list":{"0":"post-46874","1":"product","2":"type-product","3":"status-publish","4":"has-post-thumbnail","6":"product_cat-uncategorized","7":"entry","8":"has-media","10":"first","11":"outofstock","12":"virtual","13":"taxable","14":"purchasable","15":"product-type-simple"},"bundled_by":[],"bundle_stock_status":"outofstock","bundle_stock_quantity":null,"bundle_virtual":false,"bundle_layout":"","bundle_add_to_cart_form_location":"","bundle_editable_in_cart":false,"bundle_sold_individually_context":"","bundle_item_grouping":"","bundle_min_size":"","bundle_max_size":"","bundle_price":[],"bundled_items":[],"bundle_sell_ids":[],"group_of_quantity":0,"min_quantity":0,"max_quantity":"","exclude_order_quantity_value_rules":"no","exclude_category_quantity_rules":"no","combine_variations":"no","acf":[],"yoast_head":"<!-- This site is optimized with the Yoast SEO plugin v25.4 - https:\/\/yoast.com\/wordpress\/plugins\/seo\/ -->\n<title>DressurFit\u00ae Gift Voucher - Aubenhausen Club<\/title>\n<meta name=\"description\" content=\"Give someone the perfect gift with our DressurFit\u00ae Gift Voucher to improve their rider fitness and take their riding to the next level.\" \/>\n<meta name=\"robots\" content=\"noindex, nofollow\" \/>\n<meta property=\"og:locale\" content=\"en_US\" \/>\n<meta property=\"og:type\" content=\"article\" \/>\n<meta property=\"og:title\" content=\"DressurFit\u00ae Gift Voucher - Aubenhausen Club\" \/>\n<meta property=\"og:description\" content=\"Give someone the perfect gift with our DressurFit\u00ae Gift Voucher to improve their rider fitness and take their riding to the next level.\" \/>\n<meta property=\"og:url\" content=\"https:\/\/www.aubenhausen-club.de\/en\/shop\/uncategorized\/dressurfit-gift-voucher\/\" \/>\n<meta property=\"og:site_name\" content=\"Aubenhausen Club\" \/>\n<meta property=\"article:modified_time\" content=\"2021-12-18T10:35:01+00:00\" \/>\n<meta property=\"og:image\" content=\"https:\/\/www.aubenhausen-club.de\/wp-content\/uploads\/2020\/06\/dressurfit_gift_voucher.png\" \/>\n\t<meta property=\"og:image:width\" content=\"633\" \/>\n\t<meta property=\"og:image:height\" content=\"500\" \/>\n\t<meta property=\"og:image:type\" content=\"image\/png\" \/>\n<meta name=\"twitter:card\" content=\"summary_large_image\" \/>\n<meta name=\"twitter:label1\" content=\"Est. reading time\" \/>\n\t<meta name=\"twitter:data1\" content=\"1 minute\" \/>\n<script type=\"application\/ld+json\" class=\"yoast-schema-graph\">{\"@context\":\"https:\/\/schema.org\",\"@graph\":[{\"@type\":\"WebPage\",\"@id\":\"https:\/\/www.aubenhausen-club.de\/en\/shop\/uncategorized\/dressurfit-gift-voucher\/\",\"url\":\"https:\/\/www.aubenhausen-club.de\/en\/shop\/uncategorized\/dressurfit-gift-voucher\/\",\"name\":\"DressurFit\u00ae Gift Voucher - Aubenhausen Club\",\"isPartOf\":{\"@id\":\"https:\/\/www.aubenhausen-club.de\/#website\"},\"primaryImageOfPage\":{\"@id\":\"https:\/\/www.aubenhausen-club.de\/en\/shop\/uncategorized\/dressurfit-gift-voucher\/#primaryimage\"},\"image\":{\"@id\":\"https:\/\/www.aubenhausen-club.de\/en\/shop\/uncategorized\/dressurfit-gift-voucher\/#primaryimage\"},\"thumbnailUrl\":\"https:\/\/www.aubenhausen-club.de\/wp-content\/uploads\/2020\/06\/dressurfit_gift_voucher.png\",\"datePublished\":\"2020-06-24T16:08:21+00:00\",\"dateModified\":\"2021-12-18T10:35:01+00:00\",\"description\":\"Give someone the perfect gift with our DressurFit\u00ae Gift Voucher to improve their rider fitness and take their riding to the next level.\",\"breadcrumb\":{\"@id\":\"https:\/\/www.aubenhausen-club.de\/en\/shop\/uncategorized\/dressurfit-gift-voucher\/#breadcrumb\"},\"inLanguage\":\"en-US\",\"potentialAction\":[{\"@type\":\"ReadAction\",\"target\":[\"https:\/\/www.aubenhausen-club.de\/en\/shop\/uncategorized\/dressurfit-gift-voucher\/\"]}]},{\"@type\":\"ImageObject\",\"inLanguage\":\"en-US\",\"@id\":\"https:\/\/www.aubenhausen-club.de\/en\/shop\/uncategorized\/dressurfit-gift-voucher\/#primaryimage\",\"url\":\"https:\/\/www.aubenhausen-club.de\/wp-content\/uploads\/2020\/06\/dressurfit_gift_voucher.png\",\"contentUrl\":\"https:\/\/www.aubenhausen-club.de\/wp-content\/uploads\/2020\/06\/dressurfit_gift_voucher.png\",\"width\":633,\"height\":500,\"caption\":\"DressurFit gift voucher\"},{\"@type\":\"BreadcrumbList\",\"@id\":\"https:\/\/www.aubenhausen-club.de\/en\/shop\/uncategorized\/dressurfit-gift-voucher\/#breadcrumb\",\"itemListElement\":[{\"@type\":\"ListItem\",\"position\":1,\"name\":\"Shop\",\"item\":\"https:\/\/www.aubenhausen-club.de\/en\/shop\/\"},{\"@type\":\"ListItem\",\"position\":2,\"name\":\"DressurFit\u00ae Gift Voucher\"}]},{\"@type\":\"WebSite\",\"@id\":\"https:\/\/www.aubenhausen-club.de\/#website\",\"url\":\"https:\/\/www.aubenhausen-club.de\/\",\"name\":\"Aubenhausen Club\",\"description\":\"K\u00f6rperliche Fitness und mentale St\u00e4rke f\u00fcr Dressurreiter\",\"publisher\":{\"@id\":\"https:\/\/www.aubenhausen-club.de\/#organization\"},\"potentialAction\":[{\"@type\":\"SearchAction\",\"target\":{\"@type\":\"EntryPoint\",\"urlTemplate\":\"https:\/\/www.aubenhausen-club.de\/?s={search_term_string}\"},\"query-input\":{\"@type\":\"PropertyValueSpecification\",\"valueRequired\":true,\"valueName\":\"search_term_string\"}}],\"inLanguage\":\"en-US\"},{\"@type\":\"Organization\",\"@id\":\"https:\/\/www.aubenhausen-club.de\/#organization\",\"name\":\"Aubenhausen Club\",\"url\":\"https:\/\/www.aubenhausen-club.de\/\",\"logo\":{\"@type\":\"ImageObject\",\"inLanguage\":\"en-US\",\"@id\":\"https:\/\/www.aubenhausen-club.de\/#\/schema\/logo\/image\/\",\"url\":\"https:\/\/www.aubenhausen-club.de\/wp-content\/uploads\/2020\/12\/AubenhausenClub-Grey.png\",\"contentUrl\":\"https:\/\/www.aubenhausen-club.de\/wp-content\/uploads\/2020\/12\/AubenhausenClub-Grey.png\",\"width\":273,\"height\":273,\"caption\":\"Aubenhausen Club\"},\"image\":{\"@id\":\"https:\/\/www.aubenhausen-club.de\/#\/schema\/logo\/image\/\"}}]}<\/script>\n<!-- \/ Yoast SEO plugin. -->","yoast_head_json":{"title":"DressurFit\u00ae Gift Voucher - Aubenhausen Club","description":"Give someone the perfect gift with our DressurFit\u00ae Gift Voucher to improve their rider fitness and take their riding to the next level.","robots":{"index":"noindex","follow":"nofollow"},"og_locale":"en_US","og_type":"article","og_title":"DressurFit\u00ae Gift Voucher - Aubenhausen Club","og_description":"Give someone the perfect gift with our DressurFit\u00ae Gift Voucher to improve their rider fitness and take their riding to the next level.","og_url":"https:\/\/www.aubenhausen-club.de\/en\/shop\/uncategorized\/dressurfit-gift-voucher\/","og_site_name":"Aubenhausen Club","article_modified_time":"2021-12-18T10:35:01+00:00","og_image":[{"width":633,"height":500,"url":"https:\/\/www.aubenhausen-club.de\/wp-content\/uploads\/2020\/06\/dressurfit_gift_voucher.png","type":"image\/png"}],"twitter_card":"summary_large_image","twitter_misc":{"Est. reading time":"1 minute"},"schema":{"@context":"https:\/\/schema.org","@graph":[{"@type":"WebPage","@id":"https:\/\/www.aubenhausen-club.de\/en\/shop\/uncategorized\/dressurfit-gift-voucher\/","url":"https:\/\/www.aubenhausen-club.de\/en\/shop\/uncategorized\/dressurfit-gift-voucher\/","name":"DressurFit\u00ae Gift Voucher - Aubenhausen Club","isPartOf":{"@id":"https:\/\/www.aubenhausen-club.de\/#website"},"primaryImageOfPage":{"@id":"https:\/\/www.aubenhausen-club.de\/en\/shop\/uncategorized\/dressurfit-gift-voucher\/#primaryimage"},"image":{"@id":"https:\/\/www.aubenhausen-club.de\/en\/shop\/uncategorized\/dressurfit-gift-voucher\/#primaryimage"},"thumbnailUrl":"https:\/\/www.aubenhausen-club.de\/wp-content\/uploads\/2020\/06\/dressurfit_gift_voucher.png","datePublished":"2020-06-24T16:08:21+00:00","dateModified":"2021-12-18T10:35:01+00:00","description":"Give someone the perfect gift with our DressurFit\u00ae Gift Voucher to improve their rider fitness and take their riding to the next level.","breadcrumb":{"@id":"https:\/\/www.aubenhausen-club.de\/en\/shop\/uncategorized\/dressurfit-gift-voucher\/#breadcrumb"},"inLanguage":"en-US","potentialAction":[{"@type":"ReadAction","target":["https:\/\/www.aubenhausen-club.de\/en\/shop\/uncategorized\/dressurfit-gift-voucher\/"]}]},{"@type":"ImageObject","inLanguage":"en-US","@id":"https:\/\/www.aubenhausen-club.de\/en\/shop\/uncategorized\/dressurfit-gift-voucher\/#primaryimage","url":"https:\/\/www.aubenhausen-club.de\/wp-content\/uploads\/2020\/06\/dressurfit_gift_voucher.png","contentUrl":"https:\/\/www.aubenhausen-club.de\/wp-content\/uploads\/2020\/06\/dressurfit_gift_voucher.png","width":633,"height":500,"caption":"DressurFit gift voucher"},{"@type":"BreadcrumbList","@id":"https:\/\/www.aubenhausen-club.de\/en\/shop\/uncategorized\/dressurfit-gift-voucher\/#breadcrumb","itemListElement":[{"@type":"ListItem","position":1,"name":"Shop","item":"https:\/\/www.aubenhausen-club.de\/en\/shop\/"},{"@type":"ListItem","position":2,"name":"DressurFit\u00ae Gift Voucher"}]},{"@type":"WebSite","@id":"https:\/\/www.aubenhausen-club.de\/#website","url":"https:\/\/www.aubenhausen-club.de\/","name":"Aubenhausen Club","description":"K\u00f6rperliche Fitness und mentale St\u00e4rke f\u00fcr Dressurreiter","publisher":{"@id":"https:\/\/www.aubenhausen-club.de\/#organization"},"potentialAction":[{"@type":"SearchAction","target":{"@type":"EntryPoint","urlTemplate":"https:\/\/www.aubenhausen-club.de\/?s={search_term_string}"},"query-input":{"@type":"PropertyValueSpecification","valueRequired":true,"valueName":"search_term_string"}}],"inLanguage":"en-US"},{"@type":"Organization","@id":"https:\/\/www.aubenhausen-club.de\/#organization","name":"Aubenhausen Club","url":"https:\/\/www.aubenhausen-club.de\/","logo":{"@type":"ImageObject","inLanguage":"en-US","@id":"https:\/\/www.aubenhausen-club.de\/#\/schema\/logo\/image\/","url":"https:\/\/www.aubenhausen-club.de\/wp-content\/uploads\/2020\/12\/AubenhausenClub-Grey.png","contentUrl":"https:\/\/www.aubenhausen-club.de\/wp-content\/uploads\/2020\/12\/AubenhausenClub-Grey.png","width":273,"height":273,"caption":"Aubenhausen Club"},"image":{"@id":"https:\/\/www.aubenhausen-club.de\/#\/schema\/logo\/image\/"}}]}},"_links":{"self":[{"href":"https:\/\/www.aubenhausen-club.de\/en\/wp-json\/wp\/v2\/product\/46874"}],"collection":[{"href":"https:\/\/www.aubenhausen-club.de\/en\/wp-json\/wp\/v2\/product"}],"about":[{"href":"https:\/\/www.aubenhausen-club.de\/en\/wp-json\/wp\/v2\/types\/product"}],"author":[{"embeddable":true,"href":"https:\/\/www.aubenhausen-club.de\/en\/wp-json\/wp\/v2\/users\/1"}],"wp:featuredmedia":[{"embeddable":true,"href":"https:\/\/www.aubenhausen-club.de\/en\/wp-json\/wp\/v2\/media\/50589"}],"wp:attachment":[{"href":"https:\/\/www.aubenhausen-club.de\/en\/wp-json\/wp\/v2\/media?parent=46874"}],"wp:term":[{"taxonomy":"product_brand","embeddable":true,"href":"https:\/\/www.aubenhausen-club.de\/en\/wp-json\/wp\/v2\/product_brand?post=46874"},{"taxonomy":"product_cat","embeddable":true,"href":"https:\/\/www.aubenhausen-club.de\/en\/wp-json\/wp\/v2\/product_cat?post=46874"},{"taxonomy":"product_tag","embeddable":true,"href":"https:\/\/www.aubenhausen-club.de\/en\/wp-json\/wp\/v2\/product_tag?post=46874"}],"curies":[{"name":"wp","href":"https:\/\/api.w.org\/{rel}","templated":true}]}}