{"id":46875,"date":"2018-12-12T07:59:26","date_gmt":"2020-06-24T16:02:43","guid":{"rendered":"https:\/\/www.aubenhausen-club.de\/?post_type=product&#038;p=46875"},"modified":"2021-12-18T11:43:51","modified_gmt":"2021-12-18T10:43:51","slug":"dressurfit-power-package","status":"publish","type":"product","link":"https:\/\/www.aubenhausen-club.de\/en\/shop\/dressurfit\/discontinued-products-en\/dressurfit-power-package\/","title":{"rendered":"DressurFit\u00ae Power Package"},"content":{"rendered":"<p><strong> The DressurFit\u00ae Power Package<\/strong><\/p>\n<p>Everything that you will need in one package. Select this and save yourself 12% on the price.<\/p>\n<p>The combination of the\u00a0<strong>BLACKROLL\u00ae<\/strong>,\u00a0<strong>Ball<\/strong>\u00a0and <strong>Power-Bands<\/strong> gives you the perfect selection of equipment to help optimise your training and make it as effective as possible. The BLACKROLL\u00ae and Ball are great for mobilising muscles and fascia, while the bands allow you to perform targeted resistance training to improve body tension and movement.<\/p>\n<p><strong>Included in the\u00a0Power Package:<\/strong><\/p>\n<ul class=\"check-list\">\n<li>BLACKROLL\u00ae and Ball with the DressurFit\u00ae logo and branding<\/li>\n<li>Three Mini-Power-Bands in different strengths and an elastic Superband.<\/li>\n<li>&#8216;How-to&#8217; exercise card, detailing 10 unique exercises specific for riders<\/li>\n<\/ul>\n<p><strong>NEW:\u00a0The DressurFit\u00ae Sports Bag<\/strong><\/p>\n<p>Purchase your\u00a0<strong>DressurFit\u00ae Power Package <\/strong>today and we will send everything to you in one of our stylish and practical sports bags, and at no extra cost.\u00a0<strong>Hand signed\u00a0<\/strong>by Jessica and Benjamin, and made from\u00a0100% cotton, take the sports bag everywhere that you go!\u00a0Offer valid while stocks last.<\/p>\n<p>Expected delivery time of approximately 10 &#8211; 14 days.<\/p>\n","protected":false},"excerpt":{"rendered":"<p>The DressurFit\u00ae Power Package Everything that you will need in one package. Select this and save yourself 12% on the price. The combination of the\u00a0BLACKROLL\u00ae,\u00a0Ball\u00a0and Power-Bands gives you the perfect selection of equipment to help optimise your training and make it as effective as possible. The BLACKROLL\u00ae and Ball are great for mobilising muscles and&hellip;<\/p>\n","protected":false},"author":6,"featured_media":23846,"template":"","meta":{"_acf_changed":false},"product_brand":[],"product_cat":[230,121],"product_tag":[],"class_list":{"0":"post-46875","1":"product","2":"type-product","3":"status-publish","4":"has-post-thumbnail","6":"product_cat-discontinued-products-en","7":"product_cat-dressurfit","8":"product_shipping_class-shipping-large-en","9":"entry","10":"has-media","12":"first","13":"outofstock","14":"sale","15":"taxable","16":"shipping-taxable","17":"purchasable","18":"product-type-simple"},"bundled_by":[],"bundle_stock_status":"outofstock","bundle_stock_quantity":null,"bundle_virtual":false,"bundle_layout":"","bundle_add_to_cart_form_location":"","bundle_editable_in_cart":false,"bundle_sold_individually_context":"","bundle_item_grouping":"","bundle_min_size":"","bundle_max_size":"","bundle_price":[],"bundled_items":[],"bundle_sell_ids":[],"group_of_quantity":0,"min_quantity":0,"max_quantity":"","exclude_order_quantity_value_rules":"no","exclude_category_quantity_rules":"no","combine_variations":"no","acf":[],"yoast_head":"<!-- This site is optimized with the Yoast SEO plugin v25.4 - https:\/\/yoast.com\/wordpress\/plugins\/seo\/ -->\n<title>DressurFit\u00ae Power Package - Aubenhausen Club<\/title>\n<meta name=\"description\" content=\"The combination of the\u00a0BLACKROLL\u00ae, Ball and Power-Bands gives you the perfect selection of equipment to help optimise your training.\" \/>\n<meta name=\"robots\" content=\"noindex, nofollow\" \/>\n<meta property=\"og:locale\" content=\"en_US\" \/>\n<meta property=\"og:type\" content=\"article\" \/>\n<meta property=\"og:title\" content=\"DressurFit\u00ae Power Package - Aubenhausen Club\" \/>\n<meta property=\"og:description\" content=\"The combination of the\u00a0BLACKROLL\u00ae, Ball and Power-Bands gives you the perfect selection of equipment to help optimise your training.\" \/>\n<meta property=\"og:url\" content=\"https:\/\/www.aubenhausen-club.de\/en\/shop\/dressurfit\/discontinued-products-en\/dressurfit-power-package\/\" \/>\n<meta property=\"og:site_name\" content=\"Aubenhausen Club\" \/>\n<meta property=\"article:modified_time\" content=\"2021-12-18T10:43:51+00:00\" \/>\n<meta property=\"og:image\" content=\"https:\/\/www.aubenhausen-club.de\/wp-content\/uploads\/2020\/02\/dresurfit-powerpaket-turnbeutel.png\" \/>\n\t<meta property=\"og:image:width\" content=\"633\" \/>\n\t<meta property=\"og:image:height\" content=\"500\" \/>\n\t<meta property=\"og:image:type\" content=\"image\/png\" \/>\n<meta name=\"twitter:card\" content=\"summary_large_image\" \/>\n<meta name=\"twitter:label1\" content=\"Est. reading time\" \/>\n\t<meta name=\"twitter:data1\" content=\"1 minute\" \/>\n<script type=\"application\/ld+json\" class=\"yoast-schema-graph\">{\"@context\":\"https:\/\/schema.org\",\"@graph\":[{\"@type\":\"WebPage\",\"@id\":\"https:\/\/www.aubenhausen-club.de\/en\/shop\/dressurfit\/discontinued-products-en\/dressurfit-power-package\/\",\"url\":\"https:\/\/www.aubenhausen-club.de\/en\/shop\/dressurfit\/discontinued-products-en\/dressurfit-power-package\/\",\"name\":\"DressurFit\u00ae Power Package - Aubenhausen Club\",\"isPartOf\":{\"@id\":\"https:\/\/www.aubenhausen-club.de\/#website\"},\"primaryImageOfPage\":{\"@id\":\"https:\/\/www.aubenhausen-club.de\/en\/shop\/dressurfit\/discontinued-products-en\/dressurfit-power-package\/#primaryimage\"},\"image\":{\"@id\":\"https:\/\/www.aubenhausen-club.de\/en\/shop\/dressurfit\/discontinued-products-en\/dressurfit-power-package\/#primaryimage\"},\"thumbnailUrl\":\"https:\/\/www.aubenhausen-club.de\/wp-content\/uploads\/2020\/02\/dresurfit-powerpaket-turnbeutel.png\",\"datePublished\":\"2020-06-24T16:02:43+00:00\",\"dateModified\":\"2021-12-18T10:43:51+00:00\",\"description\":\"The combination of the\u00a0BLACKROLL\u00ae, Ball and Power-Bands gives you the perfect selection of equipment to help optimise your training.\",\"breadcrumb\":{\"@id\":\"https:\/\/www.aubenhausen-club.de\/en\/shop\/dressurfit\/discontinued-products-en\/dressurfit-power-package\/#breadcrumb\"},\"inLanguage\":\"en-US\",\"potentialAction\":[{\"@type\":\"ReadAction\",\"target\":[\"https:\/\/www.aubenhausen-club.de\/en\/shop\/dressurfit\/discontinued-products-en\/dressurfit-power-package\/\"]}]},{\"@type\":\"ImageObject\",\"inLanguage\":\"en-US\",\"@id\":\"https:\/\/www.aubenhausen-club.de\/en\/shop\/dressurfit\/discontinued-products-en\/dressurfit-power-package\/#primaryimage\",\"url\":\"https:\/\/www.aubenhausen-club.de\/wp-content\/uploads\/2020\/02\/dresurfit-powerpaket-turnbeutel.png\",\"contentUrl\":\"https:\/\/www.aubenhausen-club.de\/wp-content\/uploads\/2020\/02\/dresurfit-powerpaket-turnbeutel.png\",\"width\":633,\"height\":500,\"caption\":\"DressurFit Powerpaket mit Turnbeutel\"},{\"@type\":\"BreadcrumbList\",\"@id\":\"https:\/\/www.aubenhausen-club.de\/en\/shop\/dressurfit\/discontinued-products-en\/dressurfit-power-package\/#breadcrumb\",\"itemListElement\":[{\"@type\":\"ListItem\",\"position\":1,\"name\":\"Shop\",\"item\":\"https:\/\/www.aubenhausen-club.de\/en\/shop\/\"},{\"@type\":\"ListItem\",\"position\":2,\"name\":\"DressurFit\u00ae Power Package\"}]},{\"@type\":\"WebSite\",\"@id\":\"https:\/\/www.aubenhausen-club.de\/#website\",\"url\":\"https:\/\/www.aubenhausen-club.de\/\",\"name\":\"Aubenhausen Club\",\"description\":\"K\u00f6rperliche Fitness und mentale St\u00e4rke f\u00fcr Dressurreiter\",\"publisher\":{\"@id\":\"https:\/\/www.aubenhausen-club.de\/#organization\"},\"potentialAction\":[{\"@type\":\"SearchAction\",\"target\":{\"@type\":\"EntryPoint\",\"urlTemplate\":\"https:\/\/www.aubenhausen-club.de\/?s={search_term_string}\"},\"query-input\":{\"@type\":\"PropertyValueSpecification\",\"valueRequired\":true,\"valueName\":\"search_term_string\"}}],\"inLanguage\":\"en-US\"},{\"@type\":\"Organization\",\"@id\":\"https:\/\/www.aubenhausen-club.de\/#organization\",\"name\":\"Aubenhausen Club\",\"url\":\"https:\/\/www.aubenhausen-club.de\/\",\"logo\":{\"@type\":\"ImageObject\",\"inLanguage\":\"en-US\",\"@id\":\"https:\/\/www.aubenhausen-club.de\/#\/schema\/logo\/image\/\",\"url\":\"https:\/\/www.aubenhausen-club.de\/wp-content\/uploads\/2020\/12\/AubenhausenClub-Grey.png\",\"contentUrl\":\"https:\/\/www.aubenhausen-club.de\/wp-content\/uploads\/2020\/12\/AubenhausenClub-Grey.png\",\"width\":273,\"height\":273,\"caption\":\"Aubenhausen Club\"},\"image\":{\"@id\":\"https:\/\/www.aubenhausen-club.de\/#\/schema\/logo\/image\/\"}}]}<\/script>\n<!-- \/ Yoast SEO plugin. -->","yoast_head_json":{"title":"DressurFit\u00ae Power Package - Aubenhausen Club","description":"The combination of the\u00a0BLACKROLL\u00ae, Ball and Power-Bands gives you the perfect selection of equipment to help optimise your training.","robots":{"index":"noindex","follow":"nofollow"},"og_locale":"en_US","og_type":"article","og_title":"DressurFit\u00ae Power Package - Aubenhausen Club","og_description":"The combination of the\u00a0BLACKROLL\u00ae, Ball and Power-Bands gives you the perfect selection of equipment to help optimise your training.","og_url":"https:\/\/www.aubenhausen-club.de\/en\/shop\/dressurfit\/discontinued-products-en\/dressurfit-power-package\/","og_site_name":"Aubenhausen Club","article_modified_time":"2021-12-18T10:43:51+00:00","og_image":[{"width":633,"height":500,"url":"https:\/\/www.aubenhausen-club.de\/wp-content\/uploads\/2020\/02\/dresurfit-powerpaket-turnbeutel.png","type":"image\/png"}],"twitter_card":"summary_large_image","twitter_misc":{"Est. reading time":"1 minute"},"schema":{"@context":"https:\/\/schema.org","@graph":[{"@type":"WebPage","@id":"https:\/\/www.aubenhausen-club.de\/en\/shop\/dressurfit\/discontinued-products-en\/dressurfit-power-package\/","url":"https:\/\/www.aubenhausen-club.de\/en\/shop\/dressurfit\/discontinued-products-en\/dressurfit-power-package\/","name":"DressurFit\u00ae Power Package - Aubenhausen Club","isPartOf":{"@id":"https:\/\/www.aubenhausen-club.de\/#website"},"primaryImageOfPage":{"@id":"https:\/\/www.aubenhausen-club.de\/en\/shop\/dressurfit\/discontinued-products-en\/dressurfit-power-package\/#primaryimage"},"image":{"@id":"https:\/\/www.aubenhausen-club.de\/en\/shop\/dressurfit\/discontinued-products-en\/dressurfit-power-package\/#primaryimage"},"thumbnailUrl":"https:\/\/www.aubenhausen-club.de\/wp-content\/uploads\/2020\/02\/dresurfit-powerpaket-turnbeutel.png","datePublished":"2020-06-24T16:02:43+00:00","dateModified":"2021-12-18T10:43:51+00:00","description":"The combination of the\u00a0BLACKROLL\u00ae, Ball and Power-Bands gives you the perfect selection of equipment to help optimise your training.","breadcrumb":{"@id":"https:\/\/www.aubenhausen-club.de\/en\/shop\/dressurfit\/discontinued-products-en\/dressurfit-power-package\/#breadcrumb"},"inLanguage":"en-US","potentialAction":[{"@type":"ReadAction","target":["https:\/\/www.aubenhausen-club.de\/en\/shop\/dressurfit\/discontinued-products-en\/dressurfit-power-package\/"]}]},{"@type":"ImageObject","inLanguage":"en-US","@id":"https:\/\/www.aubenhausen-club.de\/en\/shop\/dressurfit\/discontinued-products-en\/dressurfit-power-package\/#primaryimage","url":"https:\/\/www.aubenhausen-club.de\/wp-content\/uploads\/2020\/02\/dresurfit-powerpaket-turnbeutel.png","contentUrl":"https:\/\/www.aubenhausen-club.de\/wp-content\/uploads\/2020\/02\/dresurfit-powerpaket-turnbeutel.png","width":633,"height":500,"caption":"DressurFit Powerpaket mit Turnbeutel"},{"@type":"BreadcrumbList","@id":"https:\/\/www.aubenhausen-club.de\/en\/shop\/dressurfit\/discontinued-products-en\/dressurfit-power-package\/#breadcrumb","itemListElement":[{"@type":"ListItem","position":1,"name":"Shop","item":"https:\/\/www.aubenhausen-club.de\/en\/shop\/"},{"@type":"ListItem","position":2,"name":"DressurFit\u00ae Power Package"}]},{"@type":"WebSite","@id":"https:\/\/www.aubenhausen-club.de\/#website","url":"https:\/\/www.aubenhausen-club.de\/","name":"Aubenhausen Club","description":"K\u00f6rperliche Fitness und mentale St\u00e4rke f\u00fcr Dressurreiter","publisher":{"@id":"https:\/\/www.aubenhausen-club.de\/#organization"},"potentialAction":[{"@type":"SearchAction","target":{"@type":"EntryPoint","urlTemplate":"https:\/\/www.aubenhausen-club.de\/?s={search_term_string}"},"query-input":{"@type":"PropertyValueSpecification","valueRequired":true,"valueName":"search_term_string"}}],"inLanguage":"en-US"},{"@type":"Organization","@id":"https:\/\/www.aubenhausen-club.de\/#organization","name":"Aubenhausen Club","url":"https:\/\/www.aubenhausen-club.de\/","logo":{"@type":"ImageObject","inLanguage":"en-US","@id":"https:\/\/www.aubenhausen-club.de\/#\/schema\/logo\/image\/","url":"https:\/\/www.aubenhausen-club.de\/wp-content\/uploads\/2020\/12\/AubenhausenClub-Grey.png","contentUrl":"https:\/\/www.aubenhausen-club.de\/wp-content\/uploads\/2020\/12\/AubenhausenClub-Grey.png","width":273,"height":273,"caption":"Aubenhausen Club"},"image":{"@id":"https:\/\/www.aubenhausen-club.de\/#\/schema\/logo\/image\/"}}]}},"_links":{"self":[{"href":"https:\/\/www.aubenhausen-club.de\/en\/wp-json\/wp\/v2\/product\/46875"}],"collection":[{"href":"https:\/\/www.aubenhausen-club.de\/en\/wp-json\/wp\/v2\/product"}],"about":[{"href":"https:\/\/www.aubenhausen-club.de\/en\/wp-json\/wp\/v2\/types\/product"}],"author":[{"embeddable":true,"href":"https:\/\/www.aubenhausen-club.de\/en\/wp-json\/wp\/v2\/users\/6"}],"wp:featuredmedia":[{"embeddable":true,"href":"https:\/\/www.aubenhausen-club.de\/en\/wp-json\/wp\/v2\/media\/23846"}],"wp:attachment":[{"href":"https:\/\/www.aubenhausen-club.de\/en\/wp-json\/wp\/v2\/media?parent=46875"}],"wp:term":[{"taxonomy":"product_brand","embeddable":true,"href":"https:\/\/www.aubenhausen-club.de\/en\/wp-json\/wp\/v2\/product_brand?post=46875"},{"taxonomy":"product_cat","embeddable":true,"href":"https:\/\/www.aubenhausen-club.de\/en\/wp-json\/wp\/v2\/product_cat?post=46875"},{"taxonomy":"product_tag","embeddable":true,"href":"https:\/\/www.aubenhausen-club.de\/en\/wp-json\/wp\/v2\/product_tag?post=46875"}],"curies":[{"name":"wp","href":"https:\/\/api.w.org\/{rel}","templated":true}]}}