{"id":50621,"date":"2020-06-24T21:49:52","date_gmt":"2020-06-24T19:49:52","guid":{"rendered":"https:\/\/www.aubenhausen-club.de\/?post_type=product&#038;p=50621"},"modified":"2026-02-09T20:01:44","modified_gmt":"2026-02-09T19:01:44","slug":"powerbands-set","status":"publish","type":"product","link":"https:\/\/www.aubenhausen-club.de\/en\/shop\/dressurfit\/dressurfit-products\/powerbands-set\/","title":{"rendered":"Powerbands"},"content":{"rendered":"<p>The <strong>DressurFit\u00ae Power-Bands<\/strong> are the perfect training aid when carrying out your <strong>workouts<\/strong> and <strong>homework<\/strong> exercises. The set of elastic bands allows you to\u00a0effectively vary your exercises to help target specific areas of your body and are great for resistance training to improve body tension and movement. The innovative Power-Bands are made from unique textile material which provides <strong>great training comfort<\/strong>. The bands are hypoallergenic, odour-free, extremely robust and <strong>OEKO-TEX\u00ae certified<\/strong>.<\/p>\n<h3>The Set includes:<\/h3>\n<ul class=\"check-list\">\n<li>Three Mini-Power-Bands in different strengths (blue &#8211; hard, red &#8211; medium, orange &#8211; soft)<\/li>\n<li>An orange Superband<\/li>\n<li>&#8216;How to&#8217; exercise card, detailing 10 unique exercises specific for riders.<\/li>\n<li>The DressurFit\u00ae Sports Bag. Hand-signed by Jessica and Benjamin, and made from 100% cotton.<\/li>\n<\/ul>\n<p>All products included are made in Germany. The Powerbands can be washed at 60 degrees (don&#8217;t use fabric softener).<\/p>\n<h3>Shipment<\/h3>\n<p>Expected delivery time of approximately 10 &#8211; 14 days.\u00a0Delivery is currently only possible within mainland Europe and Great Britain. We may be able to ship to other countries. Please send us an email and we will see what we can do!<\/p>\n","protected":false},"excerpt":{"rendered":"<p>This set of elastic, textile bands is designed to help you target specific areas of your body and are great for resistance training and improving your stability \u2013 an absolute must-have for equestrians!<\/p>\n","protected":false},"author":6,"featured_media":147939,"template":"","meta":{"_acf_changed":false},"product_brand":[],"product_cat":[121,213],"product_tag":[594],"class_list":{"0":"post-50621","1":"product","2":"type-product","3":"status-publish","4":"has-post-thumbnail","6":"product_cat-dressurfit","7":"product_cat-dressurfit-products","8":"product_tag-equipment-en","9":"product_shipping_class-shipping-class-a","10":"entry","11":"has-media","13":"first","14":"instock","15":"taxable","16":"shipping-taxable","17":"purchasable","18":"product-type-simple"},"bundled_by":["50623"],"bundle_stock_status":"instock","bundle_stock_quantity":372,"bundle_virtual":false,"bundle_layout":"","bundle_add_to_cart_form_location":"","bundle_editable_in_cart":false,"bundle_sold_individually_context":"","bundle_item_grouping":"","bundle_min_size":"","bundle_max_size":"","bundle_price":[],"bundled_items":[],"bundle_sell_ids":[],"group_of_quantity":0,"min_quantity":0,"max_quantity":4,"exclude_order_quantity_value_rules":"no","exclude_category_quantity_rules":"no","combine_variations":"no","acf":[],"yoast_head":"<!-- This site is optimized with the Yoast SEO plugin v25.4 - https:\/\/yoast.com\/wordpress\/plugins\/seo\/ -->\n<title>Powerbands - Aubenhausen Club<\/title>\n<meta name=\"description\" content=\"The DressurFit\u00ae Power-Bands are the perfect training aid when carrying out your rider fitness workouts and homework exercises.\" \/>\n<meta name=\"robots\" content=\"index, follow, max-snippet:-1, max-image-preview:large, max-video-preview:-1\" \/>\n<link rel=\"canonical\" href=\"https:\/\/www.aubenhausen-club.de\/en\/shop\/dressurfit\/dressurfit-products\/powerbands-set\/\" \/>\n<meta property=\"og:locale\" content=\"en_US\" \/>\n<meta property=\"og:type\" content=\"article\" \/>\n<meta property=\"og:title\" content=\"Powerbands - Aubenhausen Club\" \/>\n<meta property=\"og:description\" content=\"The DressurFit\u00ae Power-Bands are the perfect training aid when carrying out your rider fitness workouts and homework exercises.\" \/>\n<meta property=\"og:url\" content=\"https:\/\/www.aubenhausen-club.de\/en\/shop\/dressurfit\/dressurfit-products\/powerbands-set\/\" \/>\n<meta property=\"og:site_name\" content=\"Aubenhausen Club\" \/>\n<meta property=\"article:modified_time\" content=\"2026-02-09T19:01:44+00:00\" \/>\n<meta property=\"og:image\" content=\"https:\/\/www.aubenhausen-club.de\/wp-content\/uploads\/2020\/06\/01-powerbands.jpg\" \/>\n\t<meta property=\"og:image:width\" content=\"1280\" \/>\n\t<meta property=\"og:image:height\" content=\"1280\" \/>\n\t<meta property=\"og:image:type\" content=\"image\/jpeg\" \/>\n<meta name=\"twitter:card\" content=\"summary_large_image\" \/>\n<meta name=\"twitter:label1\" content=\"Est. reading time\" \/>\n\t<meta name=\"twitter:data1\" content=\"1 minute\" \/>\n<script type=\"application\/ld+json\" class=\"yoast-schema-graph\">{\"@context\":\"https:\/\/schema.org\",\"@graph\":[{\"@type\":\"WebPage\",\"@id\":\"https:\/\/www.aubenhausen-club.de\/en\/shop\/dressurfit\/dressurfit-products\/powerbands-set\/\",\"url\":\"https:\/\/www.aubenhausen-club.de\/en\/shop\/dressurfit\/dressurfit-products\/powerbands-set\/\",\"name\":\"Powerbands - Aubenhausen Club\",\"isPartOf\":{\"@id\":\"https:\/\/www.aubenhausen-club.de\/#website\"},\"primaryImageOfPage\":{\"@id\":\"https:\/\/www.aubenhausen-club.de\/en\/shop\/dressurfit\/dressurfit-products\/powerbands-set\/#primaryimage\"},\"image\":{\"@id\":\"https:\/\/www.aubenhausen-club.de\/en\/shop\/dressurfit\/dressurfit-products\/powerbands-set\/#primaryimage\"},\"thumbnailUrl\":\"https:\/\/www.aubenhausen-club.de\/wp-content\/uploads\/2020\/06\/01-powerbands.jpg\",\"datePublished\":\"2020-06-24T19:49:52+00:00\",\"dateModified\":\"2026-02-09T19:01:44+00:00\",\"description\":\"The DressurFit\u00ae Power-Bands are the perfect training aid when carrying out your rider fitness workouts and homework exercises.\",\"breadcrumb\":{\"@id\":\"https:\/\/www.aubenhausen-club.de\/en\/shop\/dressurfit\/dressurfit-products\/powerbands-set\/#breadcrumb\"},\"inLanguage\":\"en-US\",\"potentialAction\":[{\"@type\":\"ReadAction\",\"target\":[\"https:\/\/www.aubenhausen-club.de\/en\/shop\/dressurfit\/dressurfit-products\/powerbands-set\/\"]}]},{\"@type\":\"ImageObject\",\"inLanguage\":\"en-US\",\"@id\":\"https:\/\/www.aubenhausen-club.de\/en\/shop\/dressurfit\/dressurfit-products\/powerbands-set\/#primaryimage\",\"url\":\"https:\/\/www.aubenhausen-club.de\/wp-content\/uploads\/2020\/06\/01-powerbands.jpg\",\"contentUrl\":\"https:\/\/www.aubenhausen-club.de\/wp-content\/uploads\/2020\/06\/01-powerbands.jpg\",\"width\":1280,\"height\":1280},{\"@type\":\"BreadcrumbList\",\"@id\":\"https:\/\/www.aubenhausen-club.de\/en\/shop\/dressurfit\/dressurfit-products\/powerbands-set\/#breadcrumb\",\"itemListElement\":[{\"@type\":\"ListItem\",\"position\":1,\"name\":\"Shop\",\"item\":\"https:\/\/www.aubenhausen-club.de\/en\/shop\/\"},{\"@type\":\"ListItem\",\"position\":2,\"name\":\"Powerbands\"}]},{\"@type\":\"WebSite\",\"@id\":\"https:\/\/www.aubenhausen-club.de\/#website\",\"url\":\"https:\/\/www.aubenhausen-club.de\/\",\"name\":\"Aubenhausen Club\",\"description\":\"K\u00f6rperliche Fitness und mentale St\u00e4rke f\u00fcr Dressurreiter\",\"publisher\":{\"@id\":\"https:\/\/www.aubenhausen-club.de\/#organization\"},\"potentialAction\":[{\"@type\":\"SearchAction\",\"target\":{\"@type\":\"EntryPoint\",\"urlTemplate\":\"https:\/\/www.aubenhausen-club.de\/?s={search_term_string}\"},\"query-input\":{\"@type\":\"PropertyValueSpecification\",\"valueRequired\":true,\"valueName\":\"search_term_string\"}}],\"inLanguage\":\"en-US\"},{\"@type\":\"Organization\",\"@id\":\"https:\/\/www.aubenhausen-club.de\/#organization\",\"name\":\"Aubenhausen Club\",\"url\":\"https:\/\/www.aubenhausen-club.de\/\",\"logo\":{\"@type\":\"ImageObject\",\"inLanguage\":\"en-US\",\"@id\":\"https:\/\/www.aubenhausen-club.de\/#\/schema\/logo\/image\/\",\"url\":\"https:\/\/www.aubenhausen-club.de\/wp-content\/uploads\/2020\/12\/AubenhausenClub-Grey.png\",\"contentUrl\":\"https:\/\/www.aubenhausen-club.de\/wp-content\/uploads\/2020\/12\/AubenhausenClub-Grey.png\",\"width\":273,\"height\":273,\"caption\":\"Aubenhausen Club\"},\"image\":{\"@id\":\"https:\/\/www.aubenhausen-club.de\/#\/schema\/logo\/image\/\"}}]}<\/script>\n<!-- \/ Yoast SEO plugin. -->","yoast_head_json":{"title":"Powerbands - Aubenhausen Club","description":"The DressurFit\u00ae Power-Bands are the perfect training aid when carrying out your rider fitness workouts and homework exercises.","robots":{"index":"index","follow":"follow","max-snippet":"max-snippet:-1","max-image-preview":"max-image-preview:large","max-video-preview":"max-video-preview:-1"},"canonical":"https:\/\/www.aubenhausen-club.de\/en\/shop\/dressurfit\/dressurfit-products\/powerbands-set\/","og_locale":"en_US","og_type":"article","og_title":"Powerbands - Aubenhausen Club","og_description":"The DressurFit\u00ae Power-Bands are the perfect training aid when carrying out your rider fitness workouts and homework exercises.","og_url":"https:\/\/www.aubenhausen-club.de\/en\/shop\/dressurfit\/dressurfit-products\/powerbands-set\/","og_site_name":"Aubenhausen Club","article_modified_time":"2026-02-09T19:01:44+00:00","og_image":[{"width":1280,"height":1280,"url":"https:\/\/www.aubenhausen-club.de\/wp-content\/uploads\/2020\/06\/01-powerbands.jpg","type":"image\/jpeg"}],"twitter_card":"summary_large_image","twitter_misc":{"Est. reading time":"1 minute"},"schema":{"@context":"https:\/\/schema.org","@graph":[{"@type":"WebPage","@id":"https:\/\/www.aubenhausen-club.de\/en\/shop\/dressurfit\/dressurfit-products\/powerbands-set\/","url":"https:\/\/www.aubenhausen-club.de\/en\/shop\/dressurfit\/dressurfit-products\/powerbands-set\/","name":"Powerbands - Aubenhausen Club","isPartOf":{"@id":"https:\/\/www.aubenhausen-club.de\/#website"},"primaryImageOfPage":{"@id":"https:\/\/www.aubenhausen-club.de\/en\/shop\/dressurfit\/dressurfit-products\/powerbands-set\/#primaryimage"},"image":{"@id":"https:\/\/www.aubenhausen-club.de\/en\/shop\/dressurfit\/dressurfit-products\/powerbands-set\/#primaryimage"},"thumbnailUrl":"https:\/\/www.aubenhausen-club.de\/wp-content\/uploads\/2020\/06\/01-powerbands.jpg","datePublished":"2020-06-24T19:49:52+00:00","dateModified":"2026-02-09T19:01:44+00:00","description":"The DressurFit\u00ae Power-Bands are the perfect training aid when carrying out your rider fitness workouts and homework exercises.","breadcrumb":{"@id":"https:\/\/www.aubenhausen-club.de\/en\/shop\/dressurfit\/dressurfit-products\/powerbands-set\/#breadcrumb"},"inLanguage":"en-US","potentialAction":[{"@type":"ReadAction","target":["https:\/\/www.aubenhausen-club.de\/en\/shop\/dressurfit\/dressurfit-products\/powerbands-set\/"]}]},{"@type":"ImageObject","inLanguage":"en-US","@id":"https:\/\/www.aubenhausen-club.de\/en\/shop\/dressurfit\/dressurfit-products\/powerbands-set\/#primaryimage","url":"https:\/\/www.aubenhausen-club.de\/wp-content\/uploads\/2020\/06\/01-powerbands.jpg","contentUrl":"https:\/\/www.aubenhausen-club.de\/wp-content\/uploads\/2020\/06\/01-powerbands.jpg","width":1280,"height":1280},{"@type":"BreadcrumbList","@id":"https:\/\/www.aubenhausen-club.de\/en\/shop\/dressurfit\/dressurfit-products\/powerbands-set\/#breadcrumb","itemListElement":[{"@type":"ListItem","position":1,"name":"Shop","item":"https:\/\/www.aubenhausen-club.de\/en\/shop\/"},{"@type":"ListItem","position":2,"name":"Powerbands"}]},{"@type":"WebSite","@id":"https:\/\/www.aubenhausen-club.de\/#website","url":"https:\/\/www.aubenhausen-club.de\/","name":"Aubenhausen Club","description":"K\u00f6rperliche Fitness und mentale St\u00e4rke f\u00fcr Dressurreiter","publisher":{"@id":"https:\/\/www.aubenhausen-club.de\/#organization"},"potentialAction":[{"@type":"SearchAction","target":{"@type":"EntryPoint","urlTemplate":"https:\/\/www.aubenhausen-club.de\/?s={search_term_string}"},"query-input":{"@type":"PropertyValueSpecification","valueRequired":true,"valueName":"search_term_string"}}],"inLanguage":"en-US"},{"@type":"Organization","@id":"https:\/\/www.aubenhausen-club.de\/#organization","name":"Aubenhausen Club","url":"https:\/\/www.aubenhausen-club.de\/","logo":{"@type":"ImageObject","inLanguage":"en-US","@id":"https:\/\/www.aubenhausen-club.de\/#\/schema\/logo\/image\/","url":"https:\/\/www.aubenhausen-club.de\/wp-content\/uploads\/2020\/12\/AubenhausenClub-Grey.png","contentUrl":"https:\/\/www.aubenhausen-club.de\/wp-content\/uploads\/2020\/12\/AubenhausenClub-Grey.png","width":273,"height":273,"caption":"Aubenhausen Club"},"image":{"@id":"https:\/\/www.aubenhausen-club.de\/#\/schema\/logo\/image\/"}}]}},"_links":{"self":[{"href":"https:\/\/www.aubenhausen-club.de\/en\/wp-json\/wp\/v2\/product\/50621"}],"collection":[{"href":"https:\/\/www.aubenhausen-club.de\/en\/wp-json\/wp\/v2\/product"}],"about":[{"href":"https:\/\/www.aubenhausen-club.de\/en\/wp-json\/wp\/v2\/types\/product"}],"author":[{"embeddable":true,"href":"https:\/\/www.aubenhausen-club.de\/en\/wp-json\/wp\/v2\/users\/6"}],"wp:featuredmedia":[{"embeddable":true,"href":"https:\/\/www.aubenhausen-club.de\/en\/wp-json\/wp\/v2\/media\/147939"}],"wp:attachment":[{"href":"https:\/\/www.aubenhausen-club.de\/en\/wp-json\/wp\/v2\/media?parent=50621"}],"wp:term":[{"taxonomy":"product_brand","embeddable":true,"href":"https:\/\/www.aubenhausen-club.de\/en\/wp-json\/wp\/v2\/product_brand?post=50621"},{"taxonomy":"product_cat","embeddable":true,"href":"https:\/\/www.aubenhausen-club.de\/en\/wp-json\/wp\/v2\/product_cat?post=50621"},{"taxonomy":"product_tag","embeddable":true,"href":"https:\/\/www.aubenhausen-club.de\/en\/wp-json\/wp\/v2\/product_tag?post=50621"}],"curies":[{"name":"wp","href":"https:\/\/api.w.org\/{rel}","templated":true}]}}