{"id":81291,"date":"2021-06-21T13:52:35","date_gmt":"2021-06-21T11:52:35","guid":{"rendered":"https:\/\/www.aubenhausen-club.de\/?post_type=product&#038;p=81291"},"modified":"2026-02-09T20:01:44","modified_gmt":"2026-02-09T19:01:44","slug":"stability-board","status":"publish","type":"product","link":"https:\/\/www.aubenhausen-club.de\/en\/shop\/dressurfit\/dressurfit-products\/stability-board\/","title":{"rendered":"Stability Board"},"content":{"rendered":"<p>The Stability Board is the perfect tool to strengthen your deep muscles, train your coordination skills and improve your balance. It\u2019s the deep muscles that provide the stability needed in the saddle to allow you to relax and stay stable at the same time.<\/p>\n<h3>An innovative development<\/h3>\n<p>Our Stability Board is an innovative advancement of wobble boards and balance cushions. On the horse, the saddle and stirrups provide a solid contact surface for the rider. This is mimicked by the solid surface of our Stability Board. The disc underneath provides the desired instability.<\/p>\n<ul class=\"check-list\">\n<li>Ideal for strengthening your deep muscles &amp; improving your balance<\/li>\n<li>By turning the disc and using the support ring, the level of difficulty can be altered<\/li>\n<li>The solid surface provides a similar sensory input as the stir-ups on the horse<\/li>\n<li>Includes a training card with 10 exercises for riders<\/li>\n<\/ul>\n<h3>Shipment<\/h3>\n<p>Expected delivery time of approximately 10 \u2013 14 days. Delivery is currently only possible within mainland Europe and Great Britain. We may be able to ship to other countries. Please send us an email and we will see what we can do!<\/p>\n","protected":false},"excerpt":{"rendered":"<p>This stability board has been designed to strengthen your deep muscles and improve your stability and balance on the horse. <\/p>\n","protected":false},"author":5225,"featured_media":148738,"template":"","meta":{"_acf_changed":false},"product_brand":[],"product_cat":[121,213],"product_tag":[594],"class_list":{"0":"post-81291","1":"product","2":"type-product","3":"status-publish","4":"has-post-thumbnail","6":"product_cat-dressurfit","7":"product_cat-dressurfit-products","8":"product_tag-equipment-en","9":"product_shipping_class-shipping-class-a","10":"entry","11":"has-media","13":"first","14":"instock","15":"taxable","16":"shipping-taxable","17":"purchasable","18":"product-type-simple"},"bundled_by":[],"bundle_stock_status":"instock","bundle_stock_quantity":181,"bundle_virtual":false,"bundle_layout":"","bundle_add_to_cart_form_location":"","bundle_editable_in_cart":false,"bundle_sold_individually_context":"","bundle_item_grouping":"","bundle_min_size":"","bundle_max_size":"","bundle_price":[],"bundled_items":[],"bundle_sell_ids":[],"group_of_quantity":0,"min_quantity":0,"max_quantity":4,"exclude_order_quantity_value_rules":"no","exclude_category_quantity_rules":"no","combine_variations":"no","acf":[],"yoast_head":"<!-- This site is optimized with the Yoast SEO plugin v25.4 - https:\/\/yoast.com\/wordpress\/plugins\/seo\/ -->\n<title>Stability Board - Aubenhausen Club<\/title>\n<meta name=\"description\" content=\"The Stability Board is the perfect tool to strengthen your deep muscles, train your coordination skills and improve your balance.\" \/>\n<meta name=\"robots\" content=\"index, follow, max-snippet:-1, max-image-preview:large, max-video-preview:-1\" \/>\n<link rel=\"canonical\" href=\"https:\/\/www.aubenhausen-club.de\/en\/shop\/dressurfit\/dressurfit-products\/stability-board\/\" \/>\n<meta property=\"og:locale\" content=\"en_US\" \/>\n<meta property=\"og:type\" content=\"article\" \/>\n<meta property=\"og:title\" content=\"Stability Board - Aubenhausen Club\" \/>\n<meta property=\"og:description\" content=\"The Stability Board is the perfect tool to strengthen your deep muscles, train your coordination skills and improve your balance.\" \/>\n<meta property=\"og:url\" content=\"https:\/\/www.aubenhausen-club.de\/en\/shop\/dressurfit\/dressurfit-products\/stability-board\/\" \/>\n<meta property=\"og:site_name\" content=\"Aubenhausen Club\" \/>\n<meta property=\"article:modified_time\" content=\"2026-02-09T19:01:44+00:00\" \/>\n<meta property=\"og:image\" content=\"https:\/\/www.aubenhausen-club.de\/wp-content\/uploads\/2021\/06\/01-stability-board.jpeg\" \/>\n\t<meta property=\"og:image:width\" content=\"1280\" \/>\n\t<meta property=\"og:image:height\" content=\"1280\" \/>\n\t<meta property=\"og:image:type\" content=\"image\/jpeg\" \/>\n<meta name=\"twitter:card\" content=\"summary_large_image\" \/>\n<meta name=\"twitter:label1\" content=\"Est. reading time\" \/>\n\t<meta name=\"twitter:data1\" content=\"2 minutes\" \/>\n<script type=\"application\/ld+json\" class=\"yoast-schema-graph\">{\"@context\":\"https:\/\/schema.org\",\"@graph\":[{\"@type\":\"WebPage\",\"@id\":\"https:\/\/www.aubenhausen-club.de\/en\/shop\/dressurfit\/dressurfit-products\/stability-board\/\",\"url\":\"https:\/\/www.aubenhausen-club.de\/en\/shop\/dressurfit\/dressurfit-products\/stability-board\/\",\"name\":\"Stability Board - Aubenhausen Club\",\"isPartOf\":{\"@id\":\"https:\/\/www.aubenhausen-club.de\/#website\"},\"primaryImageOfPage\":{\"@id\":\"https:\/\/www.aubenhausen-club.de\/en\/shop\/dressurfit\/dressurfit-products\/stability-board\/#primaryimage\"},\"image\":{\"@id\":\"https:\/\/www.aubenhausen-club.de\/en\/shop\/dressurfit\/dressurfit-products\/stability-board\/#primaryimage\"},\"thumbnailUrl\":\"https:\/\/www.aubenhausen-club.de\/wp-content\/uploads\/2021\/06\/01-stability-board.jpeg\",\"datePublished\":\"2021-06-21T11:52:35+00:00\",\"dateModified\":\"2026-02-09T19:01:44+00:00\",\"description\":\"The Stability Board is the perfect tool to strengthen your deep muscles, train your coordination skills and improve your balance.\",\"breadcrumb\":{\"@id\":\"https:\/\/www.aubenhausen-club.de\/en\/shop\/dressurfit\/dressurfit-products\/stability-board\/#breadcrumb\"},\"inLanguage\":\"en-US\",\"potentialAction\":[{\"@type\":\"ReadAction\",\"target\":[\"https:\/\/www.aubenhausen-club.de\/en\/shop\/dressurfit\/dressurfit-products\/stability-board\/\"]}]},{\"@type\":\"ImageObject\",\"inLanguage\":\"en-US\",\"@id\":\"https:\/\/www.aubenhausen-club.de\/en\/shop\/dressurfit\/dressurfit-products\/stability-board\/#primaryimage\",\"url\":\"https:\/\/www.aubenhausen-club.de\/wp-content\/uploads\/2021\/06\/01-stability-board.jpeg\",\"contentUrl\":\"https:\/\/www.aubenhausen-club.de\/wp-content\/uploads\/2021\/06\/01-stability-board.jpeg\",\"width\":1280,\"height\":1280,\"caption\":\"Stability Board\"},{\"@type\":\"BreadcrumbList\",\"@id\":\"https:\/\/www.aubenhausen-club.de\/en\/shop\/dressurfit\/dressurfit-products\/stability-board\/#breadcrumb\",\"itemListElement\":[{\"@type\":\"ListItem\",\"position\":1,\"name\":\"Shop\",\"item\":\"https:\/\/www.aubenhausen-club.de\/en\/shop\/\"},{\"@type\":\"ListItem\",\"position\":2,\"name\":\"Stability Board\"}]},{\"@type\":\"WebSite\",\"@id\":\"https:\/\/www.aubenhausen-club.de\/#website\",\"url\":\"https:\/\/www.aubenhausen-club.de\/\",\"name\":\"Aubenhausen Club\",\"description\":\"K\u00f6rperliche Fitness und mentale St\u00e4rke f\u00fcr Dressurreiter\",\"publisher\":{\"@id\":\"https:\/\/www.aubenhausen-club.de\/#organization\"},\"potentialAction\":[{\"@type\":\"SearchAction\",\"target\":{\"@type\":\"EntryPoint\",\"urlTemplate\":\"https:\/\/www.aubenhausen-club.de\/?s={search_term_string}\"},\"query-input\":{\"@type\":\"PropertyValueSpecification\",\"valueRequired\":true,\"valueName\":\"search_term_string\"}}],\"inLanguage\":\"en-US\"},{\"@type\":\"Organization\",\"@id\":\"https:\/\/www.aubenhausen-club.de\/#organization\",\"name\":\"Aubenhausen Club\",\"url\":\"https:\/\/www.aubenhausen-club.de\/\",\"logo\":{\"@type\":\"ImageObject\",\"inLanguage\":\"en-US\",\"@id\":\"https:\/\/www.aubenhausen-club.de\/#\/schema\/logo\/image\/\",\"url\":\"https:\/\/www.aubenhausen-club.de\/wp-content\/uploads\/2020\/12\/AubenhausenClub-Grey.png\",\"contentUrl\":\"https:\/\/www.aubenhausen-club.de\/wp-content\/uploads\/2020\/12\/AubenhausenClub-Grey.png\",\"width\":273,\"height\":273,\"caption\":\"Aubenhausen Club\"},\"image\":{\"@id\":\"https:\/\/www.aubenhausen-club.de\/#\/schema\/logo\/image\/\"}}]}<\/script>\n<!-- \/ Yoast SEO plugin. -->","yoast_head_json":{"title":"Stability Board - Aubenhausen Club","description":"The Stability Board is the perfect tool to strengthen your deep muscles, train your coordination skills and improve your balance.","robots":{"index":"index","follow":"follow","max-snippet":"max-snippet:-1","max-image-preview":"max-image-preview:large","max-video-preview":"max-video-preview:-1"},"canonical":"https:\/\/www.aubenhausen-club.de\/en\/shop\/dressurfit\/dressurfit-products\/stability-board\/","og_locale":"en_US","og_type":"article","og_title":"Stability Board - Aubenhausen Club","og_description":"The Stability Board is the perfect tool to strengthen your deep muscles, train your coordination skills and improve your balance.","og_url":"https:\/\/www.aubenhausen-club.de\/en\/shop\/dressurfit\/dressurfit-products\/stability-board\/","og_site_name":"Aubenhausen Club","article_modified_time":"2026-02-09T19:01:44+00:00","og_image":[{"width":1280,"height":1280,"url":"https:\/\/www.aubenhausen-club.de\/wp-content\/uploads\/2021\/06\/01-stability-board.jpeg","type":"image\/jpeg"}],"twitter_card":"summary_large_image","twitter_misc":{"Est. reading time":"2 minutes"},"schema":{"@context":"https:\/\/schema.org","@graph":[{"@type":"WebPage","@id":"https:\/\/www.aubenhausen-club.de\/en\/shop\/dressurfit\/dressurfit-products\/stability-board\/","url":"https:\/\/www.aubenhausen-club.de\/en\/shop\/dressurfit\/dressurfit-products\/stability-board\/","name":"Stability Board - Aubenhausen Club","isPartOf":{"@id":"https:\/\/www.aubenhausen-club.de\/#website"},"primaryImageOfPage":{"@id":"https:\/\/www.aubenhausen-club.de\/en\/shop\/dressurfit\/dressurfit-products\/stability-board\/#primaryimage"},"image":{"@id":"https:\/\/www.aubenhausen-club.de\/en\/shop\/dressurfit\/dressurfit-products\/stability-board\/#primaryimage"},"thumbnailUrl":"https:\/\/www.aubenhausen-club.de\/wp-content\/uploads\/2021\/06\/01-stability-board.jpeg","datePublished":"2021-06-21T11:52:35+00:00","dateModified":"2026-02-09T19:01:44+00:00","description":"The Stability Board is the perfect tool to strengthen your deep muscles, train your coordination skills and improve your balance.","breadcrumb":{"@id":"https:\/\/www.aubenhausen-club.de\/en\/shop\/dressurfit\/dressurfit-products\/stability-board\/#breadcrumb"},"inLanguage":"en-US","potentialAction":[{"@type":"ReadAction","target":["https:\/\/www.aubenhausen-club.de\/en\/shop\/dressurfit\/dressurfit-products\/stability-board\/"]}]},{"@type":"ImageObject","inLanguage":"en-US","@id":"https:\/\/www.aubenhausen-club.de\/en\/shop\/dressurfit\/dressurfit-products\/stability-board\/#primaryimage","url":"https:\/\/www.aubenhausen-club.de\/wp-content\/uploads\/2021\/06\/01-stability-board.jpeg","contentUrl":"https:\/\/www.aubenhausen-club.de\/wp-content\/uploads\/2021\/06\/01-stability-board.jpeg","width":1280,"height":1280,"caption":"Stability Board"},{"@type":"BreadcrumbList","@id":"https:\/\/www.aubenhausen-club.de\/en\/shop\/dressurfit\/dressurfit-products\/stability-board\/#breadcrumb","itemListElement":[{"@type":"ListItem","position":1,"name":"Shop","item":"https:\/\/www.aubenhausen-club.de\/en\/shop\/"},{"@type":"ListItem","position":2,"name":"Stability Board"}]},{"@type":"WebSite","@id":"https:\/\/www.aubenhausen-club.de\/#website","url":"https:\/\/www.aubenhausen-club.de\/","name":"Aubenhausen Club","description":"K\u00f6rperliche Fitness und mentale St\u00e4rke f\u00fcr Dressurreiter","publisher":{"@id":"https:\/\/www.aubenhausen-club.de\/#organization"},"potentialAction":[{"@type":"SearchAction","target":{"@type":"EntryPoint","urlTemplate":"https:\/\/www.aubenhausen-club.de\/?s={search_term_string}"},"query-input":{"@type":"PropertyValueSpecification","valueRequired":true,"valueName":"search_term_string"}}],"inLanguage":"en-US"},{"@type":"Organization","@id":"https:\/\/www.aubenhausen-club.de\/#organization","name":"Aubenhausen Club","url":"https:\/\/www.aubenhausen-club.de\/","logo":{"@type":"ImageObject","inLanguage":"en-US","@id":"https:\/\/www.aubenhausen-club.de\/#\/schema\/logo\/image\/","url":"https:\/\/www.aubenhausen-club.de\/wp-content\/uploads\/2020\/12\/AubenhausenClub-Grey.png","contentUrl":"https:\/\/www.aubenhausen-club.de\/wp-content\/uploads\/2020\/12\/AubenhausenClub-Grey.png","width":273,"height":273,"caption":"Aubenhausen Club"},"image":{"@id":"https:\/\/www.aubenhausen-club.de\/#\/schema\/logo\/image\/"}}]}},"_links":{"self":[{"href":"https:\/\/www.aubenhausen-club.de\/en\/wp-json\/wp\/v2\/product\/81291"}],"collection":[{"href":"https:\/\/www.aubenhausen-club.de\/en\/wp-json\/wp\/v2\/product"}],"about":[{"href":"https:\/\/www.aubenhausen-club.de\/en\/wp-json\/wp\/v2\/types\/product"}],"author":[{"embeddable":true,"href":"https:\/\/www.aubenhausen-club.de\/en\/wp-json\/wp\/v2\/users\/5225"}],"wp:featuredmedia":[{"embeddable":true,"href":"https:\/\/www.aubenhausen-club.de\/en\/wp-json\/wp\/v2\/media\/148738"}],"wp:attachment":[{"href":"https:\/\/www.aubenhausen-club.de\/en\/wp-json\/wp\/v2\/media?parent=81291"}],"wp:term":[{"taxonomy":"product_brand","embeddable":true,"href":"https:\/\/www.aubenhausen-club.de\/en\/wp-json\/wp\/v2\/product_brand?post=81291"},{"taxonomy":"product_cat","embeddable":true,"href":"https:\/\/www.aubenhausen-club.de\/en\/wp-json\/wp\/v2\/product_cat?post=81291"},{"taxonomy":"product_tag","embeddable":true,"href":"https:\/\/www.aubenhausen-club.de\/en\/wp-json\/wp\/v2\/product_tag?post=81291"}],"curies":[{"name":"wp","href":"https:\/\/api.w.org\/{rel}","templated":true}]}}